{"id":35995,"date":"2022-01-22T13:35:33","date_gmt":"2022-01-22T12:35:33","guid":{"rendered":"https:\/\/demoweb.info\/sexshop001\/producto\/pacto-de-matrimonio-casarse-con-un-millonario-4\/"},"modified":"2022-01-22T13:35:34","modified_gmt":"2022-01-22T12:35:34","slug":"pacto-de-matrimonio-casarse-con-un-millonario-4","status":"publish","type":"product","link":"https:\/\/demoweb.info\/sexshop001\/producto\/pacto-de-matrimonio-casarse-con-un-millonario-4\/","title":{"rendered":"PACTO DE MATRIMONIO (CASARSE CON UN MILLONARIO 4)"},"content":{"rendered":"<p><strong>PACTO DE MATRIMONIO (CASARSE CON UN MILLONARIO 4)<\/strong><\/p>\n<p><strong>Jennifer Probst<\/strong><\/p>\n<p>Todas las hermanas Conte han tenido grandes historias de amor que han culminado en matrimonios de ensue\u00f1o, pero el camino de Julietta Conte ha sido otro. Esta joven ejecutiva vive entregada a su trabajo y lleva tiempo prepar\u00e1ndose para dirigir la empresa familiar. Por el contrario, ha dejado de lado su vida amorosa reducida pr\u00e1cticamente a cero y reside sola en un lujoso piso del centro de Mil\u00e1n. De pronto su mundo cambia cuando recibe una oferta profesional que no puede rechazar: asociarse con Sawyer Wells.<\/p>\n<p>Sawyer, un empresario hecho a s\u00ed mismo, seductor, ambicioso y triunfador, tiene muy claro que Julietta es un volc\u00e1n a punto de explotar, y desde el primer momento est\u00e1 decidido a conquistarla. Para Julietta, confiar en el amigo de su cu\u00f1ado, cuya mirada abrasadora amenaza con hacerle perder la compostura que lleva a\u00f1os perfeccionando, es una opci\u00f3n de lo m\u00e1s arriesgada.<\/p>\n<p>Sin embargo, la qu\u00edmica entre ambos es cada vez m\u00e1s poderosa&#8230; en todos los terrenos. Y ante la gran oportunidad que supone llevar entre los dos un proyecto internacional, la tentaci\u00f3n de mezclar los negocios con el placer resulta irresistible.<\/p>\n<ul>\n<li>Formato, p\u00e1ginas: TAPA BLANDA CON SOLAPA, 336<\/li>\n<li>Medidas: 150 X 230 mm<\/li>\n<\/ul>\n","protected":false},"excerpt":{"rendered":"<p>PACTO DE MATRIMONIO (CASARSE CON UN MILLONARIO 4) Jennifer Probst Todas las hermanas Conte han tenido grandes historias de amor<\/p>\n","protected":false},"featured_media":35996,"comment_status":"open","ping_status":"open","template":"","meta":[],"product_cat":[713],"product_tag":[792],"class_list":["post-35995","product","type-product","status-publish","has-post-thumbnail","hentry","product_cat-libros-lectura","product_tag-plaza-janes"],"bundled_by":[],"bundle_stock_status":"instock","bundle_stock_quantity":3,"bundle_virtual":false,"bundle_layout":"","bundle_add_to_cart_form_location":"","bundle_editable_in_cart":false,"bundle_sold_individually_context":"","bundle_item_grouping":"","bundle_min_size":"","bundle_max_size":"","bundled_items":[],"yoast_head":"<!-- This site is optimized with the Yoast SEO plugin v20.6 - https:\/\/yoast.com\/wordpress\/plugins\/seo\/ -->\n<title>PACTO DE MATRIMONIO (CASARSE CON UN MILLONARIO 4) - Tienda Er\u00f3tica<\/title>\n<meta name=\"robots\" content=\"noindex, follow, max-snippet:-1, max-image-preview:large, max-video-preview:-1\" \/>\n<meta property=\"og:locale\" content=\"es_ES\" \/>\n<meta property=\"og:type\" content=\"article\" \/>\n<meta property=\"og:title\" content=\"PACTO DE MATRIMONIO (CASARSE CON UN MILLONARIO 4) - Tienda Er\u00f3tica\" \/>\n<meta property=\"og:description\" content=\"PACTO DE MATRIMONIO (CASARSE CON UN MILLONARIO 4) Jennifer Probst Todas las hermanas Conte han tenido grandes historias de amor\" \/>\n<meta property=\"og:url\" content=\"https:\/\/demoweb.info\/sexshop001\/producto\/pacto-de-matrimonio-casarse-con-un-millonario-4\/\" \/>\n<meta property=\"og:site_name\" content=\"Tienda Er\u00f3tica\" \/>\n<meta property=\"article:modified_time\" content=\"2022-01-22T12:35:34+00:00\" \/>\n<meta property=\"og:image\" content=\"https:\/\/demoweb.info\/sexshop001\/wp-content\/uploads\/2022\/01\/PACTO-DE-MATRIMONIO-CASARSE-CON-UN-MILLONARIO-4.jpg\" \/>\n\t<meta property=\"og:image:width\" content=\"550\" \/>\n\t<meta property=\"og:image:height\" content=\"550\" \/>\n\t<meta property=\"og:image:type\" content=\"image\/jpeg\" \/>\n<meta name=\"twitter:card\" content=\"summary_large_image\" \/>\n<meta name=\"twitter:label1\" content=\"Tiempo de lectura\" \/>\n\t<meta name=\"twitter:data1\" content=\"1 minuto\" \/>\n<script type=\"application\/ld+json\" class=\"yoast-schema-graph\">{\"@context\":\"https:\/\/schema.org\",\"@graph\":[{\"@type\":\"WebPage\",\"@id\":\"https:\/\/demoweb.info\/sexshop001\/producto\/pacto-de-matrimonio-casarse-con-un-millonario-4\/\",\"url\":\"https:\/\/demoweb.info\/sexshop001\/producto\/pacto-de-matrimonio-casarse-con-un-millonario-4\/\",\"name\":\"PACTO DE MATRIMONIO (CASARSE CON UN MILLONARIO 4) - Tienda Er\u00f3tica\",\"isPartOf\":{\"@id\":\"https:\/\/demoweb.info\/sexshop001\/#website\"},\"datePublished\":\"2022-01-22T12:35:33+00:00\",\"dateModified\":\"2022-01-22T12:35:34+00:00\",\"breadcrumb\":{\"@id\":\"https:\/\/demoweb.info\/sexshop001\/producto\/pacto-de-matrimonio-casarse-con-un-millonario-4\/#breadcrumb\"},\"inLanguage\":\"es\",\"potentialAction\":[{\"@type\":\"ReadAction\",\"target\":[\"https:\/\/demoweb.info\/sexshop001\/producto\/pacto-de-matrimonio-casarse-con-un-millonario-4\/\"]}]},{\"@type\":\"BreadcrumbList\",\"@id\":\"https:\/\/demoweb.info\/sexshop001\/producto\/pacto-de-matrimonio-casarse-con-un-millonario-4\/#breadcrumb\",\"itemListElement\":[{\"@type\":\"ListItem\",\"position\":1,\"name\":\"Portada\",\"item\":\"https:\/\/demoweb.info\/sexshop001\/\"},{\"@type\":\"ListItem\",\"position\":2,\"name\":\"Tienda\",\"item\":\"https:\/\/demoweb.info\/sexshop001\/tienda\/\"},{\"@type\":\"ListItem\",\"position\":3,\"name\":\"PACTO DE MATRIMONIO (CASARSE CON UN MILLONARIO 4)\"}]},{\"@type\":\"WebSite\",\"@id\":\"https:\/\/demoweb.info\/sexshop001\/#website\",\"url\":\"https:\/\/demoweb.info\/sexshop001\/\",\"name\":\"Tienda Er\u00f3tica\",\"description\":\"DEMOWEB SL\",\"potentialAction\":[{\"@type\":\"SearchAction\",\"target\":{\"@type\":\"EntryPoint\",\"urlTemplate\":\"https:\/\/demoweb.info\/sexshop001\/?s={search_term_string}\"},\"query-input\":\"required name=search_term_string\"}],\"inLanguage\":\"es\"}]}<\/script>\n<!-- \/ Yoast SEO plugin. -->","yoast_head_json":{"title":"PACTO DE MATRIMONIO (CASARSE CON UN MILLONARIO 4) - Tienda Er\u00f3tica","robots":{"index":"noindex","follow":"follow","max-snippet":"max-snippet:-1","max-image-preview":"max-image-preview:large","max-video-preview":"max-video-preview:-1"},"og_locale":"es_ES","og_type":"article","og_title":"PACTO DE MATRIMONIO (CASARSE CON UN MILLONARIO 4) - Tienda Er\u00f3tica","og_description":"PACTO DE MATRIMONIO (CASARSE CON UN MILLONARIO 4) Jennifer Probst Todas las hermanas Conte han tenido grandes historias de amor","og_url":"https:\/\/demoweb.info\/sexshop001\/producto\/pacto-de-matrimonio-casarse-con-un-millonario-4\/","og_site_name":"Tienda Er\u00f3tica","article_modified_time":"2022-01-22T12:35:34+00:00","og_image":[{"width":550,"height":550,"url":"https:\/\/demoweb.info\/sexshop001\/wp-content\/uploads\/2022\/01\/PACTO-DE-MATRIMONIO-CASARSE-CON-UN-MILLONARIO-4.jpg","type":"image\/jpeg"}],"twitter_card":"summary_large_image","twitter_misc":{"Tiempo de lectura":"1 minuto"},"schema":{"@context":"https:\/\/schema.org","@graph":[{"@type":"WebPage","@id":"https:\/\/demoweb.info\/sexshop001\/producto\/pacto-de-matrimonio-casarse-con-un-millonario-4\/","url":"https:\/\/demoweb.info\/sexshop001\/producto\/pacto-de-matrimonio-casarse-con-un-millonario-4\/","name":"PACTO DE MATRIMONIO (CASARSE CON UN MILLONARIO 4) - Tienda Er\u00f3tica","isPartOf":{"@id":"https:\/\/demoweb.info\/sexshop001\/#website"},"datePublished":"2022-01-22T12:35:33+00:00","dateModified":"2022-01-22T12:35:34+00:00","breadcrumb":{"@id":"https:\/\/demoweb.info\/sexshop001\/producto\/pacto-de-matrimonio-casarse-con-un-millonario-4\/#breadcrumb"},"inLanguage":"es","potentialAction":[{"@type":"ReadAction","target":["https:\/\/demoweb.info\/sexshop001\/producto\/pacto-de-matrimonio-casarse-con-un-millonario-4\/"]}]},{"@type":"BreadcrumbList","@id":"https:\/\/demoweb.info\/sexshop001\/producto\/pacto-de-matrimonio-casarse-con-un-millonario-4\/#breadcrumb","itemListElement":[{"@type":"ListItem","position":1,"name":"Portada","item":"https:\/\/demoweb.info\/sexshop001\/"},{"@type":"ListItem","position":2,"name":"Tienda","item":"https:\/\/demoweb.info\/sexshop001\/tienda\/"},{"@type":"ListItem","position":3,"name":"PACTO DE MATRIMONIO (CASARSE CON UN MILLONARIO 4)"}]},{"@type":"WebSite","@id":"https:\/\/demoweb.info\/sexshop001\/#website","url":"https:\/\/demoweb.info\/sexshop001\/","name":"Tienda Er\u00f3tica","description":"DEMOWEB SL","potentialAction":[{"@type":"SearchAction","target":{"@type":"EntryPoint","urlTemplate":"https:\/\/demoweb.info\/sexshop001\/?s={search_term_string}"},"query-input":"required name=search_term_string"}],"inLanguage":"es"}]}},"_links":{"self":[{"href":"https:\/\/demoweb.info\/sexshop001\/wp-json\/wp\/v3\/product\/35995","targetHints":{"allow":["GET"]}}],"collection":[{"href":"https:\/\/demoweb.info\/sexshop001\/wp-json\/wp\/v3\/product"}],"about":[{"href":"https:\/\/demoweb.info\/sexshop001\/wp-json\/wp\/v2\/types\/product"}],"replies":[{"embeddable":true,"href":"https:\/\/demoweb.info\/sexshop001\/wp-json\/wp\/v2\/comments?post=35995"}],"wp:featuredmedia":[{"embeddable":true,"href":"https:\/\/demoweb.info\/sexshop001\/wp-json\/wp\/v2\/media\/35996"}],"wp:attachment":[{"href":"https:\/\/demoweb.info\/sexshop001\/wp-json\/wp\/v2\/media?parent=35995"}],"wp:term":[{"taxonomy":"product_cat","embeddable":true,"href":"https:\/\/demoweb.info\/sexshop001\/wp-json\/wp\/v2\/product_cat?post=35995"},{"taxonomy":"product_tag","embeddable":true,"href":"https:\/\/demoweb.info\/sexshop001\/wp-json\/wp\/v2\/product_tag?post=35995"}],"curies":[{"name":"wp","href":"https:\/\/api.w.org\/{rel}","templated":true}]}}