{"id":35960,"date":"2022-01-22T13:35:07","date_gmt":"2022-01-22T12:35:07","guid":{"rendered":"https:\/\/demoweb.info\/sexshop001\/producto\/satisfyer-woman-gentle-lubricante-light-150ml\/"},"modified":"2022-01-22T13:35:13","modified_gmt":"2022-01-22T12:35:13","slug":"satisfyer-woman-gentle-lubricante-light-150ml","status":"publish","type":"product","link":"https:\/\/demoweb.info\/sexshop001\/producto\/satisfyer-woman-gentle-lubricante-light-150ml\/","title":{"rendered":"SATISFYER WOMAN GENTLE LUBRICANTE LIGHT &#8211; 150ML"},"content":{"rendered":"<p><strong>SATISFYER WOMAN GENTLE LUBRICANT LIGHT<\/strong><\/p>\n<p>Satisfyer Gentle Light es un gel \u00edntimo que se siente suave y sensual en la piel gracias a su f\u00f3rmula sedosa. Deja una delicada sensaci\u00f3n en la piel que hace que la estimulaci\u00f3n sea particularmente excitante. Est\u00e1 disponible en un envase de 150 ml, lo suficientemente peque\u00f1o para llevarlo de viaje, pero duradero gracias a su f\u00f3rmula de alto rendimiento.<\/p>\n<p>&#8211; perfecto para todos los Satisfyers<br \/>\n&#8211; lubricante sedoso<br \/>\n&#8211; lubricaci\u00f3n superior a base de agua<br \/>\n&#8211; apto para condones<br \/>\n&#8211; sin aceite ni grasa<\/p>\n<p>Los lubricantes Satisfyer son productos para usar en la piel. Tienen una f\u00f3rmula sin aceite ni grasa, y ofrecen una lubricaci\u00f3n maravillosa y duradera. Los lubricantes Satisfyer son a base de agua. Esto significa que se aclaran f\u00e1cilmente con agua, sin dejar residuos ni sensaci\u00f3n pegajosa en la piel. Son ideales para usar con todos los productos Satisfyer, pero tambi\u00e9n se pueden usar con otros juguetes o durante las relaciones sexuales.<\/p>\n<p>150 ml<\/p>\n","protected":false},"excerpt":{"rendered":"<p>SATISFYER WOMAN GENTLE LUBRICANT LIGHT Satisfyer Gentle Light es un gel \u00edntimo que se siente suave y sensual en la<\/p>\n","protected":false},"featured_media":35961,"comment_status":"open","ping_status":"open","template":"","meta":[],"product_cat":[268],"product_tag":[1257,442],"class_list":["post-35960","product","type-product","status-publish","has-post-thumbnail","hentry","product_cat-base-agua-lubricantes-aceites-y-lubricantes","product_tag-lubricants","product_tag-satisfyer"],"bundled_by":[],"bundle_stock_status":"instock","bundle_stock_quantity":25,"bundle_virtual":false,"bundle_layout":"","bundle_add_to_cart_form_location":"","bundle_editable_in_cart":false,"bundle_sold_individually_context":"","bundle_item_grouping":"","bundle_min_size":"","bundle_max_size":"","bundled_items":[],"yoast_head":"<!-- This site is optimized with the Yoast SEO plugin v20.6 - https:\/\/yoast.com\/wordpress\/plugins\/seo\/ -->\n<title>SATISFYER WOMAN GENTLE LUBRICANTE LIGHT - 150ML - Tienda Er\u00f3tica<\/title>\n<meta name=\"robots\" content=\"noindex, follow, max-snippet:-1, max-image-preview:large, max-video-preview:-1\" \/>\n<meta property=\"og:locale\" content=\"es_ES\" \/>\n<meta property=\"og:type\" content=\"article\" \/>\n<meta property=\"og:title\" content=\"SATISFYER WOMAN GENTLE LUBRICANTE LIGHT - 150ML - Tienda Er\u00f3tica\" \/>\n<meta property=\"og:description\" content=\"SATISFYER WOMAN GENTLE LUBRICANT LIGHT Satisfyer Gentle Light es un gel \u00edntimo que se siente suave y sensual en la\" \/>\n<meta property=\"og:url\" content=\"https:\/\/demoweb.info\/sexshop001\/producto\/satisfyer-woman-gentle-lubricante-light-150ml\/\" \/>\n<meta property=\"og:site_name\" content=\"Tienda Er\u00f3tica\" \/>\n<meta property=\"article:modified_time\" content=\"2022-01-22T12:35:13+00:00\" \/>\n<meta property=\"og:image\" content=\"https:\/\/demoweb.info\/sexshop001\/wp-content\/uploads\/2022\/01\/SATISFYER-WOMAN-GENTLE-LUBRICANTE-LIGHT-150ML.jpg\" \/>\n\t<meta property=\"og:image:width\" content=\"550\" \/>\n\t<meta property=\"og:image:height\" content=\"550\" \/>\n\t<meta property=\"og:image:type\" content=\"image\/jpeg\" \/>\n<meta name=\"twitter:card\" content=\"summary_large_image\" \/>\n<meta name=\"twitter:label1\" content=\"Tiempo de lectura\" \/>\n\t<meta name=\"twitter:data1\" content=\"1 minuto\" \/>\n<script type=\"application\/ld+json\" class=\"yoast-schema-graph\">{\"@context\":\"https:\/\/schema.org\",\"@graph\":[{\"@type\":\"WebPage\",\"@id\":\"https:\/\/demoweb.info\/sexshop001\/producto\/satisfyer-woman-gentle-lubricante-light-150ml\/\",\"url\":\"https:\/\/demoweb.info\/sexshop001\/producto\/satisfyer-woman-gentle-lubricante-light-150ml\/\",\"name\":\"SATISFYER WOMAN GENTLE LUBRICANTE LIGHT - 150ML - Tienda Er\u00f3tica\",\"isPartOf\":{\"@id\":\"https:\/\/demoweb.info\/sexshop001\/#website\"},\"datePublished\":\"2022-01-22T12:35:07+00:00\",\"dateModified\":\"2022-01-22T12:35:13+00:00\",\"breadcrumb\":{\"@id\":\"https:\/\/demoweb.info\/sexshop001\/producto\/satisfyer-woman-gentle-lubricante-light-150ml\/#breadcrumb\"},\"inLanguage\":\"es\",\"potentialAction\":[{\"@type\":\"ReadAction\",\"target\":[\"https:\/\/demoweb.info\/sexshop001\/producto\/satisfyer-woman-gentle-lubricante-light-150ml\/\"]}]},{\"@type\":\"BreadcrumbList\",\"@id\":\"https:\/\/demoweb.info\/sexshop001\/producto\/satisfyer-woman-gentle-lubricante-light-150ml\/#breadcrumb\",\"itemListElement\":[{\"@type\":\"ListItem\",\"position\":1,\"name\":\"Portada\",\"item\":\"https:\/\/demoweb.info\/sexshop001\/\"},{\"@type\":\"ListItem\",\"position\":2,\"name\":\"Tienda\",\"item\":\"https:\/\/demoweb.info\/sexshop001\/tienda\/\"},{\"@type\":\"ListItem\",\"position\":3,\"name\":\"SATISFYER WOMAN GENTLE LUBRICANTE LIGHT &#8211; 150ML\"}]},{\"@type\":\"WebSite\",\"@id\":\"https:\/\/demoweb.info\/sexshop001\/#website\",\"url\":\"https:\/\/demoweb.info\/sexshop001\/\",\"name\":\"Tienda Er\u00f3tica\",\"description\":\"DEMOWEB SL\",\"potentialAction\":[{\"@type\":\"SearchAction\",\"target\":{\"@type\":\"EntryPoint\",\"urlTemplate\":\"https:\/\/demoweb.info\/sexshop001\/?s={search_term_string}\"},\"query-input\":\"required name=search_term_string\"}],\"inLanguage\":\"es\"}]}<\/script>\n<!-- \/ Yoast SEO plugin. -->","yoast_head_json":{"title":"SATISFYER WOMAN GENTLE LUBRICANTE LIGHT - 150ML - Tienda Er\u00f3tica","robots":{"index":"noindex","follow":"follow","max-snippet":"max-snippet:-1","max-image-preview":"max-image-preview:large","max-video-preview":"max-video-preview:-1"},"og_locale":"es_ES","og_type":"article","og_title":"SATISFYER WOMAN GENTLE LUBRICANTE LIGHT - 150ML - Tienda Er\u00f3tica","og_description":"SATISFYER WOMAN GENTLE LUBRICANT LIGHT Satisfyer Gentle Light es un gel \u00edntimo que se siente suave y sensual en la","og_url":"https:\/\/demoweb.info\/sexshop001\/producto\/satisfyer-woman-gentle-lubricante-light-150ml\/","og_site_name":"Tienda Er\u00f3tica","article_modified_time":"2022-01-22T12:35:13+00:00","og_image":[{"width":550,"height":550,"url":"https:\/\/demoweb.info\/sexshop001\/wp-content\/uploads\/2022\/01\/SATISFYER-WOMAN-GENTLE-LUBRICANTE-LIGHT-150ML.jpg","type":"image\/jpeg"}],"twitter_card":"summary_large_image","twitter_misc":{"Tiempo de lectura":"1 minuto"},"schema":{"@context":"https:\/\/schema.org","@graph":[{"@type":"WebPage","@id":"https:\/\/demoweb.info\/sexshop001\/producto\/satisfyer-woman-gentle-lubricante-light-150ml\/","url":"https:\/\/demoweb.info\/sexshop001\/producto\/satisfyer-woman-gentle-lubricante-light-150ml\/","name":"SATISFYER WOMAN GENTLE LUBRICANTE LIGHT - 150ML - Tienda Er\u00f3tica","isPartOf":{"@id":"https:\/\/demoweb.info\/sexshop001\/#website"},"datePublished":"2022-01-22T12:35:07+00:00","dateModified":"2022-01-22T12:35:13+00:00","breadcrumb":{"@id":"https:\/\/demoweb.info\/sexshop001\/producto\/satisfyer-woman-gentle-lubricante-light-150ml\/#breadcrumb"},"inLanguage":"es","potentialAction":[{"@type":"ReadAction","target":["https:\/\/demoweb.info\/sexshop001\/producto\/satisfyer-woman-gentle-lubricante-light-150ml\/"]}]},{"@type":"BreadcrumbList","@id":"https:\/\/demoweb.info\/sexshop001\/producto\/satisfyer-woman-gentle-lubricante-light-150ml\/#breadcrumb","itemListElement":[{"@type":"ListItem","position":1,"name":"Portada","item":"https:\/\/demoweb.info\/sexshop001\/"},{"@type":"ListItem","position":2,"name":"Tienda","item":"https:\/\/demoweb.info\/sexshop001\/tienda\/"},{"@type":"ListItem","position":3,"name":"SATISFYER WOMAN GENTLE LUBRICANTE LIGHT &#8211; 150ML"}]},{"@type":"WebSite","@id":"https:\/\/demoweb.info\/sexshop001\/#website","url":"https:\/\/demoweb.info\/sexshop001\/","name":"Tienda Er\u00f3tica","description":"DEMOWEB SL","potentialAction":[{"@type":"SearchAction","target":{"@type":"EntryPoint","urlTemplate":"https:\/\/demoweb.info\/sexshop001\/?s={search_term_string}"},"query-input":"required name=search_term_string"}],"inLanguage":"es"}]}},"_links":{"self":[{"href":"https:\/\/demoweb.info\/sexshop001\/wp-json\/wp\/v3\/product\/35960","targetHints":{"allow":["GET"]}}],"collection":[{"href":"https:\/\/demoweb.info\/sexshop001\/wp-json\/wp\/v3\/product"}],"about":[{"href":"https:\/\/demoweb.info\/sexshop001\/wp-json\/wp\/v2\/types\/product"}],"replies":[{"embeddable":true,"href":"https:\/\/demoweb.info\/sexshop001\/wp-json\/wp\/v2\/comments?post=35960"}],"wp:featuredmedia":[{"embeddable":true,"href":"https:\/\/demoweb.info\/sexshop001\/wp-json\/wp\/v2\/media\/35961"}],"wp:attachment":[{"href":"https:\/\/demoweb.info\/sexshop001\/wp-json\/wp\/v2\/media?parent=35960"}],"wp:term":[{"taxonomy":"product_cat","embeddable":true,"href":"https:\/\/demoweb.info\/sexshop001\/wp-json\/wp\/v2\/product_cat?post=35960"},{"taxonomy":"product_tag","embeddable":true,"href":"https:\/\/demoweb.info\/sexshop001\/wp-json\/wp\/v2\/product_tag?post=35960"}],"curies":[{"name":"wp","href":"https:\/\/api.w.org\/{rel}","templated":true}]}}