{"id":35956,"date":"2022-01-22T13:35:07","date_gmt":"2022-01-22T12:35:07","guid":{"rendered":"https:\/\/demoweb.info\/sexshop001\/producto\/satisfyer-gentle-men-lubricante-efecto-frio-300ml\/"},"modified":"2022-01-22T13:35:11","modified_gmt":"2022-01-22T12:35:11","slug":"satisfyer-gentle-men-lubricante-efecto-frio-300ml","status":"publish","type":"product","link":"https:\/\/demoweb.info\/sexshop001\/producto\/satisfyer-gentle-men-lubricante-efecto-frio-300ml\/","title":{"rendered":"SATISFYER GENTLE MEN LUBRICANTE EFECTO FR\u00cdO &#8211; 300ML"},"content":{"rendered":"<p><strong>SATISFYER GENTLE MEN LUBRICANT COOLING <\/strong><\/p>\n<p>Para una sensaci\u00f3n de hormigueo.<\/p>\n<p>&#8211; Ideal para los Satisfyer Men<br \/>\n&#8211; Efecto refrescante hormigueo<br \/>\n&#8211; Lubricaci\u00f3n superior a base de agua<br \/>\n&#8211; Apto para condones<br \/>\n&#8211; Sin aceite ni grasa<\/p>\n<p>El lubricante Cooling es ideal para tus Satisfyer Men y asegura a\u00fan m\u00e1s variedad y emoci\u00f3n: el fascinante efecto de enfriamiento te permite explorar mundos de sensaciones completamente nuevos y te refresca de una manera completamente nueva. El lubricante se puede usar con todos los condones y, por lo tanto, tambi\u00e9n es ideal para las relaciones sexuales con una pareja. El lubricante m\u00e9dico sin aceite ni grasa es extremadamente agradable para la piel y garantiza una ausencia de fricci\u00f3n duradera, lo que significa que puede aprovechar al m\u00e1ximo sus sensaciones placenteras. La cantidad de 300 ml le durar\u00e1 mucho tiempo.<\/p>\n","protected":false},"excerpt":{"rendered":"<p>SATISFYER GENTLE MEN LUBRICANT COOLING Para una sensaci\u00f3n de hormigueo. &#8211; Ideal para los Satisfyer Men &#8211; Efecto refrescante hormigueo<\/p>\n","protected":false},"featured_media":35957,"comment_status":"open","ping_status":"open","template":"","meta":[],"product_cat":[1173],"product_tag":[1257,442],"class_list":["post-35956","product","type-product","status-publish","has-post-thumbnail","hentry","product_cat-para-ellos","product_tag-lubricants","product_tag-satisfyer"],"bundled_by":[],"bundle_stock_status":"instock","bundle_stock_quantity":9,"bundle_virtual":false,"bundle_layout":"","bundle_add_to_cart_form_location":"","bundle_editable_in_cart":false,"bundle_sold_individually_context":"","bundle_item_grouping":"","bundle_min_size":"","bundle_max_size":"","bundled_items":[],"yoast_head":"<!-- This site is optimized with the Yoast SEO plugin v20.6 - https:\/\/yoast.com\/wordpress\/plugins\/seo\/ -->\n<title>SATISFYER GENTLE MEN LUBRICANTE EFECTO FR\u00cdO - 300ML - Tienda Er\u00f3tica<\/title>\n<meta name=\"robots\" content=\"noindex, follow, max-snippet:-1, max-image-preview:large, max-video-preview:-1\" \/>\n<meta property=\"og:locale\" content=\"es_ES\" \/>\n<meta property=\"og:type\" content=\"article\" \/>\n<meta property=\"og:title\" content=\"SATISFYER GENTLE MEN LUBRICANTE EFECTO FR\u00cdO - 300ML - Tienda Er\u00f3tica\" \/>\n<meta property=\"og:description\" content=\"SATISFYER GENTLE MEN LUBRICANT COOLING Para una sensaci\u00f3n de hormigueo. &#8211; Ideal para los Satisfyer Men &#8211; Efecto refrescante hormigueo\" \/>\n<meta property=\"og:url\" content=\"https:\/\/demoweb.info\/sexshop001\/producto\/satisfyer-gentle-men-lubricante-efecto-frio-300ml\/\" \/>\n<meta property=\"og:site_name\" content=\"Tienda Er\u00f3tica\" \/>\n<meta property=\"article:modified_time\" content=\"2022-01-22T12:35:11+00:00\" \/>\n<meta property=\"og:image\" content=\"https:\/\/demoweb.info\/sexshop001\/wp-content\/uploads\/2022\/01\/SATISFYER-GENTLE-MEN-LUBRICANTE-EFECTO-FRIO-300ML.jpg\" \/>\n\t<meta property=\"og:image:width\" content=\"550\" \/>\n\t<meta property=\"og:image:height\" content=\"550\" \/>\n\t<meta property=\"og:image:type\" content=\"image\/jpeg\" \/>\n<meta name=\"twitter:card\" content=\"summary_large_image\" \/>\n<meta name=\"twitter:label1\" content=\"Tiempo de lectura\" \/>\n\t<meta name=\"twitter:data1\" content=\"1 minuto\" \/>\n<script type=\"application\/ld+json\" class=\"yoast-schema-graph\">{\"@context\":\"https:\/\/schema.org\",\"@graph\":[{\"@type\":\"WebPage\",\"@id\":\"https:\/\/demoweb.info\/sexshop001\/producto\/satisfyer-gentle-men-lubricante-efecto-frio-300ml\/\",\"url\":\"https:\/\/demoweb.info\/sexshop001\/producto\/satisfyer-gentle-men-lubricante-efecto-frio-300ml\/\",\"name\":\"SATISFYER GENTLE MEN LUBRICANTE EFECTO FR\u00cdO - 300ML - Tienda Er\u00f3tica\",\"isPartOf\":{\"@id\":\"https:\/\/demoweb.info\/sexshop001\/#website\"},\"datePublished\":\"2022-01-22T12:35:07+00:00\",\"dateModified\":\"2022-01-22T12:35:11+00:00\",\"breadcrumb\":{\"@id\":\"https:\/\/demoweb.info\/sexshop001\/producto\/satisfyer-gentle-men-lubricante-efecto-frio-300ml\/#breadcrumb\"},\"inLanguage\":\"es\",\"potentialAction\":[{\"@type\":\"ReadAction\",\"target\":[\"https:\/\/demoweb.info\/sexshop001\/producto\/satisfyer-gentle-men-lubricante-efecto-frio-300ml\/\"]}]},{\"@type\":\"BreadcrumbList\",\"@id\":\"https:\/\/demoweb.info\/sexshop001\/producto\/satisfyer-gentle-men-lubricante-efecto-frio-300ml\/#breadcrumb\",\"itemListElement\":[{\"@type\":\"ListItem\",\"position\":1,\"name\":\"Portada\",\"item\":\"https:\/\/demoweb.info\/sexshop001\/\"},{\"@type\":\"ListItem\",\"position\":2,\"name\":\"Tienda\",\"item\":\"https:\/\/demoweb.info\/sexshop001\/tienda\/\"},{\"@type\":\"ListItem\",\"position\":3,\"name\":\"SATISFYER GENTLE MEN LUBRICANTE EFECTO FR\u00cdO &#8211; 300ML\"}]},{\"@type\":\"WebSite\",\"@id\":\"https:\/\/demoweb.info\/sexshop001\/#website\",\"url\":\"https:\/\/demoweb.info\/sexshop001\/\",\"name\":\"Tienda Er\u00f3tica\",\"description\":\"DEMOWEB SL\",\"potentialAction\":[{\"@type\":\"SearchAction\",\"target\":{\"@type\":\"EntryPoint\",\"urlTemplate\":\"https:\/\/demoweb.info\/sexshop001\/?s={search_term_string}\"},\"query-input\":\"required name=search_term_string\"}],\"inLanguage\":\"es\"}]}<\/script>\n<!-- \/ Yoast SEO plugin. -->","yoast_head_json":{"title":"SATISFYER GENTLE MEN LUBRICANTE EFECTO FR\u00cdO - 300ML - Tienda Er\u00f3tica","robots":{"index":"noindex","follow":"follow","max-snippet":"max-snippet:-1","max-image-preview":"max-image-preview:large","max-video-preview":"max-video-preview:-1"},"og_locale":"es_ES","og_type":"article","og_title":"SATISFYER GENTLE MEN LUBRICANTE EFECTO FR\u00cdO - 300ML - Tienda Er\u00f3tica","og_description":"SATISFYER GENTLE MEN LUBRICANT COOLING Para una sensaci\u00f3n de hormigueo. &#8211; Ideal para los Satisfyer Men &#8211; Efecto refrescante hormigueo","og_url":"https:\/\/demoweb.info\/sexshop001\/producto\/satisfyer-gentle-men-lubricante-efecto-frio-300ml\/","og_site_name":"Tienda Er\u00f3tica","article_modified_time":"2022-01-22T12:35:11+00:00","og_image":[{"width":550,"height":550,"url":"https:\/\/demoweb.info\/sexshop001\/wp-content\/uploads\/2022\/01\/SATISFYER-GENTLE-MEN-LUBRICANTE-EFECTO-FRIO-300ML.jpg","type":"image\/jpeg"}],"twitter_card":"summary_large_image","twitter_misc":{"Tiempo de lectura":"1 minuto"},"schema":{"@context":"https:\/\/schema.org","@graph":[{"@type":"WebPage","@id":"https:\/\/demoweb.info\/sexshop001\/producto\/satisfyer-gentle-men-lubricante-efecto-frio-300ml\/","url":"https:\/\/demoweb.info\/sexshop001\/producto\/satisfyer-gentle-men-lubricante-efecto-frio-300ml\/","name":"SATISFYER GENTLE MEN LUBRICANTE EFECTO FR\u00cdO - 300ML - Tienda Er\u00f3tica","isPartOf":{"@id":"https:\/\/demoweb.info\/sexshop001\/#website"},"datePublished":"2022-01-22T12:35:07+00:00","dateModified":"2022-01-22T12:35:11+00:00","breadcrumb":{"@id":"https:\/\/demoweb.info\/sexshop001\/producto\/satisfyer-gentle-men-lubricante-efecto-frio-300ml\/#breadcrumb"},"inLanguage":"es","potentialAction":[{"@type":"ReadAction","target":["https:\/\/demoweb.info\/sexshop001\/producto\/satisfyer-gentle-men-lubricante-efecto-frio-300ml\/"]}]},{"@type":"BreadcrumbList","@id":"https:\/\/demoweb.info\/sexshop001\/producto\/satisfyer-gentle-men-lubricante-efecto-frio-300ml\/#breadcrumb","itemListElement":[{"@type":"ListItem","position":1,"name":"Portada","item":"https:\/\/demoweb.info\/sexshop001\/"},{"@type":"ListItem","position":2,"name":"Tienda","item":"https:\/\/demoweb.info\/sexshop001\/tienda\/"},{"@type":"ListItem","position":3,"name":"SATISFYER GENTLE MEN LUBRICANTE EFECTO FR\u00cdO &#8211; 300ML"}]},{"@type":"WebSite","@id":"https:\/\/demoweb.info\/sexshop001\/#website","url":"https:\/\/demoweb.info\/sexshop001\/","name":"Tienda Er\u00f3tica","description":"DEMOWEB SL","potentialAction":[{"@type":"SearchAction","target":{"@type":"EntryPoint","urlTemplate":"https:\/\/demoweb.info\/sexshop001\/?s={search_term_string}"},"query-input":"required name=search_term_string"}],"inLanguage":"es"}]}},"_links":{"self":[{"href":"https:\/\/demoweb.info\/sexshop001\/wp-json\/wp\/v3\/product\/35956","targetHints":{"allow":["GET"]}}],"collection":[{"href":"https:\/\/demoweb.info\/sexshop001\/wp-json\/wp\/v3\/product"}],"about":[{"href":"https:\/\/demoweb.info\/sexshop001\/wp-json\/wp\/v2\/types\/product"}],"replies":[{"embeddable":true,"href":"https:\/\/demoweb.info\/sexshop001\/wp-json\/wp\/v2\/comments?post=35956"}],"wp:featuredmedia":[{"embeddable":true,"href":"https:\/\/demoweb.info\/sexshop001\/wp-json\/wp\/v2\/media\/35957"}],"wp:attachment":[{"href":"https:\/\/demoweb.info\/sexshop001\/wp-json\/wp\/v2\/media?parent=35956"}],"wp:term":[{"taxonomy":"product_cat","embeddable":true,"href":"https:\/\/demoweb.info\/sexshop001\/wp-json\/wp\/v2\/product_cat?post=35956"},{"taxonomy":"product_tag","embeddable":true,"href":"https:\/\/demoweb.info\/sexshop001\/wp-json\/wp\/v2\/product_tag?post=35956"}],"curies":[{"name":"wp","href":"https:\/\/api.w.org\/{rel}","templated":true}]}}