{"id":35952,"date":"2022-01-22T13:35:07","date_gmt":"2022-01-22T12:35:07","guid":{"rendered":"https:\/\/demoweb.info\/sexshop001\/producto\/satisfyer-desinfectante-en-spray-300ml\/"},"modified":"2022-01-22T13:35:10","modified_gmt":"2022-01-22T12:35:10","slug":"satisfyer-desinfectante-en-spray-300ml","status":"publish","type":"product","link":"https:\/\/demoweb.info\/sexshop001\/producto\/satisfyer-desinfectante-en-spray-300ml\/","title":{"rendered":"SATISFYER DESINFECTANTE EN SPRAY &#8211; 300ML"},"content":{"rendered":"<p><strong>SATISFYER WOMEN DISINFECTANT SPRAY<\/strong><\/p>\n<p>El Satisfyer fue creado para catapultarlo a la nube 9 en una ola de orgasmos inolvidables e intensos. No es de extra\u00f1ar, entonces, que desee mantener a su lado a su hacedor de milagros de ondas de presi\u00f3n personal. Cuando te est\u00e1s divirtiendo tanto, necesitas limpiar a tu pareja de placer con regularidad y en profundidad para asegurarte de que permanezca como nueva durante mucho tiempo.<\/p>\n<p>\u00a1Tan fresco tan limpio!<br \/>\nEl spray desinfectante premium proporciona una higiene integral para su Satisfyer, as\u00ed como una protecci\u00f3n completa contra bacterias y virus. Evite eficazmente las infecciones por hongos y otras enfermedades, y disfrute de un nuevo placer sin dudarlo, incluso con el uso frecuente de su amigo de alto vuelo.<\/p>\n<p>Para limpiar a fondo su Satisfyer, comience con agua y un jab\u00f3n suave. Gracias a su acabado impermeable, puedes ser muy minucioso aqu\u00ed. Enjabone su juguete generosamente y enjuague. Si su Satisfyer tiene un accesorio extra\u00edble, tambi\u00e9n puede limpiarlo por separado. Luego, roc\u00ede el spray desinfectante varias veces sobre toda la superficie del juguete. Una vez que la superficie est\u00e9 lo suficientemente h\u00fameda, deje que el desinfectante act\u00fae durante 1-2 minutos, luego limpie con un pa\u00f1o limpio y seco. \u00a1Tu Satisfyer est\u00e1 listo para tu pr\u00f3xima sesi\u00f3n de placer sensual!<\/p>\n<p>&#8211; f\u00f3rmula sin alcohol<br \/>\n&#8211; desinfecci\u00f3n suave<br \/>\n&#8211; perfecto para todos los Satisfyers<br \/>\n&#8211; cuidado y limpieza sin manchar<br \/>\n&#8211; protecci\u00f3n contra bacterias y virus<\/p>\n<p>300 ml<\/p>\n","protected":false},"excerpt":{"rendered":"<p>SATISFYER WOMEN DISINFECTANT SPRAY El Satisfyer fue creado para catapultarlo a la nube 9 en una ola de orgasmos inolvidables<\/p>\n","protected":false},"featured_media":35953,"comment_status":"open","ping_status":"open","template":"","meta":[],"product_cat":[329],"product_tag":[1257,442],"class_list":["post-35952","product","type-product","status-publish","has-post-thumbnail","hentry","product_cat-limpieza-y-conserv","product_tag-lubricants","product_tag-satisfyer"],"bundled_by":[],"bundle_stock_status":"instock","bundle_stock_quantity":25,"bundle_virtual":false,"bundle_layout":"","bundle_add_to_cart_form_location":"","bundle_editable_in_cart":false,"bundle_sold_individually_context":"","bundle_item_grouping":"","bundle_min_size":"","bundle_max_size":"","bundled_items":[],"yoast_head":"<!-- This site is optimized with the Yoast SEO plugin v20.6 - https:\/\/yoast.com\/wordpress\/plugins\/seo\/ -->\n<title>SATISFYER DESINFECTANTE EN SPRAY - 300ML - Tienda Er\u00f3tica<\/title>\n<meta name=\"robots\" content=\"noindex, follow, max-snippet:-1, max-image-preview:large, max-video-preview:-1\" \/>\n<meta property=\"og:locale\" content=\"es_ES\" \/>\n<meta property=\"og:type\" content=\"article\" \/>\n<meta property=\"og:title\" content=\"SATISFYER DESINFECTANTE EN SPRAY - 300ML - Tienda Er\u00f3tica\" \/>\n<meta property=\"og:description\" content=\"SATISFYER WOMEN DISINFECTANT SPRAY El Satisfyer fue creado para catapultarlo a la nube 9 en una ola de orgasmos inolvidables\" \/>\n<meta property=\"og:url\" content=\"https:\/\/demoweb.info\/sexshop001\/producto\/satisfyer-desinfectante-en-spray-300ml\/\" \/>\n<meta property=\"og:site_name\" content=\"Tienda Er\u00f3tica\" \/>\n<meta property=\"article:modified_time\" content=\"2022-01-22T12:35:10+00:00\" \/>\n<meta property=\"og:image\" content=\"https:\/\/demoweb.info\/sexshop001\/wp-content\/uploads\/2022\/01\/SATISFYER-DESINFECTANTE-EN-SPRAY-300ML.jpg\" \/>\n\t<meta property=\"og:image:width\" content=\"550\" \/>\n\t<meta property=\"og:image:height\" content=\"550\" \/>\n\t<meta property=\"og:image:type\" content=\"image\/jpeg\" \/>\n<meta name=\"twitter:card\" content=\"summary_large_image\" \/>\n<meta name=\"twitter:label1\" content=\"Tiempo de lectura\" \/>\n\t<meta name=\"twitter:data1\" content=\"1 minuto\" \/>\n<script type=\"application\/ld+json\" class=\"yoast-schema-graph\">{\"@context\":\"https:\/\/schema.org\",\"@graph\":[{\"@type\":\"WebPage\",\"@id\":\"https:\/\/demoweb.info\/sexshop001\/producto\/satisfyer-desinfectante-en-spray-300ml\/\",\"url\":\"https:\/\/demoweb.info\/sexshop001\/producto\/satisfyer-desinfectante-en-spray-300ml\/\",\"name\":\"SATISFYER DESINFECTANTE EN SPRAY - 300ML - Tienda Er\u00f3tica\",\"isPartOf\":{\"@id\":\"https:\/\/demoweb.info\/sexshop001\/#website\"},\"datePublished\":\"2022-01-22T12:35:07+00:00\",\"dateModified\":\"2022-01-22T12:35:10+00:00\",\"breadcrumb\":{\"@id\":\"https:\/\/demoweb.info\/sexshop001\/producto\/satisfyer-desinfectante-en-spray-300ml\/#breadcrumb\"},\"inLanguage\":\"es\",\"potentialAction\":[{\"@type\":\"ReadAction\",\"target\":[\"https:\/\/demoweb.info\/sexshop001\/producto\/satisfyer-desinfectante-en-spray-300ml\/\"]}]},{\"@type\":\"BreadcrumbList\",\"@id\":\"https:\/\/demoweb.info\/sexshop001\/producto\/satisfyer-desinfectante-en-spray-300ml\/#breadcrumb\",\"itemListElement\":[{\"@type\":\"ListItem\",\"position\":1,\"name\":\"Portada\",\"item\":\"https:\/\/demoweb.info\/sexshop001\/\"},{\"@type\":\"ListItem\",\"position\":2,\"name\":\"Tienda\",\"item\":\"https:\/\/demoweb.info\/sexshop001\/tienda\/\"},{\"@type\":\"ListItem\",\"position\":3,\"name\":\"SATISFYER DESINFECTANTE EN SPRAY &#8211; 300ML\"}]},{\"@type\":\"WebSite\",\"@id\":\"https:\/\/demoweb.info\/sexshop001\/#website\",\"url\":\"https:\/\/demoweb.info\/sexshop001\/\",\"name\":\"Tienda Er\u00f3tica\",\"description\":\"DEMOWEB SL\",\"potentialAction\":[{\"@type\":\"SearchAction\",\"target\":{\"@type\":\"EntryPoint\",\"urlTemplate\":\"https:\/\/demoweb.info\/sexshop001\/?s={search_term_string}\"},\"query-input\":\"required name=search_term_string\"}],\"inLanguage\":\"es\"}]}<\/script>\n<!-- \/ Yoast SEO plugin. -->","yoast_head_json":{"title":"SATISFYER DESINFECTANTE EN SPRAY - 300ML - Tienda Er\u00f3tica","robots":{"index":"noindex","follow":"follow","max-snippet":"max-snippet:-1","max-image-preview":"max-image-preview:large","max-video-preview":"max-video-preview:-1"},"og_locale":"es_ES","og_type":"article","og_title":"SATISFYER DESINFECTANTE EN SPRAY - 300ML - Tienda Er\u00f3tica","og_description":"SATISFYER WOMEN DISINFECTANT SPRAY El Satisfyer fue creado para catapultarlo a la nube 9 en una ola de orgasmos inolvidables","og_url":"https:\/\/demoweb.info\/sexshop001\/producto\/satisfyer-desinfectante-en-spray-300ml\/","og_site_name":"Tienda Er\u00f3tica","article_modified_time":"2022-01-22T12:35:10+00:00","og_image":[{"width":550,"height":550,"url":"https:\/\/demoweb.info\/sexshop001\/wp-content\/uploads\/2022\/01\/SATISFYER-DESINFECTANTE-EN-SPRAY-300ML.jpg","type":"image\/jpeg"}],"twitter_card":"summary_large_image","twitter_misc":{"Tiempo de lectura":"1 minuto"},"schema":{"@context":"https:\/\/schema.org","@graph":[{"@type":"WebPage","@id":"https:\/\/demoweb.info\/sexshop001\/producto\/satisfyer-desinfectante-en-spray-300ml\/","url":"https:\/\/demoweb.info\/sexshop001\/producto\/satisfyer-desinfectante-en-spray-300ml\/","name":"SATISFYER DESINFECTANTE EN SPRAY - 300ML - Tienda Er\u00f3tica","isPartOf":{"@id":"https:\/\/demoweb.info\/sexshop001\/#website"},"datePublished":"2022-01-22T12:35:07+00:00","dateModified":"2022-01-22T12:35:10+00:00","breadcrumb":{"@id":"https:\/\/demoweb.info\/sexshop001\/producto\/satisfyer-desinfectante-en-spray-300ml\/#breadcrumb"},"inLanguage":"es","potentialAction":[{"@type":"ReadAction","target":["https:\/\/demoweb.info\/sexshop001\/producto\/satisfyer-desinfectante-en-spray-300ml\/"]}]},{"@type":"BreadcrumbList","@id":"https:\/\/demoweb.info\/sexshop001\/producto\/satisfyer-desinfectante-en-spray-300ml\/#breadcrumb","itemListElement":[{"@type":"ListItem","position":1,"name":"Portada","item":"https:\/\/demoweb.info\/sexshop001\/"},{"@type":"ListItem","position":2,"name":"Tienda","item":"https:\/\/demoweb.info\/sexshop001\/tienda\/"},{"@type":"ListItem","position":3,"name":"SATISFYER DESINFECTANTE EN SPRAY &#8211; 300ML"}]},{"@type":"WebSite","@id":"https:\/\/demoweb.info\/sexshop001\/#website","url":"https:\/\/demoweb.info\/sexshop001\/","name":"Tienda Er\u00f3tica","description":"DEMOWEB SL","potentialAction":[{"@type":"SearchAction","target":{"@type":"EntryPoint","urlTemplate":"https:\/\/demoweb.info\/sexshop001\/?s={search_term_string}"},"query-input":"required name=search_term_string"}],"inLanguage":"es"}]}},"_links":{"self":[{"href":"https:\/\/demoweb.info\/sexshop001\/wp-json\/wp\/v3\/product\/35952","targetHints":{"allow":["GET"]}}],"collection":[{"href":"https:\/\/demoweb.info\/sexshop001\/wp-json\/wp\/v3\/product"}],"about":[{"href":"https:\/\/demoweb.info\/sexshop001\/wp-json\/wp\/v2\/types\/product"}],"replies":[{"embeddable":true,"href":"https:\/\/demoweb.info\/sexshop001\/wp-json\/wp\/v2\/comments?post=35952"}],"wp:featuredmedia":[{"embeddable":true,"href":"https:\/\/demoweb.info\/sexshop001\/wp-json\/wp\/v2\/media\/35953"}],"wp:attachment":[{"href":"https:\/\/demoweb.info\/sexshop001\/wp-json\/wp\/v2\/media?parent=35952"}],"wp:term":[{"taxonomy":"product_cat","embeddable":true,"href":"https:\/\/demoweb.info\/sexshop001\/wp-json\/wp\/v2\/product_cat?post=35952"},{"taxonomy":"product_tag","embeddable":true,"href":"https:\/\/demoweb.info\/sexshop001\/wp-json\/wp\/v2\/product_tag?post=35952"}],"curies":[{"name":"wp","href":"https:\/\/api.w.org\/{rel}","templated":true}]}}