{"id":35909,"date":"2022-01-22T13:34:39","date_gmt":"2022-01-22T12:34:39","guid":{"rendered":"https:\/\/demoweb.info\/sexshop001\/producto\/satisfyer-plug-ilicious-1-petrol\/"},"modified":"2022-01-22T13:34:44","modified_gmt":"2022-01-22T12:34:44","slug":"satisfyer-plug-ilicious-1-petrol","status":"publish","type":"product","link":"https:\/\/demoweb.info\/sexshop001\/producto\/satisfyer-plug-ilicious-1-petrol\/","title":{"rendered":"SATISFYER PLUG-ILICIOUS 1 PETROL"},"content":{"rendered":"<p><strong>SATISFYER PLUG-ILICIOUS 1 <\/strong><\/p>\n<p>Plug-Ilicious 1 es un plug anal vibratorio con vibraciones extra fuertes que se puede controlar a trav\u00e9s de un tel\u00e9fono inteligente, tableta o Apple Watch. La superficie lisa hecha de silicona agradable para el cuerpo facilita la inserci\u00f3n del enchufe y garantiza una experiencia segura. Plug-Ilicious 1 puede ser utilizado tanto por hombres como por mujeres, puede caminar en la ducha con el usuario ya que es resistente al agua y tiene un modo de susurro para una diversi\u00f3n discreta.<\/p>\n<ul>\n<li>Resistente al agua (IPX7)<\/li>\n<li>Modo de susurro disponible<\/li>\n<li>Conector de carga magn\u00e9tico<\/li>\n<li>Punta para una f\u00e1cil inserci\u00f3n<\/li>\n<li>Posibilidades de vibraci\u00f3n ilimitadas a trav\u00e9s de la aplicaci\u00f3n<\/li>\n<li>Superficie lisa de silicona respetuosa con el cuerpo<\/li>\n<li>Aplicaci\u00f3n Satisfyer Connect<\/li>\n<li>Medidas: 14 x 3 cm<\/li>\n<\/ul>\n<p>\nGracias a la aplicaci\u00f3n Satisfyer Connect, es posible experimentar aventuras apasionantes completamente nuevas. Descargue la aplicaci\u00f3n para iOS y Android de forma gratuita en su tel\u00e9fono inteligente, tableta o Apple Watch. A continuaci\u00f3n, puede conectar f\u00e1cilmente el Satisfyer a trav\u00e9s de Bluetooth o Internet. Env\u00eda ruidos ambientales como vibraciones, deja que otra persona controle tu Satisfyer o crea un ritmo emocionante t\u00fa mismo o convierte tu lista de reproducci\u00f3n favorita de Spotify en una vibraci\u00f3n sensual: \u00a1tu creatividad no tiene l\u00edmites!<\/p>\n","protected":false},"excerpt":{"rendered":"<p>SATISFYER PLUG-ILICIOUS 1 Plug-Ilicious 1 es un plug anal vibratorio con vibraciones extra fuertes que se puede controlar a trav\u00e9s<\/p>\n","protected":false},"featured_media":35910,"comment_status":"open","ping_status":"open","template":"","meta":[],"product_cat":[295],"product_tag":[819,442],"class_list":["post-35909","product","type-product","status-publish","has-post-thumbnail","hentry","product_cat-vibradores-plugs","product_tag-connect","product_tag-satisfyer"],"bundled_by":[],"bundle_stock_status":"instock","bundle_stock_quantity":25,"bundle_virtual":false,"bundle_layout":"","bundle_add_to_cart_form_location":"","bundle_editable_in_cart":false,"bundle_sold_individually_context":"","bundle_item_grouping":"","bundle_min_size":"","bundle_max_size":"","bundled_items":[],"yoast_head":"<!-- This site is optimized with the Yoast SEO plugin v20.6 - https:\/\/yoast.com\/wordpress\/plugins\/seo\/ -->\n<title>SATISFYER PLUG-ILICIOUS 1 PETROL - Tienda Er\u00f3tica<\/title>\n<meta name=\"robots\" content=\"noindex, follow, max-snippet:-1, max-image-preview:large, max-video-preview:-1\" \/>\n<meta property=\"og:locale\" content=\"es_ES\" \/>\n<meta property=\"og:type\" content=\"article\" \/>\n<meta property=\"og:title\" content=\"SATISFYER PLUG-ILICIOUS 1 PETROL - Tienda Er\u00f3tica\" \/>\n<meta property=\"og:description\" content=\"SATISFYER PLUG-ILICIOUS 1 Plug-Ilicious 1 es un plug anal vibratorio con vibraciones extra fuertes que se puede controlar a trav\u00e9s\" \/>\n<meta property=\"og:url\" content=\"https:\/\/demoweb.info\/sexshop001\/producto\/satisfyer-plug-ilicious-1-petrol\/\" \/>\n<meta property=\"og:site_name\" content=\"Tienda Er\u00f3tica\" \/>\n<meta property=\"article:modified_time\" content=\"2022-01-22T12:34:44+00:00\" \/>\n<meta property=\"og:image\" content=\"https:\/\/demoweb.info\/sexshop001\/wp-content\/uploads\/2022\/01\/SATISFYER-PLUG-ILICIOUS-1-PETROL.jpg\" \/>\n\t<meta property=\"og:image:width\" content=\"550\" \/>\n\t<meta property=\"og:image:height\" content=\"550\" \/>\n\t<meta property=\"og:image:type\" content=\"image\/jpeg\" \/>\n<meta name=\"twitter:card\" content=\"summary_large_image\" \/>\n<meta name=\"twitter:label1\" content=\"Tiempo de lectura\" \/>\n\t<meta name=\"twitter:data1\" content=\"1 minuto\" \/>\n<script type=\"application\/ld+json\" class=\"yoast-schema-graph\">{\"@context\":\"https:\/\/schema.org\",\"@graph\":[{\"@type\":\"WebPage\",\"@id\":\"https:\/\/demoweb.info\/sexshop001\/producto\/satisfyer-plug-ilicious-1-petrol\/\",\"url\":\"https:\/\/demoweb.info\/sexshop001\/producto\/satisfyer-plug-ilicious-1-petrol\/\",\"name\":\"SATISFYER PLUG-ILICIOUS 1 PETROL - Tienda Er\u00f3tica\",\"isPartOf\":{\"@id\":\"https:\/\/demoweb.info\/sexshop001\/#website\"},\"datePublished\":\"2022-01-22T12:34:39+00:00\",\"dateModified\":\"2022-01-22T12:34:44+00:00\",\"breadcrumb\":{\"@id\":\"https:\/\/demoweb.info\/sexshop001\/producto\/satisfyer-plug-ilicious-1-petrol\/#breadcrumb\"},\"inLanguage\":\"es\",\"potentialAction\":[{\"@type\":\"ReadAction\",\"target\":[\"https:\/\/demoweb.info\/sexshop001\/producto\/satisfyer-plug-ilicious-1-petrol\/\"]}]},{\"@type\":\"BreadcrumbList\",\"@id\":\"https:\/\/demoweb.info\/sexshop001\/producto\/satisfyer-plug-ilicious-1-petrol\/#breadcrumb\",\"itemListElement\":[{\"@type\":\"ListItem\",\"position\":1,\"name\":\"Portada\",\"item\":\"https:\/\/demoweb.info\/sexshop001\/\"},{\"@type\":\"ListItem\",\"position\":2,\"name\":\"Tienda\",\"item\":\"https:\/\/demoweb.info\/sexshop001\/tienda\/\"},{\"@type\":\"ListItem\",\"position\":3,\"name\":\"SATISFYER PLUG-ILICIOUS 1 PETROL\"}]},{\"@type\":\"WebSite\",\"@id\":\"https:\/\/demoweb.info\/sexshop001\/#website\",\"url\":\"https:\/\/demoweb.info\/sexshop001\/\",\"name\":\"Tienda Er\u00f3tica\",\"description\":\"DEMOWEB SL\",\"potentialAction\":[{\"@type\":\"SearchAction\",\"target\":{\"@type\":\"EntryPoint\",\"urlTemplate\":\"https:\/\/demoweb.info\/sexshop001\/?s={search_term_string}\"},\"query-input\":\"required name=search_term_string\"}],\"inLanguage\":\"es\"}]}<\/script>\n<!-- \/ Yoast SEO plugin. -->","yoast_head_json":{"title":"SATISFYER PLUG-ILICIOUS 1 PETROL - Tienda Er\u00f3tica","robots":{"index":"noindex","follow":"follow","max-snippet":"max-snippet:-1","max-image-preview":"max-image-preview:large","max-video-preview":"max-video-preview:-1"},"og_locale":"es_ES","og_type":"article","og_title":"SATISFYER PLUG-ILICIOUS 1 PETROL - Tienda Er\u00f3tica","og_description":"SATISFYER PLUG-ILICIOUS 1 Plug-Ilicious 1 es un plug anal vibratorio con vibraciones extra fuertes que se puede controlar a trav\u00e9s","og_url":"https:\/\/demoweb.info\/sexshop001\/producto\/satisfyer-plug-ilicious-1-petrol\/","og_site_name":"Tienda Er\u00f3tica","article_modified_time":"2022-01-22T12:34:44+00:00","og_image":[{"width":550,"height":550,"url":"https:\/\/demoweb.info\/sexshop001\/wp-content\/uploads\/2022\/01\/SATISFYER-PLUG-ILICIOUS-1-PETROL.jpg","type":"image\/jpeg"}],"twitter_card":"summary_large_image","twitter_misc":{"Tiempo de lectura":"1 minuto"},"schema":{"@context":"https:\/\/schema.org","@graph":[{"@type":"WebPage","@id":"https:\/\/demoweb.info\/sexshop001\/producto\/satisfyer-plug-ilicious-1-petrol\/","url":"https:\/\/demoweb.info\/sexshop001\/producto\/satisfyer-plug-ilicious-1-petrol\/","name":"SATISFYER PLUG-ILICIOUS 1 PETROL - Tienda Er\u00f3tica","isPartOf":{"@id":"https:\/\/demoweb.info\/sexshop001\/#website"},"datePublished":"2022-01-22T12:34:39+00:00","dateModified":"2022-01-22T12:34:44+00:00","breadcrumb":{"@id":"https:\/\/demoweb.info\/sexshop001\/producto\/satisfyer-plug-ilicious-1-petrol\/#breadcrumb"},"inLanguage":"es","potentialAction":[{"@type":"ReadAction","target":["https:\/\/demoweb.info\/sexshop001\/producto\/satisfyer-plug-ilicious-1-petrol\/"]}]},{"@type":"BreadcrumbList","@id":"https:\/\/demoweb.info\/sexshop001\/producto\/satisfyer-plug-ilicious-1-petrol\/#breadcrumb","itemListElement":[{"@type":"ListItem","position":1,"name":"Portada","item":"https:\/\/demoweb.info\/sexshop001\/"},{"@type":"ListItem","position":2,"name":"Tienda","item":"https:\/\/demoweb.info\/sexshop001\/tienda\/"},{"@type":"ListItem","position":3,"name":"SATISFYER PLUG-ILICIOUS 1 PETROL"}]},{"@type":"WebSite","@id":"https:\/\/demoweb.info\/sexshop001\/#website","url":"https:\/\/demoweb.info\/sexshop001\/","name":"Tienda Er\u00f3tica","description":"DEMOWEB SL","potentialAction":[{"@type":"SearchAction","target":{"@type":"EntryPoint","urlTemplate":"https:\/\/demoweb.info\/sexshop001\/?s={search_term_string}"},"query-input":"required name=search_term_string"}],"inLanguage":"es"}]}},"_links":{"self":[{"href":"https:\/\/demoweb.info\/sexshop001\/wp-json\/wp\/v3\/product\/35909","targetHints":{"allow":["GET"]}}],"collection":[{"href":"https:\/\/demoweb.info\/sexshop001\/wp-json\/wp\/v3\/product"}],"about":[{"href":"https:\/\/demoweb.info\/sexshop001\/wp-json\/wp\/v2\/types\/product"}],"replies":[{"embeddable":true,"href":"https:\/\/demoweb.info\/sexshop001\/wp-json\/wp\/v2\/comments?post=35909"}],"wp:featuredmedia":[{"embeddable":true,"href":"https:\/\/demoweb.info\/sexshop001\/wp-json\/wp\/v2\/media\/35910"}],"wp:attachment":[{"href":"https:\/\/demoweb.info\/sexshop001\/wp-json\/wp\/v2\/media?parent=35909"}],"wp:term":[{"taxonomy":"product_cat","embeddable":true,"href":"https:\/\/demoweb.info\/sexshop001\/wp-json\/wp\/v2\/product_cat?post=35909"},{"taxonomy":"product_tag","embeddable":true,"href":"https:\/\/demoweb.info\/sexshop001\/wp-json\/wp\/v2\/product_tag?post=35909"}],"curies":[{"name":"wp","href":"https:\/\/api.w.org\/{rel}","templated":true}]}}