{"id":35898,"date":"2022-01-22T13:34:24","date_gmt":"2022-01-22T12:34:24","guid":{"rendered":"https:\/\/demoweb.info\/sexshop001\/producto\/amoreane-espuma-de-masaje-fruta-de-la-pasion-daiquiri-150ml\/"},"modified":"2022-01-22T13:34:37","modified_gmt":"2022-01-22T12:34:37","slug":"amoreane-espuma-de-masaje-fruta-de-la-pasion-daiquiri-150ml","status":"publish","type":"product","link":"https:\/\/demoweb.info\/sexshop001\/producto\/amoreane-espuma-de-masaje-fruta-de-la-pasion-daiquiri-150ml\/","title":{"rendered":"AMOREANE ESPUMA DE MASAJE FRUTA DE LA PASI\u00d3N DAIQUIRI &#8211; 150ML"},"content":{"rendered":"<p><strong>AMOREANE SPARKLING BODY FOAM PASSIONFRUIT DAQUIRI &#8211; 150ML<\/strong><\/p>\n<p>Sparkling Daiquiri Maracuya es una espuma de masaje hidratante con efecto crocante y un seductor aroma. Al ponerse en contacto con la piel, su novedosa f\u00f3rmula te har\u00e1 experimentar una sensaci\u00f3n de escalofr\u00edo, seguida de un estimulante estallido de burbujas.<\/p>\n<p>Modo de uso: Retire la tapa, agite bien el producto y apl\u00edcalo sobre la zona deseada. Seguidamente, inicia un suave masaje y prep\u00e1rate para un sorprendente efecto crocante.<\/p>\n<p>Caducidad despues de abrir: 12 meses.<\/p>\n","protected":false},"excerpt":{"rendered":"<p>AMOREANE SPARKLING BODY FOAM PASSIONFRUIT DAQUIRI &#8211; 150ML Sparkling Daiquiri Maracuya es una espuma de masaje hidratante con efecto crocante<\/p>\n","protected":false},"featured_media":35899,"comment_status":"open","ping_status":"open","template":"","meta":[],"product_cat":[876],"product_tag":[430],"class_list":["post-35898","product","type-product","status-publish","has-post-thumbnail","hentry","product_cat-aceites-de-masaje","product_tag-amoreane"],"bundled_by":[],"bundle_stock_status":"instock","bundle_stock_quantity":25,"bundle_virtual":false,"bundle_layout":"","bundle_add_to_cart_form_location":"","bundle_editable_in_cart":false,"bundle_sold_individually_context":"","bundle_item_grouping":"","bundle_min_size":"","bundle_max_size":"","bundled_items":[],"yoast_head":"<!-- This site is optimized with the Yoast SEO plugin v20.6 - https:\/\/yoast.com\/wordpress\/plugins\/seo\/ -->\n<title>AMOREANE ESPUMA DE MASAJE FRUTA DE LA PASI\u00d3N DAIQUIRI - 150ML - Tienda Er\u00f3tica<\/title>\n<meta name=\"robots\" content=\"noindex, follow, max-snippet:-1, max-image-preview:large, max-video-preview:-1\" \/>\n<meta property=\"og:locale\" content=\"es_ES\" \/>\n<meta property=\"og:type\" content=\"article\" \/>\n<meta property=\"og:title\" content=\"AMOREANE ESPUMA DE MASAJE FRUTA DE LA PASI\u00d3N DAIQUIRI - 150ML - Tienda Er\u00f3tica\" \/>\n<meta property=\"og:description\" content=\"AMOREANE SPARKLING BODY FOAM PASSIONFRUIT DAQUIRI &#8211; 150ML Sparkling Daiquiri Maracuya es una espuma de masaje hidratante con efecto crocante\" \/>\n<meta property=\"og:url\" content=\"https:\/\/demoweb.info\/sexshop001\/producto\/amoreane-espuma-de-masaje-fruta-de-la-pasion-daiquiri-150ml\/\" \/>\n<meta property=\"og:site_name\" content=\"Tienda Er\u00f3tica\" \/>\n<meta property=\"article:modified_time\" content=\"2022-01-22T12:34:37+00:00\" \/>\n<meta property=\"og:image\" content=\"https:\/\/demoweb.info\/sexshop001\/wp-content\/uploads\/2022\/01\/AMOREANE-ESPUMA-DE-MASAJE-FRUTA-DE-LA-PASION-DAIQUIRI-150ML.jpg\" \/>\n\t<meta property=\"og:image:width\" content=\"550\" \/>\n\t<meta property=\"og:image:height\" content=\"550\" \/>\n\t<meta property=\"og:image:type\" content=\"image\/jpeg\" \/>\n<meta name=\"twitter:card\" content=\"summary_large_image\" \/>\n<script type=\"application\/ld+json\" class=\"yoast-schema-graph\">{\"@context\":\"https:\/\/schema.org\",\"@graph\":[{\"@type\":\"WebPage\",\"@id\":\"https:\/\/demoweb.info\/sexshop001\/producto\/amoreane-espuma-de-masaje-fruta-de-la-pasion-daiquiri-150ml\/\",\"url\":\"https:\/\/demoweb.info\/sexshop001\/producto\/amoreane-espuma-de-masaje-fruta-de-la-pasion-daiquiri-150ml\/\",\"name\":\"AMOREANE ESPUMA DE MASAJE FRUTA DE LA PASI\u00d3N DAIQUIRI - 150ML - Tienda Er\u00f3tica\",\"isPartOf\":{\"@id\":\"https:\/\/demoweb.info\/sexshop001\/#website\"},\"datePublished\":\"2022-01-22T12:34:24+00:00\",\"dateModified\":\"2022-01-22T12:34:37+00:00\",\"breadcrumb\":{\"@id\":\"https:\/\/demoweb.info\/sexshop001\/producto\/amoreane-espuma-de-masaje-fruta-de-la-pasion-daiquiri-150ml\/#breadcrumb\"},\"inLanguage\":\"es\",\"potentialAction\":[{\"@type\":\"ReadAction\",\"target\":[\"https:\/\/demoweb.info\/sexshop001\/producto\/amoreane-espuma-de-masaje-fruta-de-la-pasion-daiquiri-150ml\/\"]}]},{\"@type\":\"BreadcrumbList\",\"@id\":\"https:\/\/demoweb.info\/sexshop001\/producto\/amoreane-espuma-de-masaje-fruta-de-la-pasion-daiquiri-150ml\/#breadcrumb\",\"itemListElement\":[{\"@type\":\"ListItem\",\"position\":1,\"name\":\"Portada\",\"item\":\"https:\/\/demoweb.info\/sexshop001\/\"},{\"@type\":\"ListItem\",\"position\":2,\"name\":\"Tienda\",\"item\":\"https:\/\/demoweb.info\/sexshop001\/tienda\/\"},{\"@type\":\"ListItem\",\"position\":3,\"name\":\"AMOREANE ESPUMA DE MASAJE FRUTA DE LA PASI\u00d3N DAIQUIRI &#8211; 150ML\"}]},{\"@type\":\"WebSite\",\"@id\":\"https:\/\/demoweb.info\/sexshop001\/#website\",\"url\":\"https:\/\/demoweb.info\/sexshop001\/\",\"name\":\"Tienda Er\u00f3tica\",\"description\":\"DEMOWEB SL\",\"potentialAction\":[{\"@type\":\"SearchAction\",\"target\":{\"@type\":\"EntryPoint\",\"urlTemplate\":\"https:\/\/demoweb.info\/sexshop001\/?s={search_term_string}\"},\"query-input\":\"required name=search_term_string\"}],\"inLanguage\":\"es\"}]}<\/script>\n<!-- \/ Yoast SEO plugin. -->","yoast_head_json":{"title":"AMOREANE ESPUMA DE MASAJE FRUTA DE LA PASI\u00d3N DAIQUIRI - 150ML - Tienda Er\u00f3tica","robots":{"index":"noindex","follow":"follow","max-snippet":"max-snippet:-1","max-image-preview":"max-image-preview:large","max-video-preview":"max-video-preview:-1"},"og_locale":"es_ES","og_type":"article","og_title":"AMOREANE ESPUMA DE MASAJE FRUTA DE LA PASI\u00d3N DAIQUIRI - 150ML - Tienda Er\u00f3tica","og_description":"AMOREANE SPARKLING BODY FOAM PASSIONFRUIT DAQUIRI &#8211; 150ML Sparkling Daiquiri Maracuya es una espuma de masaje hidratante con efecto crocante","og_url":"https:\/\/demoweb.info\/sexshop001\/producto\/amoreane-espuma-de-masaje-fruta-de-la-pasion-daiquiri-150ml\/","og_site_name":"Tienda Er\u00f3tica","article_modified_time":"2022-01-22T12:34:37+00:00","og_image":[{"width":550,"height":550,"url":"https:\/\/demoweb.info\/sexshop001\/wp-content\/uploads\/2022\/01\/AMOREANE-ESPUMA-DE-MASAJE-FRUTA-DE-LA-PASION-DAIQUIRI-150ML.jpg","type":"image\/jpeg"}],"twitter_card":"summary_large_image","schema":{"@context":"https:\/\/schema.org","@graph":[{"@type":"WebPage","@id":"https:\/\/demoweb.info\/sexshop001\/producto\/amoreane-espuma-de-masaje-fruta-de-la-pasion-daiquiri-150ml\/","url":"https:\/\/demoweb.info\/sexshop001\/producto\/amoreane-espuma-de-masaje-fruta-de-la-pasion-daiquiri-150ml\/","name":"AMOREANE ESPUMA DE MASAJE FRUTA DE LA PASI\u00d3N DAIQUIRI - 150ML - Tienda Er\u00f3tica","isPartOf":{"@id":"https:\/\/demoweb.info\/sexshop001\/#website"},"datePublished":"2022-01-22T12:34:24+00:00","dateModified":"2022-01-22T12:34:37+00:00","breadcrumb":{"@id":"https:\/\/demoweb.info\/sexshop001\/producto\/amoreane-espuma-de-masaje-fruta-de-la-pasion-daiquiri-150ml\/#breadcrumb"},"inLanguage":"es","potentialAction":[{"@type":"ReadAction","target":["https:\/\/demoweb.info\/sexshop001\/producto\/amoreane-espuma-de-masaje-fruta-de-la-pasion-daiquiri-150ml\/"]}]},{"@type":"BreadcrumbList","@id":"https:\/\/demoweb.info\/sexshop001\/producto\/amoreane-espuma-de-masaje-fruta-de-la-pasion-daiquiri-150ml\/#breadcrumb","itemListElement":[{"@type":"ListItem","position":1,"name":"Portada","item":"https:\/\/demoweb.info\/sexshop001\/"},{"@type":"ListItem","position":2,"name":"Tienda","item":"https:\/\/demoweb.info\/sexshop001\/tienda\/"},{"@type":"ListItem","position":3,"name":"AMOREANE ESPUMA DE MASAJE FRUTA DE LA PASI\u00d3N DAIQUIRI &#8211; 150ML"}]},{"@type":"WebSite","@id":"https:\/\/demoweb.info\/sexshop001\/#website","url":"https:\/\/demoweb.info\/sexshop001\/","name":"Tienda Er\u00f3tica","description":"DEMOWEB SL","potentialAction":[{"@type":"SearchAction","target":{"@type":"EntryPoint","urlTemplate":"https:\/\/demoweb.info\/sexshop001\/?s={search_term_string}"},"query-input":"required name=search_term_string"}],"inLanguage":"es"}]}},"_links":{"self":[{"href":"https:\/\/demoweb.info\/sexshop001\/wp-json\/wp\/v3\/product\/35898","targetHints":{"allow":["GET"]}}],"collection":[{"href":"https:\/\/demoweb.info\/sexshop001\/wp-json\/wp\/v3\/product"}],"about":[{"href":"https:\/\/demoweb.info\/sexshop001\/wp-json\/wp\/v2\/types\/product"}],"replies":[{"embeddable":true,"href":"https:\/\/demoweb.info\/sexshop001\/wp-json\/wp\/v2\/comments?post=35898"}],"wp:featuredmedia":[{"embeddable":true,"href":"https:\/\/demoweb.info\/sexshop001\/wp-json\/wp\/v2\/media\/35899"}],"wp:attachment":[{"href":"https:\/\/demoweb.info\/sexshop001\/wp-json\/wp\/v2\/media?parent=35898"}],"wp:term":[{"taxonomy":"product_cat","embeddable":true,"href":"https:\/\/demoweb.info\/sexshop001\/wp-json\/wp\/v2\/product_cat?post=35898"},{"taxonomy":"product_tag","embeddable":true,"href":"https:\/\/demoweb.info\/sexshop001\/wp-json\/wp\/v2\/product_tag?post=35898"}],"curies":[{"name":"wp","href":"https:\/\/api.w.org\/{rel}","templated":true}]}}