{"id":35890,"date":"2022-01-22T13:34:24","date_gmt":"2022-01-22T12:34:24","guid":{"rendered":"https:\/\/demoweb.info\/sexshop001\/producto\/juego-passion-play-es-en-fr-pt\/"},"modified":"2022-01-22T13:34:32","modified_gmt":"2022-01-22T12:34:32","slug":"juego-passion-play-es-en-fr-pt","status":"publish","type":"product","link":"https:\/\/demoweb.info\/sexshop001\/producto\/juego-passion-play-es-en-fr-pt\/","title":{"rendered":"JUEGO PASSION PLAY (ES\/EN\/FR\/PT)"},"content":{"rendered":"<p><strong>JUEGO PASSION PLAY (ES\/EN\/FR\/PT)<\/strong><\/p>\n<p>EL JUEGO PERFECTO PARA ENCENDER LA PASI\u00d3N!<\/p>\n<p>El juego contiene:<\/p>\n<p>176 tarjetas de prueba:<br \/>\n88 tarjetas para \u00e9l<br \/>\n88 tarjetas para ella<br \/>\n1 Tablero<br \/>\n2 Fichas<br \/>\n2 Dados<br \/>\n1 Vibrador<br \/>\n1 Plumero<br \/>\n1 Cinta de raso<br \/>\n1 Reloj de arena<\/p>\n<p>Reglas del juego: Primero se elige la bebida que cada jugador va a beber durante el transcurso de la partida. El juego consta de 88 tarjetas para cada jugador divididas en 4 colores distintos, seg\u00fan la intensidad de las pruebas, las cuales se han de utilizar de acuerdo con la secuencia de colores en el tablero. El chico utilizar\u00e1 las tarjetas identificadas con SILUETA HOMBRE y la chica utilizar\u00e1 las tarjetas identificadas con SILUETA MUJER. Una vez acabada la prueba indicada en la tarjeta escogida, se ha de poner en la parte de abajo del mont\u00f3n.<\/p>\n<p>Los diferentes art\u00edculos que vienen con el juego, se han de utilizar cuando la prueba los requiera.<\/p>\n<p>Durante el transcurso del juego y en todas las pruebas en las cuales se pierdan prendas, \u00e9stas ser\u00e1n elegidas siempre por el rival y han de ser prendas visibles, (ej. No vale elegir prendas de ropa interior si no se han perdido previamente los pantalones o la falda).<\/p>\n<p>Al caer en la casilla con el dibujo de una copa, has de tomar un trago de tu bebida, besar a tu pareja e inmediatamente coger una tarjeta para proceder con la siguiente prueba. Si a la persona que juega se le olvida besar a su pareja y el otro jugador se lo recuerda, el que ha ca\u00eddo en la casilla perder\u00e1 una prenda que previamente ser\u00e1 elegida por su rival.<\/p>\n<p>Si los dos jugadores coinciden en la misma casilla, se tienen que besar inmediatamente, pero el \u00faltimo en darse cuenta perder\u00e1 una prenda, previamente escogida por su rival.<\/p>\n<p>En las tarjetas donde aparezca XXX se debe utilizar el reloj de arena (60 segundos) para cronometrar la prueba indicada. Una vez est\u00e9 todo listo se dar\u00e1 la vuelta al reloj y se empezar\u00e1 la prueba.<\/p>\n<p>Para entrar en las casillas de las posiciones no se requiere un n\u00famero exacto en el dado. Una vez uno de los jugadores ha llegado a esas casillas, simplemente se puede esperar a que el otro jugador llegue y as\u00ed juntos poder comenzar.<\/p>\n<p>En las casillas con los dibujos de las posiciones, (las cuales est\u00e1n divididas en dos columnas), cada uno ha de avanzar por la suya. El dibujo indica la posici\u00f3n que cada uno ha de adoptar para hacer el amor con su pareja.<\/p>\n<p>Cada postura se ha de practicar utilizando el reloj de arena para cronometrar. Una vez terminado el tiempo, cada jugador volver\u00e1 a tirar los dados para practicar la siguiente posici\u00f3n.<\/p>\n<p>El jugador que decida continuar por m\u00e1s tiempo del que marque el reloj, o el jugador que llegue antes al orgasmo ser\u00e1 el perdedor.<\/p>\n<p>Comienzo del juego: Cada jugador debe lanzar el dado y el que obtenga el n\u00famero m\u00e1s alto comienza. En caso de empate comenzar\u00e1 el que antes se quite una prenda de ropa. El jugador que empiece, avanzar\u00e1 tantas casillas como n\u00famero indicado por el dado, comenzando desde la casilla de salida indicada con una flecha y se avanzar\u00e1 en la misma direcci\u00f3n que las agujas del reloj.<\/p>\n<p>SE RECOMIENDA TENER:<\/p>\n<p>Una bebida fr\u00eda<br \/>\nCubitos de hielo<br \/>\nPintalabios<br \/>\nVibrador<br \/>\nAceite de masaje y lubricante<br \/>\nNata u otro alimento comestible<br \/>\nGanas de disfrutar y mucha pasi\u00f3n<\/p>\n","protected":false},"excerpt":{"rendered":"<p>JUEGO PASSION PLAY (ES\/EN\/FR\/PT) EL JUEGO PERFECTO PARA ENCENDER LA PASI\u00d3N! El juego contiene: 176 tarjetas de prueba: 88 tarjetas<\/p>\n","protected":false},"featured_media":35891,"comment_status":"open","ping_status":"open","template":"","meta":[],"product_cat":[367],"product_tag":[566,564],"class_list":["post-35890","product","type-product","status-publish","has-post-thumbnail","hentry","product_cat-juegos-pareja","product_tag-secret-games","product_tag-secret-play"],"bundled_by":[],"bundle_stock_status":"instock","bundle_stock_quantity":3,"bundle_virtual":false,"bundle_layout":"","bundle_add_to_cart_form_location":"","bundle_editable_in_cart":false,"bundle_sold_individually_context":"","bundle_item_grouping":"","bundle_min_size":"","bundle_max_size":"","bundled_items":[],"yoast_head":"<!-- This site is optimized with the Yoast SEO plugin v20.6 - https:\/\/yoast.com\/wordpress\/plugins\/seo\/ -->\n<title>JUEGO PASSION PLAY (ES\/EN\/FR\/PT) - Tienda Er\u00f3tica<\/title>\n<meta name=\"robots\" content=\"noindex, follow, max-snippet:-1, max-image-preview:large, max-video-preview:-1\" \/>\n<meta property=\"og:locale\" content=\"es_ES\" \/>\n<meta property=\"og:type\" content=\"article\" \/>\n<meta property=\"og:title\" content=\"JUEGO PASSION PLAY (ES\/EN\/FR\/PT) - Tienda Er\u00f3tica\" \/>\n<meta property=\"og:description\" content=\"JUEGO PASSION PLAY (ES\/EN\/FR\/PT) EL JUEGO PERFECTO PARA ENCENDER LA PASI\u00d3N! El juego contiene: 176 tarjetas de prueba: 88 tarjetas\" \/>\n<meta property=\"og:url\" content=\"https:\/\/demoweb.info\/sexshop001\/producto\/juego-passion-play-es-en-fr-pt\/\" \/>\n<meta property=\"og:site_name\" content=\"Tienda Er\u00f3tica\" \/>\n<meta property=\"article:modified_time\" content=\"2022-01-22T12:34:32+00:00\" \/>\n<meta property=\"og:image\" content=\"https:\/\/demoweb.info\/sexshop001\/wp-content\/uploads\/2022\/01\/JUEGO-PASSION-PLAY-ESENFRPT.jpg\" \/>\n\t<meta property=\"og:image:width\" content=\"550\" \/>\n\t<meta property=\"og:image:height\" content=\"550\" \/>\n\t<meta property=\"og:image:type\" content=\"image\/jpeg\" \/>\n<meta name=\"twitter:card\" content=\"summary_large_image\" \/>\n<meta name=\"twitter:label1\" content=\"Tiempo de lectura\" \/>\n\t<meta name=\"twitter:data1\" content=\"3 minutos\" \/>\n<script type=\"application\/ld+json\" class=\"yoast-schema-graph\">{\"@context\":\"https:\/\/schema.org\",\"@graph\":[{\"@type\":\"WebPage\",\"@id\":\"https:\/\/demoweb.info\/sexshop001\/producto\/juego-passion-play-es-en-fr-pt\/\",\"url\":\"https:\/\/demoweb.info\/sexshop001\/producto\/juego-passion-play-es-en-fr-pt\/\",\"name\":\"JUEGO PASSION PLAY (ES\/EN\/FR\/PT) - Tienda Er\u00f3tica\",\"isPartOf\":{\"@id\":\"https:\/\/demoweb.info\/sexshop001\/#website\"},\"datePublished\":\"2022-01-22T12:34:24+00:00\",\"dateModified\":\"2022-01-22T12:34:32+00:00\",\"breadcrumb\":{\"@id\":\"https:\/\/demoweb.info\/sexshop001\/producto\/juego-passion-play-es-en-fr-pt\/#breadcrumb\"},\"inLanguage\":\"es\",\"potentialAction\":[{\"@type\":\"ReadAction\",\"target\":[\"https:\/\/demoweb.info\/sexshop001\/producto\/juego-passion-play-es-en-fr-pt\/\"]}]},{\"@type\":\"BreadcrumbList\",\"@id\":\"https:\/\/demoweb.info\/sexshop001\/producto\/juego-passion-play-es-en-fr-pt\/#breadcrumb\",\"itemListElement\":[{\"@type\":\"ListItem\",\"position\":1,\"name\":\"Portada\",\"item\":\"https:\/\/demoweb.info\/sexshop001\/\"},{\"@type\":\"ListItem\",\"position\":2,\"name\":\"Tienda\",\"item\":\"https:\/\/demoweb.info\/sexshop001\/tienda\/\"},{\"@type\":\"ListItem\",\"position\":3,\"name\":\"JUEGO PASSION PLAY (ES\/EN\/FR\/PT)\"}]},{\"@type\":\"WebSite\",\"@id\":\"https:\/\/demoweb.info\/sexshop001\/#website\",\"url\":\"https:\/\/demoweb.info\/sexshop001\/\",\"name\":\"Tienda Er\u00f3tica\",\"description\":\"DEMOWEB SL\",\"potentialAction\":[{\"@type\":\"SearchAction\",\"target\":{\"@type\":\"EntryPoint\",\"urlTemplate\":\"https:\/\/demoweb.info\/sexshop001\/?s={search_term_string}\"},\"query-input\":\"required name=search_term_string\"}],\"inLanguage\":\"es\"}]}<\/script>\n<!-- \/ Yoast SEO plugin. -->","yoast_head_json":{"title":"JUEGO PASSION PLAY (ES\/EN\/FR\/PT) - Tienda Er\u00f3tica","robots":{"index":"noindex","follow":"follow","max-snippet":"max-snippet:-1","max-image-preview":"max-image-preview:large","max-video-preview":"max-video-preview:-1"},"og_locale":"es_ES","og_type":"article","og_title":"JUEGO PASSION PLAY (ES\/EN\/FR\/PT) - Tienda Er\u00f3tica","og_description":"JUEGO PASSION PLAY (ES\/EN\/FR\/PT) EL JUEGO PERFECTO PARA ENCENDER LA PASI\u00d3N! El juego contiene: 176 tarjetas de prueba: 88 tarjetas","og_url":"https:\/\/demoweb.info\/sexshop001\/producto\/juego-passion-play-es-en-fr-pt\/","og_site_name":"Tienda Er\u00f3tica","article_modified_time":"2022-01-22T12:34:32+00:00","og_image":[{"width":550,"height":550,"url":"https:\/\/demoweb.info\/sexshop001\/wp-content\/uploads\/2022\/01\/JUEGO-PASSION-PLAY-ESENFRPT.jpg","type":"image\/jpeg"}],"twitter_card":"summary_large_image","twitter_misc":{"Tiempo de lectura":"3 minutos"},"schema":{"@context":"https:\/\/schema.org","@graph":[{"@type":"WebPage","@id":"https:\/\/demoweb.info\/sexshop001\/producto\/juego-passion-play-es-en-fr-pt\/","url":"https:\/\/demoweb.info\/sexshop001\/producto\/juego-passion-play-es-en-fr-pt\/","name":"JUEGO PASSION PLAY (ES\/EN\/FR\/PT) - Tienda Er\u00f3tica","isPartOf":{"@id":"https:\/\/demoweb.info\/sexshop001\/#website"},"datePublished":"2022-01-22T12:34:24+00:00","dateModified":"2022-01-22T12:34:32+00:00","breadcrumb":{"@id":"https:\/\/demoweb.info\/sexshop001\/producto\/juego-passion-play-es-en-fr-pt\/#breadcrumb"},"inLanguage":"es","potentialAction":[{"@type":"ReadAction","target":["https:\/\/demoweb.info\/sexshop001\/producto\/juego-passion-play-es-en-fr-pt\/"]}]},{"@type":"BreadcrumbList","@id":"https:\/\/demoweb.info\/sexshop001\/producto\/juego-passion-play-es-en-fr-pt\/#breadcrumb","itemListElement":[{"@type":"ListItem","position":1,"name":"Portada","item":"https:\/\/demoweb.info\/sexshop001\/"},{"@type":"ListItem","position":2,"name":"Tienda","item":"https:\/\/demoweb.info\/sexshop001\/tienda\/"},{"@type":"ListItem","position":3,"name":"JUEGO PASSION PLAY (ES\/EN\/FR\/PT)"}]},{"@type":"WebSite","@id":"https:\/\/demoweb.info\/sexshop001\/#website","url":"https:\/\/demoweb.info\/sexshop001\/","name":"Tienda Er\u00f3tica","description":"DEMOWEB SL","potentialAction":[{"@type":"SearchAction","target":{"@type":"EntryPoint","urlTemplate":"https:\/\/demoweb.info\/sexshop001\/?s={search_term_string}"},"query-input":"required name=search_term_string"}],"inLanguage":"es"}]}},"_links":{"self":[{"href":"https:\/\/demoweb.info\/sexshop001\/wp-json\/wp\/v3\/product\/35890","targetHints":{"allow":["GET"]}}],"collection":[{"href":"https:\/\/demoweb.info\/sexshop001\/wp-json\/wp\/v3\/product"}],"about":[{"href":"https:\/\/demoweb.info\/sexshop001\/wp-json\/wp\/v2\/types\/product"}],"replies":[{"embeddable":true,"href":"https:\/\/demoweb.info\/sexshop001\/wp-json\/wp\/v2\/comments?post=35890"}],"wp:featuredmedia":[{"embeddable":true,"href":"https:\/\/demoweb.info\/sexshop001\/wp-json\/wp\/v2\/media\/35891"}],"wp:attachment":[{"href":"https:\/\/demoweb.info\/sexshop001\/wp-json\/wp\/v2\/media?parent=35890"}],"wp:term":[{"taxonomy":"product_cat","embeddable":true,"href":"https:\/\/demoweb.info\/sexshop001\/wp-json\/wp\/v2\/product_cat?post=35890"},{"taxonomy":"product_tag","embeddable":true,"href":"https:\/\/demoweb.info\/sexshop001\/wp-json\/wp\/v2\/product_tag?post=35890"}],"curies":[{"name":"wp","href":"https:\/\/api.w.org\/{rel}","templated":true}]}}