{"id":35886,"date":"2022-01-22T13:34:24","date_gmt":"2022-01-22T12:34:24","guid":{"rendered":"https:\/\/demoweb.info\/sexshop001\/producto\/juego-fantasy-play-es-en-fr-pt\/"},"modified":"2022-01-22T13:34:29","modified_gmt":"2022-01-22T12:34:29","slug":"juego-fantasy-play-es-en-fr-pt","status":"publish","type":"product","link":"https:\/\/demoweb.info\/sexshop001\/producto\/juego-fantasy-play-es-en-fr-pt\/","title":{"rendered":"JUEGO FANTASY PLAY (ES\/EN\/FR\/PT)"},"content":{"rendered":"<p><strong>JUEGO FANTASY PLAY (ES\/EN\/FR\/PT)<\/strong><\/p>\n<p>\u00a1DESCUBRE LA FANTAS\u00cdA ER\u00d3TICA DE TU PAREJA DE LA MANERA M\u00c1S EXCITANTE!<\/p>\n<p>Tu pareja y t\u00fa viajar\u00e9is en el tiempo para encontraros en el siglo XVIII siendo un par de ardientes amantes que se esconden para desatar toda su lujuria y pasi\u00f3n por las habitaciones de un gran palacio Rococ\u00f3.<\/p>\n<p>Se barajan cada uno de los grupos de tarjetas y se colocan en su sitio correspondiente en el tablero, a excepci\u00f3n de las tarjetas \u201cQuestions\u201d (preguntas), \u201cForfeit cards\u201d (tarjetas de pruebas) y los cr\u00e9ditos, que se colocar\u00e1n al lado del tablero, en zona neutral entre ambos jugadores.<\/p>\n<p>Cada uno de los jugadores coge una tarjeta negra \u201cFantasy\u201d y escribe en ella la fantas\u00eda que le gustar\u00eda llevar a cabo. Despu\u00e9s debe esconderla en cualquiera de las nueve habitaciones tem\u00e1ticas del tablero, entre el resto de las tarjetas, sin que el otro miembro de la pareja vea d\u00f3nde. Puede ser una fantas\u00eda que se lleve a cabo cuando se finalice el juego, o bien, una que se realice otro d\u00eda.<\/p>\n<p>Los jugadores escogen la din\u00e1mica del juego. Pueden jugar alrededor del tablero, respondiendo a preguntas o realizando pruebas durante el tiempo que deseen, o pueden ir entrando en las distintas habitaciones y realizar las pruebas correspondientes hasta encontrar la tarjeta Fantas\u00eda que ha escondido la pareja.<\/p>\n<p>Las tarjetas utilizadas se ir\u00e1n dejando de nuevo en su mont\u00f3n correspondiente, debajo de todas.<\/p>\n<p>En las tarjetas donde aparezca XXX se debe utilizar el reloj de arena (60 segundos) para cronometrar la prueba indicada. Una vez est\u00e9 todo listo se dar\u00e1 la vuelta al reloj y se empezar\u00e1 la prueba.<\/p>\n<p>Los cr\u00e9ditos (monedas con el s\u00edmbolo de Secret Play) se obtienen respondiendo correctamente a las preguntas de las tarjetas \u201cQuestions\u201d y mediante la superaci\u00f3n de algunas de las pruebas de las tarjetas \u201cForfeit cards\u201d. \u00a1Cuidado! Tambi\u00e9n se pueden perder cr\u00e9ditos en algunas de las pruebas. Estas monedas pueden canjearse en cualquier momento por una prenda del otro jugador, teniendo en cuenta que cada prenda cuesta dos cr\u00e9ditos.<\/p>\n<p>A las distintas habitaciones del palacio se entra a trav\u00e9s de la casilla correspondiente, se\u00f1alizada con una flecha blanca sobre fondo negro. De esta forma, si en el dado ha salido por ejemplo 4, contaremos 2 casillas, la n\u00famero 3 ser\u00e1 la de la flecha con fondo negro y el n\u00famero 4 la habitaci\u00f3n donde se quer\u00eda entrar. Se accede a las habitaciones con puntuaci\u00f3n exacta.<\/p>\n<p>Si un jugador quiere repetir en una habitaci\u00f3n que acaba de visitar, debe salir y volver a entrar de nuevo.<\/p>\n<p>El jugador que primero consiga encontrar la tarjeta \u201cFantasy\u201d de su pareja dentro de una de las habitaciones, ser\u00e1 el ganador. Obtendr\u00e1 como premio el placer de satisfacer la fantas\u00eda oculta de su pareja.<\/p>\n<p>Comienzo del juego: Ambos jugadores lanzan su dado y el que obtenga el n\u00famero m\u00e1s alto comienza, empezando desde la casilla de salida \u201cStart\u201d. En caso de empate, comenzar\u00e1 el primero que se quite una prenda de ropa. El jugador que inicie la partida, avanzar\u00e1 tantas casillas como el dado indique. Puede ir en cualquier direcci\u00f3n (arriba, abajo, derecha, izquierda o en diagonal). Deber\u00e1 realizar lo que le indique el color de la casilla donde caiga, y a continuaci\u00f3n, ser\u00e1 el turno del segundo jugador.<\/p>\n<p>SIGNIFICADO DE LAS CASILLAS:<\/p>\n<p>COLOR BLANCO: El jugador que cae en una de estas casillas, descansa y pasa el turno al otro jugador.<br \/>\nCOLOR VIOLETA: El jugador que cae en esta casilla, debe coger la primera tarjeta del mont\u00f3n \u201cForfeit cards\u201d y realizar lo que en ella se indique. Puedes ganar o perder cr\u00e9ditos.<br \/>\nCOLOR ROSA FUCSIA: El jugador que cae en esta casilla debe coger la primera tarjeta del mont\u00f3n \u201cQuestions\u201d. El otro jugador es quien deber\u00e1 leer la tarjeta. Si contesta la pregunta correctamente, obtendr\u00e1 un cr\u00e9dito.<br \/>\nCOLOR GRIS: Estas casillas son el Bar, y el jugador que caiga en ellas puede pedir una consumici\u00f3n a cambio de dos cr\u00e9ditos, que devolver\u00e1 al mont\u00f3n correspondiente.<\/p>\n<p>SIGNIFICADO DE LAS HABITACIONES:<\/p>\n<p>MASSAGE (Habitaci\u00f3n de masajes): Los jugadores descubrir\u00e1n los placeres de una buena relajaci\u00f3n del cuerpo, as\u00ed como sitios y zonas er\u00f3genas por explorar.<br \/>\nORAL SEX (Habitaci\u00f3n del sexo oral): Se trata de utilizar bien la boca y los labios en las zonas del cuerpo impensables.<br \/>\nTOYS (Habitaci\u00f3n de los juguetes): Es hora de usar alg\u00fan que otro complemento extra para maximizar vuestro placer.<br \/>\nBDSM (Habitaci\u00f3n del BDSM): Es una sutil toma de contacto con el desconocido mundo del placer obtenido a trav\u00e9s del dolor.<br \/>\nKISSES (Habitaci\u00f3n de los besos): Busca la excitaci\u00f3n a trav\u00e9s del beso en zonas inimaginables.<br \/>\nKAMASUTRA (Habitaci\u00f3n de las posturas): Los jugadores pondr\u00e1n en pr\u00e1ctica posturas, algunas de ellas, quiz\u00e1, desconocidas hasta el momento. Todas ellas aplicables a cualquier tipo de pareja.<br \/>\nANAL (Habitaci\u00f3n del sexo anal): Se trata de buscar el placer a trav\u00e9s de la estimulaci\u00f3n anal.<br \/>\nVOYEUR (Habitaci\u00f3n del voyerismo): Los jugadores encontrar\u00e1n placer con el sentido de la vista, viendo a su pareja en situaciones de lo m\u00e1s picante.<br \/>\nSURPRISE (Habitaci\u00f3n sorpresa): Contiene un compendio de pruebas pertenecientes a todas las habitaciones.<\/p>\n<p>El juego contiene:<\/p>\n<p>1 Tablero<br \/>\n2 Fichas<br \/>\n2 Dados<br \/>\n15 Tarjetas habitaci\u00f3n masajes<br \/>\n15 Tarjetas habitaci\u00f3n oral<br \/>\n15 tarjetas habitaci\u00f3n juguetes<br \/>\n15 Tarjetas habitaci\u00f3n BDSM<br \/>\n15 Tarjetas habitaci\u00f3n besos<br \/>\n15 Tarjetas habitaci\u00f3n posturas<br \/>\n15 Tarjetas habitaci\u00f3n anal<br \/>\n15 Tarjetas habitaci\u00f3n voyeur<br \/>\n15 Tarjetas habitaci\u00f3n sorpresa<br \/>\n80 Tarjetas de pruebas<br \/>\n80 Tarjetas de preguntas<br \/>\n18 Tarjetas Fantasy<br \/>\n80 Fichas de cr\u00e9dito<br \/>\n1 Cinta de raso<br \/>\n1 Pluma<br \/>\n1 Reloj de arena<br \/>\n1 Vibrador<\/p>\n<p>Se sugiere tener:<\/p>\n<p>Bebida fr\u00eda<br \/>\nCubitos de hielo<br \/>\nPintalabios<br \/>\nBol\u00edgrafo<br \/>\nAceite de masaje<br \/>\nLubricante<br \/>\nNata u otro alimento comestible<br \/>\nGanas de disfrutar y fantasear<\/p>\n","protected":false},"excerpt":{"rendered":"<p>JUEGO FANTASY PLAY (ES\/EN\/FR\/PT) \u00a1DESCUBRE LA FANTAS\u00cdA ER\u00d3TICA DE TU PAREJA DE LA MANERA M\u00c1S EXCITANTE! Tu pareja y t\u00fa<\/p>\n","protected":false},"featured_media":35887,"comment_status":"open","ping_status":"open","template":"","meta":[],"product_cat":[367],"product_tag":[566,564],"class_list":["post-35886","product","type-product","status-publish","has-post-thumbnail","hentry","product_cat-juegos-pareja","product_tag-secret-games","product_tag-secret-play"],"bundled_by":[],"bundle_stock_status":"instock","bundle_stock_quantity":3,"bundle_virtual":false,"bundle_layout":"","bundle_add_to_cart_form_location":"","bundle_editable_in_cart":false,"bundle_sold_individually_context":"","bundle_item_grouping":"","bundle_min_size":"","bundle_max_size":"","bundled_items":[],"yoast_head":"<!-- This site is optimized with the Yoast SEO plugin v20.6 - https:\/\/yoast.com\/wordpress\/plugins\/seo\/ -->\n<title>JUEGO FANTASY PLAY (ES\/EN\/FR\/PT) - Tienda Er\u00f3tica<\/title>\n<meta name=\"robots\" content=\"noindex, follow, max-snippet:-1, max-image-preview:large, max-video-preview:-1\" \/>\n<meta property=\"og:locale\" content=\"es_ES\" \/>\n<meta property=\"og:type\" content=\"article\" \/>\n<meta property=\"og:title\" content=\"JUEGO FANTASY PLAY (ES\/EN\/FR\/PT) - Tienda Er\u00f3tica\" \/>\n<meta property=\"og:description\" content=\"JUEGO FANTASY PLAY (ES\/EN\/FR\/PT) \u00a1DESCUBRE LA FANTAS\u00cdA ER\u00d3TICA DE TU PAREJA DE LA MANERA M\u00c1S EXCITANTE! Tu pareja y t\u00fa\" \/>\n<meta property=\"og:url\" content=\"https:\/\/demoweb.info\/sexshop001\/producto\/juego-fantasy-play-es-en-fr-pt\/\" \/>\n<meta property=\"og:site_name\" content=\"Tienda Er\u00f3tica\" \/>\n<meta property=\"article:modified_time\" content=\"2022-01-22T12:34:29+00:00\" \/>\n<meta property=\"og:image\" content=\"https:\/\/demoweb.info\/sexshop001\/wp-content\/uploads\/2022\/01\/JUEGO-FANTASY-PLAY-ESENFRPT.jpg\" \/>\n\t<meta property=\"og:image:width\" content=\"550\" \/>\n\t<meta property=\"og:image:height\" content=\"550\" \/>\n\t<meta property=\"og:image:type\" content=\"image\/jpeg\" \/>\n<meta name=\"twitter:card\" content=\"summary_large_image\" \/>\n<meta name=\"twitter:label1\" content=\"Tiempo de lectura\" \/>\n\t<meta name=\"twitter:data1\" content=\"5 minutos\" \/>\n<script type=\"application\/ld+json\" class=\"yoast-schema-graph\">{\"@context\":\"https:\/\/schema.org\",\"@graph\":[{\"@type\":\"WebPage\",\"@id\":\"https:\/\/demoweb.info\/sexshop001\/producto\/juego-fantasy-play-es-en-fr-pt\/\",\"url\":\"https:\/\/demoweb.info\/sexshop001\/producto\/juego-fantasy-play-es-en-fr-pt\/\",\"name\":\"JUEGO FANTASY PLAY (ES\/EN\/FR\/PT) - Tienda Er\u00f3tica\",\"isPartOf\":{\"@id\":\"https:\/\/demoweb.info\/sexshop001\/#website\"},\"datePublished\":\"2022-01-22T12:34:24+00:00\",\"dateModified\":\"2022-01-22T12:34:29+00:00\",\"breadcrumb\":{\"@id\":\"https:\/\/demoweb.info\/sexshop001\/producto\/juego-fantasy-play-es-en-fr-pt\/#breadcrumb\"},\"inLanguage\":\"es\",\"potentialAction\":[{\"@type\":\"ReadAction\",\"target\":[\"https:\/\/demoweb.info\/sexshop001\/producto\/juego-fantasy-play-es-en-fr-pt\/\"]}]},{\"@type\":\"BreadcrumbList\",\"@id\":\"https:\/\/demoweb.info\/sexshop001\/producto\/juego-fantasy-play-es-en-fr-pt\/#breadcrumb\",\"itemListElement\":[{\"@type\":\"ListItem\",\"position\":1,\"name\":\"Portada\",\"item\":\"https:\/\/demoweb.info\/sexshop001\/\"},{\"@type\":\"ListItem\",\"position\":2,\"name\":\"Tienda\",\"item\":\"https:\/\/demoweb.info\/sexshop001\/tienda\/\"},{\"@type\":\"ListItem\",\"position\":3,\"name\":\"JUEGO FANTASY PLAY (ES\/EN\/FR\/PT)\"}]},{\"@type\":\"WebSite\",\"@id\":\"https:\/\/demoweb.info\/sexshop001\/#website\",\"url\":\"https:\/\/demoweb.info\/sexshop001\/\",\"name\":\"Tienda Er\u00f3tica\",\"description\":\"DEMOWEB SL\",\"potentialAction\":[{\"@type\":\"SearchAction\",\"target\":{\"@type\":\"EntryPoint\",\"urlTemplate\":\"https:\/\/demoweb.info\/sexshop001\/?s={search_term_string}\"},\"query-input\":\"required name=search_term_string\"}],\"inLanguage\":\"es\"}]}<\/script>\n<!-- \/ Yoast SEO plugin. -->","yoast_head_json":{"title":"JUEGO FANTASY PLAY (ES\/EN\/FR\/PT) - Tienda Er\u00f3tica","robots":{"index":"noindex","follow":"follow","max-snippet":"max-snippet:-1","max-image-preview":"max-image-preview:large","max-video-preview":"max-video-preview:-1"},"og_locale":"es_ES","og_type":"article","og_title":"JUEGO FANTASY PLAY (ES\/EN\/FR\/PT) - Tienda Er\u00f3tica","og_description":"JUEGO FANTASY PLAY (ES\/EN\/FR\/PT) \u00a1DESCUBRE LA FANTAS\u00cdA ER\u00d3TICA DE TU PAREJA DE LA MANERA M\u00c1S EXCITANTE! Tu pareja y t\u00fa","og_url":"https:\/\/demoweb.info\/sexshop001\/producto\/juego-fantasy-play-es-en-fr-pt\/","og_site_name":"Tienda Er\u00f3tica","article_modified_time":"2022-01-22T12:34:29+00:00","og_image":[{"width":550,"height":550,"url":"https:\/\/demoweb.info\/sexshop001\/wp-content\/uploads\/2022\/01\/JUEGO-FANTASY-PLAY-ESENFRPT.jpg","type":"image\/jpeg"}],"twitter_card":"summary_large_image","twitter_misc":{"Tiempo de lectura":"5 minutos"},"schema":{"@context":"https:\/\/schema.org","@graph":[{"@type":"WebPage","@id":"https:\/\/demoweb.info\/sexshop001\/producto\/juego-fantasy-play-es-en-fr-pt\/","url":"https:\/\/demoweb.info\/sexshop001\/producto\/juego-fantasy-play-es-en-fr-pt\/","name":"JUEGO FANTASY PLAY (ES\/EN\/FR\/PT) - Tienda Er\u00f3tica","isPartOf":{"@id":"https:\/\/demoweb.info\/sexshop001\/#website"},"datePublished":"2022-01-22T12:34:24+00:00","dateModified":"2022-01-22T12:34:29+00:00","breadcrumb":{"@id":"https:\/\/demoweb.info\/sexshop001\/producto\/juego-fantasy-play-es-en-fr-pt\/#breadcrumb"},"inLanguage":"es","potentialAction":[{"@type":"ReadAction","target":["https:\/\/demoweb.info\/sexshop001\/producto\/juego-fantasy-play-es-en-fr-pt\/"]}]},{"@type":"BreadcrumbList","@id":"https:\/\/demoweb.info\/sexshop001\/producto\/juego-fantasy-play-es-en-fr-pt\/#breadcrumb","itemListElement":[{"@type":"ListItem","position":1,"name":"Portada","item":"https:\/\/demoweb.info\/sexshop001\/"},{"@type":"ListItem","position":2,"name":"Tienda","item":"https:\/\/demoweb.info\/sexshop001\/tienda\/"},{"@type":"ListItem","position":3,"name":"JUEGO FANTASY PLAY (ES\/EN\/FR\/PT)"}]},{"@type":"WebSite","@id":"https:\/\/demoweb.info\/sexshop001\/#website","url":"https:\/\/demoweb.info\/sexshop001\/","name":"Tienda Er\u00f3tica","description":"DEMOWEB SL","potentialAction":[{"@type":"SearchAction","target":{"@type":"EntryPoint","urlTemplate":"https:\/\/demoweb.info\/sexshop001\/?s={search_term_string}"},"query-input":"required name=search_term_string"}],"inLanguage":"es"}]}},"_links":{"self":[{"href":"https:\/\/demoweb.info\/sexshop001\/wp-json\/wp\/v3\/product\/35886","targetHints":{"allow":["GET"]}}],"collection":[{"href":"https:\/\/demoweb.info\/sexshop001\/wp-json\/wp\/v3\/product"}],"about":[{"href":"https:\/\/demoweb.info\/sexshop001\/wp-json\/wp\/v2\/types\/product"}],"replies":[{"embeddable":true,"href":"https:\/\/demoweb.info\/sexshop001\/wp-json\/wp\/v2\/comments?post=35886"}],"wp:featuredmedia":[{"embeddable":true,"href":"https:\/\/demoweb.info\/sexshop001\/wp-json\/wp\/v2\/media\/35887"}],"wp:attachment":[{"href":"https:\/\/demoweb.info\/sexshop001\/wp-json\/wp\/v2\/media?parent=35886"}],"wp:term":[{"taxonomy":"product_cat","embeddable":true,"href":"https:\/\/demoweb.info\/sexshop001\/wp-json\/wp\/v2\/product_cat?post=35886"},{"taxonomy":"product_tag","embeddable":true,"href":"https:\/\/demoweb.info\/sexshop001\/wp-json\/wp\/v2\/product_tag?post=35886"}],"curies":[{"name":"wp","href":"https:\/\/api.w.org\/{rel}","templated":true}]}}