{"id":35883,"date":"2022-01-22T13:34:24","date_gmt":"2022-01-22T12:34:24","guid":{"rendered":"https:\/\/demoweb.info\/sexshop001\/producto\/juego-secret-levels-es-en-fr-pt\/"},"modified":"2022-01-22T13:34:27","modified_gmt":"2022-01-22T12:34:27","slug":"juego-secret-levels-es-en-fr-pt","status":"publish","type":"product","link":"https:\/\/demoweb.info\/sexshop001\/producto\/juego-secret-levels-es-en-fr-pt\/","title":{"rendered":"JUEGO SECRET LEVELS (ES\/EN\/FR\/PT)"},"content":{"rendered":"<p><strong>JUEGO SECRET LEVELS (ES\/EN\/FR\/PT)<\/strong><\/p>\n<p>EL JUEGO DE COMBINACIONES QUE OS LLEVAR\u00c1 HASTA LAS RECOMPENSAS M\u00c1S KINKYS!<\/p>\n<p>El juego consta de 3 latas redondas y cada una corresponde a un nivel de intensidad.<br \/>\n&#8211; 1&ordf; lata: Nivel 1. Juego de seducci\u00f3n con recompensas de intensidad menor.<br \/>\n&#8211; 2&ordf; lata: Nivel 2. Juego de pasi\u00f3n con recompensas de intensidad media.<br \/>\n&#8211; 3&ordf; lata: Nivel 3. Juego de fantas\u00edas y BDSM con recompensas de intensidad mayor.<\/p>\n<p>Se puede jugar varias veces en cada nivel o pasar al siguiente. No hace falta que se empiece por el primer nivel ni que se juegue de forma ordenada. Depender\u00e1 de lo que os apetezca ese d\u00eda y las ganas que teng\u00e1is.<\/p>\n<p>El juego contiene:<\/p>\n<p>&#8211; 55 tarjetas recompensa en cada lata. (165 tarjetas recompensa en total)<br \/>\n&#8211; 48 fichas en cada lata. (144 fichas en total)<\/p>\n<p>Reglas del juego: El objetivo del juego es formar combinaciones de 4 fichas e ir coloc\u00e1ndolas encima de la mesa, horizontal o verticalmente, que se conecten a otras combinaciones creadas por el otro jugador. Cuando un jugador logre completar una combinaci\u00f3n coger\u00e1 una tarjeta recompensa con el mismo s\u00edmbolo que la combinaci\u00f3n realizada y la leer\u00e1 en voz alta. La recompensa deber\u00e1 ser desempe\u00f1ada en el mismo momento.<\/p>\n<p>Las combinaciones pueden ser: iconos iguales, colores diferentes: Se agrupan en fila (horizontal). Iconos diferentes, mismo color. Se agrupan en columna (vertical). Una vez completada una combinaci\u00f3n debe quedar un espacio para colocar la siguiente ficha.<\/p>\n<p>Comienzo del juego: Se dividen las tarjetas recompensa por s\u00edmbolos en cinco montones y se baraja cada mont\u00f3n. Se colocan todas las fichas boca abajo en la mesa y se mezclan entre s\u00ed.<\/p>\n<p>Turno de salida: Cada jugador elige 4 fichas. No se deben mirar las fichas del otro jugador. Comienza a jugar el que tenga un mayor n\u00famero de combinaciones en una sola fila\/columna. En caso de empate, empezar\u00e1 el jugador que antes se quite una prenda de ropa.<\/p>\n<p>Comienzo de la partida: Tomando turnos alternativos, el primer jugador coloca las fichas que forman combinaci\u00f3n encima de la mesa y coge del mont\u00f3n el mismo n\u00famero de fichas que ha utilizado en su jugada, de manera que siempre debe tener 4 fichas en la mano. Si en alg\u00fan momento durante la partida, alg\u00fan jugador no puede realizar ninguna combinaci\u00f3n, puede cambiar sus fichas (algunas o todas) por las del mont\u00f3n, pero siempre debe tener 4 fichas en la mano. Haciendo este cambio, pasa el turno al otro jugador. En cada jugada, cada jugador deber\u00e1 hacer el m\u00e1ximo n\u00famero de combinaciones posibles, lo que conlleva poner m\u00e1s de una ficha en una sola jugada, coger\u00e1 una tarjeta recompensa con el s\u00edmbolo de cada combinaci\u00f3n que haya completado.<\/p>\n<p>Final de la partida: El juego termina cuando no haya m\u00e1s fichas en el mont\u00f3n o cuando no existan m\u00e1s combinaciones posibles. \u00a1Gana el jugador que m\u00e1s recompensas haya conseguido!<\/p>\n<p>Se recomienda tener:<\/p>\n<p>Hielo<br \/>\nBebidas calientes, fr\u00edas y espumosas.<br \/>\nAlimentos: fruta, helado, chocolate, miel, etc.<br \/>\nJuguetes er\u00f3ticos: plug anal, vibrador, bolas chinas, collar de perlas, etc.<br \/>\nAceites y lubricantes<br \/>\nElementos BDSM: Venda para los ojos, esposas, pa\u00f1uelos o cuerda, mordaza, etc.<\/p>\n<p>PRECAUCIONES: Es importante que antes de jugar se hablen las condiciones de cada jugador, estableciendo cada uno sus l\u00edmites. Los jugadores deben elegir una palabra y un gesto de seguridad, que expresar\u00e1n cuando quieran parar alguna de las acciones. Debe jugarse con unas tijeras de punta redonda al alcance. No se debe atar muy fuerte, ni tampoco alrededor del cuello.<\/p>\n","protected":false},"excerpt":{"rendered":"<p>JUEGO SECRET LEVELS (ES\/EN\/FR\/PT) EL JUEGO DE COMBINACIONES QUE OS LLEVAR\u00c1 HASTA LAS RECOMPENSAS M\u00c1S KINKYS! El juego consta de<\/p>\n","protected":false},"featured_media":35884,"comment_status":"open","ping_status":"open","template":"","meta":[],"product_cat":[367],"product_tag":[566,564],"class_list":["post-35883","product","type-product","status-publish","has-post-thumbnail","hentry","product_cat-juegos-pareja","product_tag-secret-games","product_tag-secret-play"],"bundled_by":[],"bundle_stock_status":"instock","bundle_stock_quantity":2,"bundle_virtual":false,"bundle_layout":"","bundle_add_to_cart_form_location":"","bundle_editable_in_cart":false,"bundle_sold_individually_context":"","bundle_item_grouping":"","bundle_min_size":"","bundle_max_size":"","bundled_items":[],"yoast_head":"<!-- This site is optimized with the Yoast SEO plugin v20.6 - https:\/\/yoast.com\/wordpress\/plugins\/seo\/ -->\n<title>JUEGO SECRET LEVELS (ES\/EN\/FR\/PT) - Tienda Er\u00f3tica<\/title>\n<meta name=\"robots\" content=\"noindex, follow, max-snippet:-1, max-image-preview:large, max-video-preview:-1\" \/>\n<meta property=\"og:locale\" content=\"es_ES\" \/>\n<meta property=\"og:type\" content=\"article\" \/>\n<meta property=\"og:title\" content=\"JUEGO SECRET LEVELS (ES\/EN\/FR\/PT) - Tienda Er\u00f3tica\" \/>\n<meta property=\"og:description\" content=\"JUEGO SECRET LEVELS (ES\/EN\/FR\/PT) EL JUEGO DE COMBINACIONES QUE OS LLEVAR\u00c1 HASTA LAS RECOMPENSAS M\u00c1S KINKYS! El juego consta de\" \/>\n<meta property=\"og:url\" content=\"https:\/\/demoweb.info\/sexshop001\/producto\/juego-secret-levels-es-en-fr-pt\/\" \/>\n<meta property=\"og:site_name\" content=\"Tienda Er\u00f3tica\" \/>\n<meta property=\"article:modified_time\" content=\"2022-01-22T12:34:27+00:00\" \/>\n<meta property=\"og:image\" content=\"https:\/\/demoweb.info\/sexshop001\/wp-content\/uploads\/2022\/01\/JUEGO-SECRET-LEVELS-ESENFRPT.jpg\" \/>\n\t<meta property=\"og:image:width\" content=\"550\" \/>\n\t<meta property=\"og:image:height\" content=\"550\" \/>\n\t<meta property=\"og:image:type\" content=\"image\/jpeg\" \/>\n<meta name=\"twitter:card\" content=\"summary_large_image\" \/>\n<meta name=\"twitter:label1\" content=\"Tiempo de lectura\" \/>\n\t<meta name=\"twitter:data1\" content=\"3 minutos\" \/>\n<script type=\"application\/ld+json\" class=\"yoast-schema-graph\">{\"@context\":\"https:\/\/schema.org\",\"@graph\":[{\"@type\":\"WebPage\",\"@id\":\"https:\/\/demoweb.info\/sexshop001\/producto\/juego-secret-levels-es-en-fr-pt\/\",\"url\":\"https:\/\/demoweb.info\/sexshop001\/producto\/juego-secret-levels-es-en-fr-pt\/\",\"name\":\"JUEGO SECRET LEVELS (ES\/EN\/FR\/PT) - Tienda Er\u00f3tica\",\"isPartOf\":{\"@id\":\"https:\/\/demoweb.info\/sexshop001\/#website\"},\"datePublished\":\"2022-01-22T12:34:24+00:00\",\"dateModified\":\"2022-01-22T12:34:27+00:00\",\"breadcrumb\":{\"@id\":\"https:\/\/demoweb.info\/sexshop001\/producto\/juego-secret-levels-es-en-fr-pt\/#breadcrumb\"},\"inLanguage\":\"es\",\"potentialAction\":[{\"@type\":\"ReadAction\",\"target\":[\"https:\/\/demoweb.info\/sexshop001\/producto\/juego-secret-levels-es-en-fr-pt\/\"]}]},{\"@type\":\"BreadcrumbList\",\"@id\":\"https:\/\/demoweb.info\/sexshop001\/producto\/juego-secret-levels-es-en-fr-pt\/#breadcrumb\",\"itemListElement\":[{\"@type\":\"ListItem\",\"position\":1,\"name\":\"Portada\",\"item\":\"https:\/\/demoweb.info\/sexshop001\/\"},{\"@type\":\"ListItem\",\"position\":2,\"name\":\"Tienda\",\"item\":\"https:\/\/demoweb.info\/sexshop001\/tienda\/\"},{\"@type\":\"ListItem\",\"position\":3,\"name\":\"JUEGO SECRET LEVELS (ES\/EN\/FR\/PT)\"}]},{\"@type\":\"WebSite\",\"@id\":\"https:\/\/demoweb.info\/sexshop001\/#website\",\"url\":\"https:\/\/demoweb.info\/sexshop001\/\",\"name\":\"Tienda Er\u00f3tica\",\"description\":\"DEMOWEB SL\",\"potentialAction\":[{\"@type\":\"SearchAction\",\"target\":{\"@type\":\"EntryPoint\",\"urlTemplate\":\"https:\/\/demoweb.info\/sexshop001\/?s={search_term_string}\"},\"query-input\":\"required name=search_term_string\"}],\"inLanguage\":\"es\"}]}<\/script>\n<!-- \/ Yoast SEO plugin. -->","yoast_head_json":{"title":"JUEGO SECRET LEVELS (ES\/EN\/FR\/PT) - Tienda Er\u00f3tica","robots":{"index":"noindex","follow":"follow","max-snippet":"max-snippet:-1","max-image-preview":"max-image-preview:large","max-video-preview":"max-video-preview:-1"},"og_locale":"es_ES","og_type":"article","og_title":"JUEGO SECRET LEVELS (ES\/EN\/FR\/PT) - Tienda Er\u00f3tica","og_description":"JUEGO SECRET LEVELS (ES\/EN\/FR\/PT) EL JUEGO DE COMBINACIONES QUE OS LLEVAR\u00c1 HASTA LAS RECOMPENSAS M\u00c1S KINKYS! El juego consta de","og_url":"https:\/\/demoweb.info\/sexshop001\/producto\/juego-secret-levels-es-en-fr-pt\/","og_site_name":"Tienda Er\u00f3tica","article_modified_time":"2022-01-22T12:34:27+00:00","og_image":[{"width":550,"height":550,"url":"https:\/\/demoweb.info\/sexshop001\/wp-content\/uploads\/2022\/01\/JUEGO-SECRET-LEVELS-ESENFRPT.jpg","type":"image\/jpeg"}],"twitter_card":"summary_large_image","twitter_misc":{"Tiempo de lectura":"3 minutos"},"schema":{"@context":"https:\/\/schema.org","@graph":[{"@type":"WebPage","@id":"https:\/\/demoweb.info\/sexshop001\/producto\/juego-secret-levels-es-en-fr-pt\/","url":"https:\/\/demoweb.info\/sexshop001\/producto\/juego-secret-levels-es-en-fr-pt\/","name":"JUEGO SECRET LEVELS (ES\/EN\/FR\/PT) - Tienda Er\u00f3tica","isPartOf":{"@id":"https:\/\/demoweb.info\/sexshop001\/#website"},"datePublished":"2022-01-22T12:34:24+00:00","dateModified":"2022-01-22T12:34:27+00:00","breadcrumb":{"@id":"https:\/\/demoweb.info\/sexshop001\/producto\/juego-secret-levels-es-en-fr-pt\/#breadcrumb"},"inLanguage":"es","potentialAction":[{"@type":"ReadAction","target":["https:\/\/demoweb.info\/sexshop001\/producto\/juego-secret-levels-es-en-fr-pt\/"]}]},{"@type":"BreadcrumbList","@id":"https:\/\/demoweb.info\/sexshop001\/producto\/juego-secret-levels-es-en-fr-pt\/#breadcrumb","itemListElement":[{"@type":"ListItem","position":1,"name":"Portada","item":"https:\/\/demoweb.info\/sexshop001\/"},{"@type":"ListItem","position":2,"name":"Tienda","item":"https:\/\/demoweb.info\/sexshop001\/tienda\/"},{"@type":"ListItem","position":3,"name":"JUEGO SECRET LEVELS (ES\/EN\/FR\/PT)"}]},{"@type":"WebSite","@id":"https:\/\/demoweb.info\/sexshop001\/#website","url":"https:\/\/demoweb.info\/sexshop001\/","name":"Tienda Er\u00f3tica","description":"DEMOWEB SL","potentialAction":[{"@type":"SearchAction","target":{"@type":"EntryPoint","urlTemplate":"https:\/\/demoweb.info\/sexshop001\/?s={search_term_string}"},"query-input":"required name=search_term_string"}],"inLanguage":"es"}]}},"_links":{"self":[{"href":"https:\/\/demoweb.info\/sexshop001\/wp-json\/wp\/v3\/product\/35883","targetHints":{"allow":["GET"]}}],"collection":[{"href":"https:\/\/demoweb.info\/sexshop001\/wp-json\/wp\/v3\/product"}],"about":[{"href":"https:\/\/demoweb.info\/sexshop001\/wp-json\/wp\/v2\/types\/product"}],"replies":[{"embeddable":true,"href":"https:\/\/demoweb.info\/sexshop001\/wp-json\/wp\/v2\/comments?post=35883"}],"wp:featuredmedia":[{"embeddable":true,"href":"https:\/\/demoweb.info\/sexshop001\/wp-json\/wp\/v2\/media\/35884"}],"wp:attachment":[{"href":"https:\/\/demoweb.info\/sexshop001\/wp-json\/wp\/v2\/media?parent=35883"}],"wp:term":[{"taxonomy":"product_cat","embeddable":true,"href":"https:\/\/demoweb.info\/sexshop001\/wp-json\/wp\/v2\/product_cat?post=35883"},{"taxonomy":"product_tag","embeddable":true,"href":"https:\/\/demoweb.info\/sexshop001\/wp-json\/wp\/v2\/product_tag?post=35883"}],"curies":[{"name":"wp","href":"https:\/\/api.w.org\/{rel}","templated":true}]}}