{"id":35877,"date":"2022-01-22T13:34:24","date_gmt":"2022-01-22T12:34:24","guid":{"rendered":"https:\/\/demoweb.info\/sexshop001\/producto\/sex-on-the-beach-kit-de-viaje-es-en-de-fr-nl-pt\/"},"modified":"2022-01-22T13:34:24","modified_gmt":"2022-01-22T12:34:24","slug":"sex-on-the-beach-kit-de-viaje-es-en-de-fr-nl-pt","status":"publish","type":"product","link":"https:\/\/demoweb.info\/sexshop001\/producto\/sex-on-the-beach-kit-de-viaje-es-en-de-fr-nl-pt\/","title":{"rendered":"SEX ON THE BEACH KIT DE VIAJE (ES\/EN\/DE\/FR\/NL\/PT)"},"content":{"rendered":"<p><strong>SEX ON THE BEACH KIT DE VIAJE (ES\/EN\/DE\/FR\/NL\/PT)<\/strong><\/p>\n<p>\u00bfCU\u00c1L ES TU PR\u00d3XIMO DESTINO?<br \/>\n\u00bfTu pareja y t\u00fa est\u00e1is planeando una escapada rom\u00e1ntica y no os quer\u00e9is quedar sin planes?<br \/>\n\u00bfQuer\u00e9is darle un toque de chispa y pasi\u00f3n a este ansiado viaje?<br \/>\nSex on the Beach Travel Kit os propone una serie de planes picantes para hacer donde vay\u00e1is, haciendo que vuestro viaje sea inolvidable.<br \/>\n\u00bfQu\u00e9 tal darle rienda suelta a tu imaginaci\u00f3n con este kit y que uno de vosotros se convierta en un fot\u00f3grafo\/a que necesita modelo para su nueva colecci\u00f3n de trajes de ba\u00f1o?<br \/>\nSi os apetece re\u00edros adem\u00e1s de subir la temperatura pod\u00e9is llevar pistolas de agua para jugar en la orilla, o compraros un par de helados y deleitaros el uno al otro comi\u00e9ndolos de forma obscena.<br \/>\nPero si est\u00e1is romanticones y quer\u00e9is estar relajados tambi\u00e9n encontrar\u00e9is pruebas para ver la puesta de sol desde la playa, o salir de noche a la playa, poned m\u00fasica rom\u00e1ntica y bailar pegados.<br \/>\nAlgunas de estas pruebas y muchas m\u00e1s las podr\u00e9is encontrar en el Kit de playa, con el que no dejar\u00e9is de sorprenderos.<\/p>\n<p>Coged las cartas del kit y ordenad los planes seg\u00fan os apetezca. Completad vuestra lujuria con los accesorios que adem\u00e1s este completo kit ofrece.<\/p>\n<p>El juego contiene:<\/p>\n<p>40 cartas de juego<br \/>\n1 bala vibradora<br \/>\n1 dado kamasutra<br \/>\n1 monodosis aceite de masaje<br \/>\n1 monodosis de lubricante<br \/>\n1 monodosis de gel intensificador del placer<\/p>\n<p>Es ideal para escapadas de fin de semana o de un d\u00eda, para esperados viajes en pareja, o tambi\u00e9n para darle rienda suelta a vuestra imaginaci\u00f3n desde la habitaci\u00f3n o desde casa fantaseando con que est\u00e1is en la playa. Las divertidas pruebas que contiene este kit combin\u00e1ndolas con el dado, la balita vibradora y los sachets, no os dejar\u00e1n indiferentes.<\/p>\n","protected":false},"excerpt":{"rendered":"<p>SEX ON THE BEACH KIT DE VIAJE (ES\/EN\/DE\/FR\/NL\/PT) \u00bfCU\u00c1L ES TU PR\u00d3XIMO DESTINO? \u00bfTu pareja y t\u00fa est\u00e1is planeando una<\/p>\n","protected":false},"featured_media":35878,"comment_status":"open","ping_status":"open","template":"","meta":[],"product_cat":[519],"product_tag":[716,564],"class_list":["post-35877","product","type-product","status-publish","has-post-thumbnail","hentry","product_cat-parejas","product_tag-secret-accessories","product_tag-secret-play"],"bundled_by":[],"bundle_stock_status":"instock","bundle_stock_quantity":1,"bundle_virtual":false,"bundle_layout":"","bundle_add_to_cart_form_location":"","bundle_editable_in_cart":false,"bundle_sold_individually_context":"","bundle_item_grouping":"","bundle_min_size":"","bundle_max_size":"","bundled_items":[],"yoast_head":"<!-- This site is optimized with the Yoast SEO plugin v20.6 - https:\/\/yoast.com\/wordpress\/plugins\/seo\/ -->\n<title>SEX ON THE BEACH KIT DE VIAJE (ES\/EN\/DE\/FR\/NL\/PT) - Tienda Er\u00f3tica<\/title>\n<meta name=\"robots\" content=\"noindex, follow, max-snippet:-1, max-image-preview:large, max-video-preview:-1\" \/>\n<meta property=\"og:locale\" content=\"es_ES\" \/>\n<meta property=\"og:type\" content=\"article\" \/>\n<meta property=\"og:title\" content=\"SEX ON THE BEACH KIT DE VIAJE (ES\/EN\/DE\/FR\/NL\/PT) - Tienda Er\u00f3tica\" \/>\n<meta property=\"og:description\" content=\"SEX ON THE BEACH KIT DE VIAJE (ES\/EN\/DE\/FR\/NL\/PT) \u00bfCU\u00c1L ES TU PR\u00d3XIMO DESTINO? \u00bfTu pareja y t\u00fa est\u00e1is planeando una\" \/>\n<meta property=\"og:url\" content=\"https:\/\/demoweb.info\/sexshop001\/producto\/sex-on-the-beach-kit-de-viaje-es-en-de-fr-nl-pt\/\" \/>\n<meta property=\"og:site_name\" content=\"Tienda Er\u00f3tica\" \/>\n<meta property=\"og:image\" content=\"https:\/\/demoweb.info\/sexshop001\/wp-content\/uploads\/2022\/01\/SEX-ON-THE-BEACH-KIT-DE-VIAJE-ESENDEFRNLPT.jpg\" \/>\n\t<meta property=\"og:image:width\" content=\"550\" \/>\n\t<meta property=\"og:image:height\" content=\"550\" \/>\n\t<meta property=\"og:image:type\" content=\"image\/jpeg\" \/>\n<meta name=\"twitter:card\" content=\"summary_large_image\" \/>\n<meta name=\"twitter:label1\" content=\"Tiempo de lectura\" \/>\n\t<meta name=\"twitter:data1\" content=\"2 minutos\" \/>\n<script type=\"application\/ld+json\" class=\"yoast-schema-graph\">{\"@context\":\"https:\/\/schema.org\",\"@graph\":[{\"@type\":\"WebPage\",\"@id\":\"https:\/\/demoweb.info\/sexshop001\/producto\/sex-on-the-beach-kit-de-viaje-es-en-de-fr-nl-pt\/\",\"url\":\"https:\/\/demoweb.info\/sexshop001\/producto\/sex-on-the-beach-kit-de-viaje-es-en-de-fr-nl-pt\/\",\"name\":\"SEX ON THE BEACH KIT DE VIAJE (ES\/EN\/DE\/FR\/NL\/PT) - Tienda Er\u00f3tica\",\"isPartOf\":{\"@id\":\"https:\/\/demoweb.info\/sexshop001\/#website\"},\"datePublished\":\"2022-01-22T12:34:24+00:00\",\"dateModified\":\"2022-01-22T12:34:24+00:00\",\"breadcrumb\":{\"@id\":\"https:\/\/demoweb.info\/sexshop001\/producto\/sex-on-the-beach-kit-de-viaje-es-en-de-fr-nl-pt\/#breadcrumb\"},\"inLanguage\":\"es\",\"potentialAction\":[{\"@type\":\"ReadAction\",\"target\":[\"https:\/\/demoweb.info\/sexshop001\/producto\/sex-on-the-beach-kit-de-viaje-es-en-de-fr-nl-pt\/\"]}]},{\"@type\":\"BreadcrumbList\",\"@id\":\"https:\/\/demoweb.info\/sexshop001\/producto\/sex-on-the-beach-kit-de-viaje-es-en-de-fr-nl-pt\/#breadcrumb\",\"itemListElement\":[{\"@type\":\"ListItem\",\"position\":1,\"name\":\"Portada\",\"item\":\"https:\/\/demoweb.info\/sexshop001\/\"},{\"@type\":\"ListItem\",\"position\":2,\"name\":\"Tienda\",\"item\":\"https:\/\/demoweb.info\/sexshop001\/tienda\/\"},{\"@type\":\"ListItem\",\"position\":3,\"name\":\"SEX ON THE BEACH KIT DE VIAJE (ES\/EN\/DE\/FR\/NL\/PT)\"}]},{\"@type\":\"WebSite\",\"@id\":\"https:\/\/demoweb.info\/sexshop001\/#website\",\"url\":\"https:\/\/demoweb.info\/sexshop001\/\",\"name\":\"Tienda Er\u00f3tica\",\"description\":\"DEMOWEB SL\",\"potentialAction\":[{\"@type\":\"SearchAction\",\"target\":{\"@type\":\"EntryPoint\",\"urlTemplate\":\"https:\/\/demoweb.info\/sexshop001\/?s={search_term_string}\"},\"query-input\":\"required name=search_term_string\"}],\"inLanguage\":\"es\"}]}<\/script>\n<!-- \/ Yoast SEO plugin. -->","yoast_head_json":{"title":"SEX ON THE BEACH KIT DE VIAJE (ES\/EN\/DE\/FR\/NL\/PT) - Tienda Er\u00f3tica","robots":{"index":"noindex","follow":"follow","max-snippet":"max-snippet:-1","max-image-preview":"max-image-preview:large","max-video-preview":"max-video-preview:-1"},"og_locale":"es_ES","og_type":"article","og_title":"SEX ON THE BEACH KIT DE VIAJE (ES\/EN\/DE\/FR\/NL\/PT) - Tienda Er\u00f3tica","og_description":"SEX ON THE BEACH KIT DE VIAJE (ES\/EN\/DE\/FR\/NL\/PT) \u00bfCU\u00c1L ES TU PR\u00d3XIMO DESTINO? \u00bfTu pareja y t\u00fa est\u00e1is planeando una","og_url":"https:\/\/demoweb.info\/sexshop001\/producto\/sex-on-the-beach-kit-de-viaje-es-en-de-fr-nl-pt\/","og_site_name":"Tienda Er\u00f3tica","og_image":[{"width":550,"height":550,"url":"https:\/\/demoweb.info\/sexshop001\/wp-content\/uploads\/2022\/01\/SEX-ON-THE-BEACH-KIT-DE-VIAJE-ESENDEFRNLPT.jpg","type":"image\/jpeg"}],"twitter_card":"summary_large_image","twitter_misc":{"Tiempo de lectura":"2 minutos"},"schema":{"@context":"https:\/\/schema.org","@graph":[{"@type":"WebPage","@id":"https:\/\/demoweb.info\/sexshop001\/producto\/sex-on-the-beach-kit-de-viaje-es-en-de-fr-nl-pt\/","url":"https:\/\/demoweb.info\/sexshop001\/producto\/sex-on-the-beach-kit-de-viaje-es-en-de-fr-nl-pt\/","name":"SEX ON THE BEACH KIT DE VIAJE (ES\/EN\/DE\/FR\/NL\/PT) - Tienda Er\u00f3tica","isPartOf":{"@id":"https:\/\/demoweb.info\/sexshop001\/#website"},"datePublished":"2022-01-22T12:34:24+00:00","dateModified":"2022-01-22T12:34:24+00:00","breadcrumb":{"@id":"https:\/\/demoweb.info\/sexshop001\/producto\/sex-on-the-beach-kit-de-viaje-es-en-de-fr-nl-pt\/#breadcrumb"},"inLanguage":"es","potentialAction":[{"@type":"ReadAction","target":["https:\/\/demoweb.info\/sexshop001\/producto\/sex-on-the-beach-kit-de-viaje-es-en-de-fr-nl-pt\/"]}]},{"@type":"BreadcrumbList","@id":"https:\/\/demoweb.info\/sexshop001\/producto\/sex-on-the-beach-kit-de-viaje-es-en-de-fr-nl-pt\/#breadcrumb","itemListElement":[{"@type":"ListItem","position":1,"name":"Portada","item":"https:\/\/demoweb.info\/sexshop001\/"},{"@type":"ListItem","position":2,"name":"Tienda","item":"https:\/\/demoweb.info\/sexshop001\/tienda\/"},{"@type":"ListItem","position":3,"name":"SEX ON THE BEACH KIT DE VIAJE (ES\/EN\/DE\/FR\/NL\/PT)"}]},{"@type":"WebSite","@id":"https:\/\/demoweb.info\/sexshop001\/#website","url":"https:\/\/demoweb.info\/sexshop001\/","name":"Tienda Er\u00f3tica","description":"DEMOWEB SL","potentialAction":[{"@type":"SearchAction","target":{"@type":"EntryPoint","urlTemplate":"https:\/\/demoweb.info\/sexshop001\/?s={search_term_string}"},"query-input":"required name=search_term_string"}],"inLanguage":"es"}]}},"_links":{"self":[{"href":"https:\/\/demoweb.info\/sexshop001\/wp-json\/wp\/v3\/product\/35877","targetHints":{"allow":["GET"]}}],"collection":[{"href":"https:\/\/demoweb.info\/sexshop001\/wp-json\/wp\/v3\/product"}],"about":[{"href":"https:\/\/demoweb.info\/sexshop001\/wp-json\/wp\/v2\/types\/product"}],"replies":[{"embeddable":true,"href":"https:\/\/demoweb.info\/sexshop001\/wp-json\/wp\/v2\/comments?post=35877"}],"wp:featuredmedia":[{"embeddable":true,"href":"https:\/\/demoweb.info\/sexshop001\/wp-json\/wp\/v2\/media\/35878"}],"wp:attachment":[{"href":"https:\/\/demoweb.info\/sexshop001\/wp-json\/wp\/v2\/media?parent=35877"}],"wp:term":[{"taxonomy":"product_cat","embeddable":true,"href":"https:\/\/demoweb.info\/sexshop001\/wp-json\/wp\/v2\/product_cat?post=35877"},{"taxonomy":"product_tag","embeddable":true,"href":"https:\/\/demoweb.info\/sexshop001\/wp-json\/wp\/v2\/product_tag?post=35877"}],"curies":[{"name":"wp","href":"https:\/\/api.w.org\/{rel}","templated":true}]}}