{"id":35814,"date":"2022-01-22T13:33:42","date_gmt":"2022-01-22T12:33:42","guid":{"rendered":"https:\/\/demoweb.info\/sexshop001\/producto\/coffret-chocolate-afrodisiaco\/"},"modified":"2022-01-22T13:33:50","modified_gmt":"2022-01-22T12:33:50","slug":"coffret-chocolate-afrodisiaco","status":"publish","type":"product","link":"https:\/\/demoweb.info\/sexshop001\/producto\/coffret-chocolate-afrodisiaco\/","title":{"rendered":"COFFRET CHOCOLATE AFRODISIACO"},"content":{"rendered":"<p><strong>COFFRET AFRODISIAC AU CHOCOLAT<\/strong><\/p>\n<p>El mejor regalo para ofrecerse en las ocasiones especiales entre amantes. Una colecci\u00f3n de Coffrets exclusivos EXTASE SENSUEL, concebidos para satisfacer las diversas tentaciones y fantas\u00edas en el arte del amor. El Coffret Afrodisiac au Chocolat contiene la tentaci\u00f3n del Chocolate&#8230;<\/p>\n<p>Chocolate Paint con pinceles para soltar la imaginaci\u00f3n y dise\u00f1ar sobre los cuerpos las l\u00edneas m\u00e1s sugerentes, el gel de masaje lubricante y el Hot Oil de efecto calor, ambos con el sabroso sabor a chocolate-naranja.<\/p>\n<p>CONTENIDO:<\/p>\n<ul>\n<li>CHOCOLATE PAINT, tarro 50 ml.<\/li>\n<li>Hot Oil de Chocolate-Naranja, botell\u00edn 30 ml<\/li>\n<li>Gel Masaje Lubricante Chocolate, botell\u00edn 30 ml<\/li>\n<li>Pinceles (2)<\/li>\n<\/ul>\n","protected":false},"excerpt":{"rendered":"<p>COFFRET AFRODISIAC AU CHOCOLAT El mejor regalo para ofrecerse en las ocasiones especiales entre amantes. Una colecci\u00f3n de Coffrets exclusivos<\/p>\n","protected":false},"featured_media":35815,"comment_status":"open","ping_status":"open","template":"","meta":[],"product_cat":[684],"product_tag":[393],"class_list":["post-35814","product","type-product","status-publish","has-post-thumbnail","hentry","product_cat-san-valentin-regalos","product_tag-extase-sensuel"],"bundled_by":[],"bundle_stock_status":"instock","bundle_stock_quantity":13,"bundle_virtual":false,"bundle_layout":"","bundle_add_to_cart_form_location":"","bundle_editable_in_cart":false,"bundle_sold_individually_context":"","bundle_item_grouping":"","bundle_min_size":"","bundle_max_size":"","bundled_items":[],"yoast_head":"<!-- This site is optimized with the Yoast SEO plugin v20.6 - https:\/\/yoast.com\/wordpress\/plugins\/seo\/ -->\n<title>COFFRET CHOCOLATE AFRODISIACO - Tienda Er\u00f3tica<\/title>\n<meta name=\"robots\" content=\"noindex, follow, max-snippet:-1, max-image-preview:large, max-video-preview:-1\" \/>\n<meta property=\"og:locale\" content=\"es_ES\" \/>\n<meta property=\"og:type\" content=\"article\" \/>\n<meta property=\"og:title\" content=\"COFFRET CHOCOLATE AFRODISIACO - Tienda Er\u00f3tica\" \/>\n<meta property=\"og:description\" content=\"COFFRET AFRODISIAC AU CHOCOLAT El mejor regalo para ofrecerse en las ocasiones especiales entre amantes. Una colecci\u00f3n de Coffrets exclusivos\" \/>\n<meta property=\"og:url\" content=\"https:\/\/demoweb.info\/sexshop001\/producto\/coffret-chocolate-afrodisiaco\/\" \/>\n<meta property=\"og:site_name\" content=\"Tienda Er\u00f3tica\" \/>\n<meta property=\"article:modified_time\" content=\"2022-01-22T12:33:50+00:00\" \/>\n<meta property=\"og:image\" content=\"https:\/\/demoweb.info\/sexshop001\/wp-content\/uploads\/2022\/01\/COFFRET-CHOCOLATE-AFRODISIACO.jpg\" \/>\n\t<meta property=\"og:image:width\" content=\"550\" \/>\n\t<meta property=\"og:image:height\" content=\"550\" \/>\n\t<meta property=\"og:image:type\" content=\"image\/jpeg\" \/>\n<meta name=\"twitter:card\" content=\"summary_large_image\" \/>\n<meta name=\"twitter:label1\" content=\"Tiempo de lectura\" \/>\n\t<meta name=\"twitter:data1\" content=\"1 minuto\" \/>\n<script type=\"application\/ld+json\" class=\"yoast-schema-graph\">{\"@context\":\"https:\/\/schema.org\",\"@graph\":[{\"@type\":\"WebPage\",\"@id\":\"https:\/\/demoweb.info\/sexshop001\/producto\/coffret-chocolate-afrodisiaco\/\",\"url\":\"https:\/\/demoweb.info\/sexshop001\/producto\/coffret-chocolate-afrodisiaco\/\",\"name\":\"COFFRET CHOCOLATE AFRODISIACO - Tienda Er\u00f3tica\",\"isPartOf\":{\"@id\":\"https:\/\/demoweb.info\/sexshop001\/#website\"},\"datePublished\":\"2022-01-22T12:33:42+00:00\",\"dateModified\":\"2022-01-22T12:33:50+00:00\",\"breadcrumb\":{\"@id\":\"https:\/\/demoweb.info\/sexshop001\/producto\/coffret-chocolate-afrodisiaco\/#breadcrumb\"},\"inLanguage\":\"es\",\"potentialAction\":[{\"@type\":\"ReadAction\",\"target\":[\"https:\/\/demoweb.info\/sexshop001\/producto\/coffret-chocolate-afrodisiaco\/\"]}]},{\"@type\":\"BreadcrumbList\",\"@id\":\"https:\/\/demoweb.info\/sexshop001\/producto\/coffret-chocolate-afrodisiaco\/#breadcrumb\",\"itemListElement\":[{\"@type\":\"ListItem\",\"position\":1,\"name\":\"Portada\",\"item\":\"https:\/\/demoweb.info\/sexshop001\/\"},{\"@type\":\"ListItem\",\"position\":2,\"name\":\"Tienda\",\"item\":\"https:\/\/demoweb.info\/sexshop001\/tienda\/\"},{\"@type\":\"ListItem\",\"position\":3,\"name\":\"COFFRET CHOCOLATE AFRODISIACO\"}]},{\"@type\":\"WebSite\",\"@id\":\"https:\/\/demoweb.info\/sexshop001\/#website\",\"url\":\"https:\/\/demoweb.info\/sexshop001\/\",\"name\":\"Tienda Er\u00f3tica\",\"description\":\"DEMOWEB SL\",\"potentialAction\":[{\"@type\":\"SearchAction\",\"target\":{\"@type\":\"EntryPoint\",\"urlTemplate\":\"https:\/\/demoweb.info\/sexshop001\/?s={search_term_string}\"},\"query-input\":\"required name=search_term_string\"}],\"inLanguage\":\"es\"}]}<\/script>\n<!-- \/ Yoast SEO plugin. -->","yoast_head_json":{"title":"COFFRET CHOCOLATE AFRODISIACO - Tienda Er\u00f3tica","robots":{"index":"noindex","follow":"follow","max-snippet":"max-snippet:-1","max-image-preview":"max-image-preview:large","max-video-preview":"max-video-preview:-1"},"og_locale":"es_ES","og_type":"article","og_title":"COFFRET CHOCOLATE AFRODISIACO - Tienda Er\u00f3tica","og_description":"COFFRET AFRODISIAC AU CHOCOLAT El mejor regalo para ofrecerse en las ocasiones especiales entre amantes. Una colecci\u00f3n de Coffrets exclusivos","og_url":"https:\/\/demoweb.info\/sexshop001\/producto\/coffret-chocolate-afrodisiaco\/","og_site_name":"Tienda Er\u00f3tica","article_modified_time":"2022-01-22T12:33:50+00:00","og_image":[{"width":550,"height":550,"url":"https:\/\/demoweb.info\/sexshop001\/wp-content\/uploads\/2022\/01\/COFFRET-CHOCOLATE-AFRODISIACO.jpg","type":"image\/jpeg"}],"twitter_card":"summary_large_image","twitter_misc":{"Tiempo de lectura":"1 minuto"},"schema":{"@context":"https:\/\/schema.org","@graph":[{"@type":"WebPage","@id":"https:\/\/demoweb.info\/sexshop001\/producto\/coffret-chocolate-afrodisiaco\/","url":"https:\/\/demoweb.info\/sexshop001\/producto\/coffret-chocolate-afrodisiaco\/","name":"COFFRET CHOCOLATE AFRODISIACO - Tienda Er\u00f3tica","isPartOf":{"@id":"https:\/\/demoweb.info\/sexshop001\/#website"},"datePublished":"2022-01-22T12:33:42+00:00","dateModified":"2022-01-22T12:33:50+00:00","breadcrumb":{"@id":"https:\/\/demoweb.info\/sexshop001\/producto\/coffret-chocolate-afrodisiaco\/#breadcrumb"},"inLanguage":"es","potentialAction":[{"@type":"ReadAction","target":["https:\/\/demoweb.info\/sexshop001\/producto\/coffret-chocolate-afrodisiaco\/"]}]},{"@type":"BreadcrumbList","@id":"https:\/\/demoweb.info\/sexshop001\/producto\/coffret-chocolate-afrodisiaco\/#breadcrumb","itemListElement":[{"@type":"ListItem","position":1,"name":"Portada","item":"https:\/\/demoweb.info\/sexshop001\/"},{"@type":"ListItem","position":2,"name":"Tienda","item":"https:\/\/demoweb.info\/sexshop001\/tienda\/"},{"@type":"ListItem","position":3,"name":"COFFRET CHOCOLATE AFRODISIACO"}]},{"@type":"WebSite","@id":"https:\/\/demoweb.info\/sexshop001\/#website","url":"https:\/\/demoweb.info\/sexshop001\/","name":"Tienda Er\u00f3tica","description":"DEMOWEB SL","potentialAction":[{"@type":"SearchAction","target":{"@type":"EntryPoint","urlTemplate":"https:\/\/demoweb.info\/sexshop001\/?s={search_term_string}"},"query-input":"required name=search_term_string"}],"inLanguage":"es"}]}},"_links":{"self":[{"href":"https:\/\/demoweb.info\/sexshop001\/wp-json\/wp\/v3\/product\/35814","targetHints":{"allow":["GET"]}}],"collection":[{"href":"https:\/\/demoweb.info\/sexshop001\/wp-json\/wp\/v3\/product"}],"about":[{"href":"https:\/\/demoweb.info\/sexshop001\/wp-json\/wp\/v2\/types\/product"}],"replies":[{"embeddable":true,"href":"https:\/\/demoweb.info\/sexshop001\/wp-json\/wp\/v2\/comments?post=35814"}],"wp:featuredmedia":[{"embeddable":true,"href":"https:\/\/demoweb.info\/sexshop001\/wp-json\/wp\/v2\/media\/35815"}],"wp:attachment":[{"href":"https:\/\/demoweb.info\/sexshop001\/wp-json\/wp\/v2\/media?parent=35814"}],"wp:term":[{"taxonomy":"product_cat","embeddable":true,"href":"https:\/\/demoweb.info\/sexshop001\/wp-json\/wp\/v2\/product_cat?post=35814"},{"taxonomy":"product_tag","embeddable":true,"href":"https:\/\/demoweb.info\/sexshop001\/wp-json\/wp\/v2\/product_tag?post=35814"}],"curies":[{"name":"wp","href":"https:\/\/api.w.org\/{rel}","templated":true}]}}