{"id":35811,"date":"2022-01-22T13:33:42","date_gmt":"2022-01-22T12:33:42","guid":{"rendered":"https:\/\/demoweb.info\/sexshop001\/producto\/the-naturals-doble-penetracion-negro\/"},"modified":"2022-01-22T13:33:48","modified_gmt":"2022-01-22T12:33:48","slug":"the-naturals-doble-penetracion-negro","status":"publish","type":"product","link":"https:\/\/demoweb.info\/sexshop001\/producto\/the-naturals-doble-penetracion-negro\/","title":{"rendered":"THE NATURALS DOBLE PENETRACI\u00d3N NEGRO"},"content":{"rendered":"<p><strong>DOUBLE PENETRATOR THE NATURALS BLACK<\/strong> es un fant\u00e1stico Pene Doble Penetraci\u00f3n fabricado en l\u00e1tex.<\/p>\n<p>La doble estimulaci\u00f3n es la \u00faltima frontera del placer, es bien sabido que hay mujeres que gozan con la penetraci\u00f3n Anal pero tambi\u00e9n es reconocido que la penetraci\u00f3n doble es el cl\u00edmax de un buen coito.<\/p>\n<p>Dispone del sistema <strong>Vac-U-Lock <\/strong>patentado por <strong>Doc Johnson<\/strong>, gracias al cual podr\u00e1s utilizar este producto con los arneses compatibles con este novedoso dise\u00f1o.<\/p>\n<p>Medidas: 16 cm x 3,8 cm y 16 cm x 2,5 cm.<\/p>\n","protected":false},"excerpt":{"rendered":"<p>DOUBLE PENETRATOR THE NATURALS BLACK es un fant\u00e1stico Pene Doble Penetraci\u00f3n fabricado en l\u00e1tex. La doble estimulaci\u00f3n es la \u00faltima<\/p>\n","protected":false},"featured_media":35812,"comment_status":"open","ping_status":"open","template":"","meta":[],"product_cat":[437],"product_tag":[460,794],"class_list":["post-35811","product","type-product","status-publish","has-post-thumbnail","hentry","product_cat-dobles","product_tag-doc-johnson","product_tag-vac-u-lock"],"bundled_by":[],"bundle_stock_status":"outofstock","bundle_stock_quantity":0,"bundle_virtual":false,"bundle_layout":"","bundle_add_to_cart_form_location":"","bundle_editable_in_cart":false,"bundle_sold_individually_context":"","bundle_item_grouping":"","bundle_min_size":"","bundle_max_size":"","bundled_items":[],"yoast_head":"<!-- This site is optimized with the Yoast SEO plugin v20.6 - https:\/\/yoast.com\/wordpress\/plugins\/seo\/ -->\n<title>THE NATURALS DOBLE PENETRACI\u00d3N NEGRO - Tienda Er\u00f3tica<\/title>\n<meta name=\"robots\" content=\"noindex, follow, max-snippet:-1, max-image-preview:large, max-video-preview:-1\" \/>\n<meta property=\"og:locale\" content=\"es_ES\" \/>\n<meta property=\"og:type\" content=\"article\" \/>\n<meta property=\"og:title\" content=\"THE NATURALS DOBLE PENETRACI\u00d3N NEGRO - Tienda Er\u00f3tica\" \/>\n<meta property=\"og:description\" content=\"DOUBLE PENETRATOR THE NATURALS BLACK es un fant\u00e1stico Pene Doble Penetraci\u00f3n fabricado en l\u00e1tex. La doble estimulaci\u00f3n es la \u00faltima\" \/>\n<meta property=\"og:url\" content=\"https:\/\/demoweb.info\/sexshop001\/producto\/the-naturals-doble-penetracion-negro\/\" \/>\n<meta property=\"og:site_name\" content=\"Tienda Er\u00f3tica\" \/>\n<meta property=\"article:modified_time\" content=\"2022-01-22T12:33:48+00:00\" \/>\n<meta property=\"og:image\" content=\"https:\/\/demoweb.info\/sexshop001\/wp-content\/uploads\/2022\/01\/THE-NATURALS-DOBLE-PENETRACION-NEGRO.jpg\" \/>\n\t<meta property=\"og:image:width\" content=\"550\" \/>\n\t<meta property=\"og:image:height\" content=\"550\" \/>\n\t<meta property=\"og:image:type\" content=\"image\/jpeg\" \/>\n<meta name=\"twitter:card\" content=\"summary_large_image\" \/>\n<script type=\"application\/ld+json\" class=\"yoast-schema-graph\">{\"@context\":\"https:\/\/schema.org\",\"@graph\":[{\"@type\":\"WebPage\",\"@id\":\"https:\/\/demoweb.info\/sexshop001\/producto\/the-naturals-doble-penetracion-negro\/\",\"url\":\"https:\/\/demoweb.info\/sexshop001\/producto\/the-naturals-doble-penetracion-negro\/\",\"name\":\"THE NATURALS DOBLE PENETRACI\u00d3N NEGRO - Tienda Er\u00f3tica\",\"isPartOf\":{\"@id\":\"https:\/\/demoweb.info\/sexshop001\/#website\"},\"datePublished\":\"2022-01-22T12:33:42+00:00\",\"dateModified\":\"2022-01-22T12:33:48+00:00\",\"breadcrumb\":{\"@id\":\"https:\/\/demoweb.info\/sexshop001\/producto\/the-naturals-doble-penetracion-negro\/#breadcrumb\"},\"inLanguage\":\"es\",\"potentialAction\":[{\"@type\":\"ReadAction\",\"target\":[\"https:\/\/demoweb.info\/sexshop001\/producto\/the-naturals-doble-penetracion-negro\/\"]}]},{\"@type\":\"BreadcrumbList\",\"@id\":\"https:\/\/demoweb.info\/sexshop001\/producto\/the-naturals-doble-penetracion-negro\/#breadcrumb\",\"itemListElement\":[{\"@type\":\"ListItem\",\"position\":1,\"name\":\"Portada\",\"item\":\"https:\/\/demoweb.info\/sexshop001\/\"},{\"@type\":\"ListItem\",\"position\":2,\"name\":\"Tienda\",\"item\":\"https:\/\/demoweb.info\/sexshop001\/tienda\/\"},{\"@type\":\"ListItem\",\"position\":3,\"name\":\"THE NATURALS DOBLE PENETRACI\u00d3N NEGRO\"}]},{\"@type\":\"WebSite\",\"@id\":\"https:\/\/demoweb.info\/sexshop001\/#website\",\"url\":\"https:\/\/demoweb.info\/sexshop001\/\",\"name\":\"Tienda Er\u00f3tica\",\"description\":\"DEMOWEB SL\",\"potentialAction\":[{\"@type\":\"SearchAction\",\"target\":{\"@type\":\"EntryPoint\",\"urlTemplate\":\"https:\/\/demoweb.info\/sexshop001\/?s={search_term_string}\"},\"query-input\":\"required name=search_term_string\"}],\"inLanguage\":\"es\"}]}<\/script>\n<!-- \/ Yoast SEO plugin. -->","yoast_head_json":{"title":"THE NATURALS DOBLE PENETRACI\u00d3N NEGRO - Tienda Er\u00f3tica","robots":{"index":"noindex","follow":"follow","max-snippet":"max-snippet:-1","max-image-preview":"max-image-preview:large","max-video-preview":"max-video-preview:-1"},"og_locale":"es_ES","og_type":"article","og_title":"THE NATURALS DOBLE PENETRACI\u00d3N NEGRO - Tienda Er\u00f3tica","og_description":"DOUBLE PENETRATOR THE NATURALS BLACK es un fant\u00e1stico Pene Doble Penetraci\u00f3n fabricado en l\u00e1tex. La doble estimulaci\u00f3n es la \u00faltima","og_url":"https:\/\/demoweb.info\/sexshop001\/producto\/the-naturals-doble-penetracion-negro\/","og_site_name":"Tienda Er\u00f3tica","article_modified_time":"2022-01-22T12:33:48+00:00","og_image":[{"width":550,"height":550,"url":"https:\/\/demoweb.info\/sexshop001\/wp-content\/uploads\/2022\/01\/THE-NATURALS-DOBLE-PENETRACION-NEGRO.jpg","type":"image\/jpeg"}],"twitter_card":"summary_large_image","schema":{"@context":"https:\/\/schema.org","@graph":[{"@type":"WebPage","@id":"https:\/\/demoweb.info\/sexshop001\/producto\/the-naturals-doble-penetracion-negro\/","url":"https:\/\/demoweb.info\/sexshop001\/producto\/the-naturals-doble-penetracion-negro\/","name":"THE NATURALS DOBLE PENETRACI\u00d3N NEGRO - Tienda Er\u00f3tica","isPartOf":{"@id":"https:\/\/demoweb.info\/sexshop001\/#website"},"datePublished":"2022-01-22T12:33:42+00:00","dateModified":"2022-01-22T12:33:48+00:00","breadcrumb":{"@id":"https:\/\/demoweb.info\/sexshop001\/producto\/the-naturals-doble-penetracion-negro\/#breadcrumb"},"inLanguage":"es","potentialAction":[{"@type":"ReadAction","target":["https:\/\/demoweb.info\/sexshop001\/producto\/the-naturals-doble-penetracion-negro\/"]}]},{"@type":"BreadcrumbList","@id":"https:\/\/demoweb.info\/sexshop001\/producto\/the-naturals-doble-penetracion-negro\/#breadcrumb","itemListElement":[{"@type":"ListItem","position":1,"name":"Portada","item":"https:\/\/demoweb.info\/sexshop001\/"},{"@type":"ListItem","position":2,"name":"Tienda","item":"https:\/\/demoweb.info\/sexshop001\/tienda\/"},{"@type":"ListItem","position":3,"name":"THE NATURALS DOBLE PENETRACI\u00d3N NEGRO"}]},{"@type":"WebSite","@id":"https:\/\/demoweb.info\/sexshop001\/#website","url":"https:\/\/demoweb.info\/sexshop001\/","name":"Tienda Er\u00f3tica","description":"DEMOWEB SL","potentialAction":[{"@type":"SearchAction","target":{"@type":"EntryPoint","urlTemplate":"https:\/\/demoweb.info\/sexshop001\/?s={search_term_string}"},"query-input":"required name=search_term_string"}],"inLanguage":"es"}]}},"_links":{"self":[{"href":"https:\/\/demoweb.info\/sexshop001\/wp-json\/wp\/v3\/product\/35811","targetHints":{"allow":["GET"]}}],"collection":[{"href":"https:\/\/demoweb.info\/sexshop001\/wp-json\/wp\/v3\/product"}],"about":[{"href":"https:\/\/demoweb.info\/sexshop001\/wp-json\/wp\/v2\/types\/product"}],"replies":[{"embeddable":true,"href":"https:\/\/demoweb.info\/sexshop001\/wp-json\/wp\/v2\/comments?post=35811"}],"wp:featuredmedia":[{"embeddable":true,"href":"https:\/\/demoweb.info\/sexshop001\/wp-json\/wp\/v2\/media\/35812"}],"wp:attachment":[{"href":"https:\/\/demoweb.info\/sexshop001\/wp-json\/wp\/v2\/media?parent=35811"}],"wp:term":[{"taxonomy":"product_cat","embeddable":true,"href":"https:\/\/demoweb.info\/sexshop001\/wp-json\/wp\/v2\/product_cat?post=35811"},{"taxonomy":"product_tag","embeddable":true,"href":"https:\/\/demoweb.info\/sexshop001\/wp-json\/wp\/v2\/product_tag?post=35811"}],"curies":[{"name":"wp","href":"https:\/\/api.w.org\/{rel}","templated":true}]}}