{"id":35772,"date":"2022-01-22T13:33:13","date_gmt":"2022-01-22T12:33:13","guid":{"rendered":"https:\/\/demoweb.info\/sexshop001\/producto\/tanga-con-bala-vibradora-blanco-2\/"},"modified":"2022-01-22T13:33:28","modified_gmt":"2022-01-22T12:33:28","slug":"tanga-con-bala-vibradora-blanco-2","status":"publish","type":"product","link":"https:\/\/demoweb.info\/sexshop001\/producto\/tanga-con-bala-vibradora-blanco-2\/","title":{"rendered":"TANGA CON BALA VIBRADORA &#8211; BLANCO"},"content":{"rendered":"<p><strong>REMOTE BOW-TIE G-STRING<\/strong><\/p>\n<p>Las bragas Hookup est\u00e1n hechas para el placer y est\u00e1n dise\u00f1adas pensando en tu comodidad en cada paso del camino. El vibrador impermeable -BULLET- presenta 10 patrones de pulsaciones estimulantes e incluye un control remoto inal\u00e1mbrico para que usted (o un compa\u00f1ero) pueda controlar la acci\u00f3n desde una distancia de hasta 5 metros.<\/p>\n<p>El Elite Silicone Pleasure Plug permite que el vibrador impermeable -BULLET- se inserte de manera segura dentro de \u00e9l, brindando vibraciones emocionantes exactamente donde m\u00e1s las desea.<\/p>\n<ul>\n<li>Dimensiones del producto Panty: Fits sizes XL-2XL | Plug: 8.6 x 7.1 cm | Bullet: 7.6 x 1.8 cm | Remote: 7.6 x 3.4 cm<\/li>\n<li>Longitud total 8.6 cm<\/li>\n<li>Di\u00e1metro 3.3 cm<\/li>\n<li>Longitud insertable 7.1 cm<\/li>\n<li>Vibrando Si<\/li>\n<li>Modos de vibraci\u00f3n 10<\/li>\n<li>Resistencia al agua IPX7 Impermeable<\/li>\n<li>Bodysafe Si<\/li>\n<li>Material Panty: 90% poli\u00e9ster y 10% elastano | Plug: Silicona | Bullet: Silicona y pl\u00e1stico ABS | Control remoto: silicona y pl\u00e1stico ABS<\/li>\n<li>Recargable USB rechargeable<\/li>\n<li>Pilas requeridas Lithium Ion<\/li>\n<li>Baterias incluidas Si<\/li>\n<li>Tiempo de carga en minutos 120<\/li>\n<li>Tiempo de funcionamiento en minutos 45<\/li>\n<li>Control remoto Si<\/li>\n<\/ul>\n","protected":false},"excerpt":{"rendered":"<p>REMOTE BOW-TIE G-STRING Las bragas Hookup est\u00e1n hechas para el placer y est\u00e1n dise\u00f1adas pensando en tu comodidad en cada<\/p>\n","protected":false},"featured_media":35773,"comment_status":"open","ping_status":"open","template":"","meta":[],"product_cat":[818],"product_tag":[1253,259],"class_list":["post-35772","product","type-product","status-publish","has-post-thumbnail","hentry","product_cat-para-braguita","product_tag-hookup-panties","product_tag-pipedream"],"bundled_by":[],"bundle_stock_status":"instock","bundle_stock_quantity":3,"bundle_virtual":false,"bundle_layout":"","bundle_add_to_cart_form_location":"","bundle_editable_in_cart":false,"bundle_sold_individually_context":"","bundle_item_grouping":"","bundle_min_size":"","bundle_max_size":"","bundled_items":[],"yoast_head":"<!-- This site is optimized with the Yoast SEO plugin v20.6 - https:\/\/yoast.com\/wordpress\/plugins\/seo\/ -->\n<title>TANGA CON BALA VIBRADORA - BLANCO - Tienda Er\u00f3tica<\/title>\n<meta name=\"robots\" content=\"noindex, follow, max-snippet:-1, max-image-preview:large, max-video-preview:-1\" \/>\n<meta property=\"og:locale\" content=\"es_ES\" \/>\n<meta property=\"og:type\" content=\"article\" \/>\n<meta property=\"og:title\" content=\"TANGA CON BALA VIBRADORA - BLANCO - Tienda Er\u00f3tica\" \/>\n<meta property=\"og:description\" content=\"REMOTE BOW-TIE G-STRING Las bragas Hookup est\u00e1n hechas para el placer y est\u00e1n dise\u00f1adas pensando en tu comodidad en cada\" \/>\n<meta property=\"og:url\" content=\"https:\/\/demoweb.info\/sexshop001\/producto\/tanga-con-bala-vibradora-blanco-2\/\" \/>\n<meta property=\"og:site_name\" content=\"Tienda Er\u00f3tica\" \/>\n<meta property=\"article:modified_time\" content=\"2022-01-22T12:33:28+00:00\" \/>\n<meta property=\"og:image\" content=\"https:\/\/demoweb.info\/sexshop001\/wp-content\/uploads\/2022\/01\/TANGA-CON-BALA-VIBRADORA-BLANCO-6.jpg\" \/>\n\t<meta property=\"og:image:width\" content=\"550\" \/>\n\t<meta property=\"og:image:height\" content=\"550\" \/>\n\t<meta property=\"og:image:type\" content=\"image\/jpeg\" \/>\n<meta name=\"twitter:card\" content=\"summary_large_image\" \/>\n<meta name=\"twitter:label1\" content=\"Tiempo de lectura\" \/>\n\t<meta name=\"twitter:data1\" content=\"1 minuto\" \/>\n<script type=\"application\/ld+json\" class=\"yoast-schema-graph\">{\"@context\":\"https:\/\/schema.org\",\"@graph\":[{\"@type\":\"WebPage\",\"@id\":\"https:\/\/demoweb.info\/sexshop001\/producto\/tanga-con-bala-vibradora-blanco-2\/\",\"url\":\"https:\/\/demoweb.info\/sexshop001\/producto\/tanga-con-bala-vibradora-blanco-2\/\",\"name\":\"TANGA CON BALA VIBRADORA - BLANCO - Tienda Er\u00f3tica\",\"isPartOf\":{\"@id\":\"https:\/\/demoweb.info\/sexshop001\/#website\"},\"datePublished\":\"2022-01-22T12:33:13+00:00\",\"dateModified\":\"2022-01-22T12:33:28+00:00\",\"breadcrumb\":{\"@id\":\"https:\/\/demoweb.info\/sexshop001\/producto\/tanga-con-bala-vibradora-blanco-2\/#breadcrumb\"},\"inLanguage\":\"es\",\"potentialAction\":[{\"@type\":\"ReadAction\",\"target\":[\"https:\/\/demoweb.info\/sexshop001\/producto\/tanga-con-bala-vibradora-blanco-2\/\"]}]},{\"@type\":\"BreadcrumbList\",\"@id\":\"https:\/\/demoweb.info\/sexshop001\/producto\/tanga-con-bala-vibradora-blanco-2\/#breadcrumb\",\"itemListElement\":[{\"@type\":\"ListItem\",\"position\":1,\"name\":\"Portada\",\"item\":\"https:\/\/demoweb.info\/sexshop001\/\"},{\"@type\":\"ListItem\",\"position\":2,\"name\":\"Tienda\",\"item\":\"https:\/\/demoweb.info\/sexshop001\/tienda\/\"},{\"@type\":\"ListItem\",\"position\":3,\"name\":\"TANGA CON BALA VIBRADORA &#8211; BLANCO\"}]},{\"@type\":\"WebSite\",\"@id\":\"https:\/\/demoweb.info\/sexshop001\/#website\",\"url\":\"https:\/\/demoweb.info\/sexshop001\/\",\"name\":\"Tienda Er\u00f3tica\",\"description\":\"DEMOWEB SL\",\"potentialAction\":[{\"@type\":\"SearchAction\",\"target\":{\"@type\":\"EntryPoint\",\"urlTemplate\":\"https:\/\/demoweb.info\/sexshop001\/?s={search_term_string}\"},\"query-input\":\"required name=search_term_string\"}],\"inLanguage\":\"es\"}]}<\/script>\n<!-- \/ Yoast SEO plugin. -->","yoast_head_json":{"title":"TANGA CON BALA VIBRADORA - BLANCO - Tienda Er\u00f3tica","robots":{"index":"noindex","follow":"follow","max-snippet":"max-snippet:-1","max-image-preview":"max-image-preview:large","max-video-preview":"max-video-preview:-1"},"og_locale":"es_ES","og_type":"article","og_title":"TANGA CON BALA VIBRADORA - BLANCO - Tienda Er\u00f3tica","og_description":"REMOTE BOW-TIE G-STRING Las bragas Hookup est\u00e1n hechas para el placer y est\u00e1n dise\u00f1adas pensando en tu comodidad en cada","og_url":"https:\/\/demoweb.info\/sexshop001\/producto\/tanga-con-bala-vibradora-blanco-2\/","og_site_name":"Tienda Er\u00f3tica","article_modified_time":"2022-01-22T12:33:28+00:00","og_image":[{"width":550,"height":550,"url":"https:\/\/demoweb.info\/sexshop001\/wp-content\/uploads\/2022\/01\/TANGA-CON-BALA-VIBRADORA-BLANCO-6.jpg","type":"image\/jpeg"}],"twitter_card":"summary_large_image","twitter_misc":{"Tiempo de lectura":"1 minuto"},"schema":{"@context":"https:\/\/schema.org","@graph":[{"@type":"WebPage","@id":"https:\/\/demoweb.info\/sexshop001\/producto\/tanga-con-bala-vibradora-blanco-2\/","url":"https:\/\/demoweb.info\/sexshop001\/producto\/tanga-con-bala-vibradora-blanco-2\/","name":"TANGA CON BALA VIBRADORA - BLANCO - Tienda Er\u00f3tica","isPartOf":{"@id":"https:\/\/demoweb.info\/sexshop001\/#website"},"datePublished":"2022-01-22T12:33:13+00:00","dateModified":"2022-01-22T12:33:28+00:00","breadcrumb":{"@id":"https:\/\/demoweb.info\/sexshop001\/producto\/tanga-con-bala-vibradora-blanco-2\/#breadcrumb"},"inLanguage":"es","potentialAction":[{"@type":"ReadAction","target":["https:\/\/demoweb.info\/sexshop001\/producto\/tanga-con-bala-vibradora-blanco-2\/"]}]},{"@type":"BreadcrumbList","@id":"https:\/\/demoweb.info\/sexshop001\/producto\/tanga-con-bala-vibradora-blanco-2\/#breadcrumb","itemListElement":[{"@type":"ListItem","position":1,"name":"Portada","item":"https:\/\/demoweb.info\/sexshop001\/"},{"@type":"ListItem","position":2,"name":"Tienda","item":"https:\/\/demoweb.info\/sexshop001\/tienda\/"},{"@type":"ListItem","position":3,"name":"TANGA CON BALA VIBRADORA &#8211; BLANCO"}]},{"@type":"WebSite","@id":"https:\/\/demoweb.info\/sexshop001\/#website","url":"https:\/\/demoweb.info\/sexshop001\/","name":"Tienda Er\u00f3tica","description":"DEMOWEB SL","potentialAction":[{"@type":"SearchAction","target":{"@type":"EntryPoint","urlTemplate":"https:\/\/demoweb.info\/sexshop001\/?s={search_term_string}"},"query-input":"required name=search_term_string"}],"inLanguage":"es"}]}},"_links":{"self":[{"href":"https:\/\/demoweb.info\/sexshop001\/wp-json\/wp\/v3\/product\/35772","targetHints":{"allow":["GET"]}}],"collection":[{"href":"https:\/\/demoweb.info\/sexshop001\/wp-json\/wp\/v3\/product"}],"about":[{"href":"https:\/\/demoweb.info\/sexshop001\/wp-json\/wp\/v2\/types\/product"}],"replies":[{"embeddable":true,"href":"https:\/\/demoweb.info\/sexshop001\/wp-json\/wp\/v2\/comments?post=35772"}],"wp:featuredmedia":[{"embeddable":true,"href":"https:\/\/demoweb.info\/sexshop001\/wp-json\/wp\/v2\/media\/35773"}],"wp:attachment":[{"href":"https:\/\/demoweb.info\/sexshop001\/wp-json\/wp\/v2\/media?parent=35772"}],"wp:term":[{"taxonomy":"product_cat","embeddable":true,"href":"https:\/\/demoweb.info\/sexshop001\/wp-json\/wp\/v2\/product_cat?post=35772"},{"taxonomy":"product_tag","embeddable":true,"href":"https:\/\/demoweb.info\/sexshop001\/wp-json\/wp\/v2\/product_tag?post=35772"}],"curies":[{"name":"wp","href":"https:\/\/api.w.org\/{rel}","templated":true}]}}