{"id":35635,"date":"2022-01-22T13:32:06","date_gmt":"2022-01-22T12:32:06","guid":{"rendered":"https:\/\/demoweb.info\/sexshop001\/producto\/triple-density-wballs-6-5-inch-caramelo\/"},"modified":"2022-01-22T13:32:06","modified_gmt":"2022-01-22T12:32:06","slug":"triple-density-wballs-6-5-inch-caramelo","status":"publish","type":"product","link":"https:\/\/demoweb.info\/sexshop001\/producto\/triple-density-wballs-6-5-inch-caramelo\/","title":{"rendered":"TRIPLE DENSITY WBALLS 6.5 INCH &#8211; CARAMELO"},"content":{"rendered":"<p><strong>TRIPLE DENSITY WBALLS 6.5 INCH &#8211; CARAMEL<\/strong><\/p>\n<p>El consolador King Cock Plus Triple Density tiene un eje interior r\u00edgido, una piel exterior suave, detalles de textura realistas y una ventosa s\u00f3lida.<\/p>\n<p>El dise\u00f1o y la f\u00f3rmula mejorados ofrecen un realismo superior con un exterior suave y realista, creando la sensaci\u00f3n y la flexibilidad de un pene real.<\/p>\n<p>Dise\u00f1o y f\u00f3rmula mejorados | Correa compatible | Potente base de ventosa | Menos olor.<\/p>\n<p><strong>CARACTER\u00cdSTICAS<\/strong><\/p>\n<ul>\n<li>Longitud total: 17 cm &#8211; 6.5 inch<\/li>\n<li>Longitud insertable: 17 cm<\/li>\n<li>Resistencia al agua: Impermeable<\/li>\n<li>Seguro para el cuerpo: Si<\/li>\n<li>Material: TPE<\/li>\n<\/ul>\n","protected":false},"excerpt":{"rendered":"<p>TRIPLE DENSITY WBALLS 6.5 INCH &#8211; CARAMEL El consolador King Cock Plus Triple Density tiene un eje interior r\u00edgido, una<\/p>\n","protected":false},"featured_media":35636,"comment_status":"open","ping_status":"open","template":"","meta":[],"product_cat":[386],"product_tag":[489,259],"class_list":["post-35635","product","type-product","status-publish","has-post-thumbnail","hentry","product_cat-realisticos","product_tag-king-cock","product_tag-pipedream"],"bundled_by":[],"bundle_stock_status":"instock","bundle_stock_quantity":3,"bundle_virtual":false,"bundle_layout":"","bundle_add_to_cart_form_location":"","bundle_editable_in_cart":false,"bundle_sold_individually_context":"","bundle_item_grouping":"","bundle_min_size":"","bundle_max_size":"","bundled_items":[],"yoast_head":"<!-- This site is optimized with the Yoast SEO plugin v20.6 - https:\/\/yoast.com\/wordpress\/plugins\/seo\/ -->\n<title>TRIPLE DENSITY WBALLS 6.5 INCH - CARAMELO - Tienda Er\u00f3tica<\/title>\n<meta name=\"robots\" content=\"noindex, follow, max-snippet:-1, max-image-preview:large, max-video-preview:-1\" \/>\n<meta property=\"og:locale\" content=\"es_ES\" \/>\n<meta property=\"og:type\" content=\"article\" \/>\n<meta property=\"og:title\" content=\"TRIPLE DENSITY WBALLS 6.5 INCH - CARAMELO - Tienda Er\u00f3tica\" \/>\n<meta property=\"og:description\" content=\"TRIPLE DENSITY WBALLS 6.5 INCH &#8211; CARAMEL El consolador King Cock Plus Triple Density tiene un eje interior r\u00edgido, una\" \/>\n<meta property=\"og:url\" content=\"https:\/\/demoweb.info\/sexshop001\/producto\/triple-density-wballs-6-5-inch-caramelo\/\" \/>\n<meta property=\"og:site_name\" content=\"Tienda Er\u00f3tica\" \/>\n<meta property=\"og:image\" content=\"https:\/\/demoweb.info\/sexshop001\/wp-content\/uploads\/2022\/01\/TRIPLE-DENSITY-WBALLS-6.5-INCH-CARAMELO.jpg\" \/>\n\t<meta property=\"og:image:width\" content=\"550\" \/>\n\t<meta property=\"og:image:height\" content=\"550\" \/>\n\t<meta property=\"og:image:type\" content=\"image\/jpeg\" \/>\n<meta name=\"twitter:card\" content=\"summary_large_image\" \/>\n<script type=\"application\/ld+json\" class=\"yoast-schema-graph\">{\"@context\":\"https:\/\/schema.org\",\"@graph\":[{\"@type\":\"WebPage\",\"@id\":\"https:\/\/demoweb.info\/sexshop001\/producto\/triple-density-wballs-6-5-inch-caramelo\/\",\"url\":\"https:\/\/demoweb.info\/sexshop001\/producto\/triple-density-wballs-6-5-inch-caramelo\/\",\"name\":\"TRIPLE DENSITY WBALLS 6.5 INCH - CARAMELO - Tienda Er\u00f3tica\",\"isPartOf\":{\"@id\":\"https:\/\/demoweb.info\/sexshop001\/#website\"},\"datePublished\":\"2022-01-22T12:32:06+00:00\",\"dateModified\":\"2022-01-22T12:32:06+00:00\",\"breadcrumb\":{\"@id\":\"https:\/\/demoweb.info\/sexshop001\/producto\/triple-density-wballs-6-5-inch-caramelo\/#breadcrumb\"},\"inLanguage\":\"es\",\"potentialAction\":[{\"@type\":\"ReadAction\",\"target\":[\"https:\/\/demoweb.info\/sexshop001\/producto\/triple-density-wballs-6-5-inch-caramelo\/\"]}]},{\"@type\":\"BreadcrumbList\",\"@id\":\"https:\/\/demoweb.info\/sexshop001\/producto\/triple-density-wballs-6-5-inch-caramelo\/#breadcrumb\",\"itemListElement\":[{\"@type\":\"ListItem\",\"position\":1,\"name\":\"Portada\",\"item\":\"https:\/\/demoweb.info\/sexshop001\/\"},{\"@type\":\"ListItem\",\"position\":2,\"name\":\"Tienda\",\"item\":\"https:\/\/demoweb.info\/sexshop001\/tienda\/\"},{\"@type\":\"ListItem\",\"position\":3,\"name\":\"TRIPLE DENSITY WBALLS 6.5 INCH &#8211; CARAMELO\"}]},{\"@type\":\"WebSite\",\"@id\":\"https:\/\/demoweb.info\/sexshop001\/#website\",\"url\":\"https:\/\/demoweb.info\/sexshop001\/\",\"name\":\"Tienda Er\u00f3tica\",\"description\":\"DEMOWEB SL\",\"potentialAction\":[{\"@type\":\"SearchAction\",\"target\":{\"@type\":\"EntryPoint\",\"urlTemplate\":\"https:\/\/demoweb.info\/sexshop001\/?s={search_term_string}\"},\"query-input\":\"required name=search_term_string\"}],\"inLanguage\":\"es\"}]}<\/script>\n<!-- \/ Yoast SEO plugin. -->","yoast_head_json":{"title":"TRIPLE DENSITY WBALLS 6.5 INCH - CARAMELO - Tienda Er\u00f3tica","robots":{"index":"noindex","follow":"follow","max-snippet":"max-snippet:-1","max-image-preview":"max-image-preview:large","max-video-preview":"max-video-preview:-1"},"og_locale":"es_ES","og_type":"article","og_title":"TRIPLE DENSITY WBALLS 6.5 INCH - CARAMELO - Tienda Er\u00f3tica","og_description":"TRIPLE DENSITY WBALLS 6.5 INCH &#8211; CARAMEL El consolador King Cock Plus Triple Density tiene un eje interior r\u00edgido, una","og_url":"https:\/\/demoweb.info\/sexshop001\/producto\/triple-density-wballs-6-5-inch-caramelo\/","og_site_name":"Tienda Er\u00f3tica","og_image":[{"width":550,"height":550,"url":"https:\/\/demoweb.info\/sexshop001\/wp-content\/uploads\/2022\/01\/TRIPLE-DENSITY-WBALLS-6.5-INCH-CARAMELO.jpg","type":"image\/jpeg"}],"twitter_card":"summary_large_image","schema":{"@context":"https:\/\/schema.org","@graph":[{"@type":"WebPage","@id":"https:\/\/demoweb.info\/sexshop001\/producto\/triple-density-wballs-6-5-inch-caramelo\/","url":"https:\/\/demoweb.info\/sexshop001\/producto\/triple-density-wballs-6-5-inch-caramelo\/","name":"TRIPLE DENSITY WBALLS 6.5 INCH - CARAMELO - Tienda Er\u00f3tica","isPartOf":{"@id":"https:\/\/demoweb.info\/sexshop001\/#website"},"datePublished":"2022-01-22T12:32:06+00:00","dateModified":"2022-01-22T12:32:06+00:00","breadcrumb":{"@id":"https:\/\/demoweb.info\/sexshop001\/producto\/triple-density-wballs-6-5-inch-caramelo\/#breadcrumb"},"inLanguage":"es","potentialAction":[{"@type":"ReadAction","target":["https:\/\/demoweb.info\/sexshop001\/producto\/triple-density-wballs-6-5-inch-caramelo\/"]}]},{"@type":"BreadcrumbList","@id":"https:\/\/demoweb.info\/sexshop001\/producto\/triple-density-wballs-6-5-inch-caramelo\/#breadcrumb","itemListElement":[{"@type":"ListItem","position":1,"name":"Portada","item":"https:\/\/demoweb.info\/sexshop001\/"},{"@type":"ListItem","position":2,"name":"Tienda","item":"https:\/\/demoweb.info\/sexshop001\/tienda\/"},{"@type":"ListItem","position":3,"name":"TRIPLE DENSITY WBALLS 6.5 INCH &#8211; CARAMELO"}]},{"@type":"WebSite","@id":"https:\/\/demoweb.info\/sexshop001\/#website","url":"https:\/\/demoweb.info\/sexshop001\/","name":"Tienda Er\u00f3tica","description":"DEMOWEB SL","potentialAction":[{"@type":"SearchAction","target":{"@type":"EntryPoint","urlTemplate":"https:\/\/demoweb.info\/sexshop001\/?s={search_term_string}"},"query-input":"required name=search_term_string"}],"inLanguage":"es"}]}},"_links":{"self":[{"href":"https:\/\/demoweb.info\/sexshop001\/wp-json\/wp\/v3\/product\/35635","targetHints":{"allow":["GET"]}}],"collection":[{"href":"https:\/\/demoweb.info\/sexshop001\/wp-json\/wp\/v3\/product"}],"about":[{"href":"https:\/\/demoweb.info\/sexshop001\/wp-json\/wp\/v2\/types\/product"}],"replies":[{"embeddable":true,"href":"https:\/\/demoweb.info\/sexshop001\/wp-json\/wp\/v2\/comments?post=35635"}],"wp:featuredmedia":[{"embeddable":true,"href":"https:\/\/demoweb.info\/sexshop001\/wp-json\/wp\/v2\/media\/35636"}],"wp:attachment":[{"href":"https:\/\/demoweb.info\/sexshop001\/wp-json\/wp\/v2\/media?parent=35635"}],"wp:term":[{"taxonomy":"product_cat","embeddable":true,"href":"https:\/\/demoweb.info\/sexshop001\/wp-json\/wp\/v2\/product_cat?post=35635"},{"taxonomy":"product_tag","embeddable":true,"href":"https:\/\/demoweb.info\/sexshop001\/wp-json\/wp\/v2\/product_tag?post=35635"}],"curies":[{"name":"wp","href":"https:\/\/api.w.org\/{rel}","templated":true}]}}