{"id":35607,"date":"2022-01-22T13:31:39","date_gmt":"2022-01-22T12:31:39","guid":{"rendered":"https:\/\/demoweb.info\/sexshop001\/producto\/king-cock-plus-triple-threat-marron\/"},"modified":"2022-01-22T13:31:50","modified_gmt":"2022-01-22T12:31:50","slug":"king-cock-plus-triple-threat-marron","status":"publish","type":"product","link":"https:\/\/demoweb.info\/sexshop001\/producto\/king-cock-plus-triple-threat-marron\/","title":{"rendered":"KING COCK PLUS TRIPLE THREAT &#8211; MARR\u00d3N"},"content":{"rendered":"<p><strong>KING COCK PLUS TRIPLE THREAT &#8211; BROWN<\/strong><\/p>\n<p>\u00a1Siente la diferencia! El King Cock Plus Thrusting Cock With Balls es realmente una triple amenaza que presenta un movimiento de empuje de pist\u00f3n profundo de 1 &#39;, calentamiento interno a la temperatura corporal en minutos y poderosas vibraciones estimulantes para la mejor experiencia.<\/p>\n<p>El placer de empujar est\u00e1 dise\u00f1ado para responder naturalmente, masajeando cada movimiento, r\u00e1pido o lento.<\/p>\n<p>La simple presi\u00f3n de un bot\u00f3n activa las 7 funciones \u00fanicas del motor vibratorio, que est\u00e1 estrat\u00e9gicamente ubicado en la punta del Thrusting Cock para se\u00f1alar el placer interno y externo.<\/p>\n<p>Para una estimulaci\u00f3n \u00f3ptima, la vibraci\u00f3n din\u00e1mica combinada con la acci\u00f3n de empuje sensible y el calentamiento interno crean resultados org\u00e1smicos explosivos en todo momento.<\/p>\n<p><strong>CARACTER\u00cdSTICAS<\/strong><\/p>\n<ul>\n<li>Informaci\u00f3n Adicional: &bull; Acci\u00f3n de empuje de 1 pulgada: La acci\u00f3n de empuje accionada por pist\u00f3n de 7 funciones empuja el consolador hasta 1 &#39;(25 mm) de profundidad, empujando a todos esos lugares de dif\u00edcil acceso. &bull; Modo de calentamiento interno: el King Cock Plus Thrusting Cock tiene una funci\u00f3n de calentamiento que hace que el exterior de Fanta Flesh alcance la temperatura corporal en cuesti\u00f3n de minutos. &bull; Vibraci\u00f3n estimulante: con el toque de un bot\u00f3n puede activar los 7 modos de vibraci\u00f3n de estimulaci\u00f3n del Thrusting Cock.<\/li>\n<li>Dimensiones del producto: Motor: 10,5 x \u00d8 5,5 cm | Consolador: 16,6 x \u00d8 3,6 cm<\/li>\n<li>Longitud total: 27,1 cm<\/li>\n<li>Di\u00e1metro: 3.6 cm<\/li>\n<li>Longitud insertable: 14 cm<\/li>\n<li>Vibrando: Si<\/li>\n<li>Modos de vibraci\u00f3n: 4<\/li>\n<li>Modos de velocidad: 3<\/li>\n<li>Bodysafe: Si<\/li>\n<li>Material: TPE | Pl\u00e1stico ABS<\/li>\n<li>Recargable: Si<\/li>\n<li>Pilas requeridas: Ion Litio<\/li>\n<li>Tiempo de carga en minutos: 150<\/li>\n<li>Tiempo de funcionamiento en minutos: 25<\/li>\n<\/ul>\n","protected":false},"excerpt":{"rendered":"<p>KING COCK PLUS TRIPLE THREAT &#8211; BROWN \u00a1Siente la diferencia! El King Cock Plus Thrusting Cock With Balls es realmente<\/p>\n","protected":false},"featured_media":35608,"comment_status":"open","ping_status":"open","template":"","meta":[],"product_cat":[364],"product_tag":[489,259],"class_list":["post-35607","product","type-product","status-publish","has-post-thumbnail","hentry","product_cat-con-vibracion","product_tag-king-cock","product_tag-pipedream"],"bundled_by":[],"bundle_stock_status":"outofstock","bundle_stock_quantity":0,"bundle_virtual":false,"bundle_layout":"","bundle_add_to_cart_form_location":"","bundle_editable_in_cart":false,"bundle_sold_individually_context":"","bundle_item_grouping":"","bundle_min_size":"","bundle_max_size":"","bundled_items":[],"yoast_head":"<!-- This site is optimized with the Yoast SEO plugin v20.6 - https:\/\/yoast.com\/wordpress\/plugins\/seo\/ -->\n<title>KING COCK PLUS TRIPLE THREAT - MARR\u00d3N - Tienda Er\u00f3tica<\/title>\n<meta name=\"robots\" content=\"noindex, follow, max-snippet:-1, max-image-preview:large, max-video-preview:-1\" \/>\n<meta property=\"og:locale\" content=\"es_ES\" \/>\n<meta property=\"og:type\" content=\"article\" \/>\n<meta property=\"og:title\" content=\"KING COCK PLUS TRIPLE THREAT - MARR\u00d3N - Tienda Er\u00f3tica\" \/>\n<meta property=\"og:description\" content=\"KING COCK PLUS TRIPLE THREAT &#8211; BROWN \u00a1Siente la diferencia! El King Cock Plus Thrusting Cock With Balls es realmente\" \/>\n<meta property=\"og:url\" content=\"https:\/\/demoweb.info\/sexshop001\/producto\/king-cock-plus-triple-threat-marron\/\" \/>\n<meta property=\"og:site_name\" content=\"Tienda Er\u00f3tica\" \/>\n<meta property=\"article:modified_time\" content=\"2022-01-22T12:31:50+00:00\" \/>\n<meta property=\"og:image\" content=\"https:\/\/demoweb.info\/sexshop001\/wp-content\/uploads\/2022\/01\/KING-COCK-PLUS-TRIPLE-THREAT-MARRON.jpg\" \/>\n\t<meta property=\"og:image:width\" content=\"550\" \/>\n\t<meta property=\"og:image:height\" content=\"550\" \/>\n\t<meta property=\"og:image:type\" content=\"image\/jpeg\" \/>\n<meta name=\"twitter:card\" content=\"summary_large_image\" \/>\n<meta name=\"twitter:label1\" content=\"Tiempo de lectura\" \/>\n\t<meta name=\"twitter:data1\" content=\"1 minuto\" \/>\n<script type=\"application\/ld+json\" class=\"yoast-schema-graph\">{\"@context\":\"https:\/\/schema.org\",\"@graph\":[{\"@type\":\"WebPage\",\"@id\":\"https:\/\/demoweb.info\/sexshop001\/producto\/king-cock-plus-triple-threat-marron\/\",\"url\":\"https:\/\/demoweb.info\/sexshop001\/producto\/king-cock-plus-triple-threat-marron\/\",\"name\":\"KING COCK PLUS TRIPLE THREAT - MARR\u00d3N - Tienda Er\u00f3tica\",\"isPartOf\":{\"@id\":\"https:\/\/demoweb.info\/sexshop001\/#website\"},\"datePublished\":\"2022-01-22T12:31:39+00:00\",\"dateModified\":\"2022-01-22T12:31:50+00:00\",\"breadcrumb\":{\"@id\":\"https:\/\/demoweb.info\/sexshop001\/producto\/king-cock-plus-triple-threat-marron\/#breadcrumb\"},\"inLanguage\":\"es\",\"potentialAction\":[{\"@type\":\"ReadAction\",\"target\":[\"https:\/\/demoweb.info\/sexshop001\/producto\/king-cock-plus-triple-threat-marron\/\"]}]},{\"@type\":\"BreadcrumbList\",\"@id\":\"https:\/\/demoweb.info\/sexshop001\/producto\/king-cock-plus-triple-threat-marron\/#breadcrumb\",\"itemListElement\":[{\"@type\":\"ListItem\",\"position\":1,\"name\":\"Portada\",\"item\":\"https:\/\/demoweb.info\/sexshop001\/\"},{\"@type\":\"ListItem\",\"position\":2,\"name\":\"Tienda\",\"item\":\"https:\/\/demoweb.info\/sexshop001\/tienda\/\"},{\"@type\":\"ListItem\",\"position\":3,\"name\":\"KING COCK PLUS TRIPLE THREAT &#8211; MARR\u00d3N\"}]},{\"@type\":\"WebSite\",\"@id\":\"https:\/\/demoweb.info\/sexshop001\/#website\",\"url\":\"https:\/\/demoweb.info\/sexshop001\/\",\"name\":\"Tienda Er\u00f3tica\",\"description\":\"DEMOWEB SL\",\"potentialAction\":[{\"@type\":\"SearchAction\",\"target\":{\"@type\":\"EntryPoint\",\"urlTemplate\":\"https:\/\/demoweb.info\/sexshop001\/?s={search_term_string}\"},\"query-input\":\"required name=search_term_string\"}],\"inLanguage\":\"es\"}]}<\/script>\n<!-- \/ Yoast SEO plugin. -->","yoast_head_json":{"title":"KING COCK PLUS TRIPLE THREAT - MARR\u00d3N - Tienda Er\u00f3tica","robots":{"index":"noindex","follow":"follow","max-snippet":"max-snippet:-1","max-image-preview":"max-image-preview:large","max-video-preview":"max-video-preview:-1"},"og_locale":"es_ES","og_type":"article","og_title":"KING COCK PLUS TRIPLE THREAT - MARR\u00d3N - Tienda Er\u00f3tica","og_description":"KING COCK PLUS TRIPLE THREAT &#8211; BROWN \u00a1Siente la diferencia! El King Cock Plus Thrusting Cock With Balls es realmente","og_url":"https:\/\/demoweb.info\/sexshop001\/producto\/king-cock-plus-triple-threat-marron\/","og_site_name":"Tienda Er\u00f3tica","article_modified_time":"2022-01-22T12:31:50+00:00","og_image":[{"width":550,"height":550,"url":"https:\/\/demoweb.info\/sexshop001\/wp-content\/uploads\/2022\/01\/KING-COCK-PLUS-TRIPLE-THREAT-MARRON.jpg","type":"image\/jpeg"}],"twitter_card":"summary_large_image","twitter_misc":{"Tiempo de lectura":"1 minuto"},"schema":{"@context":"https:\/\/schema.org","@graph":[{"@type":"WebPage","@id":"https:\/\/demoweb.info\/sexshop001\/producto\/king-cock-plus-triple-threat-marron\/","url":"https:\/\/demoweb.info\/sexshop001\/producto\/king-cock-plus-triple-threat-marron\/","name":"KING COCK PLUS TRIPLE THREAT - MARR\u00d3N - Tienda Er\u00f3tica","isPartOf":{"@id":"https:\/\/demoweb.info\/sexshop001\/#website"},"datePublished":"2022-01-22T12:31:39+00:00","dateModified":"2022-01-22T12:31:50+00:00","breadcrumb":{"@id":"https:\/\/demoweb.info\/sexshop001\/producto\/king-cock-plus-triple-threat-marron\/#breadcrumb"},"inLanguage":"es","potentialAction":[{"@type":"ReadAction","target":["https:\/\/demoweb.info\/sexshop001\/producto\/king-cock-plus-triple-threat-marron\/"]}]},{"@type":"BreadcrumbList","@id":"https:\/\/demoweb.info\/sexshop001\/producto\/king-cock-plus-triple-threat-marron\/#breadcrumb","itemListElement":[{"@type":"ListItem","position":1,"name":"Portada","item":"https:\/\/demoweb.info\/sexshop001\/"},{"@type":"ListItem","position":2,"name":"Tienda","item":"https:\/\/demoweb.info\/sexshop001\/tienda\/"},{"@type":"ListItem","position":3,"name":"KING COCK PLUS TRIPLE THREAT &#8211; MARR\u00d3N"}]},{"@type":"WebSite","@id":"https:\/\/demoweb.info\/sexshop001\/#website","url":"https:\/\/demoweb.info\/sexshop001\/","name":"Tienda Er\u00f3tica","description":"DEMOWEB SL","potentialAction":[{"@type":"SearchAction","target":{"@type":"EntryPoint","urlTemplate":"https:\/\/demoweb.info\/sexshop001\/?s={search_term_string}"},"query-input":"required name=search_term_string"}],"inLanguage":"es"}]}},"_links":{"self":[{"href":"https:\/\/demoweb.info\/sexshop001\/wp-json\/wp\/v3\/product\/35607","targetHints":{"allow":["GET"]}}],"collection":[{"href":"https:\/\/demoweb.info\/sexshop001\/wp-json\/wp\/v3\/product"}],"about":[{"href":"https:\/\/demoweb.info\/sexshop001\/wp-json\/wp\/v2\/types\/product"}],"replies":[{"embeddable":true,"href":"https:\/\/demoweb.info\/sexshop001\/wp-json\/wp\/v2\/comments?post=35607"}],"wp:featuredmedia":[{"embeddable":true,"href":"https:\/\/demoweb.info\/sexshop001\/wp-json\/wp\/v2\/media\/35608"}],"wp:attachment":[{"href":"https:\/\/demoweb.info\/sexshop001\/wp-json\/wp\/v2\/media?parent=35607"}],"wp:term":[{"taxonomy":"product_cat","embeddable":true,"href":"https:\/\/demoweb.info\/sexshop001\/wp-json\/wp\/v2\/product_cat?post=35607"},{"taxonomy":"product_tag","embeddable":true,"href":"https:\/\/demoweb.info\/sexshop001\/wp-json\/wp\/v2\/product_tag?post=35607"}],"curies":[{"name":"wp","href":"https:\/\/api.w.org\/{rel}","templated":true}]}}