{"id":35573,"date":"2022-01-22T13:31:17","date_gmt":"2022-01-22T12:31:17","guid":{"rendered":"https:\/\/demoweb.info\/sexshop001\/producto\/extreme-xxl-dildo-11-inch\/"},"modified":"2022-01-22T13:31:31","modified_gmt":"2022-01-22T12:31:31","slug":"extreme-xxl-dildo-11-inch","status":"publish","type":"product","link":"https:\/\/demoweb.info\/sexshop001\/producto\/extreme-xxl-dildo-11-inch\/","title":{"rendered":"EXTREME XXL DILDO 11 INCH"},"content":{"rendered":"<p><strong>EXTREME XXL DILDO 11 INCH<\/strong><\/p>\n<p>El Extreme XXL Dildo 11 Inch es un consolador realista de primera calidad de la colecci\u00f3n Get Real by TOYJOY, dise\u00f1ado para llegar a todos tus puntos calientes \u00edntimos.<\/p>\n<p>Este consolador placentero es de un tono de piel claro y tiene una silueta natural con una base de ventosa: brind\u00e1ndote una emocionante experiencia de manos libres.<\/p>\n<p>El dise\u00f1o presenta detalles cuidadosamente elaborados como venas y bolas para realzar su atractivo natural.<\/p>\n<p>Hecho de PVC sin ftalatos y empaquetado de una manera contempor\u00e1nea, el Extreme XXL Dildo 11 Inch es imprescindible para todos los amantes extremos.<\/p>\n<p><strong>CARACTER\u00cdSTICAS<\/strong><\/p>\n<ul>\n<li>Longitud total: 28 cm<\/li>\n<li>Di\u00e1metro: 6.5 cm<\/li>\n<li>Longitud insertable: 23 cm<\/li>\n<li>Seguro para el cuerpo: Si<\/li>\n<li>Material: Pl\u00e1stico PVC<\/li>\n<\/ul>\n","protected":false},"excerpt":{"rendered":"<p>EXTREME XXL DILDO 11 INCH El Extreme XXL Dildo 11 Inch es un consolador realista de primera calidad de la<\/p>\n","protected":false},"featured_media":35574,"comment_status":"open","ping_status":"open","template":"","meta":[],"product_cat":[339],"product_tag":[1107,655],"class_list":["post-35573","product","type-product","status-publish","has-post-thumbnail","hentry","product_cat-dildos","product_tag-extreme","product_tag-get-real"],"bundled_by":[],"bundle_stock_status":"instock","bundle_stock_quantity":2,"bundle_virtual":false,"bundle_layout":"","bundle_add_to_cart_form_location":"","bundle_editable_in_cart":false,"bundle_sold_individually_context":"","bundle_item_grouping":"","bundle_min_size":"","bundle_max_size":"","bundled_items":[],"yoast_head":"<!-- This site is optimized with the Yoast SEO plugin v20.6 - https:\/\/yoast.com\/wordpress\/plugins\/seo\/ -->\n<title>EXTREME XXL DILDO 11 INCH - Tienda Er\u00f3tica<\/title>\n<meta name=\"robots\" content=\"noindex, follow, max-snippet:-1, max-image-preview:large, max-video-preview:-1\" \/>\n<meta property=\"og:locale\" content=\"es_ES\" \/>\n<meta property=\"og:type\" content=\"article\" \/>\n<meta property=\"og:title\" content=\"EXTREME XXL DILDO 11 INCH - Tienda Er\u00f3tica\" \/>\n<meta property=\"og:description\" content=\"EXTREME XXL DILDO 11 INCH El Extreme XXL Dildo 11 Inch es un consolador realista de primera calidad de la\" \/>\n<meta property=\"og:url\" content=\"https:\/\/demoweb.info\/sexshop001\/producto\/extreme-xxl-dildo-11-inch\/\" \/>\n<meta property=\"og:site_name\" content=\"Tienda Er\u00f3tica\" \/>\n<meta property=\"article:modified_time\" content=\"2022-01-22T12:31:31+00:00\" \/>\n<meta property=\"og:image\" content=\"https:\/\/demoweb.info\/sexshop001\/wp-content\/uploads\/2022\/01\/EXTREME-XXL-DILDO-11-INCH.jpg\" \/>\n\t<meta property=\"og:image:width\" content=\"550\" \/>\n\t<meta property=\"og:image:height\" content=\"550\" \/>\n\t<meta property=\"og:image:type\" content=\"image\/jpeg\" \/>\n<meta name=\"twitter:card\" content=\"summary_large_image\" \/>\n<meta name=\"twitter:label1\" content=\"Tiempo de lectura\" \/>\n\t<meta name=\"twitter:data1\" content=\"1 minuto\" \/>\n<script type=\"application\/ld+json\" class=\"yoast-schema-graph\">{\"@context\":\"https:\/\/schema.org\",\"@graph\":[{\"@type\":\"WebPage\",\"@id\":\"https:\/\/demoweb.info\/sexshop001\/producto\/extreme-xxl-dildo-11-inch\/\",\"url\":\"https:\/\/demoweb.info\/sexshop001\/producto\/extreme-xxl-dildo-11-inch\/\",\"name\":\"EXTREME XXL DILDO 11 INCH - Tienda Er\u00f3tica\",\"isPartOf\":{\"@id\":\"https:\/\/demoweb.info\/sexshop001\/#website\"},\"datePublished\":\"2022-01-22T12:31:17+00:00\",\"dateModified\":\"2022-01-22T12:31:31+00:00\",\"breadcrumb\":{\"@id\":\"https:\/\/demoweb.info\/sexshop001\/producto\/extreme-xxl-dildo-11-inch\/#breadcrumb\"},\"inLanguage\":\"es\",\"potentialAction\":[{\"@type\":\"ReadAction\",\"target\":[\"https:\/\/demoweb.info\/sexshop001\/producto\/extreme-xxl-dildo-11-inch\/\"]}]},{\"@type\":\"BreadcrumbList\",\"@id\":\"https:\/\/demoweb.info\/sexshop001\/producto\/extreme-xxl-dildo-11-inch\/#breadcrumb\",\"itemListElement\":[{\"@type\":\"ListItem\",\"position\":1,\"name\":\"Portada\",\"item\":\"https:\/\/demoweb.info\/sexshop001\/\"},{\"@type\":\"ListItem\",\"position\":2,\"name\":\"Tienda\",\"item\":\"https:\/\/demoweb.info\/sexshop001\/tienda\/\"},{\"@type\":\"ListItem\",\"position\":3,\"name\":\"EXTREME XXL DILDO 11 INCH\"}]},{\"@type\":\"WebSite\",\"@id\":\"https:\/\/demoweb.info\/sexshop001\/#website\",\"url\":\"https:\/\/demoweb.info\/sexshop001\/\",\"name\":\"Tienda Er\u00f3tica\",\"description\":\"DEMOWEB SL\",\"potentialAction\":[{\"@type\":\"SearchAction\",\"target\":{\"@type\":\"EntryPoint\",\"urlTemplate\":\"https:\/\/demoweb.info\/sexshop001\/?s={search_term_string}\"},\"query-input\":\"required name=search_term_string\"}],\"inLanguage\":\"es\"}]}<\/script>\n<!-- \/ Yoast SEO plugin. -->","yoast_head_json":{"title":"EXTREME XXL DILDO 11 INCH - Tienda Er\u00f3tica","robots":{"index":"noindex","follow":"follow","max-snippet":"max-snippet:-1","max-image-preview":"max-image-preview:large","max-video-preview":"max-video-preview:-1"},"og_locale":"es_ES","og_type":"article","og_title":"EXTREME XXL DILDO 11 INCH - Tienda Er\u00f3tica","og_description":"EXTREME XXL DILDO 11 INCH El Extreme XXL Dildo 11 Inch es un consolador realista de primera calidad de la","og_url":"https:\/\/demoweb.info\/sexshop001\/producto\/extreme-xxl-dildo-11-inch\/","og_site_name":"Tienda Er\u00f3tica","article_modified_time":"2022-01-22T12:31:31+00:00","og_image":[{"width":550,"height":550,"url":"https:\/\/demoweb.info\/sexshop001\/wp-content\/uploads\/2022\/01\/EXTREME-XXL-DILDO-11-INCH.jpg","type":"image\/jpeg"}],"twitter_card":"summary_large_image","twitter_misc":{"Tiempo de lectura":"1 minuto"},"schema":{"@context":"https:\/\/schema.org","@graph":[{"@type":"WebPage","@id":"https:\/\/demoweb.info\/sexshop001\/producto\/extreme-xxl-dildo-11-inch\/","url":"https:\/\/demoweb.info\/sexshop001\/producto\/extreme-xxl-dildo-11-inch\/","name":"EXTREME XXL DILDO 11 INCH - Tienda Er\u00f3tica","isPartOf":{"@id":"https:\/\/demoweb.info\/sexshop001\/#website"},"datePublished":"2022-01-22T12:31:17+00:00","dateModified":"2022-01-22T12:31:31+00:00","breadcrumb":{"@id":"https:\/\/demoweb.info\/sexshop001\/producto\/extreme-xxl-dildo-11-inch\/#breadcrumb"},"inLanguage":"es","potentialAction":[{"@type":"ReadAction","target":["https:\/\/demoweb.info\/sexshop001\/producto\/extreme-xxl-dildo-11-inch\/"]}]},{"@type":"BreadcrumbList","@id":"https:\/\/demoweb.info\/sexshop001\/producto\/extreme-xxl-dildo-11-inch\/#breadcrumb","itemListElement":[{"@type":"ListItem","position":1,"name":"Portada","item":"https:\/\/demoweb.info\/sexshop001\/"},{"@type":"ListItem","position":2,"name":"Tienda","item":"https:\/\/demoweb.info\/sexshop001\/tienda\/"},{"@type":"ListItem","position":3,"name":"EXTREME XXL DILDO 11 INCH"}]},{"@type":"WebSite","@id":"https:\/\/demoweb.info\/sexshop001\/#website","url":"https:\/\/demoweb.info\/sexshop001\/","name":"Tienda Er\u00f3tica","description":"DEMOWEB SL","potentialAction":[{"@type":"SearchAction","target":{"@type":"EntryPoint","urlTemplate":"https:\/\/demoweb.info\/sexshop001\/?s={search_term_string}"},"query-input":"required name=search_term_string"}],"inLanguage":"es"}]}},"_links":{"self":[{"href":"https:\/\/demoweb.info\/sexshop001\/wp-json\/wp\/v3\/product\/35573","targetHints":{"allow":["GET"]}}],"collection":[{"href":"https:\/\/demoweb.info\/sexshop001\/wp-json\/wp\/v3\/product"}],"about":[{"href":"https:\/\/demoweb.info\/sexshop001\/wp-json\/wp\/v2\/types\/product"}],"replies":[{"embeddable":true,"href":"https:\/\/demoweb.info\/sexshop001\/wp-json\/wp\/v2\/comments?post=35573"}],"wp:featuredmedia":[{"embeddable":true,"href":"https:\/\/demoweb.info\/sexshop001\/wp-json\/wp\/v2\/media\/35574"}],"wp:attachment":[{"href":"https:\/\/demoweb.info\/sexshop001\/wp-json\/wp\/v2\/media?parent=35573"}],"wp:term":[{"taxonomy":"product_cat","embeddable":true,"href":"https:\/\/demoweb.info\/sexshop001\/wp-json\/wp\/v2\/product_cat?post=35573"},{"taxonomy":"product_tag","embeddable":true,"href":"https:\/\/demoweb.info\/sexshop001\/wp-json\/wp\/v2\/product_tag?post=35573"}],"curies":[{"name":"wp","href":"https:\/\/api.w.org\/{rel}","templated":true}]}}