{"id":35477,"date":"2022-01-22T13:30:21","date_gmt":"2022-01-22T12:30:21","guid":{"rendered":"https:\/\/demoweb.info\/sexshop001\/producto\/xpander-x2-estimulador-de-prostata-talla-l\/"},"modified":"2022-01-22T13:30:33","modified_gmt":"2022-01-22T12:30:33","slug":"xpander-x2-estimulador-de-prostata-talla-l","status":"publish","type":"product","link":"https:\/\/demoweb.info\/sexshop001\/producto\/xpander-x2-estimulador-de-prostata-talla-l\/","title":{"rendered":"XPANDER X2 ESTIMULADOR DE PROSTATA TALLA L"},"content":{"rendered":"<p><strong>XPANDER X2 PROSTATE STIMULATION SIZE L<\/strong><\/p>\n<p><em><strong>X2- The Pioneer<\/strong><\/em><\/p>\n<p>Descubre la estimulaci\u00f3n perfecta entre pr\u00f3stata, ano y perineo con el X2 de Xpander de Joy Division. La innovadora tecnolog\u00eda de Xpander es el resultado de una intensa b\u00fasqueda del placer sexual realizada en cooperaci\u00f3n con ur\u00f3logos y sex\u00f3logos.<\/p>\n<p>La magia reside en que puede reducir su volumen un 50%, hecho que lo hace muy f\u00e1cil de insertar de forma totalmente segura, provocando una vez insertado una estimulaci\u00f3n extrema.<\/p>\n<p>Fabricado en Silicona 100% es seguro para el cuerpo y puede utilizarse con cualquier lubricante.<\/p>\n<p><em>Prep\u00e1rate para descubrir los placeres m\u00e1s ocultos solo o con tu pareja.<\/em><\/p>\n<p>Medidas:<\/p>\n<ul>\n<li>A \/ 11.5 cm<\/li>\n<li>B \/ 5 cm<\/li>\n<li>C \/ 4.8 cm<\/li>\n<li>C comprimido \/ 2.9 cm<\/li>\n<\/ul>\n","protected":false},"excerpt":{"rendered":"<p>XPANDER X2 PROSTATE STIMULATION SIZE L X2- The Pioneer Descubre la estimulaci\u00f3n perfecta entre pr\u00f3stata, ano y perineo con el<\/p>\n","protected":false},"featured_media":35478,"comment_status":"open","ping_status":"open","template":"","meta":[],"product_cat":[301],"product_tag":[725,1247],"class_list":["post-35477","product","type-product","status-publish","has-post-thumbnail","hentry","product_cat-punto-p","product_tag-joydivision","product_tag-xpander"],"bundled_by":[],"bundle_stock_status":"instock","bundle_stock_quantity":4,"bundle_virtual":false,"bundle_layout":"","bundle_add_to_cart_form_location":"","bundle_editable_in_cart":false,"bundle_sold_individually_context":"","bundle_item_grouping":"","bundle_min_size":"","bundle_max_size":"","bundled_items":[],"yoast_head":"<!-- This site is optimized with the Yoast SEO plugin v20.6 - https:\/\/yoast.com\/wordpress\/plugins\/seo\/ -->\n<title>XPANDER X2 ESTIMULADOR DE PROSTATA TALLA L - Tienda Er\u00f3tica<\/title>\n<meta name=\"robots\" content=\"noindex, follow, max-snippet:-1, max-image-preview:large, max-video-preview:-1\" \/>\n<meta property=\"og:locale\" content=\"es_ES\" \/>\n<meta property=\"og:type\" content=\"article\" \/>\n<meta property=\"og:title\" content=\"XPANDER X2 ESTIMULADOR DE PROSTATA TALLA L - Tienda Er\u00f3tica\" \/>\n<meta property=\"og:description\" content=\"XPANDER X2 PROSTATE STIMULATION SIZE L X2- The Pioneer Descubre la estimulaci\u00f3n perfecta entre pr\u00f3stata, ano y perineo con el\" \/>\n<meta property=\"og:url\" content=\"https:\/\/demoweb.info\/sexshop001\/producto\/xpander-x2-estimulador-de-prostata-talla-l\/\" \/>\n<meta property=\"og:site_name\" content=\"Tienda Er\u00f3tica\" \/>\n<meta property=\"article:modified_time\" content=\"2022-01-22T12:30:33+00:00\" \/>\n<meta property=\"og:image\" content=\"https:\/\/demoweb.info\/sexshop001\/wp-content\/uploads\/2022\/01\/XPANDER-X2-ESTIMULADOR-DE-PROSTATA-TALLA-L.jpg\" \/>\n\t<meta property=\"og:image:width\" content=\"550\" \/>\n\t<meta property=\"og:image:height\" content=\"550\" \/>\n\t<meta property=\"og:image:type\" content=\"image\/jpeg\" \/>\n<meta name=\"twitter:card\" content=\"summary_large_image\" \/>\n<meta name=\"twitter:label1\" content=\"Tiempo de lectura\" \/>\n\t<meta name=\"twitter:data1\" content=\"1 minuto\" \/>\n<script type=\"application\/ld+json\" class=\"yoast-schema-graph\">{\"@context\":\"https:\/\/schema.org\",\"@graph\":[{\"@type\":\"WebPage\",\"@id\":\"https:\/\/demoweb.info\/sexshop001\/producto\/xpander-x2-estimulador-de-prostata-talla-l\/\",\"url\":\"https:\/\/demoweb.info\/sexshop001\/producto\/xpander-x2-estimulador-de-prostata-talla-l\/\",\"name\":\"XPANDER X2 ESTIMULADOR DE PROSTATA TALLA L - Tienda Er\u00f3tica\",\"isPartOf\":{\"@id\":\"https:\/\/demoweb.info\/sexshop001\/#website\"},\"datePublished\":\"2022-01-22T12:30:21+00:00\",\"dateModified\":\"2022-01-22T12:30:33+00:00\",\"breadcrumb\":{\"@id\":\"https:\/\/demoweb.info\/sexshop001\/producto\/xpander-x2-estimulador-de-prostata-talla-l\/#breadcrumb\"},\"inLanguage\":\"es\",\"potentialAction\":[{\"@type\":\"ReadAction\",\"target\":[\"https:\/\/demoweb.info\/sexshop001\/producto\/xpander-x2-estimulador-de-prostata-talla-l\/\"]}]},{\"@type\":\"BreadcrumbList\",\"@id\":\"https:\/\/demoweb.info\/sexshop001\/producto\/xpander-x2-estimulador-de-prostata-talla-l\/#breadcrumb\",\"itemListElement\":[{\"@type\":\"ListItem\",\"position\":1,\"name\":\"Portada\",\"item\":\"https:\/\/demoweb.info\/sexshop001\/\"},{\"@type\":\"ListItem\",\"position\":2,\"name\":\"Tienda\",\"item\":\"https:\/\/demoweb.info\/sexshop001\/tienda\/\"},{\"@type\":\"ListItem\",\"position\":3,\"name\":\"XPANDER X2 ESTIMULADOR DE PROSTATA TALLA L\"}]},{\"@type\":\"WebSite\",\"@id\":\"https:\/\/demoweb.info\/sexshop001\/#website\",\"url\":\"https:\/\/demoweb.info\/sexshop001\/\",\"name\":\"Tienda Er\u00f3tica\",\"description\":\"DEMOWEB SL\",\"potentialAction\":[{\"@type\":\"SearchAction\",\"target\":{\"@type\":\"EntryPoint\",\"urlTemplate\":\"https:\/\/demoweb.info\/sexshop001\/?s={search_term_string}\"},\"query-input\":\"required name=search_term_string\"}],\"inLanguage\":\"es\"}]}<\/script>\n<!-- \/ Yoast SEO plugin. -->","yoast_head_json":{"title":"XPANDER X2 ESTIMULADOR DE PROSTATA TALLA L - Tienda Er\u00f3tica","robots":{"index":"noindex","follow":"follow","max-snippet":"max-snippet:-1","max-image-preview":"max-image-preview:large","max-video-preview":"max-video-preview:-1"},"og_locale":"es_ES","og_type":"article","og_title":"XPANDER X2 ESTIMULADOR DE PROSTATA TALLA L - Tienda Er\u00f3tica","og_description":"XPANDER X2 PROSTATE STIMULATION SIZE L X2- The Pioneer Descubre la estimulaci\u00f3n perfecta entre pr\u00f3stata, ano y perineo con el","og_url":"https:\/\/demoweb.info\/sexshop001\/producto\/xpander-x2-estimulador-de-prostata-talla-l\/","og_site_name":"Tienda Er\u00f3tica","article_modified_time":"2022-01-22T12:30:33+00:00","og_image":[{"width":550,"height":550,"url":"https:\/\/demoweb.info\/sexshop001\/wp-content\/uploads\/2022\/01\/XPANDER-X2-ESTIMULADOR-DE-PROSTATA-TALLA-L.jpg","type":"image\/jpeg"}],"twitter_card":"summary_large_image","twitter_misc":{"Tiempo de lectura":"1 minuto"},"schema":{"@context":"https:\/\/schema.org","@graph":[{"@type":"WebPage","@id":"https:\/\/demoweb.info\/sexshop001\/producto\/xpander-x2-estimulador-de-prostata-talla-l\/","url":"https:\/\/demoweb.info\/sexshop001\/producto\/xpander-x2-estimulador-de-prostata-talla-l\/","name":"XPANDER X2 ESTIMULADOR DE PROSTATA TALLA L - Tienda Er\u00f3tica","isPartOf":{"@id":"https:\/\/demoweb.info\/sexshop001\/#website"},"datePublished":"2022-01-22T12:30:21+00:00","dateModified":"2022-01-22T12:30:33+00:00","breadcrumb":{"@id":"https:\/\/demoweb.info\/sexshop001\/producto\/xpander-x2-estimulador-de-prostata-talla-l\/#breadcrumb"},"inLanguage":"es","potentialAction":[{"@type":"ReadAction","target":["https:\/\/demoweb.info\/sexshop001\/producto\/xpander-x2-estimulador-de-prostata-talla-l\/"]}]},{"@type":"BreadcrumbList","@id":"https:\/\/demoweb.info\/sexshop001\/producto\/xpander-x2-estimulador-de-prostata-talla-l\/#breadcrumb","itemListElement":[{"@type":"ListItem","position":1,"name":"Portada","item":"https:\/\/demoweb.info\/sexshop001\/"},{"@type":"ListItem","position":2,"name":"Tienda","item":"https:\/\/demoweb.info\/sexshop001\/tienda\/"},{"@type":"ListItem","position":3,"name":"XPANDER X2 ESTIMULADOR DE PROSTATA TALLA L"}]},{"@type":"WebSite","@id":"https:\/\/demoweb.info\/sexshop001\/#website","url":"https:\/\/demoweb.info\/sexshop001\/","name":"Tienda Er\u00f3tica","description":"DEMOWEB SL","potentialAction":[{"@type":"SearchAction","target":{"@type":"EntryPoint","urlTemplate":"https:\/\/demoweb.info\/sexshop001\/?s={search_term_string}"},"query-input":"required name=search_term_string"}],"inLanguage":"es"}]}},"_links":{"self":[{"href":"https:\/\/demoweb.info\/sexshop001\/wp-json\/wp\/v3\/product\/35477","targetHints":{"allow":["GET"]}}],"collection":[{"href":"https:\/\/demoweb.info\/sexshop001\/wp-json\/wp\/v3\/product"}],"about":[{"href":"https:\/\/demoweb.info\/sexshop001\/wp-json\/wp\/v2\/types\/product"}],"replies":[{"embeddable":true,"href":"https:\/\/demoweb.info\/sexshop001\/wp-json\/wp\/v2\/comments?post=35477"}],"wp:featuredmedia":[{"embeddable":true,"href":"https:\/\/demoweb.info\/sexshop001\/wp-json\/wp\/v2\/media\/35478"}],"wp:attachment":[{"href":"https:\/\/demoweb.info\/sexshop001\/wp-json\/wp\/v2\/media?parent=35477"}],"wp:term":[{"taxonomy":"product_cat","embeddable":true,"href":"https:\/\/demoweb.info\/sexshop001\/wp-json\/wp\/v2\/product_cat?post=35477"},{"taxonomy":"product_tag","embeddable":true,"href":"https:\/\/demoweb.info\/sexshop001\/wp-json\/wp\/v2\/product_tag?post=35477"}],"curies":[{"name":"wp","href":"https:\/\/api.w.org\/{rel}","templated":true}]}}