{"id":35408,"date":"2022-01-22T13:29:46","date_gmt":"2022-01-22T12:29:46","guid":{"rendered":"https:\/\/demoweb.info\/sexshop001\/producto\/we-vibe-tango-x-midnight-blue\/"},"modified":"2022-01-22T13:29:53","modified_gmt":"2022-01-22T12:29:53","slug":"we-vibe-tango-x-midnight-blue","status":"publish","type":"product","link":"https:\/\/demoweb.info\/sexshop001\/producto\/we-vibe-tango-x-midnight-blue\/","title":{"rendered":"WE-VIBE TANGO X MIDNIGHT BLUE"},"content":{"rendered":"<p><strong>WE-VIBE TANGO X<\/strong><\/p>\n<p>Tango X te lleva a otro nivel, tiene un motor extremadamente potente, unas vibraciones profundas y una forma optimizada para lograr el m\u00e1ximo placer, mientras que el nuevo dise\u00f1o del mango ofrece un mejor agarre. Tango X estimula el punto clave con gran precisi\u00f3n. Peque\u00f1o, potente y preciso, Tango X cabe en la palma de la mano. Tango X es perfecto para cualquiera que busque llevar su juego a otro nivel \u2013 ya sea en solitario o en pareja \u2013 disfrutando de la naturaleza compacta, discreta y pr\u00e1ctica de un minivibrador.<\/p>\n<p>Minivibrador para el cl\u00edtoris<br \/>\nD\u00e9jate llevar mientras las vibraciones serenas y profundas estimulan el punto clave con exacta precisi\u00f3n.<\/p>\n<p>8 niveles de intensidad<br \/>\nLas potentes vibraciones intensifican el placer con 7 modos y potentes vibraciones profundas.<\/p>\n<p>Recargable<br \/>\nTango X es fiable. Recargado en 90 minutos, el juguete te garantiza hasta dos horas de juego.<\/p>\n<p>Silencioso<br \/>\nDise\u00f1ado para ser discreto, Tango X es silencioso como un susurro, para que nadie sepa lo que est\u00e1s haciendo.<\/p>\n<p>Resistente al agua (IPX7)<br \/>\nTango X es resistente al agua (IPX7), haciendo que sea f\u00e1cil disfrutar en cualquier lugar y de limpiar.<\/p>\n<p>Cierre de seguridad<br \/>\nEl cierre de seguridad garantiza que Tango X no se encienda solo accidentalmente. El cierre de seguridad se desactiva autom\u00e1ticamente cuando el juguete se recarga.<\/p>\n<p>Contiene:<br \/>\n&#8211; We-Vibe Tango X Minivibraci\u00f3n para el cl\u00edtoris<br \/>\n&#8211; Cable USB y tapa de carga: El cable USB est\u00e1ndar permite cargarlo a trav\u00e9s de cualquier puerto USB o adaptador de corriente USB habitualmente disponible (no incluido). Manual de instrucciones y tarjeta de registro del producto<br \/>\n&#8211; Manual de instrucciones ilustrado en varios idiomas Bolsa de almacenamiento<br \/>\n&#8211; Bolsa de almacenamiento sedosa para guardarlo y transportarlo c\u00f3modamente We-Vibe Lube made by pjur\u00ae<\/p>\n<p>Caracter\u00edsticas:<\/p>\n<ul>\n<li>Dimensiones del producto: 10 x 2.3 x 2.4 cm<\/li>\n<li>Longitud total: 10 cm<\/li>\n<li>Di\u00e1metro: 2.3 cm<\/li>\n<li>Vibrando: Si<\/li>\n<li>Modos de vibraci\u00f3n: 8<\/li>\n<li>Modos de velocidad: 8<\/li>\n<li>Resistencia al agua: Impermeable<\/li>\n<li>Bodysafe: Si<\/li>\n<li>Material: Silicone | ABS Plastic<\/li>\n<li>Recargable: USB rechargeable<\/li>\n<li>Pilas requeridas: Lithium Ion<\/li>\n<li>Baterias incluidas: Si<\/li>\n<li>Tiempo de carga en minutos: 90<\/li>\n<li>Tiempo de funcionamiento en minutos: 120<\/li>\n<\/ul>\n","protected":false},"excerpt":{"rendered":"<p>WE-VIBE TANGO X Tango X te lleva a otro nivel, tiene un motor extremadamente potente, unas vibraciones profundas y una<\/p>\n","protected":false},"featured_media":35409,"comment_status":"open","ping_status":"open","template":"","meta":[],"product_cat":[504],"product_tag":[444],"class_list":["post-35408","product","type-product","status-publish","has-post-thumbnail","hentry","product_cat-con-app","product_tag-we-vibe"],"bundled_by":[],"bundle_stock_status":"instock","bundle_stock_quantity":1,"bundle_virtual":false,"bundle_layout":"","bundle_add_to_cart_form_location":"","bundle_editable_in_cart":false,"bundle_sold_individually_context":"","bundle_item_grouping":"","bundle_min_size":"","bundle_max_size":"","bundled_items":[],"yoast_head":"<!-- This site is optimized with the Yoast SEO plugin v20.6 - https:\/\/yoast.com\/wordpress\/plugins\/seo\/ -->\n<title>WE-VIBE TANGO X MIDNIGHT BLUE - Tienda Er\u00f3tica<\/title>\n<meta name=\"robots\" content=\"noindex, follow, max-snippet:-1, max-image-preview:large, max-video-preview:-1\" \/>\n<meta property=\"og:locale\" content=\"es_ES\" \/>\n<meta property=\"og:type\" content=\"article\" \/>\n<meta property=\"og:title\" content=\"WE-VIBE TANGO X MIDNIGHT BLUE - Tienda Er\u00f3tica\" \/>\n<meta property=\"og:description\" content=\"WE-VIBE TANGO X Tango X te lleva a otro nivel, tiene un motor extremadamente potente, unas vibraciones profundas y una\" \/>\n<meta property=\"og:url\" content=\"https:\/\/demoweb.info\/sexshop001\/producto\/we-vibe-tango-x-midnight-blue\/\" \/>\n<meta property=\"og:site_name\" content=\"Tienda Er\u00f3tica\" \/>\n<meta property=\"article:modified_time\" content=\"2022-01-22T12:29:53+00:00\" \/>\n<meta property=\"og:image\" content=\"https:\/\/demoweb.info\/sexshop001\/wp-content\/uploads\/2022\/01\/WE-VIBE-TANGO-X-MIDNIGHT-BLUE.jpg\" \/>\n\t<meta property=\"og:image:width\" content=\"550\" \/>\n\t<meta property=\"og:image:height\" content=\"550\" \/>\n\t<meta property=\"og:image:type\" content=\"image\/jpeg\" \/>\n<meta name=\"twitter:card\" content=\"summary_large_image\" \/>\n<meta name=\"twitter:label1\" content=\"Tiempo de lectura\" \/>\n\t<meta name=\"twitter:data1\" content=\"2 minutos\" \/>\n<script type=\"application\/ld+json\" class=\"yoast-schema-graph\">{\"@context\":\"https:\/\/schema.org\",\"@graph\":[{\"@type\":\"WebPage\",\"@id\":\"https:\/\/demoweb.info\/sexshop001\/producto\/we-vibe-tango-x-midnight-blue\/\",\"url\":\"https:\/\/demoweb.info\/sexshop001\/producto\/we-vibe-tango-x-midnight-blue\/\",\"name\":\"WE-VIBE TANGO X MIDNIGHT BLUE - Tienda Er\u00f3tica\",\"isPartOf\":{\"@id\":\"https:\/\/demoweb.info\/sexshop001\/#website\"},\"datePublished\":\"2022-01-22T12:29:46+00:00\",\"dateModified\":\"2022-01-22T12:29:53+00:00\",\"breadcrumb\":{\"@id\":\"https:\/\/demoweb.info\/sexshop001\/producto\/we-vibe-tango-x-midnight-blue\/#breadcrumb\"},\"inLanguage\":\"es\",\"potentialAction\":[{\"@type\":\"ReadAction\",\"target\":[\"https:\/\/demoweb.info\/sexshop001\/producto\/we-vibe-tango-x-midnight-blue\/\"]}]},{\"@type\":\"BreadcrumbList\",\"@id\":\"https:\/\/demoweb.info\/sexshop001\/producto\/we-vibe-tango-x-midnight-blue\/#breadcrumb\",\"itemListElement\":[{\"@type\":\"ListItem\",\"position\":1,\"name\":\"Portada\",\"item\":\"https:\/\/demoweb.info\/sexshop001\/\"},{\"@type\":\"ListItem\",\"position\":2,\"name\":\"Tienda\",\"item\":\"https:\/\/demoweb.info\/sexshop001\/tienda\/\"},{\"@type\":\"ListItem\",\"position\":3,\"name\":\"WE-VIBE TANGO X MIDNIGHT BLUE\"}]},{\"@type\":\"WebSite\",\"@id\":\"https:\/\/demoweb.info\/sexshop001\/#website\",\"url\":\"https:\/\/demoweb.info\/sexshop001\/\",\"name\":\"Tienda Er\u00f3tica\",\"description\":\"DEMOWEB SL\",\"potentialAction\":[{\"@type\":\"SearchAction\",\"target\":{\"@type\":\"EntryPoint\",\"urlTemplate\":\"https:\/\/demoweb.info\/sexshop001\/?s={search_term_string}\"},\"query-input\":\"required name=search_term_string\"}],\"inLanguage\":\"es\"}]}<\/script>\n<!-- \/ Yoast SEO plugin. -->","yoast_head_json":{"title":"WE-VIBE TANGO X MIDNIGHT BLUE - Tienda Er\u00f3tica","robots":{"index":"noindex","follow":"follow","max-snippet":"max-snippet:-1","max-image-preview":"max-image-preview:large","max-video-preview":"max-video-preview:-1"},"og_locale":"es_ES","og_type":"article","og_title":"WE-VIBE TANGO X MIDNIGHT BLUE - Tienda Er\u00f3tica","og_description":"WE-VIBE TANGO X Tango X te lleva a otro nivel, tiene un motor extremadamente potente, unas vibraciones profundas y una","og_url":"https:\/\/demoweb.info\/sexshop001\/producto\/we-vibe-tango-x-midnight-blue\/","og_site_name":"Tienda Er\u00f3tica","article_modified_time":"2022-01-22T12:29:53+00:00","og_image":[{"width":550,"height":550,"url":"https:\/\/demoweb.info\/sexshop001\/wp-content\/uploads\/2022\/01\/WE-VIBE-TANGO-X-MIDNIGHT-BLUE.jpg","type":"image\/jpeg"}],"twitter_card":"summary_large_image","twitter_misc":{"Tiempo de lectura":"2 minutos"},"schema":{"@context":"https:\/\/schema.org","@graph":[{"@type":"WebPage","@id":"https:\/\/demoweb.info\/sexshop001\/producto\/we-vibe-tango-x-midnight-blue\/","url":"https:\/\/demoweb.info\/sexshop001\/producto\/we-vibe-tango-x-midnight-blue\/","name":"WE-VIBE TANGO X MIDNIGHT BLUE - Tienda Er\u00f3tica","isPartOf":{"@id":"https:\/\/demoweb.info\/sexshop001\/#website"},"datePublished":"2022-01-22T12:29:46+00:00","dateModified":"2022-01-22T12:29:53+00:00","breadcrumb":{"@id":"https:\/\/demoweb.info\/sexshop001\/producto\/we-vibe-tango-x-midnight-blue\/#breadcrumb"},"inLanguage":"es","potentialAction":[{"@type":"ReadAction","target":["https:\/\/demoweb.info\/sexshop001\/producto\/we-vibe-tango-x-midnight-blue\/"]}]},{"@type":"BreadcrumbList","@id":"https:\/\/demoweb.info\/sexshop001\/producto\/we-vibe-tango-x-midnight-blue\/#breadcrumb","itemListElement":[{"@type":"ListItem","position":1,"name":"Portada","item":"https:\/\/demoweb.info\/sexshop001\/"},{"@type":"ListItem","position":2,"name":"Tienda","item":"https:\/\/demoweb.info\/sexshop001\/tienda\/"},{"@type":"ListItem","position":3,"name":"WE-VIBE TANGO X MIDNIGHT BLUE"}]},{"@type":"WebSite","@id":"https:\/\/demoweb.info\/sexshop001\/#website","url":"https:\/\/demoweb.info\/sexshop001\/","name":"Tienda Er\u00f3tica","description":"DEMOWEB SL","potentialAction":[{"@type":"SearchAction","target":{"@type":"EntryPoint","urlTemplate":"https:\/\/demoweb.info\/sexshop001\/?s={search_term_string}"},"query-input":"required name=search_term_string"}],"inLanguage":"es"}]}},"_links":{"self":[{"href":"https:\/\/demoweb.info\/sexshop001\/wp-json\/wp\/v3\/product\/35408","targetHints":{"allow":["GET"]}}],"collection":[{"href":"https:\/\/demoweb.info\/sexshop001\/wp-json\/wp\/v3\/product"}],"about":[{"href":"https:\/\/demoweb.info\/sexshop001\/wp-json\/wp\/v2\/types\/product"}],"replies":[{"embeddable":true,"href":"https:\/\/demoweb.info\/sexshop001\/wp-json\/wp\/v2\/comments?post=35408"}],"wp:featuredmedia":[{"embeddable":true,"href":"https:\/\/demoweb.info\/sexshop001\/wp-json\/wp\/v2\/media\/35409"}],"wp:attachment":[{"href":"https:\/\/demoweb.info\/sexshop001\/wp-json\/wp\/v2\/media?parent=35408"}],"wp:term":[{"taxonomy":"product_cat","embeddable":true,"href":"https:\/\/demoweb.info\/sexshop001\/wp-json\/wp\/v2\/product_cat?post=35408"},{"taxonomy":"product_tag","embeddable":true,"href":"https:\/\/demoweb.info\/sexshop001\/wp-json\/wp\/v2\/product_tag?post=35408"}],"curies":[{"name":"wp","href":"https:\/\/api.w.org\/{rel}","templated":true}]}}