{"id":35401,"date":"2022-01-22T13:29:46","date_gmt":"2022-01-22T12:29:46","guid":{"rendered":"https:\/\/demoweb.info\/sexshop001\/producto\/we-vibe-melt-azul\/"},"modified":"2022-01-22T13:29:50","modified_gmt":"2022-01-22T12:29:50","slug":"we-vibe-melt-azul","status":"publish","type":"product","link":"https:\/\/demoweb.info\/sexshop001\/producto\/we-vibe-melt-azul\/","title":{"rendered":"WE-VIBE MELT &#8211; AZUL"},"content":{"rendered":"<p><strong>WE-VIBE MELT<\/strong><\/p>\n<p>El \u00fanico estimulador por ondas dise\u00f1ado para parejas, con increibles ondas estimuladoras y placentera succi\u00f3n proporcionando sensaciones \u00fanicas.<\/p>\n<p>TECNOLOG\u00cdA PLEASURE AIR<\/p>\n<p>Esta tecnolog\u00eda te permite aplicar un sutil masaje en el cl\u00edtoris permitiendo alcanzar un intenso placer y orgasmos \u00e9picos. Las pulsaciones del Melt y su gentil succi\u00f3n sobre el cl\u00edtoris con sensaciones que van desde m\u00e1s leves a una succi\u00f3n mucho m\u00e1s fuerte aumentando su intensidad.<\/p>\n<p>DISE\u00d1ADO PARA PAREJAS<\/p>\n<p>Su dise\u00f1o delgado y curvado, es perfecto para usar en culaquier posici\u00f3n. Experimenta un placer \u00e9pico juntos.<\/p>\n<p>CONTROLADO POR APP<\/p>\n<p>Lleva el Melt a otro nivel con la app de We Connect. La pantalla tactil permitir\u00e1 que tu pareja tome el control sobre t\u00ed mientras suejtas el Melt, as\u00ed que ponlo en el punto exacto y deja que tu pareja lleve el control<\/p>\n<ul>\n<li>12 intensidades<\/li>\n<li>Bodysafe<\/li>\n<li>Silenciosas vibraciones<\/li>\n<li>Se conecta por bluetooth<\/li>\n<li>Puede usarse en cualquier parte del mundo con su app<\/li>\n<li>Con el sistema de Seguridadde la app We connect podr\u00e1s jugar compartir el control desde donde sea, adem\u00e1s es compatible con otros productos we vibe<\/li>\n<li>Puede mantenerse durante m\u00e1s de horas sin entrar en modo Sleep sin perder energ\u00eda.<\/li>\n<li>Recargable.<\/li>\n<li>Sistema de aviso de poca bater\u00eda<\/li>\n<li>100% Sumergible<\/li>\n<li>Dimensions 126 mm x 24 mm x 10 mm<\/li>\n<\/ul>\n","protected":false},"excerpt":{"rendered":"<p>WE-VIBE MELT El \u00fanico estimulador por ondas dise\u00f1ado para parejas, con increibles ondas estimuladoras y placentera succi\u00f3n proporcionando sensaciones \u00fanicas.<\/p>\n","protected":false},"featured_media":35402,"comment_status":"open","ping_status":"open","template":"","meta":[],"product_cat":[405],"product_tag":[444],"class_list":["post-35401","product","type-product","status-publish","has-post-thumbnail","hentry","product_cat-succionadores","product_tag-we-vibe"],"bundled_by":[],"bundle_stock_status":"instock","bundle_stock_quantity":1,"bundle_virtual":false,"bundle_layout":"","bundle_add_to_cart_form_location":"","bundle_editable_in_cart":false,"bundle_sold_individually_context":"","bundle_item_grouping":"","bundle_min_size":"","bundle_max_size":"","bundled_items":[],"yoast_head":"<!-- This site is optimized with the Yoast SEO plugin v20.6 - https:\/\/yoast.com\/wordpress\/plugins\/seo\/ -->\n<title>WE-VIBE MELT - AZUL - Tienda Er\u00f3tica<\/title>\n<meta name=\"robots\" content=\"noindex, follow, max-snippet:-1, max-image-preview:large, max-video-preview:-1\" \/>\n<meta property=\"og:locale\" content=\"es_ES\" \/>\n<meta property=\"og:type\" content=\"article\" \/>\n<meta property=\"og:title\" content=\"WE-VIBE MELT - AZUL - Tienda Er\u00f3tica\" \/>\n<meta property=\"og:description\" content=\"WE-VIBE MELT El \u00fanico estimulador por ondas dise\u00f1ado para parejas, con increibles ondas estimuladoras y placentera succi\u00f3n proporcionando sensaciones \u00fanicas.\" \/>\n<meta property=\"og:url\" content=\"https:\/\/demoweb.info\/sexshop001\/producto\/we-vibe-melt-azul\/\" \/>\n<meta property=\"og:site_name\" content=\"Tienda Er\u00f3tica\" \/>\n<meta property=\"article:modified_time\" content=\"2022-01-22T12:29:50+00:00\" \/>\n<meta property=\"og:image\" content=\"https:\/\/demoweb.info\/sexshop001\/wp-content\/uploads\/2022\/01\/WE-VIBE-MELT-AZUL.jpg\" \/>\n\t<meta property=\"og:image:width\" content=\"550\" \/>\n\t<meta property=\"og:image:height\" content=\"550\" \/>\n\t<meta property=\"og:image:type\" content=\"image\/jpeg\" \/>\n<meta name=\"twitter:card\" content=\"summary_large_image\" \/>\n<meta name=\"twitter:label1\" content=\"Tiempo de lectura\" \/>\n\t<meta name=\"twitter:data1\" content=\"1 minuto\" \/>\n<script type=\"application\/ld+json\" class=\"yoast-schema-graph\">{\"@context\":\"https:\/\/schema.org\",\"@graph\":[{\"@type\":\"WebPage\",\"@id\":\"https:\/\/demoweb.info\/sexshop001\/producto\/we-vibe-melt-azul\/\",\"url\":\"https:\/\/demoweb.info\/sexshop001\/producto\/we-vibe-melt-azul\/\",\"name\":\"WE-VIBE MELT - AZUL - Tienda Er\u00f3tica\",\"isPartOf\":{\"@id\":\"https:\/\/demoweb.info\/sexshop001\/#website\"},\"datePublished\":\"2022-01-22T12:29:46+00:00\",\"dateModified\":\"2022-01-22T12:29:50+00:00\",\"breadcrumb\":{\"@id\":\"https:\/\/demoweb.info\/sexshop001\/producto\/we-vibe-melt-azul\/#breadcrumb\"},\"inLanguage\":\"es\",\"potentialAction\":[{\"@type\":\"ReadAction\",\"target\":[\"https:\/\/demoweb.info\/sexshop001\/producto\/we-vibe-melt-azul\/\"]}]},{\"@type\":\"BreadcrumbList\",\"@id\":\"https:\/\/demoweb.info\/sexshop001\/producto\/we-vibe-melt-azul\/#breadcrumb\",\"itemListElement\":[{\"@type\":\"ListItem\",\"position\":1,\"name\":\"Portada\",\"item\":\"https:\/\/demoweb.info\/sexshop001\/\"},{\"@type\":\"ListItem\",\"position\":2,\"name\":\"Tienda\",\"item\":\"https:\/\/demoweb.info\/sexshop001\/tienda\/\"},{\"@type\":\"ListItem\",\"position\":3,\"name\":\"WE-VIBE MELT &#8211; AZUL\"}]},{\"@type\":\"WebSite\",\"@id\":\"https:\/\/demoweb.info\/sexshop001\/#website\",\"url\":\"https:\/\/demoweb.info\/sexshop001\/\",\"name\":\"Tienda Er\u00f3tica\",\"description\":\"DEMOWEB SL\",\"potentialAction\":[{\"@type\":\"SearchAction\",\"target\":{\"@type\":\"EntryPoint\",\"urlTemplate\":\"https:\/\/demoweb.info\/sexshop001\/?s={search_term_string}\"},\"query-input\":\"required name=search_term_string\"}],\"inLanguage\":\"es\"}]}<\/script>\n<!-- \/ Yoast SEO plugin. -->","yoast_head_json":{"title":"WE-VIBE MELT - AZUL - Tienda Er\u00f3tica","robots":{"index":"noindex","follow":"follow","max-snippet":"max-snippet:-1","max-image-preview":"max-image-preview:large","max-video-preview":"max-video-preview:-1"},"og_locale":"es_ES","og_type":"article","og_title":"WE-VIBE MELT - AZUL - Tienda Er\u00f3tica","og_description":"WE-VIBE MELT El \u00fanico estimulador por ondas dise\u00f1ado para parejas, con increibles ondas estimuladoras y placentera succi\u00f3n proporcionando sensaciones \u00fanicas.","og_url":"https:\/\/demoweb.info\/sexshop001\/producto\/we-vibe-melt-azul\/","og_site_name":"Tienda Er\u00f3tica","article_modified_time":"2022-01-22T12:29:50+00:00","og_image":[{"width":550,"height":550,"url":"https:\/\/demoweb.info\/sexshop001\/wp-content\/uploads\/2022\/01\/WE-VIBE-MELT-AZUL.jpg","type":"image\/jpeg"}],"twitter_card":"summary_large_image","twitter_misc":{"Tiempo de lectura":"1 minuto"},"schema":{"@context":"https:\/\/schema.org","@graph":[{"@type":"WebPage","@id":"https:\/\/demoweb.info\/sexshop001\/producto\/we-vibe-melt-azul\/","url":"https:\/\/demoweb.info\/sexshop001\/producto\/we-vibe-melt-azul\/","name":"WE-VIBE MELT - AZUL - Tienda Er\u00f3tica","isPartOf":{"@id":"https:\/\/demoweb.info\/sexshop001\/#website"},"datePublished":"2022-01-22T12:29:46+00:00","dateModified":"2022-01-22T12:29:50+00:00","breadcrumb":{"@id":"https:\/\/demoweb.info\/sexshop001\/producto\/we-vibe-melt-azul\/#breadcrumb"},"inLanguage":"es","potentialAction":[{"@type":"ReadAction","target":["https:\/\/demoweb.info\/sexshop001\/producto\/we-vibe-melt-azul\/"]}]},{"@type":"BreadcrumbList","@id":"https:\/\/demoweb.info\/sexshop001\/producto\/we-vibe-melt-azul\/#breadcrumb","itemListElement":[{"@type":"ListItem","position":1,"name":"Portada","item":"https:\/\/demoweb.info\/sexshop001\/"},{"@type":"ListItem","position":2,"name":"Tienda","item":"https:\/\/demoweb.info\/sexshop001\/tienda\/"},{"@type":"ListItem","position":3,"name":"WE-VIBE MELT &#8211; AZUL"}]},{"@type":"WebSite","@id":"https:\/\/demoweb.info\/sexshop001\/#website","url":"https:\/\/demoweb.info\/sexshop001\/","name":"Tienda Er\u00f3tica","description":"DEMOWEB SL","potentialAction":[{"@type":"SearchAction","target":{"@type":"EntryPoint","urlTemplate":"https:\/\/demoweb.info\/sexshop001\/?s={search_term_string}"},"query-input":"required name=search_term_string"}],"inLanguage":"es"}]}},"_links":{"self":[{"href":"https:\/\/demoweb.info\/sexshop001\/wp-json\/wp\/v3\/product\/35401","targetHints":{"allow":["GET"]}}],"collection":[{"href":"https:\/\/demoweb.info\/sexshop001\/wp-json\/wp\/v3\/product"}],"about":[{"href":"https:\/\/demoweb.info\/sexshop001\/wp-json\/wp\/v2\/types\/product"}],"replies":[{"embeddable":true,"href":"https:\/\/demoweb.info\/sexshop001\/wp-json\/wp\/v2\/comments?post=35401"}],"wp:featuredmedia":[{"embeddable":true,"href":"https:\/\/demoweb.info\/sexshop001\/wp-json\/wp\/v2\/media\/35402"}],"wp:attachment":[{"href":"https:\/\/demoweb.info\/sexshop001\/wp-json\/wp\/v2\/media?parent=35401"}],"wp:term":[{"taxonomy":"product_cat","embeddable":true,"href":"https:\/\/demoweb.info\/sexshop001\/wp-json\/wp\/v2\/product_cat?post=35401"},{"taxonomy":"product_tag","embeddable":true,"href":"https:\/\/demoweb.info\/sexshop001\/wp-json\/wp\/v2\/product_tag?post=35401"}],"curies":[{"name":"wp","href":"https:\/\/api.w.org\/{rel}","templated":true}]}}