{"id":35390,"date":"2022-01-22T13:29:36","date_gmt":"2022-01-22T12:29:36","guid":{"rendered":"https:\/\/demoweb.info\/sexshop001\/producto\/hot-rhino-crema-retardante\/"},"modified":"2022-01-22T13:29:42","modified_gmt":"2022-01-22T12:29:42","slug":"hot-rhino-crema-retardante","status":"publish","type":"product","link":"https:\/\/demoweb.info\/sexshop001\/producto\/hot-rhino-crema-retardante\/","title":{"rendered":"HOT RHINO CREMA RETARDANTE"},"content":{"rendered":"<p><strong>HOT RHINO LONG POWER<\/strong>, es una crema con un m\u00e9todo suave para actuar encauzadamente y con \u00e9xito sobre la <strong>eyaculaci\u00f3n precoz<\/strong>.<\/p>\n<p>La crema fue desarrollada especialemte para la dolencia tan extendida entre los hombres y se basa en los aditivos de especias chinas.<\/p>\n<p>En una combinaci\u00f3n de los conocimientos dermatol\u00f3gicos m\u00e1s modernos con las recetas de la medicina china de miles de a\u00f1os de antig\u00fcedad, <strong>RHINO<\/strong> despliega su efectivo profil\u00e1ctico y evita de manera efectiva la eyaculaci\u00f3n precoz.<\/p>\n<p><strong>Adi\u00f3s a los problemas de eyaculaci\u00f3n precoz<\/strong>.<\/p>\n<p>Dermatol\u00f3gicamente testado. Antial\u00e9rgico.<\/p>\n<p>No irrita la piel ni mucosas. No tiene propiedades contraceptivas.<\/p>\n<p>Envase de 30 ml.<\/p>\n","protected":false},"excerpt":{"rendered":"<p>HOT RHINO LONG POWER, es una crema con un m\u00e9todo suave para actuar encauzadamente y con \u00e9xito sobre la eyaculaci\u00f3n<\/p>\n","protected":false},"featured_media":35391,"comment_status":"open","ping_status":"open","template":"","meta":[],"product_cat":[529],"product_tag":[401],"class_list":["post-35390","product","type-product","status-publish","has-post-thumbnail","hentry","product_cat-retardantes-para-el","product_tag-hot"],"bundled_by":[],"bundle_stock_status":"instock","bundle_stock_quantity":25,"bundle_virtual":false,"bundle_layout":"","bundle_add_to_cart_form_location":"","bundle_editable_in_cart":false,"bundle_sold_individually_context":"","bundle_item_grouping":"","bundle_min_size":"","bundle_max_size":"","bundled_items":[],"yoast_head":"<!-- This site is optimized with the Yoast SEO plugin v20.6 - https:\/\/yoast.com\/wordpress\/plugins\/seo\/ -->\n<title>HOT RHINO CREMA RETARDANTE - Tienda Er\u00f3tica<\/title>\n<meta name=\"robots\" content=\"noindex, follow, max-snippet:-1, max-image-preview:large, max-video-preview:-1\" \/>\n<meta property=\"og:locale\" content=\"es_ES\" \/>\n<meta property=\"og:type\" content=\"article\" \/>\n<meta property=\"og:title\" content=\"HOT RHINO CREMA RETARDANTE - Tienda Er\u00f3tica\" \/>\n<meta property=\"og:description\" content=\"HOT RHINO LONG POWER, es una crema con un m\u00e9todo suave para actuar encauzadamente y con \u00e9xito sobre la eyaculaci\u00f3n\" \/>\n<meta property=\"og:url\" content=\"https:\/\/demoweb.info\/sexshop001\/producto\/hot-rhino-crema-retardante\/\" \/>\n<meta property=\"og:site_name\" content=\"Tienda Er\u00f3tica\" \/>\n<meta property=\"article:modified_time\" content=\"2022-01-22T12:29:42+00:00\" \/>\n<meta property=\"og:image\" content=\"https:\/\/demoweb.info\/sexshop001\/wp-content\/uploads\/2022\/01\/HOT-RHINO-CREMA-RETARDANTE.jpg\" \/>\n\t<meta property=\"og:image:width\" content=\"550\" \/>\n\t<meta property=\"og:image:height\" content=\"550\" \/>\n\t<meta property=\"og:image:type\" content=\"image\/jpeg\" \/>\n<meta name=\"twitter:card\" content=\"summary_large_image\" \/>\n<meta name=\"twitter:label1\" content=\"Tiempo de lectura\" \/>\n\t<meta name=\"twitter:data1\" content=\"1 minuto\" \/>\n<script type=\"application\/ld+json\" class=\"yoast-schema-graph\">{\"@context\":\"https:\/\/schema.org\",\"@graph\":[{\"@type\":\"WebPage\",\"@id\":\"https:\/\/demoweb.info\/sexshop001\/producto\/hot-rhino-crema-retardante\/\",\"url\":\"https:\/\/demoweb.info\/sexshop001\/producto\/hot-rhino-crema-retardante\/\",\"name\":\"HOT RHINO CREMA RETARDANTE - Tienda Er\u00f3tica\",\"isPartOf\":{\"@id\":\"https:\/\/demoweb.info\/sexshop001\/#website\"},\"datePublished\":\"2022-01-22T12:29:36+00:00\",\"dateModified\":\"2022-01-22T12:29:42+00:00\",\"breadcrumb\":{\"@id\":\"https:\/\/demoweb.info\/sexshop001\/producto\/hot-rhino-crema-retardante\/#breadcrumb\"},\"inLanguage\":\"es\",\"potentialAction\":[{\"@type\":\"ReadAction\",\"target\":[\"https:\/\/demoweb.info\/sexshop001\/producto\/hot-rhino-crema-retardante\/\"]}]},{\"@type\":\"BreadcrumbList\",\"@id\":\"https:\/\/demoweb.info\/sexshop001\/producto\/hot-rhino-crema-retardante\/#breadcrumb\",\"itemListElement\":[{\"@type\":\"ListItem\",\"position\":1,\"name\":\"Portada\",\"item\":\"https:\/\/demoweb.info\/sexshop001\/\"},{\"@type\":\"ListItem\",\"position\":2,\"name\":\"Tienda\",\"item\":\"https:\/\/demoweb.info\/sexshop001\/tienda\/\"},{\"@type\":\"ListItem\",\"position\":3,\"name\":\"HOT RHINO CREMA RETARDANTE\"}]},{\"@type\":\"WebSite\",\"@id\":\"https:\/\/demoweb.info\/sexshop001\/#website\",\"url\":\"https:\/\/demoweb.info\/sexshop001\/\",\"name\":\"Tienda Er\u00f3tica\",\"description\":\"DEMOWEB SL\",\"potentialAction\":[{\"@type\":\"SearchAction\",\"target\":{\"@type\":\"EntryPoint\",\"urlTemplate\":\"https:\/\/demoweb.info\/sexshop001\/?s={search_term_string}\"},\"query-input\":\"required name=search_term_string\"}],\"inLanguage\":\"es\"}]}<\/script>\n<!-- \/ Yoast SEO plugin. -->","yoast_head_json":{"title":"HOT RHINO CREMA RETARDANTE - Tienda Er\u00f3tica","robots":{"index":"noindex","follow":"follow","max-snippet":"max-snippet:-1","max-image-preview":"max-image-preview:large","max-video-preview":"max-video-preview:-1"},"og_locale":"es_ES","og_type":"article","og_title":"HOT RHINO CREMA RETARDANTE - Tienda Er\u00f3tica","og_description":"HOT RHINO LONG POWER, es una crema con un m\u00e9todo suave para actuar encauzadamente y con \u00e9xito sobre la eyaculaci\u00f3n","og_url":"https:\/\/demoweb.info\/sexshop001\/producto\/hot-rhino-crema-retardante\/","og_site_name":"Tienda Er\u00f3tica","article_modified_time":"2022-01-22T12:29:42+00:00","og_image":[{"width":550,"height":550,"url":"https:\/\/demoweb.info\/sexshop001\/wp-content\/uploads\/2022\/01\/HOT-RHINO-CREMA-RETARDANTE.jpg","type":"image\/jpeg"}],"twitter_card":"summary_large_image","twitter_misc":{"Tiempo de lectura":"1 minuto"},"schema":{"@context":"https:\/\/schema.org","@graph":[{"@type":"WebPage","@id":"https:\/\/demoweb.info\/sexshop001\/producto\/hot-rhino-crema-retardante\/","url":"https:\/\/demoweb.info\/sexshop001\/producto\/hot-rhino-crema-retardante\/","name":"HOT RHINO CREMA RETARDANTE - Tienda Er\u00f3tica","isPartOf":{"@id":"https:\/\/demoweb.info\/sexshop001\/#website"},"datePublished":"2022-01-22T12:29:36+00:00","dateModified":"2022-01-22T12:29:42+00:00","breadcrumb":{"@id":"https:\/\/demoweb.info\/sexshop001\/producto\/hot-rhino-crema-retardante\/#breadcrumb"},"inLanguage":"es","potentialAction":[{"@type":"ReadAction","target":["https:\/\/demoweb.info\/sexshop001\/producto\/hot-rhino-crema-retardante\/"]}]},{"@type":"BreadcrumbList","@id":"https:\/\/demoweb.info\/sexshop001\/producto\/hot-rhino-crema-retardante\/#breadcrumb","itemListElement":[{"@type":"ListItem","position":1,"name":"Portada","item":"https:\/\/demoweb.info\/sexshop001\/"},{"@type":"ListItem","position":2,"name":"Tienda","item":"https:\/\/demoweb.info\/sexshop001\/tienda\/"},{"@type":"ListItem","position":3,"name":"HOT RHINO CREMA RETARDANTE"}]},{"@type":"WebSite","@id":"https:\/\/demoweb.info\/sexshop001\/#website","url":"https:\/\/demoweb.info\/sexshop001\/","name":"Tienda Er\u00f3tica","description":"DEMOWEB SL","potentialAction":[{"@type":"SearchAction","target":{"@type":"EntryPoint","urlTemplate":"https:\/\/demoweb.info\/sexshop001\/?s={search_term_string}"},"query-input":"required name=search_term_string"}],"inLanguage":"es"}]}},"_links":{"self":[{"href":"https:\/\/demoweb.info\/sexshop001\/wp-json\/wp\/v3\/product\/35390","targetHints":{"allow":["GET"]}}],"collection":[{"href":"https:\/\/demoweb.info\/sexshop001\/wp-json\/wp\/v3\/product"}],"about":[{"href":"https:\/\/demoweb.info\/sexshop001\/wp-json\/wp\/v2\/types\/product"}],"replies":[{"embeddable":true,"href":"https:\/\/demoweb.info\/sexshop001\/wp-json\/wp\/v2\/comments?post=35390"}],"wp:featuredmedia":[{"embeddable":true,"href":"https:\/\/demoweb.info\/sexshop001\/wp-json\/wp\/v2\/media\/35391"}],"wp:attachment":[{"href":"https:\/\/demoweb.info\/sexshop001\/wp-json\/wp\/v2\/media?parent=35390"}],"wp:term":[{"taxonomy":"product_cat","embeddable":true,"href":"https:\/\/demoweb.info\/sexshop001\/wp-json\/wp\/v2\/product_cat?post=35390"},{"taxonomy":"product_tag","embeddable":true,"href":"https:\/\/demoweb.info\/sexshop001\/wp-json\/wp\/v2\/product_tag?post=35390"}],"curies":[{"name":"wp","href":"https:\/\/api.w.org\/{rel}","templated":true}]}}