{"id":35387,"date":"2022-01-22T13:29:36","date_gmt":"2022-01-22T12:29:36","guid":{"rendered":"https:\/\/demoweb.info\/sexshop001\/producto\/black-stone-spray-retardante-para-el-hombre\/"},"modified":"2022-01-22T13:29:41","modified_gmt":"2022-01-22T12:29:41","slug":"black-stone-spray-retardante-para-el-hombre","status":"publish","type":"product","link":"https:\/\/demoweb.info\/sexshop001\/producto\/black-stone-spray-retardante-para-el-hombre\/","title":{"rendered":"BLACK STONE SPRAY RETARDANTE PARA EL HOMBRE"},"content":{"rendered":"<p><strong>BLACK STONE DELAY SPRAY FOR MEN<\/strong>, retrasa la eyaculaci\u00f3n gracias a un spray ligeramente anest\u00e9sico.<\/p>\n<p>En muchas ocasiones, los hombres eyaculan m\u00e1s r\u00e1pido de lo que quieren. Un orgasmo m\u00e1s tarde contribuye en mejorar el sexo para los dos.<\/p>\n<p><strong>Black Stone Spray<\/strong> da un efecto anest\u00e9sico provisional en las partes m\u00e1s sensibles del pene. De esta manera consigues un cl\u00edmax menos r\u00e1pido y as\u00ed podr\u00e1s disfrutar m\u00e1s tiempo.<\/p>\n<p>\u00a1Gracias a <strong>Black Stone Spray <\/strong>conseguir\u00e1s un cl\u00edmax junto a tu pareja, despu\u00e9s de haber hecho el amor durante mucho tiempo!.<\/p>\n<p><strong>Adi\u00f3s a los problemas de eyaculaci\u00f3n precoz<\/strong>.<\/p>\n<p>Dermatol\u00f3gicamente testado. Antial\u00e9rgico.<\/p>\n<p>No irrita la piel ni mucosas. No tiene propiedades contraceptivas.<\/p>\n<p>Envase de 15 ml.<\/p>\n","protected":false},"excerpt":{"rendered":"<p>BLACK STONE DELAY SPRAY FOR MEN, retrasa la eyaculaci\u00f3n gracias a un spray ligeramente anest\u00e9sico. En muchas ocasiones, los hombres<\/p>\n","protected":false},"featured_media":35388,"comment_status":"open","ping_status":"open","template":"","meta":[],"product_cat":[403],"product_tag":[409],"class_list":["post-35387","product","type-product","status-publish","has-post-thumbnail","hentry","product_cat-retardantes","product_tag-cobeco-pharma"],"bundled_by":[],"bundle_stock_status":"outofstock","bundle_stock_quantity":0,"bundle_virtual":false,"bundle_layout":"","bundle_add_to_cart_form_location":"","bundle_editable_in_cart":false,"bundle_sold_individually_context":"","bundle_item_grouping":"","bundle_min_size":"","bundle_max_size":"","bundled_items":[],"yoast_head":"<!-- This site is optimized with the Yoast SEO plugin v20.6 - https:\/\/yoast.com\/wordpress\/plugins\/seo\/ -->\n<title>BLACK STONE SPRAY RETARDANTE PARA EL HOMBRE - Tienda Er\u00f3tica<\/title>\n<meta name=\"robots\" content=\"noindex, follow, max-snippet:-1, max-image-preview:large, max-video-preview:-1\" \/>\n<meta property=\"og:locale\" content=\"es_ES\" \/>\n<meta property=\"og:type\" content=\"article\" \/>\n<meta property=\"og:title\" content=\"BLACK STONE SPRAY RETARDANTE PARA EL HOMBRE - Tienda Er\u00f3tica\" \/>\n<meta property=\"og:description\" content=\"BLACK STONE DELAY SPRAY FOR MEN, retrasa la eyaculaci\u00f3n gracias a un spray ligeramente anest\u00e9sico. En muchas ocasiones, los hombres\" \/>\n<meta property=\"og:url\" content=\"https:\/\/demoweb.info\/sexshop001\/producto\/black-stone-spray-retardante-para-el-hombre\/\" \/>\n<meta property=\"og:site_name\" content=\"Tienda Er\u00f3tica\" \/>\n<meta property=\"article:modified_time\" content=\"2022-01-22T12:29:41+00:00\" \/>\n<meta property=\"og:image\" content=\"https:\/\/demoweb.info\/sexshop001\/wp-content\/uploads\/2022\/01\/BLACK-STONE-SPRAY-RETARDANTE-PARA-EL-HOMBRE.jpg\" \/>\n\t<meta property=\"og:image:width\" content=\"550\" \/>\n\t<meta property=\"og:image:height\" content=\"550\" \/>\n\t<meta property=\"og:image:type\" content=\"image\/jpeg\" \/>\n<meta name=\"twitter:card\" content=\"summary_large_image\" \/>\n<meta name=\"twitter:label1\" content=\"Tiempo de lectura\" \/>\n\t<meta name=\"twitter:data1\" content=\"1 minuto\" \/>\n<script type=\"application\/ld+json\" class=\"yoast-schema-graph\">{\"@context\":\"https:\/\/schema.org\",\"@graph\":[{\"@type\":\"WebPage\",\"@id\":\"https:\/\/demoweb.info\/sexshop001\/producto\/black-stone-spray-retardante-para-el-hombre\/\",\"url\":\"https:\/\/demoweb.info\/sexshop001\/producto\/black-stone-spray-retardante-para-el-hombre\/\",\"name\":\"BLACK STONE SPRAY RETARDANTE PARA EL HOMBRE - Tienda Er\u00f3tica\",\"isPartOf\":{\"@id\":\"https:\/\/demoweb.info\/sexshop001\/#website\"},\"datePublished\":\"2022-01-22T12:29:36+00:00\",\"dateModified\":\"2022-01-22T12:29:41+00:00\",\"breadcrumb\":{\"@id\":\"https:\/\/demoweb.info\/sexshop001\/producto\/black-stone-spray-retardante-para-el-hombre\/#breadcrumb\"},\"inLanguage\":\"es\",\"potentialAction\":[{\"@type\":\"ReadAction\",\"target\":[\"https:\/\/demoweb.info\/sexshop001\/producto\/black-stone-spray-retardante-para-el-hombre\/\"]}]},{\"@type\":\"BreadcrumbList\",\"@id\":\"https:\/\/demoweb.info\/sexshop001\/producto\/black-stone-spray-retardante-para-el-hombre\/#breadcrumb\",\"itemListElement\":[{\"@type\":\"ListItem\",\"position\":1,\"name\":\"Portada\",\"item\":\"https:\/\/demoweb.info\/sexshop001\/\"},{\"@type\":\"ListItem\",\"position\":2,\"name\":\"Tienda\",\"item\":\"https:\/\/demoweb.info\/sexshop001\/tienda\/\"},{\"@type\":\"ListItem\",\"position\":3,\"name\":\"BLACK STONE SPRAY RETARDANTE PARA EL HOMBRE\"}]},{\"@type\":\"WebSite\",\"@id\":\"https:\/\/demoweb.info\/sexshop001\/#website\",\"url\":\"https:\/\/demoweb.info\/sexshop001\/\",\"name\":\"Tienda Er\u00f3tica\",\"description\":\"DEMOWEB SL\",\"potentialAction\":[{\"@type\":\"SearchAction\",\"target\":{\"@type\":\"EntryPoint\",\"urlTemplate\":\"https:\/\/demoweb.info\/sexshop001\/?s={search_term_string}\"},\"query-input\":\"required name=search_term_string\"}],\"inLanguage\":\"es\"}]}<\/script>\n<!-- \/ Yoast SEO plugin. -->","yoast_head_json":{"title":"BLACK STONE SPRAY RETARDANTE PARA EL HOMBRE - Tienda Er\u00f3tica","robots":{"index":"noindex","follow":"follow","max-snippet":"max-snippet:-1","max-image-preview":"max-image-preview:large","max-video-preview":"max-video-preview:-1"},"og_locale":"es_ES","og_type":"article","og_title":"BLACK STONE SPRAY RETARDANTE PARA EL HOMBRE - Tienda Er\u00f3tica","og_description":"BLACK STONE DELAY SPRAY FOR MEN, retrasa la eyaculaci\u00f3n gracias a un spray ligeramente anest\u00e9sico. En muchas ocasiones, los hombres","og_url":"https:\/\/demoweb.info\/sexshop001\/producto\/black-stone-spray-retardante-para-el-hombre\/","og_site_name":"Tienda Er\u00f3tica","article_modified_time":"2022-01-22T12:29:41+00:00","og_image":[{"width":550,"height":550,"url":"https:\/\/demoweb.info\/sexshop001\/wp-content\/uploads\/2022\/01\/BLACK-STONE-SPRAY-RETARDANTE-PARA-EL-HOMBRE.jpg","type":"image\/jpeg"}],"twitter_card":"summary_large_image","twitter_misc":{"Tiempo de lectura":"1 minuto"},"schema":{"@context":"https:\/\/schema.org","@graph":[{"@type":"WebPage","@id":"https:\/\/demoweb.info\/sexshop001\/producto\/black-stone-spray-retardante-para-el-hombre\/","url":"https:\/\/demoweb.info\/sexshop001\/producto\/black-stone-spray-retardante-para-el-hombre\/","name":"BLACK STONE SPRAY RETARDANTE PARA EL HOMBRE - Tienda Er\u00f3tica","isPartOf":{"@id":"https:\/\/demoweb.info\/sexshop001\/#website"},"datePublished":"2022-01-22T12:29:36+00:00","dateModified":"2022-01-22T12:29:41+00:00","breadcrumb":{"@id":"https:\/\/demoweb.info\/sexshop001\/producto\/black-stone-spray-retardante-para-el-hombre\/#breadcrumb"},"inLanguage":"es","potentialAction":[{"@type":"ReadAction","target":["https:\/\/demoweb.info\/sexshop001\/producto\/black-stone-spray-retardante-para-el-hombre\/"]}]},{"@type":"BreadcrumbList","@id":"https:\/\/demoweb.info\/sexshop001\/producto\/black-stone-spray-retardante-para-el-hombre\/#breadcrumb","itemListElement":[{"@type":"ListItem","position":1,"name":"Portada","item":"https:\/\/demoweb.info\/sexshop001\/"},{"@type":"ListItem","position":2,"name":"Tienda","item":"https:\/\/demoweb.info\/sexshop001\/tienda\/"},{"@type":"ListItem","position":3,"name":"BLACK STONE SPRAY RETARDANTE PARA EL HOMBRE"}]},{"@type":"WebSite","@id":"https:\/\/demoweb.info\/sexshop001\/#website","url":"https:\/\/demoweb.info\/sexshop001\/","name":"Tienda Er\u00f3tica","description":"DEMOWEB SL","potentialAction":[{"@type":"SearchAction","target":{"@type":"EntryPoint","urlTemplate":"https:\/\/demoweb.info\/sexshop001\/?s={search_term_string}"},"query-input":"required name=search_term_string"}],"inLanguage":"es"}]}},"_links":{"self":[{"href":"https:\/\/demoweb.info\/sexshop001\/wp-json\/wp\/v3\/product\/35387","targetHints":{"allow":["GET"]}}],"collection":[{"href":"https:\/\/demoweb.info\/sexshop001\/wp-json\/wp\/v3\/product"}],"about":[{"href":"https:\/\/demoweb.info\/sexshop001\/wp-json\/wp\/v2\/types\/product"}],"replies":[{"embeddable":true,"href":"https:\/\/demoweb.info\/sexshop001\/wp-json\/wp\/v2\/comments?post=35387"}],"wp:featuredmedia":[{"embeddable":true,"href":"https:\/\/demoweb.info\/sexshop001\/wp-json\/wp\/v2\/media\/35388"}],"wp:attachment":[{"href":"https:\/\/demoweb.info\/sexshop001\/wp-json\/wp\/v2\/media?parent=35387"}],"wp:term":[{"taxonomy":"product_cat","embeddable":true,"href":"https:\/\/demoweb.info\/sexshop001\/wp-json\/wp\/v2\/product_cat?post=35387"},{"taxonomy":"product_tag","embeddable":true,"href":"https:\/\/demoweb.info\/sexshop001\/wp-json\/wp\/v2\/product_tag?post=35387"}],"curies":[{"name":"wp","href":"https:\/\/api.w.org\/{rel}","templated":true}]}}