{"id":35365,"date":"2022-01-22T13:29:18","date_gmt":"2022-01-22T12:29:18","guid":{"rendered":"https:\/\/demoweb.info\/sexshop001\/producto\/brazo-y-mano-realistico\/"},"modified":"2022-01-22T13:29:29","modified_gmt":"2022-01-22T12:29:29","slug":"brazo-y-mano-realistico","status":"publish","type":"product","link":"https:\/\/demoweb.info\/sexshop001\/producto\/brazo-y-mano-realistico\/","title":{"rendered":"BRAZO Y MANO REALISTICO"},"content":{"rendered":"<p><font size=&quot;1&quot;><b>THE NATURAL HAND <\/b><br \/>\nes un fant\u00e1stico brazo con mano fabricado en vinilo de gran calidad, a escala real, con tacto totalmente<br \/>\nhumano. <\/p>\n<p>Tiene la forma de un brazo con todo lujo de detalles, antebrazo, mu\u00f1eca, mano, dedos, u\u00f1as, nudillos, venas, poros de la piel, etc, muy bien reproducidos, as\u00ed como un tacto muy suave.<\/p>\n<p>La forma de la mano, est\u00e1 dise\u00f1ada espec\u00edficamente para facilitar la introducci\u00f3n por cualquiera de tus orificios.<\/p>\n<p><\/font><font size=&quot;1&quot; color=&quot;#0000FF&quot;><b>Es muy suave<\/b><\/font><font size=&quot;1&quot;>.<\/p>\n<p>Este juguete bien lubricado, se abrir\u00e1 paso sin problemas, gracias a su<br \/>\ndeslizante material, ayud\u00e1ndote a alcanzar ese punto que siempre has buscado.<\/p>\n<p><b>\u00a1Atr\u00e9vete a explorar nuevos placeres!. <br \/>\n<\/b><br \/>\nMedidas: 40 cm x 7 cm.<br \/>\n<\/font><\/p>\n","protected":false},"excerpt":{"rendered":"<p>THE NATURAL HAND es un fant\u00e1stico brazo con mano fabricado en vinilo de gran calidad, a escala real, con tacto<\/p>\n","protected":false},"featured_media":35366,"comment_status":"open","ping_status":"open","template":"","meta":[],"product_cat":[850],"product_tag":[460,1221],"class_list":["post-35365","product","type-product","status-publish","has-post-thumbnail","hentry","product_cat-fisting","product_tag-doc-johnson","product_tag-the-classics"],"bundled_by":[],"bundle_stock_status":"outofstock","bundle_stock_quantity":0,"bundle_virtual":false,"bundle_layout":"","bundle_add_to_cart_form_location":"","bundle_editable_in_cart":false,"bundle_sold_individually_context":"","bundle_item_grouping":"","bundle_min_size":"","bundle_max_size":"","bundled_items":[],"yoast_head":"<!-- This site is optimized with the Yoast SEO plugin v20.6 - https:\/\/yoast.com\/wordpress\/plugins\/seo\/ -->\n<title>BRAZO Y MANO REALISTICO - Tienda Er\u00f3tica<\/title>\n<meta name=\"robots\" content=\"noindex, follow, max-snippet:-1, max-image-preview:large, max-video-preview:-1\" \/>\n<meta property=\"og:locale\" content=\"es_ES\" \/>\n<meta property=\"og:type\" content=\"article\" \/>\n<meta property=\"og:title\" content=\"BRAZO Y MANO REALISTICO - Tienda Er\u00f3tica\" \/>\n<meta property=\"og:description\" content=\"THE NATURAL HAND es un fant\u00e1stico brazo con mano fabricado en vinilo de gran calidad, a escala real, con tacto\" \/>\n<meta property=\"og:url\" content=\"https:\/\/demoweb.info\/sexshop001\/producto\/brazo-y-mano-realistico\/\" \/>\n<meta property=\"og:site_name\" content=\"Tienda Er\u00f3tica\" \/>\n<meta property=\"article:modified_time\" content=\"2022-01-22T12:29:29+00:00\" \/>\n<meta property=\"og:image\" content=\"https:\/\/demoweb.info\/sexshop001\/wp-content\/uploads\/2022\/01\/BRAZO-Y-MANO-REALISTICO.jpg\" \/>\n\t<meta property=\"og:image:width\" content=\"550\" \/>\n\t<meta property=\"og:image:height\" content=\"550\" \/>\n\t<meta property=\"og:image:type\" content=\"image\/jpeg\" \/>\n<meta name=\"twitter:card\" content=\"summary_large_image\" \/>\n<meta name=\"twitter:label1\" content=\"Tiempo de lectura\" \/>\n\t<meta name=\"twitter:data1\" content=\"1 minuto\" \/>\n<script type=\"application\/ld+json\" class=\"yoast-schema-graph\">{\"@context\":\"https:\/\/schema.org\",\"@graph\":[{\"@type\":\"WebPage\",\"@id\":\"https:\/\/demoweb.info\/sexshop001\/producto\/brazo-y-mano-realistico\/\",\"url\":\"https:\/\/demoweb.info\/sexshop001\/producto\/brazo-y-mano-realistico\/\",\"name\":\"BRAZO Y MANO REALISTICO - Tienda Er\u00f3tica\",\"isPartOf\":{\"@id\":\"https:\/\/demoweb.info\/sexshop001\/#website\"},\"datePublished\":\"2022-01-22T12:29:18+00:00\",\"dateModified\":\"2022-01-22T12:29:29+00:00\",\"breadcrumb\":{\"@id\":\"https:\/\/demoweb.info\/sexshop001\/producto\/brazo-y-mano-realistico\/#breadcrumb\"},\"inLanguage\":\"es\",\"potentialAction\":[{\"@type\":\"ReadAction\",\"target\":[\"https:\/\/demoweb.info\/sexshop001\/producto\/brazo-y-mano-realistico\/\"]}]},{\"@type\":\"BreadcrumbList\",\"@id\":\"https:\/\/demoweb.info\/sexshop001\/producto\/brazo-y-mano-realistico\/#breadcrumb\",\"itemListElement\":[{\"@type\":\"ListItem\",\"position\":1,\"name\":\"Portada\",\"item\":\"https:\/\/demoweb.info\/sexshop001\/\"},{\"@type\":\"ListItem\",\"position\":2,\"name\":\"Tienda\",\"item\":\"https:\/\/demoweb.info\/sexshop001\/tienda\/\"},{\"@type\":\"ListItem\",\"position\":3,\"name\":\"BRAZO Y MANO REALISTICO\"}]},{\"@type\":\"WebSite\",\"@id\":\"https:\/\/demoweb.info\/sexshop001\/#website\",\"url\":\"https:\/\/demoweb.info\/sexshop001\/\",\"name\":\"Tienda Er\u00f3tica\",\"description\":\"DEMOWEB SL\",\"potentialAction\":[{\"@type\":\"SearchAction\",\"target\":{\"@type\":\"EntryPoint\",\"urlTemplate\":\"https:\/\/demoweb.info\/sexshop001\/?s={search_term_string}\"},\"query-input\":\"required name=search_term_string\"}],\"inLanguage\":\"es\"}]}<\/script>\n<!-- \/ Yoast SEO plugin. -->","yoast_head_json":{"title":"BRAZO Y MANO REALISTICO - Tienda Er\u00f3tica","robots":{"index":"noindex","follow":"follow","max-snippet":"max-snippet:-1","max-image-preview":"max-image-preview:large","max-video-preview":"max-video-preview:-1"},"og_locale":"es_ES","og_type":"article","og_title":"BRAZO Y MANO REALISTICO - Tienda Er\u00f3tica","og_description":"THE NATURAL HAND es un fant\u00e1stico brazo con mano fabricado en vinilo de gran calidad, a escala real, con tacto","og_url":"https:\/\/demoweb.info\/sexshop001\/producto\/brazo-y-mano-realistico\/","og_site_name":"Tienda Er\u00f3tica","article_modified_time":"2022-01-22T12:29:29+00:00","og_image":[{"width":550,"height":550,"url":"https:\/\/demoweb.info\/sexshop001\/wp-content\/uploads\/2022\/01\/BRAZO-Y-MANO-REALISTICO.jpg","type":"image\/jpeg"}],"twitter_card":"summary_large_image","twitter_misc":{"Tiempo de lectura":"1 minuto"},"schema":{"@context":"https:\/\/schema.org","@graph":[{"@type":"WebPage","@id":"https:\/\/demoweb.info\/sexshop001\/producto\/brazo-y-mano-realistico\/","url":"https:\/\/demoweb.info\/sexshop001\/producto\/brazo-y-mano-realistico\/","name":"BRAZO Y MANO REALISTICO - Tienda Er\u00f3tica","isPartOf":{"@id":"https:\/\/demoweb.info\/sexshop001\/#website"},"datePublished":"2022-01-22T12:29:18+00:00","dateModified":"2022-01-22T12:29:29+00:00","breadcrumb":{"@id":"https:\/\/demoweb.info\/sexshop001\/producto\/brazo-y-mano-realistico\/#breadcrumb"},"inLanguage":"es","potentialAction":[{"@type":"ReadAction","target":["https:\/\/demoweb.info\/sexshop001\/producto\/brazo-y-mano-realistico\/"]}]},{"@type":"BreadcrumbList","@id":"https:\/\/demoweb.info\/sexshop001\/producto\/brazo-y-mano-realistico\/#breadcrumb","itemListElement":[{"@type":"ListItem","position":1,"name":"Portada","item":"https:\/\/demoweb.info\/sexshop001\/"},{"@type":"ListItem","position":2,"name":"Tienda","item":"https:\/\/demoweb.info\/sexshop001\/tienda\/"},{"@type":"ListItem","position":3,"name":"BRAZO Y MANO REALISTICO"}]},{"@type":"WebSite","@id":"https:\/\/demoweb.info\/sexshop001\/#website","url":"https:\/\/demoweb.info\/sexshop001\/","name":"Tienda Er\u00f3tica","description":"DEMOWEB SL","potentialAction":[{"@type":"SearchAction","target":{"@type":"EntryPoint","urlTemplate":"https:\/\/demoweb.info\/sexshop001\/?s={search_term_string}"},"query-input":"required name=search_term_string"}],"inLanguage":"es"}]}},"_links":{"self":[{"href":"https:\/\/demoweb.info\/sexshop001\/wp-json\/wp\/v3\/product\/35365","targetHints":{"allow":["GET"]}}],"collection":[{"href":"https:\/\/demoweb.info\/sexshop001\/wp-json\/wp\/v3\/product"}],"about":[{"href":"https:\/\/demoweb.info\/sexshop001\/wp-json\/wp\/v2\/types\/product"}],"replies":[{"embeddable":true,"href":"https:\/\/demoweb.info\/sexshop001\/wp-json\/wp\/v2\/comments?post=35365"}],"wp:featuredmedia":[{"embeddable":true,"href":"https:\/\/demoweb.info\/sexshop001\/wp-json\/wp\/v2\/media\/35366"}],"wp:attachment":[{"href":"https:\/\/demoweb.info\/sexshop001\/wp-json\/wp\/v2\/media?parent=35365"}],"wp:term":[{"taxonomy":"product_cat","embeddable":true,"href":"https:\/\/demoweb.info\/sexshop001\/wp-json\/wp\/v2\/product_cat?post=35365"},{"taxonomy":"product_tag","embeddable":true,"href":"https:\/\/demoweb.info\/sexshop001\/wp-json\/wp\/v2\/product_tag?post=35365"}],"curies":[{"name":"wp","href":"https:\/\/api.w.org\/{rel}","templated":true}]}}