{"id":35356,"date":"2022-01-22T13:29:18","date_gmt":"2022-01-22T12:29:18","guid":{"rendered":"https:\/\/demoweb.info\/sexshop001\/producto\/arnes-para-doble-penetracion\/"},"modified":"2022-01-22T13:29:24","modified_gmt":"2022-01-22T12:29:24","slug":"arnes-para-doble-penetracion","status":"publish","type":"product","link":"https:\/\/demoweb.info\/sexshop001\/producto\/arnes-para-doble-penetracion\/","title":{"rendered":"ARNES PARA DOBLE PENETRACION"},"content":{"rendered":"<p><font size=&quot;1&quot;><b>THE ULTIMATE TRIPLE STIMULATOR<\/b> es un novedoso juguete que te permite<br \/>\n<font color=&quot;#0000FF&quot;><b>disfrutar de la doble penetraci\u00f3n<\/b><\/font>, fabricado de suave gelatina de primera calidad, muy flexible.<\/p>\n<p><b>\u00a1Gozar del placer de la penetraci\u00f3n doble sin la molestia de implicar a<br \/>\nuna tercera persona!.<\/b><\/p>\n<p>Dispone de un agujero central donde se coloca el pene, obteniendo una doble penetraci\u00f3n, vaginal y anal,<br \/>\nadem\u00e1s de la estimulaci\u00f3n vibratoria conjunta del cl\u00edtoris y la base del pene.<\/p>\n<p><font color=&quot;#0000FF&quot;><b>Podr\u00e1s experimentar la sensaci\u00f3n del est\u00edmulo por tres<br \/>\ndiferentes v\u00edas<\/b><\/font>. <\/p>\n<p>Puedes darle la forma que m\u00e1s te guste gracias a que es <font color=&quot;#0000FF&quot;><b>vertebrado<\/b><\/font>, con lo que podr\u00e1s ir variando la posici\u00f3n hasta encontrar el punto m\u00e1s satisfactorio.<\/p>\n<p>Por otro lado, el anillo permite retardar la eyaculaci\u00f3n, mantener tu pene erecto mucho m\u00e1s tiempo y alargar el tiempo de las relaciones sexuales.<\/p>\n<p>La velocidad de vibraci\u00f3n del vibrador es regulable.  <\/p>\n<p><b>\u00a1Atr\u00e9vete a explorar nuevos placeres!. <br \/>\n<\/b><br \/>\n<br \/>\nMedidas: 13 cm x 3 cm.<\/p>\n<p>Funciona con 2 pilas <b>R6\/AA<\/b> que puedes encontrar en la secci\u00f3n <b>Pilas<\/b>.<\/font><\/p>\n","protected":false},"excerpt":{"rendered":"<p>THE ULTIMATE TRIPLE STIMULATOR es un novedoso juguete que te permite disfrutar de la doble penetraci\u00f3n, fabricado de suave gelatina<\/p>\n","protected":false},"featured_media":35357,"comment_status":"open","ping_status":"open","template":"","meta":[],"product_cat":[278],"product_tag":[660],"class_list":["post-35356","product","type-product","status-publish","has-post-thumbnail","hentry","product_cat-vibradores","product_tag-calexotics"],"bundled_by":[],"bundle_stock_status":"instock","bundle_stock_quantity":2,"bundle_virtual":false,"bundle_layout":"","bundle_add_to_cart_form_location":"","bundle_editable_in_cart":false,"bundle_sold_individually_context":"","bundle_item_grouping":"","bundle_min_size":"","bundle_max_size":"","bundled_items":[],"yoast_head":"<!-- This site is optimized with the Yoast SEO plugin v20.6 - https:\/\/yoast.com\/wordpress\/plugins\/seo\/ -->\n<title>ARNES PARA DOBLE PENETRACION - Tienda Er\u00f3tica<\/title>\n<meta name=\"robots\" content=\"noindex, follow, max-snippet:-1, max-image-preview:large, max-video-preview:-1\" \/>\n<meta property=\"og:locale\" content=\"es_ES\" \/>\n<meta property=\"og:type\" content=\"article\" \/>\n<meta property=\"og:title\" content=\"ARNES PARA DOBLE PENETRACION - Tienda Er\u00f3tica\" \/>\n<meta property=\"og:description\" content=\"THE ULTIMATE TRIPLE STIMULATOR es un novedoso juguete que te permite disfrutar de la doble penetraci\u00f3n, fabricado de suave gelatina\" \/>\n<meta property=\"og:url\" content=\"https:\/\/demoweb.info\/sexshop001\/producto\/arnes-para-doble-penetracion\/\" \/>\n<meta property=\"og:site_name\" content=\"Tienda Er\u00f3tica\" \/>\n<meta property=\"article:modified_time\" content=\"2022-01-22T12:29:24+00:00\" \/>\n<meta property=\"og:image\" content=\"https:\/\/demoweb.info\/sexshop001\/wp-content\/uploads\/2022\/01\/ARNES-PARA-DOBLE-PENETRACION.jpg\" \/>\n\t<meta property=\"og:image:width\" content=\"550\" \/>\n\t<meta property=\"og:image:height\" content=\"550\" \/>\n\t<meta property=\"og:image:type\" content=\"image\/jpeg\" \/>\n<meta name=\"twitter:card\" content=\"summary_large_image\" \/>\n<meta name=\"twitter:label1\" content=\"Tiempo de lectura\" \/>\n\t<meta name=\"twitter:data1\" content=\"1 minuto\" \/>\n<script type=\"application\/ld+json\" class=\"yoast-schema-graph\">{\"@context\":\"https:\/\/schema.org\",\"@graph\":[{\"@type\":\"WebPage\",\"@id\":\"https:\/\/demoweb.info\/sexshop001\/producto\/arnes-para-doble-penetracion\/\",\"url\":\"https:\/\/demoweb.info\/sexshop001\/producto\/arnes-para-doble-penetracion\/\",\"name\":\"ARNES PARA DOBLE PENETRACION - Tienda Er\u00f3tica\",\"isPartOf\":{\"@id\":\"https:\/\/demoweb.info\/sexshop001\/#website\"},\"datePublished\":\"2022-01-22T12:29:18+00:00\",\"dateModified\":\"2022-01-22T12:29:24+00:00\",\"breadcrumb\":{\"@id\":\"https:\/\/demoweb.info\/sexshop001\/producto\/arnes-para-doble-penetracion\/#breadcrumb\"},\"inLanguage\":\"es\",\"potentialAction\":[{\"@type\":\"ReadAction\",\"target\":[\"https:\/\/demoweb.info\/sexshop001\/producto\/arnes-para-doble-penetracion\/\"]}]},{\"@type\":\"BreadcrumbList\",\"@id\":\"https:\/\/demoweb.info\/sexshop001\/producto\/arnes-para-doble-penetracion\/#breadcrumb\",\"itemListElement\":[{\"@type\":\"ListItem\",\"position\":1,\"name\":\"Portada\",\"item\":\"https:\/\/demoweb.info\/sexshop001\/\"},{\"@type\":\"ListItem\",\"position\":2,\"name\":\"Tienda\",\"item\":\"https:\/\/demoweb.info\/sexshop001\/tienda\/\"},{\"@type\":\"ListItem\",\"position\":3,\"name\":\"ARNES PARA DOBLE PENETRACION\"}]},{\"@type\":\"WebSite\",\"@id\":\"https:\/\/demoweb.info\/sexshop001\/#website\",\"url\":\"https:\/\/demoweb.info\/sexshop001\/\",\"name\":\"Tienda Er\u00f3tica\",\"description\":\"DEMOWEB SL\",\"potentialAction\":[{\"@type\":\"SearchAction\",\"target\":{\"@type\":\"EntryPoint\",\"urlTemplate\":\"https:\/\/demoweb.info\/sexshop001\/?s={search_term_string}\"},\"query-input\":\"required name=search_term_string\"}],\"inLanguage\":\"es\"}]}<\/script>\n<!-- \/ Yoast SEO plugin. -->","yoast_head_json":{"title":"ARNES PARA DOBLE PENETRACION - Tienda Er\u00f3tica","robots":{"index":"noindex","follow":"follow","max-snippet":"max-snippet:-1","max-image-preview":"max-image-preview:large","max-video-preview":"max-video-preview:-1"},"og_locale":"es_ES","og_type":"article","og_title":"ARNES PARA DOBLE PENETRACION - Tienda Er\u00f3tica","og_description":"THE ULTIMATE TRIPLE STIMULATOR es un novedoso juguete que te permite disfrutar de la doble penetraci\u00f3n, fabricado de suave gelatina","og_url":"https:\/\/demoweb.info\/sexshop001\/producto\/arnes-para-doble-penetracion\/","og_site_name":"Tienda Er\u00f3tica","article_modified_time":"2022-01-22T12:29:24+00:00","og_image":[{"width":550,"height":550,"url":"https:\/\/demoweb.info\/sexshop001\/wp-content\/uploads\/2022\/01\/ARNES-PARA-DOBLE-PENETRACION.jpg","type":"image\/jpeg"}],"twitter_card":"summary_large_image","twitter_misc":{"Tiempo de lectura":"1 minuto"},"schema":{"@context":"https:\/\/schema.org","@graph":[{"@type":"WebPage","@id":"https:\/\/demoweb.info\/sexshop001\/producto\/arnes-para-doble-penetracion\/","url":"https:\/\/demoweb.info\/sexshop001\/producto\/arnes-para-doble-penetracion\/","name":"ARNES PARA DOBLE PENETRACION - Tienda Er\u00f3tica","isPartOf":{"@id":"https:\/\/demoweb.info\/sexshop001\/#website"},"datePublished":"2022-01-22T12:29:18+00:00","dateModified":"2022-01-22T12:29:24+00:00","breadcrumb":{"@id":"https:\/\/demoweb.info\/sexshop001\/producto\/arnes-para-doble-penetracion\/#breadcrumb"},"inLanguage":"es","potentialAction":[{"@type":"ReadAction","target":["https:\/\/demoweb.info\/sexshop001\/producto\/arnes-para-doble-penetracion\/"]}]},{"@type":"BreadcrumbList","@id":"https:\/\/demoweb.info\/sexshop001\/producto\/arnes-para-doble-penetracion\/#breadcrumb","itemListElement":[{"@type":"ListItem","position":1,"name":"Portada","item":"https:\/\/demoweb.info\/sexshop001\/"},{"@type":"ListItem","position":2,"name":"Tienda","item":"https:\/\/demoweb.info\/sexshop001\/tienda\/"},{"@type":"ListItem","position":3,"name":"ARNES PARA DOBLE PENETRACION"}]},{"@type":"WebSite","@id":"https:\/\/demoweb.info\/sexshop001\/#website","url":"https:\/\/demoweb.info\/sexshop001\/","name":"Tienda Er\u00f3tica","description":"DEMOWEB SL","potentialAction":[{"@type":"SearchAction","target":{"@type":"EntryPoint","urlTemplate":"https:\/\/demoweb.info\/sexshop001\/?s={search_term_string}"},"query-input":"required name=search_term_string"}],"inLanguage":"es"}]}},"_links":{"self":[{"href":"https:\/\/demoweb.info\/sexshop001\/wp-json\/wp\/v3\/product\/35356","targetHints":{"allow":["GET"]}}],"collection":[{"href":"https:\/\/demoweb.info\/sexshop001\/wp-json\/wp\/v3\/product"}],"about":[{"href":"https:\/\/demoweb.info\/sexshop001\/wp-json\/wp\/v2\/types\/product"}],"replies":[{"embeddable":true,"href":"https:\/\/demoweb.info\/sexshop001\/wp-json\/wp\/v2\/comments?post=35356"}],"wp:featuredmedia":[{"embeddable":true,"href":"https:\/\/demoweb.info\/sexshop001\/wp-json\/wp\/v2\/media\/35357"}],"wp:attachment":[{"href":"https:\/\/demoweb.info\/sexshop001\/wp-json\/wp\/v2\/media?parent=35356"}],"wp:term":[{"taxonomy":"product_cat","embeddable":true,"href":"https:\/\/demoweb.info\/sexshop001\/wp-json\/wp\/v2\/product_cat?post=35356"},{"taxonomy":"product_tag","embeddable":true,"href":"https:\/\/demoweb.info\/sexshop001\/wp-json\/wp\/v2\/product_tag?post=35356"}],"curies":[{"name":"wp","href":"https:\/\/api.w.org\/{rel}","templated":true}]}}