{"id":35353,"date":"2022-01-22T13:29:18","date_gmt":"2022-01-22T12:29:18","guid":{"rendered":"https:\/\/demoweb.info\/sexshop001\/producto\/brazo-y-puno-realistico\/"},"modified":"2022-01-22T13:29:23","modified_gmt":"2022-01-22T12:29:23","slug":"brazo-y-puno-realistico","status":"publish","type":"product","link":"https:\/\/demoweb.info\/sexshop001\/producto\/brazo-y-puno-realistico\/","title":{"rendered":"BRAZO Y PU\u00d1O REALISTICO"},"content":{"rendered":"<\/p>\n<p><strong>THE NATURAL FIST <\/strong> es un brazo con pu\u00f1o fabricado en vinilo de gran calidad, a escala real, con tacto totalmente humano.<\/p>\n<p>Tiene la forma de un brazo con todo lujo de detalles, antebrazo, mu\u00f1eca, mano, dedos, u\u00f1as, nudillos, venas, poros de la piel, etc, muy bien reproducidos, as\u00ed como un tacto muy suave.<\/p>\n<p>La forma del pu\u00f1o, est\u00e1 dise\u00f1ada espec\u00edficamente para facilitar la introducci\u00f3n por cualquiera de tus orificios. <strong>Es muy suave<\/strong>.<\/p>\n<p>Este juguete bien lubricado, se abrir\u00e1 paso sin problemas, gracias a su deslizante material, ayud\u00e1ndote a alcanzar ese punto que siempre has buscado.<\/p>\n<p><strong>\u00a1Atr\u00e9vete a explorar nuevos placeres!. <\/strong><\/p>\n<p>Medidas: 33,66 cm x 8,89 cm.<\/p><\/p>\n","protected":false},"excerpt":{"rendered":"<p>THE NATURAL FIST es un brazo con pu\u00f1o fabricado en vinilo de gran calidad, a escala real, con tacto totalmente<\/p>\n","protected":false},"featured_media":35354,"comment_status":"open","ping_status":"open","template":"","meta":[],"product_cat":[850],"product_tag":[460,1221],"class_list":["post-35353","product","type-product","status-publish","has-post-thumbnail","hentry","product_cat-fisting","product_tag-doc-johnson","product_tag-the-classics"],"bundled_by":[],"bundle_stock_status":"outofstock","bundle_stock_quantity":0,"bundle_virtual":false,"bundle_layout":"","bundle_add_to_cart_form_location":"","bundle_editable_in_cart":false,"bundle_sold_individually_context":"","bundle_item_grouping":"","bundle_min_size":"","bundle_max_size":"","bundled_items":[],"yoast_head":"<!-- This site is optimized with the Yoast SEO plugin v20.6 - https:\/\/yoast.com\/wordpress\/plugins\/seo\/ -->\n<title>BRAZO Y PU\u00d1O REALISTICO - Tienda Er\u00f3tica<\/title>\n<meta name=\"robots\" content=\"noindex, follow, max-snippet:-1, max-image-preview:large, max-video-preview:-1\" \/>\n<meta property=\"og:locale\" content=\"es_ES\" \/>\n<meta property=\"og:type\" content=\"article\" \/>\n<meta property=\"og:title\" content=\"BRAZO Y PU\u00d1O REALISTICO - Tienda Er\u00f3tica\" \/>\n<meta property=\"og:description\" content=\"THE NATURAL FIST es un brazo con pu\u00f1o fabricado en vinilo de gran calidad, a escala real, con tacto totalmente\" \/>\n<meta property=\"og:url\" content=\"https:\/\/demoweb.info\/sexshop001\/producto\/brazo-y-puno-realistico\/\" \/>\n<meta property=\"og:site_name\" content=\"Tienda Er\u00f3tica\" \/>\n<meta property=\"article:modified_time\" content=\"2022-01-22T12:29:23+00:00\" \/>\n<meta property=\"og:image\" content=\"https:\/\/demoweb.info\/sexshop001\/wp-content\/uploads\/2022\/01\/BRAZO-Y-PUNO-REALISTICO.jpg\" \/>\n\t<meta property=\"og:image:width\" content=\"550\" \/>\n\t<meta property=\"og:image:height\" content=\"550\" \/>\n\t<meta property=\"og:image:type\" content=\"image\/jpeg\" \/>\n<meta name=\"twitter:card\" content=\"summary_large_image\" \/>\n<meta name=\"twitter:label1\" content=\"Tiempo de lectura\" \/>\n\t<meta name=\"twitter:data1\" content=\"1 minuto\" \/>\n<script type=\"application\/ld+json\" class=\"yoast-schema-graph\">{\"@context\":\"https:\/\/schema.org\",\"@graph\":[{\"@type\":\"WebPage\",\"@id\":\"https:\/\/demoweb.info\/sexshop001\/producto\/brazo-y-puno-realistico\/\",\"url\":\"https:\/\/demoweb.info\/sexshop001\/producto\/brazo-y-puno-realistico\/\",\"name\":\"BRAZO Y PU\u00d1O REALISTICO - Tienda Er\u00f3tica\",\"isPartOf\":{\"@id\":\"https:\/\/demoweb.info\/sexshop001\/#website\"},\"datePublished\":\"2022-01-22T12:29:18+00:00\",\"dateModified\":\"2022-01-22T12:29:23+00:00\",\"breadcrumb\":{\"@id\":\"https:\/\/demoweb.info\/sexshop001\/producto\/brazo-y-puno-realistico\/#breadcrumb\"},\"inLanguage\":\"es\",\"potentialAction\":[{\"@type\":\"ReadAction\",\"target\":[\"https:\/\/demoweb.info\/sexshop001\/producto\/brazo-y-puno-realistico\/\"]}]},{\"@type\":\"BreadcrumbList\",\"@id\":\"https:\/\/demoweb.info\/sexshop001\/producto\/brazo-y-puno-realistico\/#breadcrumb\",\"itemListElement\":[{\"@type\":\"ListItem\",\"position\":1,\"name\":\"Portada\",\"item\":\"https:\/\/demoweb.info\/sexshop001\/\"},{\"@type\":\"ListItem\",\"position\":2,\"name\":\"Tienda\",\"item\":\"https:\/\/demoweb.info\/sexshop001\/tienda\/\"},{\"@type\":\"ListItem\",\"position\":3,\"name\":\"BRAZO Y PU\u00d1O REALISTICO\"}]},{\"@type\":\"WebSite\",\"@id\":\"https:\/\/demoweb.info\/sexshop001\/#website\",\"url\":\"https:\/\/demoweb.info\/sexshop001\/\",\"name\":\"Tienda Er\u00f3tica\",\"description\":\"DEMOWEB SL\",\"potentialAction\":[{\"@type\":\"SearchAction\",\"target\":{\"@type\":\"EntryPoint\",\"urlTemplate\":\"https:\/\/demoweb.info\/sexshop001\/?s={search_term_string}\"},\"query-input\":\"required name=search_term_string\"}],\"inLanguage\":\"es\"}]}<\/script>\n<!-- \/ Yoast SEO plugin. -->","yoast_head_json":{"title":"BRAZO Y PU\u00d1O REALISTICO - Tienda Er\u00f3tica","robots":{"index":"noindex","follow":"follow","max-snippet":"max-snippet:-1","max-image-preview":"max-image-preview:large","max-video-preview":"max-video-preview:-1"},"og_locale":"es_ES","og_type":"article","og_title":"BRAZO Y PU\u00d1O REALISTICO - Tienda Er\u00f3tica","og_description":"THE NATURAL FIST es un brazo con pu\u00f1o fabricado en vinilo de gran calidad, a escala real, con tacto totalmente","og_url":"https:\/\/demoweb.info\/sexshop001\/producto\/brazo-y-puno-realistico\/","og_site_name":"Tienda Er\u00f3tica","article_modified_time":"2022-01-22T12:29:23+00:00","og_image":[{"width":550,"height":550,"url":"https:\/\/demoweb.info\/sexshop001\/wp-content\/uploads\/2022\/01\/BRAZO-Y-PUNO-REALISTICO.jpg","type":"image\/jpeg"}],"twitter_card":"summary_large_image","twitter_misc":{"Tiempo de lectura":"1 minuto"},"schema":{"@context":"https:\/\/schema.org","@graph":[{"@type":"WebPage","@id":"https:\/\/demoweb.info\/sexshop001\/producto\/brazo-y-puno-realistico\/","url":"https:\/\/demoweb.info\/sexshop001\/producto\/brazo-y-puno-realistico\/","name":"BRAZO Y PU\u00d1O REALISTICO - Tienda Er\u00f3tica","isPartOf":{"@id":"https:\/\/demoweb.info\/sexshop001\/#website"},"datePublished":"2022-01-22T12:29:18+00:00","dateModified":"2022-01-22T12:29:23+00:00","breadcrumb":{"@id":"https:\/\/demoweb.info\/sexshop001\/producto\/brazo-y-puno-realistico\/#breadcrumb"},"inLanguage":"es","potentialAction":[{"@type":"ReadAction","target":["https:\/\/demoweb.info\/sexshop001\/producto\/brazo-y-puno-realistico\/"]}]},{"@type":"BreadcrumbList","@id":"https:\/\/demoweb.info\/sexshop001\/producto\/brazo-y-puno-realistico\/#breadcrumb","itemListElement":[{"@type":"ListItem","position":1,"name":"Portada","item":"https:\/\/demoweb.info\/sexshop001\/"},{"@type":"ListItem","position":2,"name":"Tienda","item":"https:\/\/demoweb.info\/sexshop001\/tienda\/"},{"@type":"ListItem","position":3,"name":"BRAZO Y PU\u00d1O REALISTICO"}]},{"@type":"WebSite","@id":"https:\/\/demoweb.info\/sexshop001\/#website","url":"https:\/\/demoweb.info\/sexshop001\/","name":"Tienda Er\u00f3tica","description":"DEMOWEB SL","potentialAction":[{"@type":"SearchAction","target":{"@type":"EntryPoint","urlTemplate":"https:\/\/demoweb.info\/sexshop001\/?s={search_term_string}"},"query-input":"required name=search_term_string"}],"inLanguage":"es"}]}},"_links":{"self":[{"href":"https:\/\/demoweb.info\/sexshop001\/wp-json\/wp\/v3\/product\/35353","targetHints":{"allow":["GET"]}}],"collection":[{"href":"https:\/\/demoweb.info\/sexshop001\/wp-json\/wp\/v3\/product"}],"about":[{"href":"https:\/\/demoweb.info\/sexshop001\/wp-json\/wp\/v2\/types\/product"}],"replies":[{"embeddable":true,"href":"https:\/\/demoweb.info\/sexshop001\/wp-json\/wp\/v2\/comments?post=35353"}],"wp:featuredmedia":[{"embeddable":true,"href":"https:\/\/demoweb.info\/sexshop001\/wp-json\/wp\/v2\/media\/35354"}],"wp:attachment":[{"href":"https:\/\/demoweb.info\/sexshop001\/wp-json\/wp\/v2\/media?parent=35353"}],"wp:term":[{"taxonomy":"product_cat","embeddable":true,"href":"https:\/\/demoweb.info\/sexshop001\/wp-json\/wp\/v2\/product_cat?post=35353"},{"taxonomy":"product_tag","embeddable":true,"href":"https:\/\/demoweb.info\/sexshop001\/wp-json\/wp\/v2\/product_tag?post=35353"}],"curies":[{"name":"wp","href":"https:\/\/api.w.org\/{rel}","templated":true}]}}