{"id":35344,"date":"2022-01-22T13:29:18","date_gmt":"2022-01-22T12:29:18","guid":{"rendered":"https:\/\/demoweb.info\/sexshop001\/producto\/arnes-con-pene-realistico-y-braguita-ajustable\/"},"modified":"2022-01-22T13:29:18","modified_gmt":"2022-01-22T12:29:18","slug":"arnes-con-pene-realistico-y-braguita-ajustable","status":"publish","type":"product","link":"https:\/\/demoweb.info\/sexshop001\/producto\/arnes-con-pene-realistico-y-braguita-ajustable\/","title":{"rendered":"ARNES CON PENE REALISTICO Y BRAGUITA AJUSTABLE"},"content":{"rendered":"<p align=&quot;justify&quot;><font size=&quot;1&quot;><b>SUPERWOMAN STRAP-ON MEGAPOWER<\/b> es un<br \/>\n<font color=&quot;#0000FF&quot;><b>arn\u00e9s ajustable<\/b><\/font> para mujeres con un<br \/>\nfenomenal pene real\u00edstico fabricado de vinilo de gran calidad. <\/p>\n<p>Tiene la forma de un vigoroso pene con todo lujo de detalles, incluyendo test\u00edculos, que bien lubricado, se abrir\u00e1 paso sin<br \/>\nproblemas, gracias a su deslizante material, ayud\u00e1ndote a alcanzar ese punto que siempre has buscado.<\/p>\n<p>Dise\u00f1ado espec\u00edficamente para mujeres que desean realizar penetraciones, sobre<br \/>\nhombres o mujeres indistintamente. <\/p>\n<p>Incluye braguita triangular con correaje <font color=&quot;#0000FF&quot;><b>ajustable a<br \/>\ntodas las tallas<\/b><\/font>, incluso las m\u00e1s grandes, ya que dispone de correaje extra. <\/p>\n<p>Ideal para penetraciones l\u00e9sbicas y bisexuales. <\/p>\n<p><b>\u00a1Descubre un nuevo mundo de posibilidades!. <br \/>\n<\/b><br \/>\n<br \/>\nMedidas: 17 cm x 4 cm.<\/font><\/p>\n","protected":false},"excerpt":{"rendered":"<p>SUPERWOMAN STRAP-ON MEGAPOWER es un arn\u00e9s ajustable para mujeres con un fenomenal pene real\u00edstico fabricado de vinilo de gran calidad.<\/p>\n","protected":false},"featured_media":35345,"comment_status":"open","ping_status":"open","template":"","meta":[],"product_cat":[480],"product_tag":[1233,247],"class_list":["post-35344","product","type-product","status-publish","has-post-thumbnail","hentry","product_cat-con-pene","product_tag-classics","product_tag-toyjoy"],"bundled_by":[],"bundle_stock_status":"instock","bundle_stock_quantity":7,"bundle_virtual":false,"bundle_layout":"","bundle_add_to_cart_form_location":"","bundle_editable_in_cart":false,"bundle_sold_individually_context":"","bundle_item_grouping":"","bundle_min_size":"","bundle_max_size":"","bundled_items":[],"yoast_head":"<!-- This site is optimized with the Yoast SEO plugin v20.6 - https:\/\/yoast.com\/wordpress\/plugins\/seo\/ -->\n<title>ARNES CON PENE REALISTICO Y BRAGUITA AJUSTABLE - Tienda Er\u00f3tica<\/title>\n<meta name=\"robots\" content=\"noindex, follow, max-snippet:-1, max-image-preview:large, max-video-preview:-1\" \/>\n<meta property=\"og:locale\" content=\"es_ES\" \/>\n<meta property=\"og:type\" content=\"article\" \/>\n<meta property=\"og:title\" content=\"ARNES CON PENE REALISTICO Y BRAGUITA AJUSTABLE - Tienda Er\u00f3tica\" \/>\n<meta property=\"og:description\" content=\"SUPERWOMAN STRAP-ON MEGAPOWER es un arn\u00e9s ajustable para mujeres con un fenomenal pene real\u00edstico fabricado de vinilo de gran calidad.\" \/>\n<meta property=\"og:url\" content=\"https:\/\/demoweb.info\/sexshop001\/producto\/arnes-con-pene-realistico-y-braguita-ajustable\/\" \/>\n<meta property=\"og:site_name\" content=\"Tienda Er\u00f3tica\" \/>\n<meta property=\"og:image\" content=\"https:\/\/demoweb.info\/sexshop001\/wp-content\/uploads\/2022\/01\/ARNES-CON-PENE-REALISTICO-Y-BRAGUITA-AJUSTABLE.jpg\" \/>\n\t<meta property=\"og:image:width\" content=\"550\" \/>\n\t<meta property=\"og:image:height\" content=\"550\" \/>\n\t<meta property=\"og:image:type\" content=\"image\/jpeg\" \/>\n<meta name=\"twitter:card\" content=\"summary_large_image\" \/>\n<meta name=\"twitter:label1\" content=\"Tiempo de lectura\" \/>\n\t<meta name=\"twitter:data1\" content=\"1 minuto\" \/>\n<script type=\"application\/ld+json\" class=\"yoast-schema-graph\">{\"@context\":\"https:\/\/schema.org\",\"@graph\":[{\"@type\":\"WebPage\",\"@id\":\"https:\/\/demoweb.info\/sexshop001\/producto\/arnes-con-pene-realistico-y-braguita-ajustable\/\",\"url\":\"https:\/\/demoweb.info\/sexshop001\/producto\/arnes-con-pene-realistico-y-braguita-ajustable\/\",\"name\":\"ARNES CON PENE REALISTICO Y BRAGUITA AJUSTABLE - Tienda Er\u00f3tica\",\"isPartOf\":{\"@id\":\"https:\/\/demoweb.info\/sexshop001\/#website\"},\"datePublished\":\"2022-01-22T12:29:18+00:00\",\"dateModified\":\"2022-01-22T12:29:18+00:00\",\"breadcrumb\":{\"@id\":\"https:\/\/demoweb.info\/sexshop001\/producto\/arnes-con-pene-realistico-y-braguita-ajustable\/#breadcrumb\"},\"inLanguage\":\"es\",\"potentialAction\":[{\"@type\":\"ReadAction\",\"target\":[\"https:\/\/demoweb.info\/sexshop001\/producto\/arnes-con-pene-realistico-y-braguita-ajustable\/\"]}]},{\"@type\":\"BreadcrumbList\",\"@id\":\"https:\/\/demoweb.info\/sexshop001\/producto\/arnes-con-pene-realistico-y-braguita-ajustable\/#breadcrumb\",\"itemListElement\":[{\"@type\":\"ListItem\",\"position\":1,\"name\":\"Portada\",\"item\":\"https:\/\/demoweb.info\/sexshop001\/\"},{\"@type\":\"ListItem\",\"position\":2,\"name\":\"Tienda\",\"item\":\"https:\/\/demoweb.info\/sexshop001\/tienda\/\"},{\"@type\":\"ListItem\",\"position\":3,\"name\":\"ARNES CON PENE REALISTICO Y BRAGUITA AJUSTABLE\"}]},{\"@type\":\"WebSite\",\"@id\":\"https:\/\/demoweb.info\/sexshop001\/#website\",\"url\":\"https:\/\/demoweb.info\/sexshop001\/\",\"name\":\"Tienda Er\u00f3tica\",\"description\":\"DEMOWEB SL\",\"potentialAction\":[{\"@type\":\"SearchAction\",\"target\":{\"@type\":\"EntryPoint\",\"urlTemplate\":\"https:\/\/demoweb.info\/sexshop001\/?s={search_term_string}\"},\"query-input\":\"required name=search_term_string\"}],\"inLanguage\":\"es\"}]}<\/script>\n<!-- \/ Yoast SEO plugin. -->","yoast_head_json":{"title":"ARNES CON PENE REALISTICO Y BRAGUITA AJUSTABLE - Tienda Er\u00f3tica","robots":{"index":"noindex","follow":"follow","max-snippet":"max-snippet:-1","max-image-preview":"max-image-preview:large","max-video-preview":"max-video-preview:-1"},"og_locale":"es_ES","og_type":"article","og_title":"ARNES CON PENE REALISTICO Y BRAGUITA AJUSTABLE - Tienda Er\u00f3tica","og_description":"SUPERWOMAN STRAP-ON MEGAPOWER es un arn\u00e9s ajustable para mujeres con un fenomenal pene real\u00edstico fabricado de vinilo de gran calidad.","og_url":"https:\/\/demoweb.info\/sexshop001\/producto\/arnes-con-pene-realistico-y-braguita-ajustable\/","og_site_name":"Tienda Er\u00f3tica","og_image":[{"width":550,"height":550,"url":"https:\/\/demoweb.info\/sexshop001\/wp-content\/uploads\/2022\/01\/ARNES-CON-PENE-REALISTICO-Y-BRAGUITA-AJUSTABLE.jpg","type":"image\/jpeg"}],"twitter_card":"summary_large_image","twitter_misc":{"Tiempo de lectura":"1 minuto"},"schema":{"@context":"https:\/\/schema.org","@graph":[{"@type":"WebPage","@id":"https:\/\/demoweb.info\/sexshop001\/producto\/arnes-con-pene-realistico-y-braguita-ajustable\/","url":"https:\/\/demoweb.info\/sexshop001\/producto\/arnes-con-pene-realistico-y-braguita-ajustable\/","name":"ARNES CON PENE REALISTICO Y BRAGUITA AJUSTABLE - Tienda Er\u00f3tica","isPartOf":{"@id":"https:\/\/demoweb.info\/sexshop001\/#website"},"datePublished":"2022-01-22T12:29:18+00:00","dateModified":"2022-01-22T12:29:18+00:00","breadcrumb":{"@id":"https:\/\/demoweb.info\/sexshop001\/producto\/arnes-con-pene-realistico-y-braguita-ajustable\/#breadcrumb"},"inLanguage":"es","potentialAction":[{"@type":"ReadAction","target":["https:\/\/demoweb.info\/sexshop001\/producto\/arnes-con-pene-realistico-y-braguita-ajustable\/"]}]},{"@type":"BreadcrumbList","@id":"https:\/\/demoweb.info\/sexshop001\/producto\/arnes-con-pene-realistico-y-braguita-ajustable\/#breadcrumb","itemListElement":[{"@type":"ListItem","position":1,"name":"Portada","item":"https:\/\/demoweb.info\/sexshop001\/"},{"@type":"ListItem","position":2,"name":"Tienda","item":"https:\/\/demoweb.info\/sexshop001\/tienda\/"},{"@type":"ListItem","position":3,"name":"ARNES CON PENE REALISTICO Y BRAGUITA AJUSTABLE"}]},{"@type":"WebSite","@id":"https:\/\/demoweb.info\/sexshop001\/#website","url":"https:\/\/demoweb.info\/sexshop001\/","name":"Tienda Er\u00f3tica","description":"DEMOWEB SL","potentialAction":[{"@type":"SearchAction","target":{"@type":"EntryPoint","urlTemplate":"https:\/\/demoweb.info\/sexshop001\/?s={search_term_string}"},"query-input":"required name=search_term_string"}],"inLanguage":"es"}]}},"_links":{"self":[{"href":"https:\/\/demoweb.info\/sexshop001\/wp-json\/wp\/v3\/product\/35344","targetHints":{"allow":["GET"]}}],"collection":[{"href":"https:\/\/demoweb.info\/sexshop001\/wp-json\/wp\/v3\/product"}],"about":[{"href":"https:\/\/demoweb.info\/sexshop001\/wp-json\/wp\/v2\/types\/product"}],"replies":[{"embeddable":true,"href":"https:\/\/demoweb.info\/sexshop001\/wp-json\/wp\/v2\/comments?post=35344"}],"wp:featuredmedia":[{"embeddable":true,"href":"https:\/\/demoweb.info\/sexshop001\/wp-json\/wp\/v2\/media\/35345"}],"wp:attachment":[{"href":"https:\/\/demoweb.info\/sexshop001\/wp-json\/wp\/v2\/media?parent=35344"}],"wp:term":[{"taxonomy":"product_cat","embeddable":true,"href":"https:\/\/demoweb.info\/sexshop001\/wp-json\/wp\/v2\/product_cat?post=35344"},{"taxonomy":"product_tag","embeddable":true,"href":"https:\/\/demoweb.info\/sexshop001\/wp-json\/wp\/v2\/product_tag?post=35344"}],"curies":[{"name":"wp","href":"https:\/\/api.w.org\/{rel}","templated":true}]}}