{"id":35320,"date":"2022-01-22T13:28:59","date_gmt":"2022-01-22T12:28:59","guid":{"rendered":"https:\/\/demoweb.info\/sexshop001\/producto\/vibrador-con-estimulador-de-clitoris-azul\/"},"modified":"2022-01-22T13:29:03","modified_gmt":"2022-01-22T12:29:03","slug":"vibrador-con-estimulador-de-clitoris-azul","status":"publish","type":"product","link":"https:\/\/demoweb.info\/sexshop001\/producto\/vibrador-con-estimulador-de-clitoris-azul\/","title":{"rendered":"VIBRADOR CON ESTIMULADOR DE CLITORIS AZUL"},"content":{"rendered":"<p align=&quot;justify&quot;><font size=&quot;1&quot;><b>TWINTURBO DOLPHIN VIBRATOR BLUE<\/b> es un vibrador de alta tecnolog\u00eda con estimulador de cl\u00edtoris incorporado, fabricado<br \/>\nen gelatina de gran calidad. <\/p>\n<p>Adem\u00e1s de su estimulador de cl\u00edtoris vibrante, incluye unas<br \/>\n<font color=&quot;#0000FF&quot;><b>perlas giratorias<\/b><\/font>,<br \/>\nque te har\u00e1n perder la cabeza de placer.<\/p>\n<p>Por si todo esto te parece poco, su cabeza tambi\u00e9n oscila sobre si misma en ambas direcciones.<\/p>\n<p>Incorpora dos controles electr\u00f3nicos tanto de velocidad como de oscilaci\u00f3n y rotaci\u00f3n. <\/p>\n<p>Funciona con 4 pilas <b>R6\/AA<\/b> que puedes encontrar en la secci\u00f3n <b>Pilas<\/b>.<\/p>\n<p><b>\u00a1Atr\u00e9vete a explorar nuevos placeres!.<br \/>\n<\/b><br \/>\n<\/font><\/p>\n","protected":false},"excerpt":{"rendered":"<p>TWINTURBO DOLPHIN VIBRATOR BLUE es un vibrador de alta tecnolog\u00eda con estimulador de cl\u00edtoris incorporado, fabricado en gelatina de gran<\/p>\n","protected":false},"featured_media":35321,"comment_status":"open","ping_status":"open","template":"","meta":[],"product_cat":[434],"product_tag":[692,247],"class_list":["post-35320","product","type-product","status-publish","has-post-thumbnail","hentry","product_cat-doble-estimulacion-vibradores-juguetes-xxx","product_tag-the-rabbits","product_tag-toyjoy"],"bundled_by":[],"bundle_stock_status":"instock","bundle_stock_quantity":3,"bundle_virtual":false,"bundle_layout":"","bundle_add_to_cart_form_location":"","bundle_editable_in_cart":false,"bundle_sold_individually_context":"","bundle_item_grouping":"","bundle_min_size":"","bundle_max_size":"","bundled_items":[],"yoast_head":"<!-- This site is optimized with the Yoast SEO plugin v20.6 - https:\/\/yoast.com\/wordpress\/plugins\/seo\/ -->\n<title>VIBRADOR CON ESTIMULADOR DE CLITORIS AZUL - Tienda Er\u00f3tica<\/title>\n<meta name=\"robots\" content=\"noindex, follow, max-snippet:-1, max-image-preview:large, max-video-preview:-1\" \/>\n<meta property=\"og:locale\" content=\"es_ES\" \/>\n<meta property=\"og:type\" content=\"article\" \/>\n<meta property=\"og:title\" content=\"VIBRADOR CON ESTIMULADOR DE CLITORIS AZUL - Tienda Er\u00f3tica\" \/>\n<meta property=\"og:description\" content=\"TWINTURBO DOLPHIN VIBRATOR BLUE es un vibrador de alta tecnolog\u00eda con estimulador de cl\u00edtoris incorporado, fabricado en gelatina de gran\" \/>\n<meta property=\"og:url\" content=\"https:\/\/demoweb.info\/sexshop001\/producto\/vibrador-con-estimulador-de-clitoris-azul\/\" \/>\n<meta property=\"og:site_name\" content=\"Tienda Er\u00f3tica\" \/>\n<meta property=\"article:modified_time\" content=\"2022-01-22T12:29:03+00:00\" \/>\n<meta property=\"og:image\" content=\"https:\/\/demoweb.info\/sexshop001\/wp-content\/uploads\/2022\/01\/VIBRADOR-CON-ESTIMULADOR-DE-CLITORIS-AZUL.jpg\" \/>\n\t<meta property=\"og:image:width\" content=\"550\" \/>\n\t<meta property=\"og:image:height\" content=\"550\" \/>\n\t<meta property=\"og:image:type\" content=\"image\/jpeg\" \/>\n<meta name=\"twitter:card\" content=\"summary_large_image\" \/>\n<script type=\"application\/ld+json\" class=\"yoast-schema-graph\">{\"@context\":\"https:\/\/schema.org\",\"@graph\":[{\"@type\":\"WebPage\",\"@id\":\"https:\/\/demoweb.info\/sexshop001\/producto\/vibrador-con-estimulador-de-clitoris-azul\/\",\"url\":\"https:\/\/demoweb.info\/sexshop001\/producto\/vibrador-con-estimulador-de-clitoris-azul\/\",\"name\":\"VIBRADOR CON ESTIMULADOR DE CLITORIS AZUL - Tienda Er\u00f3tica\",\"isPartOf\":{\"@id\":\"https:\/\/demoweb.info\/sexshop001\/#website\"},\"datePublished\":\"2022-01-22T12:28:59+00:00\",\"dateModified\":\"2022-01-22T12:29:03+00:00\",\"breadcrumb\":{\"@id\":\"https:\/\/demoweb.info\/sexshop001\/producto\/vibrador-con-estimulador-de-clitoris-azul\/#breadcrumb\"},\"inLanguage\":\"es\",\"potentialAction\":[{\"@type\":\"ReadAction\",\"target\":[\"https:\/\/demoweb.info\/sexshop001\/producto\/vibrador-con-estimulador-de-clitoris-azul\/\"]}]},{\"@type\":\"BreadcrumbList\",\"@id\":\"https:\/\/demoweb.info\/sexshop001\/producto\/vibrador-con-estimulador-de-clitoris-azul\/#breadcrumb\",\"itemListElement\":[{\"@type\":\"ListItem\",\"position\":1,\"name\":\"Portada\",\"item\":\"https:\/\/demoweb.info\/sexshop001\/\"},{\"@type\":\"ListItem\",\"position\":2,\"name\":\"Tienda\",\"item\":\"https:\/\/demoweb.info\/sexshop001\/tienda\/\"},{\"@type\":\"ListItem\",\"position\":3,\"name\":\"VIBRADOR CON ESTIMULADOR DE CLITORIS AZUL\"}]},{\"@type\":\"WebSite\",\"@id\":\"https:\/\/demoweb.info\/sexshop001\/#website\",\"url\":\"https:\/\/demoweb.info\/sexshop001\/\",\"name\":\"Tienda Er\u00f3tica\",\"description\":\"DEMOWEB SL\",\"potentialAction\":[{\"@type\":\"SearchAction\",\"target\":{\"@type\":\"EntryPoint\",\"urlTemplate\":\"https:\/\/demoweb.info\/sexshop001\/?s={search_term_string}\"},\"query-input\":\"required name=search_term_string\"}],\"inLanguage\":\"es\"}]}<\/script>\n<!-- \/ Yoast SEO plugin. -->","yoast_head_json":{"title":"VIBRADOR CON ESTIMULADOR DE CLITORIS AZUL - Tienda Er\u00f3tica","robots":{"index":"noindex","follow":"follow","max-snippet":"max-snippet:-1","max-image-preview":"max-image-preview:large","max-video-preview":"max-video-preview:-1"},"og_locale":"es_ES","og_type":"article","og_title":"VIBRADOR CON ESTIMULADOR DE CLITORIS AZUL - Tienda Er\u00f3tica","og_description":"TWINTURBO DOLPHIN VIBRATOR BLUE es un vibrador de alta tecnolog\u00eda con estimulador de cl\u00edtoris incorporado, fabricado en gelatina de gran","og_url":"https:\/\/demoweb.info\/sexshop001\/producto\/vibrador-con-estimulador-de-clitoris-azul\/","og_site_name":"Tienda Er\u00f3tica","article_modified_time":"2022-01-22T12:29:03+00:00","og_image":[{"width":550,"height":550,"url":"https:\/\/demoweb.info\/sexshop001\/wp-content\/uploads\/2022\/01\/VIBRADOR-CON-ESTIMULADOR-DE-CLITORIS-AZUL.jpg","type":"image\/jpeg"}],"twitter_card":"summary_large_image","schema":{"@context":"https:\/\/schema.org","@graph":[{"@type":"WebPage","@id":"https:\/\/demoweb.info\/sexshop001\/producto\/vibrador-con-estimulador-de-clitoris-azul\/","url":"https:\/\/demoweb.info\/sexshop001\/producto\/vibrador-con-estimulador-de-clitoris-azul\/","name":"VIBRADOR CON ESTIMULADOR DE CLITORIS AZUL - Tienda Er\u00f3tica","isPartOf":{"@id":"https:\/\/demoweb.info\/sexshop001\/#website"},"datePublished":"2022-01-22T12:28:59+00:00","dateModified":"2022-01-22T12:29:03+00:00","breadcrumb":{"@id":"https:\/\/demoweb.info\/sexshop001\/producto\/vibrador-con-estimulador-de-clitoris-azul\/#breadcrumb"},"inLanguage":"es","potentialAction":[{"@type":"ReadAction","target":["https:\/\/demoweb.info\/sexshop001\/producto\/vibrador-con-estimulador-de-clitoris-azul\/"]}]},{"@type":"BreadcrumbList","@id":"https:\/\/demoweb.info\/sexshop001\/producto\/vibrador-con-estimulador-de-clitoris-azul\/#breadcrumb","itemListElement":[{"@type":"ListItem","position":1,"name":"Portada","item":"https:\/\/demoweb.info\/sexshop001\/"},{"@type":"ListItem","position":2,"name":"Tienda","item":"https:\/\/demoweb.info\/sexshop001\/tienda\/"},{"@type":"ListItem","position":3,"name":"VIBRADOR CON ESTIMULADOR DE CLITORIS AZUL"}]},{"@type":"WebSite","@id":"https:\/\/demoweb.info\/sexshop001\/#website","url":"https:\/\/demoweb.info\/sexshop001\/","name":"Tienda Er\u00f3tica","description":"DEMOWEB SL","potentialAction":[{"@type":"SearchAction","target":{"@type":"EntryPoint","urlTemplate":"https:\/\/demoweb.info\/sexshop001\/?s={search_term_string}"},"query-input":"required name=search_term_string"}],"inLanguage":"es"}]}},"_links":{"self":[{"href":"https:\/\/demoweb.info\/sexshop001\/wp-json\/wp\/v3\/product\/35320","targetHints":{"allow":["GET"]}}],"collection":[{"href":"https:\/\/demoweb.info\/sexshop001\/wp-json\/wp\/v3\/product"}],"about":[{"href":"https:\/\/demoweb.info\/sexshop001\/wp-json\/wp\/v2\/types\/product"}],"replies":[{"embeddable":true,"href":"https:\/\/demoweb.info\/sexshop001\/wp-json\/wp\/v2\/comments?post=35320"}],"wp:featuredmedia":[{"embeddable":true,"href":"https:\/\/demoweb.info\/sexshop001\/wp-json\/wp\/v2\/media\/35321"}],"wp:attachment":[{"href":"https:\/\/demoweb.info\/sexshop001\/wp-json\/wp\/v2\/media?parent=35320"}],"wp:term":[{"taxonomy":"product_cat","embeddable":true,"href":"https:\/\/demoweb.info\/sexshop001\/wp-json\/wp\/v2\/product_cat?post=35320"},{"taxonomy":"product_tag","embeddable":true,"href":"https:\/\/demoweb.info\/sexshop001\/wp-json\/wp\/v2\/product_tag?post=35320"}],"curies":[{"name":"wp","href":"https:\/\/api.w.org\/{rel}","templated":true}]}}