{"id":35250,"date":"2022-01-22T13:28:21","date_gmt":"2022-01-22T12:28:21","guid":{"rendered":"https:\/\/demoweb.info\/sexshop001\/producto\/retard-907-spray-retardante\/"},"modified":"2022-01-22T13:28:25","modified_gmt":"2022-01-22T12:28:25","slug":"retard-907-spray-retardante","status":"publish","type":"product","link":"https:\/\/demoweb.info\/sexshop001\/producto\/retard-907-spray-retardante\/","title":{"rendered":"RETARD 907 SPRAY RETARDANTE"},"content":{"rendered":"<p><strong>RETARD 907 SPRAY<\/strong>, es un <strong> spray retardante<\/strong> para el hombre, que ayuda en casos de <strong>eyaculaci\u00f3n precoz<\/strong>, prolongando el tiempo que tarda un hombre en llegar al orgasmo, permitiendo disfrutar a la pareja del sexo, en lugar de estar preocupados de si se acaba de manera precipitada.<\/p>\n<p>Parece ser lo m\u00e1s normal del mundo que los hombres lleguen al orgasmo antes que las mujeres. En general, no se trata de un problema m\u00e9dico, existen muchos motivos para la eyaculaci\u00f3n precoz. No obstante, la eyaculaci\u00f3n precoz puede hacer que una mujer piense que no esta disfrutando al m\u00e1ximo, lo cual dificulta la vida sexual en pareja, de forma innecesaria.<\/p>\n<p>Afortunadamente, existe un remedio: <strong>RETARD 907 SPRAY<\/strong>.<\/p>\n<p>&#8211; Proporciona mayor aguante a los hombres<br \/>\n&#8211; Se aplica de manera sencilla y discreta en forma de spray<br \/>\n&#8211; Funciona de forma instant\u00e1nea para proporcionar mayor placer sexual a la pareja.<\/p>\n<p>Mejora tu confianza sexual. Mayor aguante para el hombre y m\u00e1ximo placer para la pareja.<\/p>\n<p><strong>Adi\u00f3s a los problemas de eyaculaci\u00f3n precoz<\/strong>.<\/p>\n<p>Dermatol\u00f3gicamente testado. Antial\u00e9rgico.<\/p>\n<p>No irrita la piel ni mucosas. No tiene propiedades contraceptivas.<\/p>\n<p>Envase de 25 ml.<\/p>\n<p>Fabricado en Francia<\/p>\n","protected":false},"excerpt":{"rendered":"<p>RETARD 907 SPRAY, es un spray retardante para el hombre, que ayuda en casos de eyaculaci\u00f3n precoz, prolongando el tiempo<\/p>\n","protected":false},"featured_media":35251,"comment_status":"open","ping_status":"open","template":"","meta":[],"product_cat":[403],"product_tag":[421],"class_list":["post-35250","product","type-product","status-publish","has-post-thumbnail","hentry","product_cat-retardantes","product_tag-ruf"],"bundled_by":[],"bundle_stock_status":"instock","bundle_stock_quantity":8,"bundle_virtual":false,"bundle_layout":"","bundle_add_to_cart_form_location":"","bundle_editable_in_cart":false,"bundle_sold_individually_context":"","bundle_item_grouping":"","bundle_min_size":"","bundle_max_size":"","bundled_items":[],"yoast_head":"<!-- This site is optimized with the Yoast SEO plugin v20.6 - https:\/\/yoast.com\/wordpress\/plugins\/seo\/ -->\n<title>RETARD 907 SPRAY RETARDANTE - Tienda Er\u00f3tica<\/title>\n<meta name=\"robots\" content=\"noindex, follow, max-snippet:-1, max-image-preview:large, max-video-preview:-1\" \/>\n<meta property=\"og:locale\" content=\"es_ES\" \/>\n<meta property=\"og:type\" content=\"article\" \/>\n<meta property=\"og:title\" content=\"RETARD 907 SPRAY RETARDANTE - Tienda Er\u00f3tica\" \/>\n<meta property=\"og:description\" content=\"RETARD 907 SPRAY, es un spray retardante para el hombre, que ayuda en casos de eyaculaci\u00f3n precoz, prolongando el tiempo\" \/>\n<meta property=\"og:url\" content=\"https:\/\/demoweb.info\/sexshop001\/producto\/retard-907-spray-retardante\/\" \/>\n<meta property=\"og:site_name\" content=\"Tienda Er\u00f3tica\" \/>\n<meta property=\"article:modified_time\" content=\"2022-01-22T12:28:25+00:00\" \/>\n<meta property=\"og:image\" content=\"https:\/\/demoweb.info\/sexshop001\/wp-content\/uploads\/2022\/01\/RETARD-907-SPRAY-RETARDANTE.jpg\" \/>\n\t<meta property=\"og:image:width\" content=\"550\" \/>\n\t<meta property=\"og:image:height\" content=\"550\" \/>\n\t<meta property=\"og:image:type\" content=\"image\/jpeg\" \/>\n<meta name=\"twitter:card\" content=\"summary_large_image\" \/>\n<meta name=\"twitter:label1\" content=\"Tiempo de lectura\" \/>\n\t<meta name=\"twitter:data1\" content=\"1 minuto\" \/>\n<script type=\"application\/ld+json\" class=\"yoast-schema-graph\">{\"@context\":\"https:\/\/schema.org\",\"@graph\":[{\"@type\":\"WebPage\",\"@id\":\"https:\/\/demoweb.info\/sexshop001\/producto\/retard-907-spray-retardante\/\",\"url\":\"https:\/\/demoweb.info\/sexshop001\/producto\/retard-907-spray-retardante\/\",\"name\":\"RETARD 907 SPRAY RETARDANTE - Tienda Er\u00f3tica\",\"isPartOf\":{\"@id\":\"https:\/\/demoweb.info\/sexshop001\/#website\"},\"datePublished\":\"2022-01-22T12:28:21+00:00\",\"dateModified\":\"2022-01-22T12:28:25+00:00\",\"breadcrumb\":{\"@id\":\"https:\/\/demoweb.info\/sexshop001\/producto\/retard-907-spray-retardante\/#breadcrumb\"},\"inLanguage\":\"es\",\"potentialAction\":[{\"@type\":\"ReadAction\",\"target\":[\"https:\/\/demoweb.info\/sexshop001\/producto\/retard-907-spray-retardante\/\"]}]},{\"@type\":\"BreadcrumbList\",\"@id\":\"https:\/\/demoweb.info\/sexshop001\/producto\/retard-907-spray-retardante\/#breadcrumb\",\"itemListElement\":[{\"@type\":\"ListItem\",\"position\":1,\"name\":\"Portada\",\"item\":\"https:\/\/demoweb.info\/sexshop001\/\"},{\"@type\":\"ListItem\",\"position\":2,\"name\":\"Tienda\",\"item\":\"https:\/\/demoweb.info\/sexshop001\/tienda\/\"},{\"@type\":\"ListItem\",\"position\":3,\"name\":\"RETARD 907 SPRAY RETARDANTE\"}]},{\"@type\":\"WebSite\",\"@id\":\"https:\/\/demoweb.info\/sexshop001\/#website\",\"url\":\"https:\/\/demoweb.info\/sexshop001\/\",\"name\":\"Tienda Er\u00f3tica\",\"description\":\"DEMOWEB SL\",\"potentialAction\":[{\"@type\":\"SearchAction\",\"target\":{\"@type\":\"EntryPoint\",\"urlTemplate\":\"https:\/\/demoweb.info\/sexshop001\/?s={search_term_string}\"},\"query-input\":\"required name=search_term_string\"}],\"inLanguage\":\"es\"}]}<\/script>\n<!-- \/ Yoast SEO plugin. -->","yoast_head_json":{"title":"RETARD 907 SPRAY RETARDANTE - Tienda Er\u00f3tica","robots":{"index":"noindex","follow":"follow","max-snippet":"max-snippet:-1","max-image-preview":"max-image-preview:large","max-video-preview":"max-video-preview:-1"},"og_locale":"es_ES","og_type":"article","og_title":"RETARD 907 SPRAY RETARDANTE - Tienda Er\u00f3tica","og_description":"RETARD 907 SPRAY, es un spray retardante para el hombre, que ayuda en casos de eyaculaci\u00f3n precoz, prolongando el tiempo","og_url":"https:\/\/demoweb.info\/sexshop001\/producto\/retard-907-spray-retardante\/","og_site_name":"Tienda Er\u00f3tica","article_modified_time":"2022-01-22T12:28:25+00:00","og_image":[{"width":550,"height":550,"url":"https:\/\/demoweb.info\/sexshop001\/wp-content\/uploads\/2022\/01\/RETARD-907-SPRAY-RETARDANTE.jpg","type":"image\/jpeg"}],"twitter_card":"summary_large_image","twitter_misc":{"Tiempo de lectura":"1 minuto"},"schema":{"@context":"https:\/\/schema.org","@graph":[{"@type":"WebPage","@id":"https:\/\/demoweb.info\/sexshop001\/producto\/retard-907-spray-retardante\/","url":"https:\/\/demoweb.info\/sexshop001\/producto\/retard-907-spray-retardante\/","name":"RETARD 907 SPRAY RETARDANTE - Tienda Er\u00f3tica","isPartOf":{"@id":"https:\/\/demoweb.info\/sexshop001\/#website"},"datePublished":"2022-01-22T12:28:21+00:00","dateModified":"2022-01-22T12:28:25+00:00","breadcrumb":{"@id":"https:\/\/demoweb.info\/sexshop001\/producto\/retard-907-spray-retardante\/#breadcrumb"},"inLanguage":"es","potentialAction":[{"@type":"ReadAction","target":["https:\/\/demoweb.info\/sexshop001\/producto\/retard-907-spray-retardante\/"]}]},{"@type":"BreadcrumbList","@id":"https:\/\/demoweb.info\/sexshop001\/producto\/retard-907-spray-retardante\/#breadcrumb","itemListElement":[{"@type":"ListItem","position":1,"name":"Portada","item":"https:\/\/demoweb.info\/sexshop001\/"},{"@type":"ListItem","position":2,"name":"Tienda","item":"https:\/\/demoweb.info\/sexshop001\/tienda\/"},{"@type":"ListItem","position":3,"name":"RETARD 907 SPRAY RETARDANTE"}]},{"@type":"WebSite","@id":"https:\/\/demoweb.info\/sexshop001\/#website","url":"https:\/\/demoweb.info\/sexshop001\/","name":"Tienda Er\u00f3tica","description":"DEMOWEB SL","potentialAction":[{"@type":"SearchAction","target":{"@type":"EntryPoint","urlTemplate":"https:\/\/demoweb.info\/sexshop001\/?s={search_term_string}"},"query-input":"required name=search_term_string"}],"inLanguage":"es"}]}},"_links":{"self":[{"href":"https:\/\/demoweb.info\/sexshop001\/wp-json\/wp\/v3\/product\/35250","targetHints":{"allow":["GET"]}}],"collection":[{"href":"https:\/\/demoweb.info\/sexshop001\/wp-json\/wp\/v3\/product"}],"about":[{"href":"https:\/\/demoweb.info\/sexshop001\/wp-json\/wp\/v2\/types\/product"}],"replies":[{"embeddable":true,"href":"https:\/\/demoweb.info\/sexshop001\/wp-json\/wp\/v2\/comments?post=35250"}],"wp:featuredmedia":[{"embeddable":true,"href":"https:\/\/demoweb.info\/sexshop001\/wp-json\/wp\/v2\/media\/35251"}],"wp:attachment":[{"href":"https:\/\/demoweb.info\/sexshop001\/wp-json\/wp\/v2\/media?parent=35250"}],"wp:term":[{"taxonomy":"product_cat","embeddable":true,"href":"https:\/\/demoweb.info\/sexshop001\/wp-json\/wp\/v2\/product_cat?post=35250"},{"taxonomy":"product_tag","embeddable":true,"href":"https:\/\/demoweb.info\/sexshop001\/wp-json\/wp\/v2\/product_tag?post=35250"}],"curies":[{"name":"wp","href":"https:\/\/api.w.org\/{rel}","templated":true}]}}