{"id":35192,"date":"2022-01-22T13:27:50","date_gmt":"2022-01-22T12:27:50","guid":{"rendered":"https:\/\/demoweb.info\/sexshop001\/producto\/fleshlight-vagina-rosa-original\/"},"modified":"2022-01-22T13:27:52","modified_gmt":"2022-01-22T12:27:52","slug":"fleshlight-vagina-rosa-original","status":"publish","type":"product","link":"https:\/\/demoweb.info\/sexshop001\/producto\/fleshlight-vagina-rosa-original\/","title":{"rendered":"FLESHLIGHT VAGINA ROSA ORIGINAL"},"content":{"rendered":"<p><strong>FLESHLIGHT PINK LADY ORIGINAL<\/strong>, es el masturbador masculino m\u00e1s famoso y m\u00e1s vendido en todo el mundo, con medio mill\u00f3n de unidades vendidas y 10 a\u00f1os en el mercado adem\u00e1s de ser el \u00fanico producto que posee una patente para donar esperma en cl\u00ednicas de fertilizaci\u00f3n.<\/p>\n<p>Tiene una suavidad incre\u00edble, es como si estuvieras introduciendo tu pene en una vagina real, de gran calidad y con un tama\u00f1o perfecto.<\/p>\n<p>Tiene un dise\u00f1o \u00fanico y exclusivo ya que cuando se ve cerrado nadie si imaginar\u00eda que eso pudiera ser un masturbador masculino.<\/p>\n<p>El recorrido interior del masturbador se adapta perfectamente al pene para alcanzar una mayor sensaci\u00f3n de placer. Adem\u00e1s su interior desprende un olor muy agradable a vainilla.<\/p>\n<p><strong>Fleshlight\u00ae<\/strong> es 100% seguro y muy f\u00e1cil de utilizar y limpiar.<\/p>\n<p>Usando <strong>Fleshlight\u00ae<\/strong> con frecuencia, fortalecer\u00e1s tus erecciones y aumentar\u00e1s la fortaleza del pene, debido al entrenamiento de los tejidos del miembro. Notar\u00e1s una mejora en pocos meses.<\/p>\n<p>Incluye una pr\u00e1ctica tapa, para poder guardarlo y protegerlo, una vez utilizado.<\/p>\n<p><strong>Se adapta a todos los tama\u00f1os de pene<\/strong>.<\/p>\n","protected":false},"excerpt":{"rendered":"<p>FLESHLIGHT PINK LADY ORIGINAL, es el masturbador masculino m\u00e1s famoso y m\u00e1s vendido en todo el mundo, con medio mill\u00f3n<\/p>\n","protected":false},"featured_media":35193,"comment_status":"open","ping_status":"open","template":"","meta":[],"product_cat":[542],"product_tag":[1240,576],"class_list":["post-35192","product","type-product","status-publish","has-post-thumbnail","hentry","product_cat-clasicos","product_tag-classic","product_tag-fleshlight"],"bundled_by":[],"bundle_stock_status":"instock","bundle_stock_quantity":2,"bundle_virtual":false,"bundle_layout":"","bundle_add_to_cart_form_location":"","bundle_editable_in_cart":false,"bundle_sold_individually_context":"","bundle_item_grouping":"","bundle_min_size":"","bundle_max_size":"","bundled_items":[],"yoast_head":"<!-- This site is optimized with the Yoast SEO plugin v20.6 - https:\/\/yoast.com\/wordpress\/plugins\/seo\/ -->\n<title>FLESHLIGHT VAGINA ROSA ORIGINAL - Tienda Er\u00f3tica<\/title>\n<meta name=\"robots\" content=\"noindex, follow, max-snippet:-1, max-image-preview:large, max-video-preview:-1\" \/>\n<meta property=\"og:locale\" content=\"es_ES\" \/>\n<meta property=\"og:type\" content=\"article\" \/>\n<meta property=\"og:title\" content=\"FLESHLIGHT VAGINA ROSA ORIGINAL - Tienda Er\u00f3tica\" \/>\n<meta property=\"og:description\" content=\"FLESHLIGHT PINK LADY ORIGINAL, es el masturbador masculino m\u00e1s famoso y m\u00e1s vendido en todo el mundo, con medio mill\u00f3n\" \/>\n<meta property=\"og:url\" content=\"https:\/\/demoweb.info\/sexshop001\/producto\/fleshlight-vagina-rosa-original\/\" \/>\n<meta property=\"og:site_name\" content=\"Tienda Er\u00f3tica\" \/>\n<meta property=\"article:modified_time\" content=\"2022-01-22T12:27:52+00:00\" \/>\n<meta property=\"og:image\" content=\"https:\/\/demoweb.info\/sexshop001\/wp-content\/uploads\/2022\/01\/FLESHLIGHT-VAGINA-ROSA-ORIGINAL.jpg\" \/>\n\t<meta property=\"og:image:width\" content=\"550\" \/>\n\t<meta property=\"og:image:height\" content=\"550\" \/>\n\t<meta property=\"og:image:type\" content=\"image\/jpeg\" \/>\n<meta name=\"twitter:card\" content=\"summary_large_image\" \/>\n<meta name=\"twitter:label1\" content=\"Tiempo de lectura\" \/>\n\t<meta name=\"twitter:data1\" content=\"1 minuto\" \/>\n<script type=\"application\/ld+json\" class=\"yoast-schema-graph\">{\"@context\":\"https:\/\/schema.org\",\"@graph\":[{\"@type\":\"WebPage\",\"@id\":\"https:\/\/demoweb.info\/sexshop001\/producto\/fleshlight-vagina-rosa-original\/\",\"url\":\"https:\/\/demoweb.info\/sexshop001\/producto\/fleshlight-vagina-rosa-original\/\",\"name\":\"FLESHLIGHT VAGINA ROSA ORIGINAL - Tienda Er\u00f3tica\",\"isPartOf\":{\"@id\":\"https:\/\/demoweb.info\/sexshop001\/#website\"},\"datePublished\":\"2022-01-22T12:27:50+00:00\",\"dateModified\":\"2022-01-22T12:27:52+00:00\",\"breadcrumb\":{\"@id\":\"https:\/\/demoweb.info\/sexshop001\/producto\/fleshlight-vagina-rosa-original\/#breadcrumb\"},\"inLanguage\":\"es\",\"potentialAction\":[{\"@type\":\"ReadAction\",\"target\":[\"https:\/\/demoweb.info\/sexshop001\/producto\/fleshlight-vagina-rosa-original\/\"]}]},{\"@type\":\"BreadcrumbList\",\"@id\":\"https:\/\/demoweb.info\/sexshop001\/producto\/fleshlight-vagina-rosa-original\/#breadcrumb\",\"itemListElement\":[{\"@type\":\"ListItem\",\"position\":1,\"name\":\"Portada\",\"item\":\"https:\/\/demoweb.info\/sexshop001\/\"},{\"@type\":\"ListItem\",\"position\":2,\"name\":\"Tienda\",\"item\":\"https:\/\/demoweb.info\/sexshop001\/tienda\/\"},{\"@type\":\"ListItem\",\"position\":3,\"name\":\"FLESHLIGHT VAGINA ROSA ORIGINAL\"}]},{\"@type\":\"WebSite\",\"@id\":\"https:\/\/demoweb.info\/sexshop001\/#website\",\"url\":\"https:\/\/demoweb.info\/sexshop001\/\",\"name\":\"Tienda Er\u00f3tica\",\"description\":\"DEMOWEB SL\",\"potentialAction\":[{\"@type\":\"SearchAction\",\"target\":{\"@type\":\"EntryPoint\",\"urlTemplate\":\"https:\/\/demoweb.info\/sexshop001\/?s={search_term_string}\"},\"query-input\":\"required name=search_term_string\"}],\"inLanguage\":\"es\"}]}<\/script>\n<!-- \/ Yoast SEO plugin. -->","yoast_head_json":{"title":"FLESHLIGHT VAGINA ROSA ORIGINAL - Tienda Er\u00f3tica","robots":{"index":"noindex","follow":"follow","max-snippet":"max-snippet:-1","max-image-preview":"max-image-preview:large","max-video-preview":"max-video-preview:-1"},"og_locale":"es_ES","og_type":"article","og_title":"FLESHLIGHT VAGINA ROSA ORIGINAL - Tienda Er\u00f3tica","og_description":"FLESHLIGHT PINK LADY ORIGINAL, es el masturbador masculino m\u00e1s famoso y m\u00e1s vendido en todo el mundo, con medio mill\u00f3n","og_url":"https:\/\/demoweb.info\/sexshop001\/producto\/fleshlight-vagina-rosa-original\/","og_site_name":"Tienda Er\u00f3tica","article_modified_time":"2022-01-22T12:27:52+00:00","og_image":[{"width":550,"height":550,"url":"https:\/\/demoweb.info\/sexshop001\/wp-content\/uploads\/2022\/01\/FLESHLIGHT-VAGINA-ROSA-ORIGINAL.jpg","type":"image\/jpeg"}],"twitter_card":"summary_large_image","twitter_misc":{"Tiempo de lectura":"1 minuto"},"schema":{"@context":"https:\/\/schema.org","@graph":[{"@type":"WebPage","@id":"https:\/\/demoweb.info\/sexshop001\/producto\/fleshlight-vagina-rosa-original\/","url":"https:\/\/demoweb.info\/sexshop001\/producto\/fleshlight-vagina-rosa-original\/","name":"FLESHLIGHT VAGINA ROSA ORIGINAL - Tienda Er\u00f3tica","isPartOf":{"@id":"https:\/\/demoweb.info\/sexshop001\/#website"},"datePublished":"2022-01-22T12:27:50+00:00","dateModified":"2022-01-22T12:27:52+00:00","breadcrumb":{"@id":"https:\/\/demoweb.info\/sexshop001\/producto\/fleshlight-vagina-rosa-original\/#breadcrumb"},"inLanguage":"es","potentialAction":[{"@type":"ReadAction","target":["https:\/\/demoweb.info\/sexshop001\/producto\/fleshlight-vagina-rosa-original\/"]}]},{"@type":"BreadcrumbList","@id":"https:\/\/demoweb.info\/sexshop001\/producto\/fleshlight-vagina-rosa-original\/#breadcrumb","itemListElement":[{"@type":"ListItem","position":1,"name":"Portada","item":"https:\/\/demoweb.info\/sexshop001\/"},{"@type":"ListItem","position":2,"name":"Tienda","item":"https:\/\/demoweb.info\/sexshop001\/tienda\/"},{"@type":"ListItem","position":3,"name":"FLESHLIGHT VAGINA ROSA ORIGINAL"}]},{"@type":"WebSite","@id":"https:\/\/demoweb.info\/sexshop001\/#website","url":"https:\/\/demoweb.info\/sexshop001\/","name":"Tienda Er\u00f3tica","description":"DEMOWEB SL","potentialAction":[{"@type":"SearchAction","target":{"@type":"EntryPoint","urlTemplate":"https:\/\/demoweb.info\/sexshop001\/?s={search_term_string}"},"query-input":"required name=search_term_string"}],"inLanguage":"es"}]}},"_links":{"self":[{"href":"https:\/\/demoweb.info\/sexshop001\/wp-json\/wp\/v3\/product\/35192","targetHints":{"allow":["GET"]}}],"collection":[{"href":"https:\/\/demoweb.info\/sexshop001\/wp-json\/wp\/v3\/product"}],"about":[{"href":"https:\/\/demoweb.info\/sexshop001\/wp-json\/wp\/v2\/types\/product"}],"replies":[{"embeddable":true,"href":"https:\/\/demoweb.info\/sexshop001\/wp-json\/wp\/v2\/comments?post=35192"}],"wp:featuredmedia":[{"embeddable":true,"href":"https:\/\/demoweb.info\/sexshop001\/wp-json\/wp\/v2\/media\/35193"}],"wp:attachment":[{"href":"https:\/\/demoweb.info\/sexshop001\/wp-json\/wp\/v2\/media?parent=35192"}],"wp:term":[{"taxonomy":"product_cat","embeddable":true,"href":"https:\/\/demoweb.info\/sexshop001\/wp-json\/wp\/v2\/product_cat?post=35192"},{"taxonomy":"product_tag","embeddable":true,"href":"https:\/\/demoweb.info\/sexshop001\/wp-json\/wp\/v2\/product_tag?post=35192"}],"curies":[{"name":"wp","href":"https:\/\/api.w.org\/{rel}","templated":true}]}}