{"id":35158,"date":"2022-01-22T13:27:32","date_gmt":"2022-01-22T12:27:32","guid":{"rendered":"https:\/\/demoweb.info\/sexshop001\/producto\/colt-bolas-turbo-con-7-funciones\/"},"modified":"2022-01-22T13:27:32","modified_gmt":"2022-01-22T12:27:32","slug":"colt-bolas-turbo-con-7-funciones","status":"publish","type":"product","link":"https:\/\/demoweb.info\/sexshop001\/producto\/colt-bolas-turbo-con-7-funciones\/","title":{"rendered":"COLT BOLAS TURBO CON 7 FUNCIONES"},"content":{"rendered":"<p><strong>COLT 7 FUNCTION TWIN TURBO BULLETS<\/strong> es un novedoso concepto de bolas vibradoras, compuesto por dos bolas con <strong>vibrador incorporado<\/strong>.<\/p>\n<p>Con un simple clic, podr\u00e1s cambiar <strong>entre 7 distintos modos de vibraci\u00f3n, impulsos, escalado, etc.<\/strong> del vibrador.<\/p>\n<p>La unidad de control del vibrador de un dise\u00f1o ergon\u00f3mico, permite controlar las bolas por separado, adem\u00e1s de ser resistente al agua.<\/p>\n<p>Cuando hayas descubierto \u00e9ste maravilloso juguete, lamentar\u00e1s el tiempo que has perdido sin tenerlo.<\/p>\n<p>Las bolas tienen un di\u00e1metro de 30 mm.<\/p>\n<p>Funciona con 2 pilas <strong>R6\/AA<\/strong> que podr\u00e1s encontrar en la secci\u00f3n de <strong>Pilas<\/strong>.<\/p>\n","protected":false},"excerpt":{"rendered":"<p>COLT 7 FUNCTION TWIN TURBO BULLETS es un novedoso concepto de bolas vibradoras, compuesto por dos bolas con vibrador incorporado.<\/p>\n","protected":false},"featured_media":35159,"comment_status":"open","ping_status":"open","template":"","meta":[],"product_cat":[322],"product_tag":[660,724],"class_list":["post-35158","product","type-product","status-publish","has-post-thumbnail","hentry","product_cat-con-mando","product_tag-calexotics","product_tag-colt-gear"],"bundled_by":[],"bundle_stock_status":"instock","bundle_stock_quantity":2,"bundle_virtual":false,"bundle_layout":"","bundle_add_to_cart_form_location":"","bundle_editable_in_cart":false,"bundle_sold_individually_context":"","bundle_item_grouping":"","bundle_min_size":"","bundle_max_size":"","bundled_items":[],"yoast_head":"<!-- This site is optimized with the Yoast SEO plugin v20.6 - https:\/\/yoast.com\/wordpress\/plugins\/seo\/ -->\n<title>COLT BOLAS TURBO CON 7 FUNCIONES - Tienda Er\u00f3tica<\/title>\n<meta name=\"robots\" content=\"noindex, follow, max-snippet:-1, max-image-preview:large, max-video-preview:-1\" \/>\n<meta property=\"og:locale\" content=\"es_ES\" \/>\n<meta property=\"og:type\" content=\"article\" \/>\n<meta property=\"og:title\" content=\"COLT BOLAS TURBO CON 7 FUNCIONES - Tienda Er\u00f3tica\" \/>\n<meta property=\"og:description\" content=\"COLT 7 FUNCTION TWIN TURBO BULLETS es un novedoso concepto de bolas vibradoras, compuesto por dos bolas con vibrador incorporado.\" \/>\n<meta property=\"og:url\" content=\"https:\/\/demoweb.info\/sexshop001\/producto\/colt-bolas-turbo-con-7-funciones\/\" \/>\n<meta property=\"og:site_name\" content=\"Tienda Er\u00f3tica\" \/>\n<meta property=\"og:image\" content=\"https:\/\/demoweb.info\/sexshop001\/wp-content\/uploads\/2022\/01\/COLT-BOLAS-TURBO-CON-7-FUNCIONES.jpg\" \/>\n\t<meta property=\"og:image:width\" content=\"550\" \/>\n\t<meta property=\"og:image:height\" content=\"550\" \/>\n\t<meta property=\"og:image:type\" content=\"image\/jpeg\" \/>\n<meta name=\"twitter:card\" content=\"summary_large_image\" \/>\n<meta name=\"twitter:label1\" content=\"Tiempo de lectura\" \/>\n\t<meta name=\"twitter:data1\" content=\"1 minuto\" \/>\n<script type=\"application\/ld+json\" class=\"yoast-schema-graph\">{\"@context\":\"https:\/\/schema.org\",\"@graph\":[{\"@type\":\"WebPage\",\"@id\":\"https:\/\/demoweb.info\/sexshop001\/producto\/colt-bolas-turbo-con-7-funciones\/\",\"url\":\"https:\/\/demoweb.info\/sexshop001\/producto\/colt-bolas-turbo-con-7-funciones\/\",\"name\":\"COLT BOLAS TURBO CON 7 FUNCIONES - Tienda Er\u00f3tica\",\"isPartOf\":{\"@id\":\"https:\/\/demoweb.info\/sexshop001\/#website\"},\"datePublished\":\"2022-01-22T12:27:32+00:00\",\"dateModified\":\"2022-01-22T12:27:32+00:00\",\"breadcrumb\":{\"@id\":\"https:\/\/demoweb.info\/sexshop001\/producto\/colt-bolas-turbo-con-7-funciones\/#breadcrumb\"},\"inLanguage\":\"es\",\"potentialAction\":[{\"@type\":\"ReadAction\",\"target\":[\"https:\/\/demoweb.info\/sexshop001\/producto\/colt-bolas-turbo-con-7-funciones\/\"]}]},{\"@type\":\"BreadcrumbList\",\"@id\":\"https:\/\/demoweb.info\/sexshop001\/producto\/colt-bolas-turbo-con-7-funciones\/#breadcrumb\",\"itemListElement\":[{\"@type\":\"ListItem\",\"position\":1,\"name\":\"Portada\",\"item\":\"https:\/\/demoweb.info\/sexshop001\/\"},{\"@type\":\"ListItem\",\"position\":2,\"name\":\"Tienda\",\"item\":\"https:\/\/demoweb.info\/sexshop001\/tienda\/\"},{\"@type\":\"ListItem\",\"position\":3,\"name\":\"COLT BOLAS TURBO CON 7 FUNCIONES\"}]},{\"@type\":\"WebSite\",\"@id\":\"https:\/\/demoweb.info\/sexshop001\/#website\",\"url\":\"https:\/\/demoweb.info\/sexshop001\/\",\"name\":\"Tienda Er\u00f3tica\",\"description\":\"DEMOWEB SL\",\"potentialAction\":[{\"@type\":\"SearchAction\",\"target\":{\"@type\":\"EntryPoint\",\"urlTemplate\":\"https:\/\/demoweb.info\/sexshop001\/?s={search_term_string}\"},\"query-input\":\"required name=search_term_string\"}],\"inLanguage\":\"es\"}]}<\/script>\n<!-- \/ Yoast SEO plugin. -->","yoast_head_json":{"title":"COLT BOLAS TURBO CON 7 FUNCIONES - Tienda Er\u00f3tica","robots":{"index":"noindex","follow":"follow","max-snippet":"max-snippet:-1","max-image-preview":"max-image-preview:large","max-video-preview":"max-video-preview:-1"},"og_locale":"es_ES","og_type":"article","og_title":"COLT BOLAS TURBO CON 7 FUNCIONES - Tienda Er\u00f3tica","og_description":"COLT 7 FUNCTION TWIN TURBO BULLETS es un novedoso concepto de bolas vibradoras, compuesto por dos bolas con vibrador incorporado.","og_url":"https:\/\/demoweb.info\/sexshop001\/producto\/colt-bolas-turbo-con-7-funciones\/","og_site_name":"Tienda Er\u00f3tica","og_image":[{"width":550,"height":550,"url":"https:\/\/demoweb.info\/sexshop001\/wp-content\/uploads\/2022\/01\/COLT-BOLAS-TURBO-CON-7-FUNCIONES.jpg","type":"image\/jpeg"}],"twitter_card":"summary_large_image","twitter_misc":{"Tiempo de lectura":"1 minuto"},"schema":{"@context":"https:\/\/schema.org","@graph":[{"@type":"WebPage","@id":"https:\/\/demoweb.info\/sexshop001\/producto\/colt-bolas-turbo-con-7-funciones\/","url":"https:\/\/demoweb.info\/sexshop001\/producto\/colt-bolas-turbo-con-7-funciones\/","name":"COLT BOLAS TURBO CON 7 FUNCIONES - Tienda Er\u00f3tica","isPartOf":{"@id":"https:\/\/demoweb.info\/sexshop001\/#website"},"datePublished":"2022-01-22T12:27:32+00:00","dateModified":"2022-01-22T12:27:32+00:00","breadcrumb":{"@id":"https:\/\/demoweb.info\/sexshop001\/producto\/colt-bolas-turbo-con-7-funciones\/#breadcrumb"},"inLanguage":"es","potentialAction":[{"@type":"ReadAction","target":["https:\/\/demoweb.info\/sexshop001\/producto\/colt-bolas-turbo-con-7-funciones\/"]}]},{"@type":"BreadcrumbList","@id":"https:\/\/demoweb.info\/sexshop001\/producto\/colt-bolas-turbo-con-7-funciones\/#breadcrumb","itemListElement":[{"@type":"ListItem","position":1,"name":"Portada","item":"https:\/\/demoweb.info\/sexshop001\/"},{"@type":"ListItem","position":2,"name":"Tienda","item":"https:\/\/demoweb.info\/sexshop001\/tienda\/"},{"@type":"ListItem","position":3,"name":"COLT BOLAS TURBO CON 7 FUNCIONES"}]},{"@type":"WebSite","@id":"https:\/\/demoweb.info\/sexshop001\/#website","url":"https:\/\/demoweb.info\/sexshop001\/","name":"Tienda Er\u00f3tica","description":"DEMOWEB SL","potentialAction":[{"@type":"SearchAction","target":{"@type":"EntryPoint","urlTemplate":"https:\/\/demoweb.info\/sexshop001\/?s={search_term_string}"},"query-input":"required name=search_term_string"}],"inLanguage":"es"}]}},"_links":{"self":[{"href":"https:\/\/demoweb.info\/sexshop001\/wp-json\/wp\/v3\/product\/35158","targetHints":{"allow":["GET"]}}],"collection":[{"href":"https:\/\/demoweb.info\/sexshop001\/wp-json\/wp\/v3\/product"}],"about":[{"href":"https:\/\/demoweb.info\/sexshop001\/wp-json\/wp\/v2\/types\/product"}],"replies":[{"embeddable":true,"href":"https:\/\/demoweb.info\/sexshop001\/wp-json\/wp\/v2\/comments?post=35158"}],"wp:featuredmedia":[{"embeddable":true,"href":"https:\/\/demoweb.info\/sexshop001\/wp-json\/wp\/v2\/media\/35159"}],"wp:attachment":[{"href":"https:\/\/demoweb.info\/sexshop001\/wp-json\/wp\/v2\/media?parent=35158"}],"wp:term":[{"taxonomy":"product_cat","embeddable":true,"href":"https:\/\/demoweb.info\/sexshop001\/wp-json\/wp\/v2\/product_cat?post=35158"},{"taxonomy":"product_tag","embeddable":true,"href":"https:\/\/demoweb.info\/sexshop001\/wp-json\/wp\/v2\/product_tag?post=35158"}],"curies":[{"name":"wp","href":"https:\/\/api.w.org\/{rel}","templated":true}]}}