{"id":35102,"date":"2022-01-22T13:26:55","date_gmt":"2022-01-22T12:26:55","guid":{"rendered":"https:\/\/demoweb.info\/sexshop001\/producto\/arnes-doble-penetracion-sin-correas-con-vibrador\/"},"modified":"2022-01-22T13:27:01","modified_gmt":"2022-01-22T12:27:01","slug":"arnes-doble-penetracion-sin-correas-con-vibrador","status":"publish","type":"product","link":"https:\/\/demoweb.info\/sexshop001\/producto\/arnes-doble-penetracion-sin-correas-con-vibrador\/","title":{"rendered":"ARNES DOBLE PENETRACION SIN CORREAS CON VIBRADOR"},"content":{"rendered":"<p><strong>BEND OVER BOYFRIEND VIBRATING<\/strong>, es un revolucionario <strong>arn\u00e9s para la mujer<\/strong> sin correas y con vibrador incorporado.<\/p>\n<p>Olv\u00eddate de las correas a la hora de utilizarlo, tan solo tienes que introducir el extremo m\u00e1s corto en la zona vaginal y penetrar a tu pareja con el otro extremo, un pene muy suave y flexible de gelatina.<\/p>\n<p>Con un simple clic, podr\u00e1s cambiar <strong>entre 4 distintas velocidades de vibraci\u00f3n<\/strong>.<\/p>\n<p><strong>Es resistente al agua<\/strong>, por lo que tambi\u00e9n podr\u00e9is utilizarlo en la ducha.<\/p>\n<p><strong>Pensado para dar placer tanto a la persona que lo lleva, como a la que se penetra<\/strong>.<\/p>\n<p>Tambi\u00e9n se puede disfrutar en soledad, utiliz\u00e1ndolo como un pene.<\/p>\n<p>Sin duda un juguete novedoso, en comparaci\u00f3n con el resto de arneses del mercado.<\/p>\n<p>Gracias a su forma contorneada se adapta perfectamente al cuerpo. La punta redondeada del juguete se sujeta dentro de la vagina a trav\u00e9s de la contracci\u00f3n de los m\u00fasculos vaginales, la parte ribeteada <strong>estimula el cl\u00edtoris<\/strong> de la que lo lleva puesto mientras que el juguete queda en el \u00e1ngulo perfecto para penetrar a tu pareja.<\/p>\n<p>Con este juguete <strong>desarrollas tus m\u00fasculos anales y vaginales<\/strong>, ayud\u00e1ndote a conseguir orgasmos m\u00e1s intensos.<\/p>\n<p>Funciona con 2 pilas <strong>AA<\/strong> que puedes encontrar en la secci\u00f3n <strong>Pilas<\/strong>.<\/p>\n<ul>\n<li>Di\u00e1metro Exterior: 4 cm<\/li>\n<li>Longitud Total: 24.5 cm<\/li>\n<li>Longitud del Eje: 20 cm<\/li>\n<\/ul>\n","protected":false},"excerpt":{"rendered":"<p>BEND OVER BOYFRIEND VIBRATING, es un revolucionario arn\u00e9s para la mujer sin correas y con vibrador incorporado. Olv\u00eddate de las<\/p>\n","protected":false},"featured_media":35103,"comment_status":"open","ping_status":"open","template":"","meta":[],"product_cat":[278],"product_tag":[1233,247],"class_list":["post-35102","product","type-product","status-publish","has-post-thumbnail","hentry","product_cat-vibradores","product_tag-classics","product_tag-toyjoy"],"bundled_by":[],"bundle_stock_status":"instock","bundle_stock_quantity":5,"bundle_virtual":false,"bundle_layout":"","bundle_add_to_cart_form_location":"","bundle_editable_in_cart":false,"bundle_sold_individually_context":"","bundle_item_grouping":"","bundle_min_size":"","bundle_max_size":"","bundled_items":[],"yoast_head":"<!-- This site is optimized with the Yoast SEO plugin v20.6 - https:\/\/yoast.com\/wordpress\/plugins\/seo\/ -->\n<title>ARNES DOBLE PENETRACION SIN CORREAS CON VIBRADOR - Tienda Er\u00f3tica<\/title>\n<meta name=\"robots\" content=\"noindex, follow, max-snippet:-1, max-image-preview:large, max-video-preview:-1\" \/>\n<meta property=\"og:locale\" content=\"es_ES\" \/>\n<meta property=\"og:type\" content=\"article\" \/>\n<meta property=\"og:title\" content=\"ARNES DOBLE PENETRACION SIN CORREAS CON VIBRADOR - Tienda Er\u00f3tica\" \/>\n<meta property=\"og:description\" content=\"BEND OVER BOYFRIEND VIBRATING, es un revolucionario arn\u00e9s para la mujer sin correas y con vibrador incorporado. Olv\u00eddate de las\" \/>\n<meta property=\"og:url\" content=\"https:\/\/demoweb.info\/sexshop001\/producto\/arnes-doble-penetracion-sin-correas-con-vibrador\/\" \/>\n<meta property=\"og:site_name\" content=\"Tienda Er\u00f3tica\" \/>\n<meta property=\"article:modified_time\" content=\"2022-01-22T12:27:01+00:00\" \/>\n<meta property=\"og:image\" content=\"https:\/\/demoweb.info\/sexshop001\/wp-content\/uploads\/2022\/01\/ARNES-DOBLE-PENETRACION-SIN-CORREAS-CON-VIBRADOR.jpg\" \/>\n\t<meta property=\"og:image:width\" content=\"550\" \/>\n\t<meta property=\"og:image:height\" content=\"550\" \/>\n\t<meta property=\"og:image:type\" content=\"image\/jpeg\" \/>\n<meta name=\"twitter:card\" content=\"summary_large_image\" \/>\n<meta name=\"twitter:label1\" content=\"Tiempo de lectura\" \/>\n\t<meta name=\"twitter:data1\" content=\"1 minuto\" \/>\n<script type=\"application\/ld+json\" class=\"yoast-schema-graph\">{\"@context\":\"https:\/\/schema.org\",\"@graph\":[{\"@type\":\"WebPage\",\"@id\":\"https:\/\/demoweb.info\/sexshop001\/producto\/arnes-doble-penetracion-sin-correas-con-vibrador\/\",\"url\":\"https:\/\/demoweb.info\/sexshop001\/producto\/arnes-doble-penetracion-sin-correas-con-vibrador\/\",\"name\":\"ARNES DOBLE PENETRACION SIN CORREAS CON VIBRADOR - Tienda Er\u00f3tica\",\"isPartOf\":{\"@id\":\"https:\/\/demoweb.info\/sexshop001\/#website\"},\"datePublished\":\"2022-01-22T12:26:55+00:00\",\"dateModified\":\"2022-01-22T12:27:01+00:00\",\"breadcrumb\":{\"@id\":\"https:\/\/demoweb.info\/sexshop001\/producto\/arnes-doble-penetracion-sin-correas-con-vibrador\/#breadcrumb\"},\"inLanguage\":\"es\",\"potentialAction\":[{\"@type\":\"ReadAction\",\"target\":[\"https:\/\/demoweb.info\/sexshop001\/producto\/arnes-doble-penetracion-sin-correas-con-vibrador\/\"]}]},{\"@type\":\"BreadcrumbList\",\"@id\":\"https:\/\/demoweb.info\/sexshop001\/producto\/arnes-doble-penetracion-sin-correas-con-vibrador\/#breadcrumb\",\"itemListElement\":[{\"@type\":\"ListItem\",\"position\":1,\"name\":\"Portada\",\"item\":\"https:\/\/demoweb.info\/sexshop001\/\"},{\"@type\":\"ListItem\",\"position\":2,\"name\":\"Tienda\",\"item\":\"https:\/\/demoweb.info\/sexshop001\/tienda\/\"},{\"@type\":\"ListItem\",\"position\":3,\"name\":\"ARNES DOBLE PENETRACION SIN CORREAS CON VIBRADOR\"}]},{\"@type\":\"WebSite\",\"@id\":\"https:\/\/demoweb.info\/sexshop001\/#website\",\"url\":\"https:\/\/demoweb.info\/sexshop001\/\",\"name\":\"Tienda Er\u00f3tica\",\"description\":\"DEMOWEB SL\",\"potentialAction\":[{\"@type\":\"SearchAction\",\"target\":{\"@type\":\"EntryPoint\",\"urlTemplate\":\"https:\/\/demoweb.info\/sexshop001\/?s={search_term_string}\"},\"query-input\":\"required name=search_term_string\"}],\"inLanguage\":\"es\"}]}<\/script>\n<!-- \/ Yoast SEO plugin. -->","yoast_head_json":{"title":"ARNES DOBLE PENETRACION SIN CORREAS CON VIBRADOR - Tienda Er\u00f3tica","robots":{"index":"noindex","follow":"follow","max-snippet":"max-snippet:-1","max-image-preview":"max-image-preview:large","max-video-preview":"max-video-preview:-1"},"og_locale":"es_ES","og_type":"article","og_title":"ARNES DOBLE PENETRACION SIN CORREAS CON VIBRADOR - Tienda Er\u00f3tica","og_description":"BEND OVER BOYFRIEND VIBRATING, es un revolucionario arn\u00e9s para la mujer sin correas y con vibrador incorporado. Olv\u00eddate de las","og_url":"https:\/\/demoweb.info\/sexshop001\/producto\/arnes-doble-penetracion-sin-correas-con-vibrador\/","og_site_name":"Tienda Er\u00f3tica","article_modified_time":"2022-01-22T12:27:01+00:00","og_image":[{"width":550,"height":550,"url":"https:\/\/demoweb.info\/sexshop001\/wp-content\/uploads\/2022\/01\/ARNES-DOBLE-PENETRACION-SIN-CORREAS-CON-VIBRADOR.jpg","type":"image\/jpeg"}],"twitter_card":"summary_large_image","twitter_misc":{"Tiempo de lectura":"1 minuto"},"schema":{"@context":"https:\/\/schema.org","@graph":[{"@type":"WebPage","@id":"https:\/\/demoweb.info\/sexshop001\/producto\/arnes-doble-penetracion-sin-correas-con-vibrador\/","url":"https:\/\/demoweb.info\/sexshop001\/producto\/arnes-doble-penetracion-sin-correas-con-vibrador\/","name":"ARNES DOBLE PENETRACION SIN CORREAS CON VIBRADOR - Tienda Er\u00f3tica","isPartOf":{"@id":"https:\/\/demoweb.info\/sexshop001\/#website"},"datePublished":"2022-01-22T12:26:55+00:00","dateModified":"2022-01-22T12:27:01+00:00","breadcrumb":{"@id":"https:\/\/demoweb.info\/sexshop001\/producto\/arnes-doble-penetracion-sin-correas-con-vibrador\/#breadcrumb"},"inLanguage":"es","potentialAction":[{"@type":"ReadAction","target":["https:\/\/demoweb.info\/sexshop001\/producto\/arnes-doble-penetracion-sin-correas-con-vibrador\/"]}]},{"@type":"BreadcrumbList","@id":"https:\/\/demoweb.info\/sexshop001\/producto\/arnes-doble-penetracion-sin-correas-con-vibrador\/#breadcrumb","itemListElement":[{"@type":"ListItem","position":1,"name":"Portada","item":"https:\/\/demoweb.info\/sexshop001\/"},{"@type":"ListItem","position":2,"name":"Tienda","item":"https:\/\/demoweb.info\/sexshop001\/tienda\/"},{"@type":"ListItem","position":3,"name":"ARNES DOBLE PENETRACION SIN CORREAS CON VIBRADOR"}]},{"@type":"WebSite","@id":"https:\/\/demoweb.info\/sexshop001\/#website","url":"https:\/\/demoweb.info\/sexshop001\/","name":"Tienda Er\u00f3tica","description":"DEMOWEB SL","potentialAction":[{"@type":"SearchAction","target":{"@type":"EntryPoint","urlTemplate":"https:\/\/demoweb.info\/sexshop001\/?s={search_term_string}"},"query-input":"required name=search_term_string"}],"inLanguage":"es"}]}},"_links":{"self":[{"href":"https:\/\/demoweb.info\/sexshop001\/wp-json\/wp\/v3\/product\/35102","targetHints":{"allow":["GET"]}}],"collection":[{"href":"https:\/\/demoweb.info\/sexshop001\/wp-json\/wp\/v3\/product"}],"about":[{"href":"https:\/\/demoweb.info\/sexshop001\/wp-json\/wp\/v2\/types\/product"}],"replies":[{"embeddable":true,"href":"https:\/\/demoweb.info\/sexshop001\/wp-json\/wp\/v2\/comments?post=35102"}],"wp:featuredmedia":[{"embeddable":true,"href":"https:\/\/demoweb.info\/sexshop001\/wp-json\/wp\/v2\/media\/35103"}],"wp:attachment":[{"href":"https:\/\/demoweb.info\/sexshop001\/wp-json\/wp\/v2\/media?parent=35102"}],"wp:term":[{"taxonomy":"product_cat","embeddable":true,"href":"https:\/\/demoweb.info\/sexshop001\/wp-json\/wp\/v2\/product_cat?post=35102"},{"taxonomy":"product_tag","embeddable":true,"href":"https:\/\/demoweb.info\/sexshop001\/wp-json\/wp\/v2\/product_tag?post=35102"}],"curies":[{"name":"wp","href":"https:\/\/api.w.org\/{rel}","templated":true}]}}