{"id":35095,"date":"2022-01-22T13:26:55","date_gmt":"2022-01-22T12:26:55","guid":{"rendered":"https:\/\/demoweb.info\/sexshop001\/producto\/colt-pene-vibrador-con-10-funciones\/"},"modified":"2022-01-22T13:26:57","modified_gmt":"2022-01-22T12:26:57","slug":"colt-pene-vibrador-con-10-funciones","status":"publish","type":"product","link":"https:\/\/demoweb.info\/sexshop001\/producto\/colt-pene-vibrador-con-10-funciones\/","title":{"rendered":"COLT PENE VIBRADOR CON 10 FUNCIONES"},"content":{"rendered":"<p><font size=&quot;1&quot;><b>COLT 10 FUNCTION BUZZ RIDER<\/b> es un es un pene vibrador de gelatina muy suave y deslizadizo.<\/p>\n<p>Solo, con tu pareja, o en un grupo, podr\u00e1s confiar en esta herramienta para obtener el m\u00e1ximo placer y potenciar al m\u00e1ximo las penetraciones.<\/p>\n<p><b>Es resistente al agua<\/b>, por lo que podr\u00e1s usarlo tambi\u00e9n en la ducha.<\/p>\n<p>\nFabricado con materiales de gran calidad, no t\u00f3xico e higi\u00e9nico de TPR, libre de phalatos. <\/p>\n<p>Con un simple clic, podr\u00e1s cambiar <font color=&quot;#0000FF&quot;><b>entre 10 distintos modos de vibraci\u00f3n, impulsos, escalado, etc.<\/b><\/font> del vibrador.<\/p>\n<p>Funciona con 2 pilas <b>R6\/AA<\/b> que puedes encontrar en la secci\u00f3n <b>Pilas<\/b>.<\/p>\n<p>\nMedidas: 16 cm x 4 cm.<br \/>\n<\/font><\/p>\n","protected":false},"excerpt":{"rendered":"<p>COLT 10 FUNCTION BUZZ RIDER es un es un pene vibrador de gelatina muy suave y deslizadizo. Solo, con tu<\/p>\n","protected":false},"featured_media":35096,"comment_status":"open","ping_status":"open","template":"","meta":[],"product_cat":[317],"product_tag":[660,724],"class_list":["post-35095","product","type-product","status-publish","has-post-thumbnail","hentry","product_cat-con-vibrador","product_tag-calexotics","product_tag-colt-gear"],"bundled_by":[],"bundle_stock_status":"instock","bundle_stock_quantity":1,"bundle_virtual":false,"bundle_layout":"","bundle_add_to_cart_form_location":"","bundle_editable_in_cart":false,"bundle_sold_individually_context":"","bundle_item_grouping":"","bundle_min_size":"","bundle_max_size":"","bundled_items":[],"yoast_head":"<!-- This site is optimized with the Yoast SEO plugin v20.6 - https:\/\/yoast.com\/wordpress\/plugins\/seo\/ -->\n<title>COLT PENE VIBRADOR CON 10 FUNCIONES - Tienda Er\u00f3tica<\/title>\n<meta name=\"robots\" content=\"noindex, follow, max-snippet:-1, max-image-preview:large, max-video-preview:-1\" \/>\n<meta property=\"og:locale\" content=\"es_ES\" \/>\n<meta property=\"og:type\" content=\"article\" \/>\n<meta property=\"og:title\" content=\"COLT PENE VIBRADOR CON 10 FUNCIONES - Tienda Er\u00f3tica\" \/>\n<meta property=\"og:description\" content=\"COLT 10 FUNCTION BUZZ RIDER es un es un pene vibrador de gelatina muy suave y deslizadizo. Solo, con tu\" \/>\n<meta property=\"og:url\" content=\"https:\/\/demoweb.info\/sexshop001\/producto\/colt-pene-vibrador-con-10-funciones\/\" \/>\n<meta property=\"og:site_name\" content=\"Tienda Er\u00f3tica\" \/>\n<meta property=\"article:modified_time\" content=\"2022-01-22T12:26:57+00:00\" \/>\n<meta property=\"og:image\" content=\"https:\/\/demoweb.info\/sexshop001\/wp-content\/uploads\/2022\/01\/COLT-PENE-VIBRADOR-CON-10-FUNCIONES.jpg\" \/>\n\t<meta property=\"og:image:width\" content=\"550\" \/>\n\t<meta property=\"og:image:height\" content=\"550\" \/>\n\t<meta property=\"og:image:type\" content=\"image\/jpeg\" \/>\n<meta name=\"twitter:card\" content=\"summary_large_image\" \/>\n<meta name=\"twitter:label1\" content=\"Tiempo de lectura\" \/>\n\t<meta name=\"twitter:data1\" content=\"1 minuto\" \/>\n<script type=\"application\/ld+json\" class=\"yoast-schema-graph\">{\"@context\":\"https:\/\/schema.org\",\"@graph\":[{\"@type\":\"WebPage\",\"@id\":\"https:\/\/demoweb.info\/sexshop001\/producto\/colt-pene-vibrador-con-10-funciones\/\",\"url\":\"https:\/\/demoweb.info\/sexshop001\/producto\/colt-pene-vibrador-con-10-funciones\/\",\"name\":\"COLT PENE VIBRADOR CON 10 FUNCIONES - Tienda Er\u00f3tica\",\"isPartOf\":{\"@id\":\"https:\/\/demoweb.info\/sexshop001\/#website\"},\"datePublished\":\"2022-01-22T12:26:55+00:00\",\"dateModified\":\"2022-01-22T12:26:57+00:00\",\"breadcrumb\":{\"@id\":\"https:\/\/demoweb.info\/sexshop001\/producto\/colt-pene-vibrador-con-10-funciones\/#breadcrumb\"},\"inLanguage\":\"es\",\"potentialAction\":[{\"@type\":\"ReadAction\",\"target\":[\"https:\/\/demoweb.info\/sexshop001\/producto\/colt-pene-vibrador-con-10-funciones\/\"]}]},{\"@type\":\"BreadcrumbList\",\"@id\":\"https:\/\/demoweb.info\/sexshop001\/producto\/colt-pene-vibrador-con-10-funciones\/#breadcrumb\",\"itemListElement\":[{\"@type\":\"ListItem\",\"position\":1,\"name\":\"Portada\",\"item\":\"https:\/\/demoweb.info\/sexshop001\/\"},{\"@type\":\"ListItem\",\"position\":2,\"name\":\"Tienda\",\"item\":\"https:\/\/demoweb.info\/sexshop001\/tienda\/\"},{\"@type\":\"ListItem\",\"position\":3,\"name\":\"COLT PENE VIBRADOR CON 10 FUNCIONES\"}]},{\"@type\":\"WebSite\",\"@id\":\"https:\/\/demoweb.info\/sexshop001\/#website\",\"url\":\"https:\/\/demoweb.info\/sexshop001\/\",\"name\":\"Tienda Er\u00f3tica\",\"description\":\"DEMOWEB SL\",\"potentialAction\":[{\"@type\":\"SearchAction\",\"target\":{\"@type\":\"EntryPoint\",\"urlTemplate\":\"https:\/\/demoweb.info\/sexshop001\/?s={search_term_string}\"},\"query-input\":\"required name=search_term_string\"}],\"inLanguage\":\"es\"}]}<\/script>\n<!-- \/ Yoast SEO plugin. -->","yoast_head_json":{"title":"COLT PENE VIBRADOR CON 10 FUNCIONES - Tienda Er\u00f3tica","robots":{"index":"noindex","follow":"follow","max-snippet":"max-snippet:-1","max-image-preview":"max-image-preview:large","max-video-preview":"max-video-preview:-1"},"og_locale":"es_ES","og_type":"article","og_title":"COLT PENE VIBRADOR CON 10 FUNCIONES - Tienda Er\u00f3tica","og_description":"COLT 10 FUNCTION BUZZ RIDER es un es un pene vibrador de gelatina muy suave y deslizadizo. Solo, con tu","og_url":"https:\/\/demoweb.info\/sexshop001\/producto\/colt-pene-vibrador-con-10-funciones\/","og_site_name":"Tienda Er\u00f3tica","article_modified_time":"2022-01-22T12:26:57+00:00","og_image":[{"width":550,"height":550,"url":"https:\/\/demoweb.info\/sexshop001\/wp-content\/uploads\/2022\/01\/COLT-PENE-VIBRADOR-CON-10-FUNCIONES.jpg","type":"image\/jpeg"}],"twitter_card":"summary_large_image","twitter_misc":{"Tiempo de lectura":"1 minuto"},"schema":{"@context":"https:\/\/schema.org","@graph":[{"@type":"WebPage","@id":"https:\/\/demoweb.info\/sexshop001\/producto\/colt-pene-vibrador-con-10-funciones\/","url":"https:\/\/demoweb.info\/sexshop001\/producto\/colt-pene-vibrador-con-10-funciones\/","name":"COLT PENE VIBRADOR CON 10 FUNCIONES - Tienda Er\u00f3tica","isPartOf":{"@id":"https:\/\/demoweb.info\/sexshop001\/#website"},"datePublished":"2022-01-22T12:26:55+00:00","dateModified":"2022-01-22T12:26:57+00:00","breadcrumb":{"@id":"https:\/\/demoweb.info\/sexshop001\/producto\/colt-pene-vibrador-con-10-funciones\/#breadcrumb"},"inLanguage":"es","potentialAction":[{"@type":"ReadAction","target":["https:\/\/demoweb.info\/sexshop001\/producto\/colt-pene-vibrador-con-10-funciones\/"]}]},{"@type":"BreadcrumbList","@id":"https:\/\/demoweb.info\/sexshop001\/producto\/colt-pene-vibrador-con-10-funciones\/#breadcrumb","itemListElement":[{"@type":"ListItem","position":1,"name":"Portada","item":"https:\/\/demoweb.info\/sexshop001\/"},{"@type":"ListItem","position":2,"name":"Tienda","item":"https:\/\/demoweb.info\/sexshop001\/tienda\/"},{"@type":"ListItem","position":3,"name":"COLT PENE VIBRADOR CON 10 FUNCIONES"}]},{"@type":"WebSite","@id":"https:\/\/demoweb.info\/sexshop001\/#website","url":"https:\/\/demoweb.info\/sexshop001\/","name":"Tienda Er\u00f3tica","description":"DEMOWEB SL","potentialAction":[{"@type":"SearchAction","target":{"@type":"EntryPoint","urlTemplate":"https:\/\/demoweb.info\/sexshop001\/?s={search_term_string}"},"query-input":"required name=search_term_string"}],"inLanguage":"es"}]}},"_links":{"self":[{"href":"https:\/\/demoweb.info\/sexshop001\/wp-json\/wp\/v3\/product\/35095","targetHints":{"allow":["GET"]}}],"collection":[{"href":"https:\/\/demoweb.info\/sexshop001\/wp-json\/wp\/v3\/product"}],"about":[{"href":"https:\/\/demoweb.info\/sexshop001\/wp-json\/wp\/v2\/types\/product"}],"replies":[{"embeddable":true,"href":"https:\/\/demoweb.info\/sexshop001\/wp-json\/wp\/v2\/comments?post=35095"}],"wp:featuredmedia":[{"embeddable":true,"href":"https:\/\/demoweb.info\/sexshop001\/wp-json\/wp\/v2\/media\/35096"}],"wp:attachment":[{"href":"https:\/\/demoweb.info\/sexshop001\/wp-json\/wp\/v2\/media?parent=35095"}],"wp:term":[{"taxonomy":"product_cat","embeddable":true,"href":"https:\/\/demoweb.info\/sexshop001\/wp-json\/wp\/v2\/product_cat?post=35095"},{"taxonomy":"product_tag","embeddable":true,"href":"https:\/\/demoweb.info\/sexshop001\/wp-json\/wp\/v2\/product_tag?post=35095"}],"curies":[{"name":"wp","href":"https:\/\/api.w.org\/{rel}","templated":true}]}}