{"id":35052,"date":"2022-01-22T13:26:20","date_gmt":"2022-01-22T12:26:20","guid":{"rendered":"https:\/\/demoweb.info\/sexshop001\/producto\/max-pene-realistico-con-doble-vibrador\/"},"modified":"2022-01-22T13:26:33","modified_gmt":"2022-01-22T12:26:33","slug":"max-pene-realistico-con-doble-vibrador","status":"publish","type":"product","link":"https:\/\/demoweb.info\/sexshop001\/producto\/max-pene-realistico-con-doble-vibrador\/","title":{"rendered":"MAX PENE REALISTICO CON DOBLE VIBRADOR"},"content":{"rendered":"<p><font size=&quot;1&quot;><b>MAX VIBRATING COCK AND BALLS<\/b> es un pene muy<br \/>\nreal\u00edstico, de una calidad insuperable, gracias al nuevo material<br \/>\n<font color=&quot;#0000FF&quot;><b>Life-Like Futurotic<\/b><\/font>, lo \u00faltimo en simulaci\u00f3n del<br \/>\ntacto de la piel humana.<\/p>\n<p>Fabricado con materiales no t\u00f3xicos e higi\u00e9nico de TPR, libre de phalatos.<\/p>\n<p>Dispone de todo lujo de detalles, glande, venas y test\u00edculos muy bien reproducidos, con apariencia completamente real, para llegar a la m\u00e1xima estimulaci\u00f3n e incre\u00edbles sensaciones.<\/p>\n<p>El material <font color=&quot;#0000FF&quot;><b>Futurotic Plus<\/b><\/font>, simula<br \/>\nperfectamente el tacto de la piel humana y la rigidez que necesita el pene, para<br \/>\ndisfrutar al m\u00e1ximo de todas las sensaciones.<\/p>\n<p>Esta provisto de <b>dos potentes vibradores<\/b>, que permiten m\u00faltiples<br \/>\nvelocidades, uno de ellos en los test\u00edculos.<\/p>\n<p>Incluye una potente ventosa circular en su base, para una mayor sujeci\u00f3n.<\/p>\n<p>Medidas: 18 cm x 5 cm.<\/p>\n<p>Funciona con 2 pilas <b>R6\/AA<\/b> que puedes encontrar en la secci\u00f3n <b>Pilas<\/b>.<br \/>\n<\/font><\/p>\n","protected":false},"excerpt":{"rendered":"<p>MAX VIBRATING COCK AND BALLS es un pene muy real\u00edstico, de una calidad insuperable, gracias al nuevo material Life-Like Futurotic,<\/p>\n","protected":false},"featured_media":35053,"comment_status":"open","ping_status":"open","template":"","meta":[],"product_cat":[317],"product_tag":[660],"class_list":["post-35052","product","type-product","status-publish","has-post-thumbnail","hentry","product_cat-con-vibrador","product_tag-calexotics"],"bundled_by":[],"bundle_stock_status":"outofstock","bundle_stock_quantity":0,"bundle_virtual":false,"bundle_layout":"","bundle_add_to_cart_form_location":"","bundle_editable_in_cart":false,"bundle_sold_individually_context":"","bundle_item_grouping":"","bundle_min_size":"","bundle_max_size":"","bundled_items":[],"yoast_head":"<!-- This site is optimized with the Yoast SEO plugin v20.6 - https:\/\/yoast.com\/wordpress\/plugins\/seo\/ -->\n<title>MAX PENE REALISTICO CON DOBLE VIBRADOR - Tienda Er\u00f3tica<\/title>\n<meta name=\"robots\" content=\"noindex, follow, max-snippet:-1, max-image-preview:large, max-video-preview:-1\" \/>\n<meta property=\"og:locale\" content=\"es_ES\" \/>\n<meta property=\"og:type\" content=\"article\" \/>\n<meta property=\"og:title\" content=\"MAX PENE REALISTICO CON DOBLE VIBRADOR - Tienda Er\u00f3tica\" \/>\n<meta property=\"og:description\" content=\"MAX VIBRATING COCK AND BALLS es un pene muy real\u00edstico, de una calidad insuperable, gracias al nuevo material Life-Like Futurotic,\" \/>\n<meta property=\"og:url\" content=\"https:\/\/demoweb.info\/sexshop001\/producto\/max-pene-realistico-con-doble-vibrador\/\" \/>\n<meta property=\"og:site_name\" content=\"Tienda Er\u00f3tica\" \/>\n<meta property=\"article:modified_time\" content=\"2022-01-22T12:26:33+00:00\" \/>\n<meta property=\"og:image\" content=\"https:\/\/demoweb.info\/sexshop001\/wp-content\/uploads\/2022\/01\/MAX-PENE-REALISTICO-CON-DOBLE-VIBRADOR.jpg\" \/>\n\t<meta property=\"og:image:width\" content=\"550\" \/>\n\t<meta property=\"og:image:height\" content=\"550\" \/>\n\t<meta property=\"og:image:type\" content=\"image\/jpeg\" \/>\n<meta name=\"twitter:card\" content=\"summary_large_image\" \/>\n<meta name=\"twitter:label1\" content=\"Tiempo de lectura\" \/>\n\t<meta name=\"twitter:data1\" content=\"1 minuto\" \/>\n<script type=\"application\/ld+json\" class=\"yoast-schema-graph\">{\"@context\":\"https:\/\/schema.org\",\"@graph\":[{\"@type\":\"WebPage\",\"@id\":\"https:\/\/demoweb.info\/sexshop001\/producto\/max-pene-realistico-con-doble-vibrador\/\",\"url\":\"https:\/\/demoweb.info\/sexshop001\/producto\/max-pene-realistico-con-doble-vibrador\/\",\"name\":\"MAX PENE REALISTICO CON DOBLE VIBRADOR - Tienda Er\u00f3tica\",\"isPartOf\":{\"@id\":\"https:\/\/demoweb.info\/sexshop001\/#website\"},\"datePublished\":\"2022-01-22T12:26:20+00:00\",\"dateModified\":\"2022-01-22T12:26:33+00:00\",\"breadcrumb\":{\"@id\":\"https:\/\/demoweb.info\/sexshop001\/producto\/max-pene-realistico-con-doble-vibrador\/#breadcrumb\"},\"inLanguage\":\"es\",\"potentialAction\":[{\"@type\":\"ReadAction\",\"target\":[\"https:\/\/demoweb.info\/sexshop001\/producto\/max-pene-realistico-con-doble-vibrador\/\"]}]},{\"@type\":\"BreadcrumbList\",\"@id\":\"https:\/\/demoweb.info\/sexshop001\/producto\/max-pene-realistico-con-doble-vibrador\/#breadcrumb\",\"itemListElement\":[{\"@type\":\"ListItem\",\"position\":1,\"name\":\"Portada\",\"item\":\"https:\/\/demoweb.info\/sexshop001\/\"},{\"@type\":\"ListItem\",\"position\":2,\"name\":\"Tienda\",\"item\":\"https:\/\/demoweb.info\/sexshop001\/tienda\/\"},{\"@type\":\"ListItem\",\"position\":3,\"name\":\"MAX PENE REALISTICO CON DOBLE VIBRADOR\"}]},{\"@type\":\"WebSite\",\"@id\":\"https:\/\/demoweb.info\/sexshop001\/#website\",\"url\":\"https:\/\/demoweb.info\/sexshop001\/\",\"name\":\"Tienda Er\u00f3tica\",\"description\":\"DEMOWEB SL\",\"potentialAction\":[{\"@type\":\"SearchAction\",\"target\":{\"@type\":\"EntryPoint\",\"urlTemplate\":\"https:\/\/demoweb.info\/sexshop001\/?s={search_term_string}\"},\"query-input\":\"required name=search_term_string\"}],\"inLanguage\":\"es\"}]}<\/script>\n<!-- \/ Yoast SEO plugin. -->","yoast_head_json":{"title":"MAX PENE REALISTICO CON DOBLE VIBRADOR - Tienda Er\u00f3tica","robots":{"index":"noindex","follow":"follow","max-snippet":"max-snippet:-1","max-image-preview":"max-image-preview:large","max-video-preview":"max-video-preview:-1"},"og_locale":"es_ES","og_type":"article","og_title":"MAX PENE REALISTICO CON DOBLE VIBRADOR - Tienda Er\u00f3tica","og_description":"MAX VIBRATING COCK AND BALLS es un pene muy real\u00edstico, de una calidad insuperable, gracias al nuevo material Life-Like Futurotic,","og_url":"https:\/\/demoweb.info\/sexshop001\/producto\/max-pene-realistico-con-doble-vibrador\/","og_site_name":"Tienda Er\u00f3tica","article_modified_time":"2022-01-22T12:26:33+00:00","og_image":[{"width":550,"height":550,"url":"https:\/\/demoweb.info\/sexshop001\/wp-content\/uploads\/2022\/01\/MAX-PENE-REALISTICO-CON-DOBLE-VIBRADOR.jpg","type":"image\/jpeg"}],"twitter_card":"summary_large_image","twitter_misc":{"Tiempo de lectura":"1 minuto"},"schema":{"@context":"https:\/\/schema.org","@graph":[{"@type":"WebPage","@id":"https:\/\/demoweb.info\/sexshop001\/producto\/max-pene-realistico-con-doble-vibrador\/","url":"https:\/\/demoweb.info\/sexshop001\/producto\/max-pene-realistico-con-doble-vibrador\/","name":"MAX PENE REALISTICO CON DOBLE VIBRADOR - Tienda Er\u00f3tica","isPartOf":{"@id":"https:\/\/demoweb.info\/sexshop001\/#website"},"datePublished":"2022-01-22T12:26:20+00:00","dateModified":"2022-01-22T12:26:33+00:00","breadcrumb":{"@id":"https:\/\/demoweb.info\/sexshop001\/producto\/max-pene-realistico-con-doble-vibrador\/#breadcrumb"},"inLanguage":"es","potentialAction":[{"@type":"ReadAction","target":["https:\/\/demoweb.info\/sexshop001\/producto\/max-pene-realistico-con-doble-vibrador\/"]}]},{"@type":"BreadcrumbList","@id":"https:\/\/demoweb.info\/sexshop001\/producto\/max-pene-realistico-con-doble-vibrador\/#breadcrumb","itemListElement":[{"@type":"ListItem","position":1,"name":"Portada","item":"https:\/\/demoweb.info\/sexshop001\/"},{"@type":"ListItem","position":2,"name":"Tienda","item":"https:\/\/demoweb.info\/sexshop001\/tienda\/"},{"@type":"ListItem","position":3,"name":"MAX PENE REALISTICO CON DOBLE VIBRADOR"}]},{"@type":"WebSite","@id":"https:\/\/demoweb.info\/sexshop001\/#website","url":"https:\/\/demoweb.info\/sexshop001\/","name":"Tienda Er\u00f3tica","description":"DEMOWEB SL","potentialAction":[{"@type":"SearchAction","target":{"@type":"EntryPoint","urlTemplate":"https:\/\/demoweb.info\/sexshop001\/?s={search_term_string}"},"query-input":"required name=search_term_string"}],"inLanguage":"es"}]}},"_links":{"self":[{"href":"https:\/\/demoweb.info\/sexshop001\/wp-json\/wp\/v3\/product\/35052","targetHints":{"allow":["GET"]}}],"collection":[{"href":"https:\/\/demoweb.info\/sexshop001\/wp-json\/wp\/v3\/product"}],"about":[{"href":"https:\/\/demoweb.info\/sexshop001\/wp-json\/wp\/v2\/types\/product"}],"replies":[{"embeddable":true,"href":"https:\/\/demoweb.info\/sexshop001\/wp-json\/wp\/v2\/comments?post=35052"}],"wp:featuredmedia":[{"embeddable":true,"href":"https:\/\/demoweb.info\/sexshop001\/wp-json\/wp\/v2\/media\/35053"}],"wp:attachment":[{"href":"https:\/\/demoweb.info\/sexshop001\/wp-json\/wp\/v2\/media?parent=35052"}],"wp:term":[{"taxonomy":"product_cat","embeddable":true,"href":"https:\/\/demoweb.info\/sexshop001\/wp-json\/wp\/v2\/product_cat?post=35052"},{"taxonomy":"product_tag","embeddable":true,"href":"https:\/\/demoweb.info\/sexshop001\/wp-json\/wp\/v2\/product_tag?post=35052"}],"curies":[{"name":"wp","href":"https:\/\/api.w.org\/{rel}","templated":true}]}}