{"id":35020,"date":"2022-01-22T13:25:58","date_gmt":"2022-01-22T12:25:58","guid":{"rendered":"https:\/\/demoweb.info\/sexshop001\/producto\/tenga-flip-hole-blanco\/"},"modified":"2022-01-22T13:26:15","modified_gmt":"2022-01-22T12:26:15","slug":"tenga-flip-hole-blanco","status":"publish","type":"product","link":"https:\/\/demoweb.info\/sexshop001\/producto\/tenga-flip-hole-blanco\/","title":{"rendered":"TENGA FLIP HOLE BLANCO"},"content":{"rendered":"<p><strong>TENGA FLIP HOLE<\/strong>, el <strong>siguiente paso<\/strong> en el futuro de la masturbaci\u00f3n.<\/p>\n<p>El <strong>FLIP HOLE<\/strong> de Tenga es una sensaci\u00f3n guardada en secreto durante mucho tiempo. No esta dise\u00f1ado como una vagina artificial, mucho mejor que eso. Mas que hacer un juguete que simule la vagina de una mujer han ido m\u00e1s lejos y han creado el Flip Hole, para ser la mejor ayuda a la masturbaci\u00f3n masculina del mercado.<\/p>\n<p>El <strong>FLIP HOLE<\/strong> de Tenga puede abrirse f\u00e1cilmente, por lo que a\u00f1adir el lubricante y su limpieza no puede ser m\u00e1s f\u00e1cil.<\/p>\n<p>Su interior est\u00e1 fabricado con un extraordinario elast\u00f3mero, que le confiere un tacto ultra suave y envolventemente gelatinoso. Su forma interior es de una complejidad asombrosa. Cada cent\u00edmetro de su recorrido tiene una funci\u00f3n. Su exterior flexible con pulsadores permite un control total del estimulo.<\/p>\n<p>\u00a1Esta cargado de nuevas funciones como la almohadilla flotante y la bomba de vac\u00edo!. T\u00fa controlas la intensidad y la presi\u00f3n seg\u00fan prefieras. \u00a1La tipolog\u00eda de su dise\u00f1o te llevara a un mundo de sensaciones agradables!.<\/p>\n<p>Para disfrutar <strong>FLIP HOLE<\/strong> al m\u00e1ximo, te aconsejamos encarecidamente usarlo con HOLE LOTIONS.<\/p>\n<p>Tres tipos de exclusivo lubricante, cada uno de ellos de diferentes caracter\u00edsticas. Experimentar con ellos enriquecer\u00e1 tu experiencia con FLIP HOLE, y usando el que m\u00e1s sensaciones sensuales te transmita elevar\u00e1 al cielo tu experiencia con FLIP HOLE.<\/p>\n<p><strong>MILD<\/strong>: Suave, con un toque apacible. D\u00e9jate llevar con un toque de calor y suavidad.<br \/>\n<strong>REAL<\/strong>: Verdadero, La sensaci\u00f3n m\u00e1s h\u00fameda para una experiencia realista. Para los que lo quieren verdadero.<br \/>\n<strong>WILD<\/strong>: Salvaje, \u00a1Explosi\u00f3n de est\u00edmulo!. Disfruta de cada cent\u00edmetro de este agujero espectacular.<\/p>\n<p>Este nuevo art\u00edculo se ha convertido en el juguete t\u00e9cnicamente m\u00e1s avanzado de hoy en el mercado, su dise\u00f1o te facilita usarlo muchas veces con total facilidad.<\/p>\n<p><strong>Atr\u00e9vete a descubrir el otro lado de la masturbaci\u00f3n. <\/strong><\/p>\n","protected":false},"excerpt":{"rendered":"<p>TENGA FLIP HOLE, el siguiente paso en el futuro de la masturbaci\u00f3n. El FLIP HOLE de Tenga es una sensaci\u00f3n<\/p>\n","protected":false},"featured_media":35021,"comment_status":"open","ping_status":"open","template":"","meta":[],"product_cat":[542],"product_tag":[1058,584],"class_list":["post-35020","product","type-product","status-publish","has-post-thumbnail","hentry","product_cat-clasicos","product_tag-flip","product_tag-tenga"],"bundled_by":[],"bundle_stock_status":"outofstock","bundle_stock_quantity":0,"bundle_virtual":false,"bundle_layout":"","bundle_add_to_cart_form_location":"","bundle_editable_in_cart":false,"bundle_sold_individually_context":"","bundle_item_grouping":"","bundle_min_size":"","bundle_max_size":"","bundled_items":[],"yoast_head":"<!-- This site is optimized with the Yoast SEO plugin v20.6 - https:\/\/yoast.com\/wordpress\/plugins\/seo\/ -->\n<title>TENGA FLIP HOLE BLANCO - Tienda Er\u00f3tica<\/title>\n<meta name=\"robots\" content=\"noindex, follow, max-snippet:-1, max-image-preview:large, max-video-preview:-1\" \/>\n<meta property=\"og:locale\" content=\"es_ES\" \/>\n<meta property=\"og:type\" content=\"article\" \/>\n<meta property=\"og:title\" content=\"TENGA FLIP HOLE BLANCO - Tienda Er\u00f3tica\" \/>\n<meta property=\"og:description\" content=\"TENGA FLIP HOLE, el siguiente paso en el futuro de la masturbaci\u00f3n. El FLIP HOLE de Tenga es una sensaci\u00f3n\" \/>\n<meta property=\"og:url\" content=\"https:\/\/demoweb.info\/sexshop001\/producto\/tenga-flip-hole-blanco\/\" \/>\n<meta property=\"og:site_name\" content=\"Tienda Er\u00f3tica\" \/>\n<meta property=\"article:modified_time\" content=\"2022-01-22T12:26:15+00:00\" \/>\n<meta property=\"og:image\" content=\"https:\/\/demoweb.info\/sexshop001\/wp-content\/uploads\/2022\/01\/TENGA-FLIP-HOLE-BLANCO.jpg\" \/>\n\t<meta property=\"og:image:width\" content=\"550\" \/>\n\t<meta property=\"og:image:height\" content=\"550\" \/>\n\t<meta property=\"og:image:type\" content=\"image\/jpeg\" \/>\n<meta name=\"twitter:card\" content=\"summary_large_image\" \/>\n<meta name=\"twitter:label1\" content=\"Tiempo de lectura\" \/>\n\t<meta name=\"twitter:data1\" content=\"2 minutos\" \/>\n<script type=\"application\/ld+json\" class=\"yoast-schema-graph\">{\"@context\":\"https:\/\/schema.org\",\"@graph\":[{\"@type\":\"WebPage\",\"@id\":\"https:\/\/demoweb.info\/sexshop001\/producto\/tenga-flip-hole-blanco\/\",\"url\":\"https:\/\/demoweb.info\/sexshop001\/producto\/tenga-flip-hole-blanco\/\",\"name\":\"TENGA FLIP HOLE BLANCO - Tienda Er\u00f3tica\",\"isPartOf\":{\"@id\":\"https:\/\/demoweb.info\/sexshop001\/#website\"},\"datePublished\":\"2022-01-22T12:25:58+00:00\",\"dateModified\":\"2022-01-22T12:26:15+00:00\",\"breadcrumb\":{\"@id\":\"https:\/\/demoweb.info\/sexshop001\/producto\/tenga-flip-hole-blanco\/#breadcrumb\"},\"inLanguage\":\"es\",\"potentialAction\":[{\"@type\":\"ReadAction\",\"target\":[\"https:\/\/demoweb.info\/sexshop001\/producto\/tenga-flip-hole-blanco\/\"]}]},{\"@type\":\"BreadcrumbList\",\"@id\":\"https:\/\/demoweb.info\/sexshop001\/producto\/tenga-flip-hole-blanco\/#breadcrumb\",\"itemListElement\":[{\"@type\":\"ListItem\",\"position\":1,\"name\":\"Portada\",\"item\":\"https:\/\/demoweb.info\/sexshop001\/\"},{\"@type\":\"ListItem\",\"position\":2,\"name\":\"Tienda\",\"item\":\"https:\/\/demoweb.info\/sexshop001\/tienda\/\"},{\"@type\":\"ListItem\",\"position\":3,\"name\":\"TENGA FLIP HOLE BLANCO\"}]},{\"@type\":\"WebSite\",\"@id\":\"https:\/\/demoweb.info\/sexshop001\/#website\",\"url\":\"https:\/\/demoweb.info\/sexshop001\/\",\"name\":\"Tienda Er\u00f3tica\",\"description\":\"DEMOWEB SL\",\"potentialAction\":[{\"@type\":\"SearchAction\",\"target\":{\"@type\":\"EntryPoint\",\"urlTemplate\":\"https:\/\/demoweb.info\/sexshop001\/?s={search_term_string}\"},\"query-input\":\"required name=search_term_string\"}],\"inLanguage\":\"es\"}]}<\/script>\n<!-- \/ Yoast SEO plugin. -->","yoast_head_json":{"title":"TENGA FLIP HOLE BLANCO - Tienda Er\u00f3tica","robots":{"index":"noindex","follow":"follow","max-snippet":"max-snippet:-1","max-image-preview":"max-image-preview:large","max-video-preview":"max-video-preview:-1"},"og_locale":"es_ES","og_type":"article","og_title":"TENGA FLIP HOLE BLANCO - Tienda Er\u00f3tica","og_description":"TENGA FLIP HOLE, el siguiente paso en el futuro de la masturbaci\u00f3n. El FLIP HOLE de Tenga es una sensaci\u00f3n","og_url":"https:\/\/demoweb.info\/sexshop001\/producto\/tenga-flip-hole-blanco\/","og_site_name":"Tienda Er\u00f3tica","article_modified_time":"2022-01-22T12:26:15+00:00","og_image":[{"width":550,"height":550,"url":"https:\/\/demoweb.info\/sexshop001\/wp-content\/uploads\/2022\/01\/TENGA-FLIP-HOLE-BLANCO.jpg","type":"image\/jpeg"}],"twitter_card":"summary_large_image","twitter_misc":{"Tiempo de lectura":"2 minutos"},"schema":{"@context":"https:\/\/schema.org","@graph":[{"@type":"WebPage","@id":"https:\/\/demoweb.info\/sexshop001\/producto\/tenga-flip-hole-blanco\/","url":"https:\/\/demoweb.info\/sexshop001\/producto\/tenga-flip-hole-blanco\/","name":"TENGA FLIP HOLE BLANCO - Tienda Er\u00f3tica","isPartOf":{"@id":"https:\/\/demoweb.info\/sexshop001\/#website"},"datePublished":"2022-01-22T12:25:58+00:00","dateModified":"2022-01-22T12:26:15+00:00","breadcrumb":{"@id":"https:\/\/demoweb.info\/sexshop001\/producto\/tenga-flip-hole-blanco\/#breadcrumb"},"inLanguage":"es","potentialAction":[{"@type":"ReadAction","target":["https:\/\/demoweb.info\/sexshop001\/producto\/tenga-flip-hole-blanco\/"]}]},{"@type":"BreadcrumbList","@id":"https:\/\/demoweb.info\/sexshop001\/producto\/tenga-flip-hole-blanco\/#breadcrumb","itemListElement":[{"@type":"ListItem","position":1,"name":"Portada","item":"https:\/\/demoweb.info\/sexshop001\/"},{"@type":"ListItem","position":2,"name":"Tienda","item":"https:\/\/demoweb.info\/sexshop001\/tienda\/"},{"@type":"ListItem","position":3,"name":"TENGA FLIP HOLE BLANCO"}]},{"@type":"WebSite","@id":"https:\/\/demoweb.info\/sexshop001\/#website","url":"https:\/\/demoweb.info\/sexshop001\/","name":"Tienda Er\u00f3tica","description":"DEMOWEB SL","potentialAction":[{"@type":"SearchAction","target":{"@type":"EntryPoint","urlTemplate":"https:\/\/demoweb.info\/sexshop001\/?s={search_term_string}"},"query-input":"required name=search_term_string"}],"inLanguage":"es"}]}},"_links":{"self":[{"href":"https:\/\/demoweb.info\/sexshop001\/wp-json\/wp\/v3\/product\/35020","targetHints":{"allow":["GET"]}}],"collection":[{"href":"https:\/\/demoweb.info\/sexshop001\/wp-json\/wp\/v3\/product"}],"about":[{"href":"https:\/\/demoweb.info\/sexshop001\/wp-json\/wp\/v2\/types\/product"}],"replies":[{"embeddable":true,"href":"https:\/\/demoweb.info\/sexshop001\/wp-json\/wp\/v2\/comments?post=35020"}],"wp:featuredmedia":[{"embeddable":true,"href":"https:\/\/demoweb.info\/sexshop001\/wp-json\/wp\/v2\/media\/35021"}],"wp:attachment":[{"href":"https:\/\/demoweb.info\/sexshop001\/wp-json\/wp\/v2\/media?parent=35020"}],"wp:term":[{"taxonomy":"product_cat","embeddable":true,"href":"https:\/\/demoweb.info\/sexshop001\/wp-json\/wp\/v2\/product_cat?post=35020"},{"taxonomy":"product_tag","embeddable":true,"href":"https:\/\/demoweb.info\/sexshop001\/wp-json\/wp\/v2\/product_tag?post=35020"}],"curies":[{"name":"wp","href":"https:\/\/api.w.org\/{rel}","templated":true}]}}