{"id":34693,"date":"2022-01-22T13:22:50","date_gmt":"2022-01-22T12:22:50","guid":{"rendered":"https:\/\/demoweb.info\/sexshop001\/producto\/feelztoys-gino-vibrador-punto-g-lila\/"},"modified":"2022-01-22T13:22:56","modified_gmt":"2022-01-22T12:22:56","slug":"feelztoys-gino-vibrador-punto-g-lila","status":"publish","type":"product","link":"https:\/\/demoweb.info\/sexshop001\/producto\/feelztoys-gino-vibrador-punto-g-lila\/","title":{"rendered":"FEELZTOYS GINO VIBRADOR PUNTO G LILA"},"content":{"rendered":"<p><strong>FEELZTOYS GINO VIBRATOR PURPLE<\/strong> es un vibrador potente y s\u00faper silencioso, fabricado en siliconas m\u00e9dicas al 100%.<\/p>\n<p>Este vibrador tiene <strong>7 funciones de vibraci\u00f3n distintas<\/strong> y es muy f\u00e1cil de utilizar, ya que solamente hace falta accionar un bot\u00f3n que hay en la parte inferior.<\/p>\n<p>Dise\u00f1ado especialmente para la estimulaci\u00f3n del Punto G.<\/p>\n<p>El material de este vibrador es suave como la seda e inodoro, y no tiene ninguna costura.<\/p>\n<p>Para ponerlo en marcha, mantenga pulsado el bot\u00f3n de encendido unos segundos. Pulsando brevemente este mismo bot\u00f3n, cambia el ritmo de las vibraciones. Para apagarlo, mantenga pulsado el bot\u00f3n de encendido unos segundos.<\/p>\n<p>Los productos de <strong>FeelzToys<\/strong> se fabrican con siliconas 100% de calidad m\u00e9dica, el material m\u00e1s seguro y adecuado que se puede utilizar para fabricar productos er\u00f3ticos. Este mismo material ya se ha utilizado para varias aplicaciones, como por ejemplo en la industria alimentaria y m\u00e9dica.<\/p>\n<p>Las siliconas tienen un tacto suave como la piel, se calientan r\u00e1pidamente y mantienen el calor mucho tiempo. El material es inodoro, ins\u00edpido, no poroso, hipoalerg\u00e9nico, no lleva plastificantes y se puede limpiar f\u00e1cilmente con agua tibia y un jab\u00f3n suave.<\/p>\n<p>Los productos er\u00f3ticos de <strong>FeelzToys<\/strong> son los m\u00e1s innovadores, duraderos y seguros que hay en el mercado hoy en d\u00eda. Todos los productos llevan la certificaci\u00f3n CE y cumplen las directrices RoHS.<\/p>\n<p>Medidas: 16 cm x 3,5 cm.<\/p>\n<p>Funciona con 2 pilas <strong>R6\/AA<\/strong> que puedes encontrar en la secci\u00f3n <strong>Pilas<\/strong>.<\/p>\n","protected":false},"excerpt":{"rendered":"<p>FEELZTOYS GINO VIBRATOR PURPLE es un vibrador potente y s\u00faper silencioso, fabricado en siliconas m\u00e9dicas al 100%. Este vibrador tiene<\/p>\n","protected":false},"featured_media":34694,"comment_status":"open","ping_status":"open","template":"","meta":[],"product_cat":[639],"product_tag":[373],"class_list":["post-34693","product","type-product","status-publish","has-post-thumbnail","hentry","product_cat-punto-g","product_tag-feelztoys"],"bundled_by":[],"bundle_stock_status":"instock","bundle_stock_quantity":3,"bundle_virtual":false,"bundle_layout":"","bundle_add_to_cart_form_location":"","bundle_editable_in_cart":false,"bundle_sold_individually_context":"","bundle_item_grouping":"","bundle_min_size":"","bundle_max_size":"","bundled_items":[],"yoast_head":"<!-- This site is optimized with the Yoast SEO plugin v20.6 - https:\/\/yoast.com\/wordpress\/plugins\/seo\/ -->\n<title>FEELZTOYS GINO VIBRADOR PUNTO G LILA - Tienda Er\u00f3tica<\/title>\n<meta name=\"robots\" content=\"noindex, follow, max-snippet:-1, max-image-preview:large, max-video-preview:-1\" \/>\n<meta property=\"og:locale\" content=\"es_ES\" \/>\n<meta property=\"og:type\" content=\"article\" \/>\n<meta property=\"og:title\" content=\"FEELZTOYS GINO VIBRADOR PUNTO G LILA - Tienda Er\u00f3tica\" \/>\n<meta property=\"og:description\" content=\"FEELZTOYS GINO VIBRATOR PURPLE es un vibrador potente y s\u00faper silencioso, fabricado en siliconas m\u00e9dicas al 100%. Este vibrador tiene\" \/>\n<meta property=\"og:url\" content=\"https:\/\/demoweb.info\/sexshop001\/producto\/feelztoys-gino-vibrador-punto-g-lila\/\" \/>\n<meta property=\"og:site_name\" content=\"Tienda Er\u00f3tica\" \/>\n<meta property=\"article:modified_time\" content=\"2022-01-22T12:22:56+00:00\" \/>\n<meta property=\"og:image\" content=\"https:\/\/demoweb.info\/sexshop001\/wp-content\/uploads\/2022\/01\/FEELZTOYS-GINO-VIBRADOR-PUNTO-G-LILA.jpg\" \/>\n\t<meta property=\"og:image:width\" content=\"550\" \/>\n\t<meta property=\"og:image:height\" content=\"550\" \/>\n\t<meta property=\"og:image:type\" content=\"image\/jpeg\" \/>\n<meta name=\"twitter:card\" content=\"summary_large_image\" \/>\n<meta name=\"twitter:label1\" content=\"Tiempo de lectura\" \/>\n\t<meta name=\"twitter:data1\" content=\"1 minuto\" \/>\n<script type=\"application\/ld+json\" class=\"yoast-schema-graph\">{\"@context\":\"https:\/\/schema.org\",\"@graph\":[{\"@type\":\"WebPage\",\"@id\":\"https:\/\/demoweb.info\/sexshop001\/producto\/feelztoys-gino-vibrador-punto-g-lila\/\",\"url\":\"https:\/\/demoweb.info\/sexshop001\/producto\/feelztoys-gino-vibrador-punto-g-lila\/\",\"name\":\"FEELZTOYS GINO VIBRADOR PUNTO G LILA - Tienda Er\u00f3tica\",\"isPartOf\":{\"@id\":\"https:\/\/demoweb.info\/sexshop001\/#website\"},\"datePublished\":\"2022-01-22T12:22:50+00:00\",\"dateModified\":\"2022-01-22T12:22:56+00:00\",\"breadcrumb\":{\"@id\":\"https:\/\/demoweb.info\/sexshop001\/producto\/feelztoys-gino-vibrador-punto-g-lila\/#breadcrumb\"},\"inLanguage\":\"es\",\"potentialAction\":[{\"@type\":\"ReadAction\",\"target\":[\"https:\/\/demoweb.info\/sexshop001\/producto\/feelztoys-gino-vibrador-punto-g-lila\/\"]}]},{\"@type\":\"BreadcrumbList\",\"@id\":\"https:\/\/demoweb.info\/sexshop001\/producto\/feelztoys-gino-vibrador-punto-g-lila\/#breadcrumb\",\"itemListElement\":[{\"@type\":\"ListItem\",\"position\":1,\"name\":\"Portada\",\"item\":\"https:\/\/demoweb.info\/sexshop001\/\"},{\"@type\":\"ListItem\",\"position\":2,\"name\":\"Tienda\",\"item\":\"https:\/\/demoweb.info\/sexshop001\/tienda\/\"},{\"@type\":\"ListItem\",\"position\":3,\"name\":\"FEELZTOYS GINO VIBRADOR PUNTO G LILA\"}]},{\"@type\":\"WebSite\",\"@id\":\"https:\/\/demoweb.info\/sexshop001\/#website\",\"url\":\"https:\/\/demoweb.info\/sexshop001\/\",\"name\":\"Tienda Er\u00f3tica\",\"description\":\"DEMOWEB SL\",\"potentialAction\":[{\"@type\":\"SearchAction\",\"target\":{\"@type\":\"EntryPoint\",\"urlTemplate\":\"https:\/\/demoweb.info\/sexshop001\/?s={search_term_string}\"},\"query-input\":\"required name=search_term_string\"}],\"inLanguage\":\"es\"}]}<\/script>\n<!-- \/ Yoast SEO plugin. -->","yoast_head_json":{"title":"FEELZTOYS GINO VIBRADOR PUNTO G LILA - Tienda Er\u00f3tica","robots":{"index":"noindex","follow":"follow","max-snippet":"max-snippet:-1","max-image-preview":"max-image-preview:large","max-video-preview":"max-video-preview:-1"},"og_locale":"es_ES","og_type":"article","og_title":"FEELZTOYS GINO VIBRADOR PUNTO G LILA - Tienda Er\u00f3tica","og_description":"FEELZTOYS GINO VIBRATOR PURPLE es un vibrador potente y s\u00faper silencioso, fabricado en siliconas m\u00e9dicas al 100%. Este vibrador tiene","og_url":"https:\/\/demoweb.info\/sexshop001\/producto\/feelztoys-gino-vibrador-punto-g-lila\/","og_site_name":"Tienda Er\u00f3tica","article_modified_time":"2022-01-22T12:22:56+00:00","og_image":[{"width":550,"height":550,"url":"https:\/\/demoweb.info\/sexshop001\/wp-content\/uploads\/2022\/01\/FEELZTOYS-GINO-VIBRADOR-PUNTO-G-LILA.jpg","type":"image\/jpeg"}],"twitter_card":"summary_large_image","twitter_misc":{"Tiempo de lectura":"1 minuto"},"schema":{"@context":"https:\/\/schema.org","@graph":[{"@type":"WebPage","@id":"https:\/\/demoweb.info\/sexshop001\/producto\/feelztoys-gino-vibrador-punto-g-lila\/","url":"https:\/\/demoweb.info\/sexshop001\/producto\/feelztoys-gino-vibrador-punto-g-lila\/","name":"FEELZTOYS GINO VIBRADOR PUNTO G LILA - Tienda Er\u00f3tica","isPartOf":{"@id":"https:\/\/demoweb.info\/sexshop001\/#website"},"datePublished":"2022-01-22T12:22:50+00:00","dateModified":"2022-01-22T12:22:56+00:00","breadcrumb":{"@id":"https:\/\/demoweb.info\/sexshop001\/producto\/feelztoys-gino-vibrador-punto-g-lila\/#breadcrumb"},"inLanguage":"es","potentialAction":[{"@type":"ReadAction","target":["https:\/\/demoweb.info\/sexshop001\/producto\/feelztoys-gino-vibrador-punto-g-lila\/"]}]},{"@type":"BreadcrumbList","@id":"https:\/\/demoweb.info\/sexshop001\/producto\/feelztoys-gino-vibrador-punto-g-lila\/#breadcrumb","itemListElement":[{"@type":"ListItem","position":1,"name":"Portada","item":"https:\/\/demoweb.info\/sexshop001\/"},{"@type":"ListItem","position":2,"name":"Tienda","item":"https:\/\/demoweb.info\/sexshop001\/tienda\/"},{"@type":"ListItem","position":3,"name":"FEELZTOYS GINO VIBRADOR PUNTO G LILA"}]},{"@type":"WebSite","@id":"https:\/\/demoweb.info\/sexshop001\/#website","url":"https:\/\/demoweb.info\/sexshop001\/","name":"Tienda Er\u00f3tica","description":"DEMOWEB SL","potentialAction":[{"@type":"SearchAction","target":{"@type":"EntryPoint","urlTemplate":"https:\/\/demoweb.info\/sexshop001\/?s={search_term_string}"},"query-input":"required name=search_term_string"}],"inLanguage":"es"}]}},"_links":{"self":[{"href":"https:\/\/demoweb.info\/sexshop001\/wp-json\/wp\/v3\/product\/34693","targetHints":{"allow":["GET"]}}],"collection":[{"href":"https:\/\/demoweb.info\/sexshop001\/wp-json\/wp\/v3\/product"}],"about":[{"href":"https:\/\/demoweb.info\/sexshop001\/wp-json\/wp\/v2\/types\/product"}],"replies":[{"embeddable":true,"href":"https:\/\/demoweb.info\/sexshop001\/wp-json\/wp\/v2\/comments?post=34693"}],"wp:featuredmedia":[{"embeddable":true,"href":"https:\/\/demoweb.info\/sexshop001\/wp-json\/wp\/v2\/media\/34694"}],"wp:attachment":[{"href":"https:\/\/demoweb.info\/sexshop001\/wp-json\/wp\/v2\/media?parent=34693"}],"wp:term":[{"taxonomy":"product_cat","embeddable":true,"href":"https:\/\/demoweb.info\/sexshop001\/wp-json\/wp\/v2\/product_cat?post=34693"},{"taxonomy":"product_tag","embeddable":true,"href":"https:\/\/demoweb.info\/sexshop001\/wp-json\/wp\/v2\/product_tag?post=34693"}],"curies":[{"name":"wp","href":"https:\/\/api.w.org\/{rel}","templated":true}]}}