{"id":34679,"date":"2022-01-22T13:22:37","date_gmt":"2022-01-22T12:22:37","guid":{"rendered":"https:\/\/demoweb.info\/sexshop001\/producto\/hot-v-activ-hombre-spray-potenciador-de-la-ereccion\/"},"modified":"2022-01-22T13:22:47","modified_gmt":"2022-01-22T12:22:47","slug":"hot-v-activ-hombre-spray-potenciador-de-la-ereccion","status":"publish","type":"product","link":"https:\/\/demoweb.info\/sexshop001\/producto\/hot-v-activ-hombre-spray-potenciador-de-la-ereccion\/","title":{"rendered":"HOT V-ACTIV HOMBRE SPRAY POTENCIADOR DE LA ERECCION"},"content":{"rendered":"<p><strong>HOT V-ACTIV MEN PENIS POWER SPRAY<\/strong>, es un spray para el hombre, especialmente concebido para:<\/p>\n<p>&#8211; Aumentar su vitalidad y su bienestar.<br \/>\n&#8211; Estimular la circulaci\u00f3n en el pene y los test\u00edculos.<br \/>\n&#8211; Reforzar su virilidad.<br \/>\n&#8211; Garantizar un buen desempe\u00f1o.<br \/>\n&#8211; Aumentar el apetito sexual.<\/p>\n<p><strong>Contiene sustancias activas esenciales que favorecen la sensibilidad peneana.<\/strong><\/p>\n<p>Con <strong>HOT V-ACTIV MEN PENIS POWER SPRAY<\/strong> el hombre se podr\u00e1 realizar plenamente: Su deseo sexual se ver\u00e1 incrementado y aumentar\u00e1 el deseo de hacer el amor repetidamente de forma plenamente satisfactoria. Las relaciones sexuales ser\u00e1n m\u00e1s valoradas y los juegos amorosos ser\u00e1n cada vez m\u00e1s excitantes.<\/p>\n<p>Dermatol\u00f3gicamente testado. Antial\u00e9rgico.<\/p>\n<p>No irrita la piel ni mucosas. No tiene propiedades contraceptivas.<\/p>\n<p>Envase de 50 ml.<\/p>\n","protected":false},"excerpt":{"rendered":"<p>HOT V-ACTIV MEN PENIS POWER SPRAY, es un spray para el hombre, especialmente concebido para: &#8211; Aumentar su vitalidad y<\/p>\n","protected":false},"featured_media":34680,"comment_status":"open","ping_status":"open","template":"","meta":[],"product_cat":[400],"product_tag":[401,1236],"class_list":["post-34679","product","type-product","status-publish","has-post-thumbnail","hentry","product_cat-vigorizantes-para-el-sprays","product_tag-hot","product_tag-v-activ"],"bundled_by":[],"bundle_stock_status":"instock","bundle_stock_quantity":9,"bundle_virtual":false,"bundle_layout":"","bundle_add_to_cart_form_location":"","bundle_editable_in_cart":false,"bundle_sold_individually_context":"","bundle_item_grouping":"","bundle_min_size":"","bundle_max_size":"","bundled_items":[],"yoast_head":"<!-- This site is optimized with the Yoast SEO plugin v20.6 - https:\/\/yoast.com\/wordpress\/plugins\/seo\/ -->\n<title>HOT V-ACTIV HOMBRE SPRAY POTENCIADOR DE LA ERECCION - Tienda Er\u00f3tica<\/title>\n<meta name=\"robots\" content=\"noindex, follow, max-snippet:-1, max-image-preview:large, max-video-preview:-1\" \/>\n<meta property=\"og:locale\" content=\"es_ES\" \/>\n<meta property=\"og:type\" content=\"article\" \/>\n<meta property=\"og:title\" content=\"HOT V-ACTIV HOMBRE SPRAY POTENCIADOR DE LA ERECCION - Tienda Er\u00f3tica\" \/>\n<meta property=\"og:description\" content=\"HOT V-ACTIV MEN PENIS POWER SPRAY, es un spray para el hombre, especialmente concebido para: &#8211; Aumentar su vitalidad y\" \/>\n<meta property=\"og:url\" content=\"https:\/\/demoweb.info\/sexshop001\/producto\/hot-v-activ-hombre-spray-potenciador-de-la-ereccion\/\" \/>\n<meta property=\"og:site_name\" content=\"Tienda Er\u00f3tica\" \/>\n<meta property=\"article:modified_time\" content=\"2022-01-22T12:22:47+00:00\" \/>\n<meta property=\"og:image\" content=\"https:\/\/demoweb.info\/sexshop001\/wp-content\/uploads\/2022\/01\/HOT-V-ACTIV-HOMBRE-SPRAY-POTENCIADOR-DE-LA-ERECCION.jpg\" \/>\n\t<meta property=\"og:image:width\" content=\"550\" \/>\n\t<meta property=\"og:image:height\" content=\"550\" \/>\n\t<meta property=\"og:image:type\" content=\"image\/jpeg\" \/>\n<meta name=\"twitter:card\" content=\"summary_large_image\" \/>\n<meta name=\"twitter:label1\" content=\"Tiempo de lectura\" \/>\n\t<meta name=\"twitter:data1\" content=\"1 minuto\" \/>\n<script type=\"application\/ld+json\" class=\"yoast-schema-graph\">{\"@context\":\"https:\/\/schema.org\",\"@graph\":[{\"@type\":\"WebPage\",\"@id\":\"https:\/\/demoweb.info\/sexshop001\/producto\/hot-v-activ-hombre-spray-potenciador-de-la-ereccion\/\",\"url\":\"https:\/\/demoweb.info\/sexshop001\/producto\/hot-v-activ-hombre-spray-potenciador-de-la-ereccion\/\",\"name\":\"HOT V-ACTIV HOMBRE SPRAY POTENCIADOR DE LA ERECCION - Tienda Er\u00f3tica\",\"isPartOf\":{\"@id\":\"https:\/\/demoweb.info\/sexshop001\/#website\"},\"datePublished\":\"2022-01-22T12:22:37+00:00\",\"dateModified\":\"2022-01-22T12:22:47+00:00\",\"breadcrumb\":{\"@id\":\"https:\/\/demoweb.info\/sexshop001\/producto\/hot-v-activ-hombre-spray-potenciador-de-la-ereccion\/#breadcrumb\"},\"inLanguage\":\"es\",\"potentialAction\":[{\"@type\":\"ReadAction\",\"target\":[\"https:\/\/demoweb.info\/sexshop001\/producto\/hot-v-activ-hombre-spray-potenciador-de-la-ereccion\/\"]}]},{\"@type\":\"BreadcrumbList\",\"@id\":\"https:\/\/demoweb.info\/sexshop001\/producto\/hot-v-activ-hombre-spray-potenciador-de-la-ereccion\/#breadcrumb\",\"itemListElement\":[{\"@type\":\"ListItem\",\"position\":1,\"name\":\"Portada\",\"item\":\"https:\/\/demoweb.info\/sexshop001\/\"},{\"@type\":\"ListItem\",\"position\":2,\"name\":\"Tienda\",\"item\":\"https:\/\/demoweb.info\/sexshop001\/tienda\/\"},{\"@type\":\"ListItem\",\"position\":3,\"name\":\"HOT V-ACTIV HOMBRE SPRAY POTENCIADOR DE LA ERECCION\"}]},{\"@type\":\"WebSite\",\"@id\":\"https:\/\/demoweb.info\/sexshop001\/#website\",\"url\":\"https:\/\/demoweb.info\/sexshop001\/\",\"name\":\"Tienda Er\u00f3tica\",\"description\":\"DEMOWEB SL\",\"potentialAction\":[{\"@type\":\"SearchAction\",\"target\":{\"@type\":\"EntryPoint\",\"urlTemplate\":\"https:\/\/demoweb.info\/sexshop001\/?s={search_term_string}\"},\"query-input\":\"required name=search_term_string\"}],\"inLanguage\":\"es\"}]}<\/script>\n<!-- \/ Yoast SEO plugin. -->","yoast_head_json":{"title":"HOT V-ACTIV HOMBRE SPRAY POTENCIADOR DE LA ERECCION - Tienda Er\u00f3tica","robots":{"index":"noindex","follow":"follow","max-snippet":"max-snippet:-1","max-image-preview":"max-image-preview:large","max-video-preview":"max-video-preview:-1"},"og_locale":"es_ES","og_type":"article","og_title":"HOT V-ACTIV HOMBRE SPRAY POTENCIADOR DE LA ERECCION - Tienda Er\u00f3tica","og_description":"HOT V-ACTIV MEN PENIS POWER SPRAY, es un spray para el hombre, especialmente concebido para: &#8211; Aumentar su vitalidad y","og_url":"https:\/\/demoweb.info\/sexshop001\/producto\/hot-v-activ-hombre-spray-potenciador-de-la-ereccion\/","og_site_name":"Tienda Er\u00f3tica","article_modified_time":"2022-01-22T12:22:47+00:00","og_image":[{"width":550,"height":550,"url":"https:\/\/demoweb.info\/sexshop001\/wp-content\/uploads\/2022\/01\/HOT-V-ACTIV-HOMBRE-SPRAY-POTENCIADOR-DE-LA-ERECCION.jpg","type":"image\/jpeg"}],"twitter_card":"summary_large_image","twitter_misc":{"Tiempo de lectura":"1 minuto"},"schema":{"@context":"https:\/\/schema.org","@graph":[{"@type":"WebPage","@id":"https:\/\/demoweb.info\/sexshop001\/producto\/hot-v-activ-hombre-spray-potenciador-de-la-ereccion\/","url":"https:\/\/demoweb.info\/sexshop001\/producto\/hot-v-activ-hombre-spray-potenciador-de-la-ereccion\/","name":"HOT V-ACTIV HOMBRE SPRAY POTENCIADOR DE LA ERECCION - Tienda Er\u00f3tica","isPartOf":{"@id":"https:\/\/demoweb.info\/sexshop001\/#website"},"datePublished":"2022-01-22T12:22:37+00:00","dateModified":"2022-01-22T12:22:47+00:00","breadcrumb":{"@id":"https:\/\/demoweb.info\/sexshop001\/producto\/hot-v-activ-hombre-spray-potenciador-de-la-ereccion\/#breadcrumb"},"inLanguage":"es","potentialAction":[{"@type":"ReadAction","target":["https:\/\/demoweb.info\/sexshop001\/producto\/hot-v-activ-hombre-spray-potenciador-de-la-ereccion\/"]}]},{"@type":"BreadcrumbList","@id":"https:\/\/demoweb.info\/sexshop001\/producto\/hot-v-activ-hombre-spray-potenciador-de-la-ereccion\/#breadcrumb","itemListElement":[{"@type":"ListItem","position":1,"name":"Portada","item":"https:\/\/demoweb.info\/sexshop001\/"},{"@type":"ListItem","position":2,"name":"Tienda","item":"https:\/\/demoweb.info\/sexshop001\/tienda\/"},{"@type":"ListItem","position":3,"name":"HOT V-ACTIV HOMBRE SPRAY POTENCIADOR DE LA ERECCION"}]},{"@type":"WebSite","@id":"https:\/\/demoweb.info\/sexshop001\/#website","url":"https:\/\/demoweb.info\/sexshop001\/","name":"Tienda Er\u00f3tica","description":"DEMOWEB SL","potentialAction":[{"@type":"SearchAction","target":{"@type":"EntryPoint","urlTemplate":"https:\/\/demoweb.info\/sexshop001\/?s={search_term_string}"},"query-input":"required name=search_term_string"}],"inLanguage":"es"}]}},"_links":{"self":[{"href":"https:\/\/demoweb.info\/sexshop001\/wp-json\/wp\/v3\/product\/34679","targetHints":{"allow":["GET"]}}],"collection":[{"href":"https:\/\/demoweb.info\/sexshop001\/wp-json\/wp\/v3\/product"}],"about":[{"href":"https:\/\/demoweb.info\/sexshop001\/wp-json\/wp\/v2\/types\/product"}],"replies":[{"embeddable":true,"href":"https:\/\/demoweb.info\/sexshop001\/wp-json\/wp\/v2\/comments?post=34679"}],"wp:featuredmedia":[{"embeddable":true,"href":"https:\/\/demoweb.info\/sexshop001\/wp-json\/wp\/v2\/media\/34680"}],"wp:attachment":[{"href":"https:\/\/demoweb.info\/sexshop001\/wp-json\/wp\/v2\/media?parent=34679"}],"wp:term":[{"taxonomy":"product_cat","embeddable":true,"href":"https:\/\/demoweb.info\/sexshop001\/wp-json\/wp\/v2\/product_cat?post=34679"},{"taxonomy":"product_tag","embeddable":true,"href":"https:\/\/demoweb.info\/sexshop001\/wp-json\/wp\/v2\/product_tag?post=34679"}],"curies":[{"name":"wp","href":"https:\/\/api.w.org\/{rel}","templated":true}]}}