{"id":34543,"date":"2022-01-22T13:21:27","date_gmt":"2022-01-22T12:21:27","guid":{"rendered":"https:\/\/demoweb.info\/sexshop001\/producto\/exxtreme-spray-relajante-anal\/"},"modified":"2022-01-22T13:21:28","modified_gmt":"2022-01-22T12:21:28","slug":"exxtreme-spray-relajante-anal","status":"publish","type":"product","link":"https:\/\/demoweb.info\/sexshop001\/producto\/exxtreme-spray-relajante-anal\/","title":{"rendered":"EXXTREME SPRAY RELAJANTE ANAL"},"content":{"rendered":"<p><strong>EXXTREME ANAL SPRAY<\/strong>, es especialmente adecuado para unas relaciones anales de calidad.<br \/>\n<strong>Favorece la dilataci\u00f3n de la piel y los tejidos<\/strong>, y procura un placer libre de cuidados y con sensaci\u00f3n aut\u00e9ntica.<\/p>\n<p>Bastan unas pocas pulverizaciones por aplicaci\u00f3n.<\/p>\n<p>Compatible con el uso de preservativos.<\/p>\n<p>Consiga un coito anal sin dolor.<\/p>\n<p>Un spray muy \u00fatil para realzar el placer de la penetraci\u00f3n anal, y una ayuda muy \u00fatil para los primerizos en este modalidad de penetraci\u00f3n.<\/p>\n<p>Ingredientes: Propylene Glycol, Panthenol, Aloe Gel, Menthol, Lauromacrogol, Ethanol.<\/p>\n<p>Envase de 50 ml.<\/p>\n","protected":false},"excerpt":{"rendered":"<p>EXXTREME ANAL SPRAY, es especialmente adecuado para unas relaciones anales de calidad. Favorece la dilataci\u00f3n de la piel y los<\/p>\n","protected":false},"featured_media":34544,"comment_status":"open","ping_status":"open","template":"","meta":[],"product_cat":[816],"product_tag":[925,401],"class_list":["post-34543","product","type-product","status-publish","has-post-thumbnail","hentry","product_cat-relajantes","product_tag-exxtreme","product_tag-hot"],"bundled_by":[],"bundle_stock_status":"instock","bundle_stock_quantity":23,"bundle_virtual":false,"bundle_layout":"","bundle_add_to_cart_form_location":"","bundle_editable_in_cart":false,"bundle_sold_individually_context":"","bundle_item_grouping":"","bundle_min_size":"","bundle_max_size":"","bundled_items":[],"yoast_head":"<!-- This site is optimized with the Yoast SEO plugin v20.6 - https:\/\/yoast.com\/wordpress\/plugins\/seo\/ -->\n<title>EXXTREME SPRAY RELAJANTE ANAL - Tienda Er\u00f3tica<\/title>\n<meta name=\"robots\" content=\"noindex, follow, max-snippet:-1, max-image-preview:large, max-video-preview:-1\" \/>\n<meta property=\"og:locale\" content=\"es_ES\" \/>\n<meta property=\"og:type\" content=\"article\" \/>\n<meta property=\"og:title\" content=\"EXXTREME SPRAY RELAJANTE ANAL - Tienda Er\u00f3tica\" \/>\n<meta property=\"og:description\" content=\"EXXTREME ANAL SPRAY, es especialmente adecuado para unas relaciones anales de calidad. Favorece la dilataci\u00f3n de la piel y los\" \/>\n<meta property=\"og:url\" content=\"https:\/\/demoweb.info\/sexshop001\/producto\/exxtreme-spray-relajante-anal\/\" \/>\n<meta property=\"og:site_name\" content=\"Tienda Er\u00f3tica\" \/>\n<meta property=\"article:modified_time\" content=\"2022-01-22T12:21:28+00:00\" \/>\n<meta property=\"og:image\" content=\"https:\/\/demoweb.info\/sexshop001\/wp-content\/uploads\/2022\/01\/EXXTREME-SPRAY-RELAJANTE-ANAL.jpg\" \/>\n\t<meta property=\"og:image:width\" content=\"550\" \/>\n\t<meta property=\"og:image:height\" content=\"550\" \/>\n\t<meta property=\"og:image:type\" content=\"image\/jpeg\" \/>\n<meta name=\"twitter:card\" content=\"summary_large_image\" \/>\n<script type=\"application\/ld+json\" class=\"yoast-schema-graph\">{\"@context\":\"https:\/\/schema.org\",\"@graph\":[{\"@type\":\"WebPage\",\"@id\":\"https:\/\/demoweb.info\/sexshop001\/producto\/exxtreme-spray-relajante-anal\/\",\"url\":\"https:\/\/demoweb.info\/sexshop001\/producto\/exxtreme-spray-relajante-anal\/\",\"name\":\"EXXTREME SPRAY RELAJANTE ANAL - Tienda Er\u00f3tica\",\"isPartOf\":{\"@id\":\"https:\/\/demoweb.info\/sexshop001\/#website\"},\"datePublished\":\"2022-01-22T12:21:27+00:00\",\"dateModified\":\"2022-01-22T12:21:28+00:00\",\"breadcrumb\":{\"@id\":\"https:\/\/demoweb.info\/sexshop001\/producto\/exxtreme-spray-relajante-anal\/#breadcrumb\"},\"inLanguage\":\"es\",\"potentialAction\":[{\"@type\":\"ReadAction\",\"target\":[\"https:\/\/demoweb.info\/sexshop001\/producto\/exxtreme-spray-relajante-anal\/\"]}]},{\"@type\":\"BreadcrumbList\",\"@id\":\"https:\/\/demoweb.info\/sexshop001\/producto\/exxtreme-spray-relajante-anal\/#breadcrumb\",\"itemListElement\":[{\"@type\":\"ListItem\",\"position\":1,\"name\":\"Portada\",\"item\":\"https:\/\/demoweb.info\/sexshop001\/\"},{\"@type\":\"ListItem\",\"position\":2,\"name\":\"Tienda\",\"item\":\"https:\/\/demoweb.info\/sexshop001\/tienda\/\"},{\"@type\":\"ListItem\",\"position\":3,\"name\":\"EXXTREME SPRAY RELAJANTE ANAL\"}]},{\"@type\":\"WebSite\",\"@id\":\"https:\/\/demoweb.info\/sexshop001\/#website\",\"url\":\"https:\/\/demoweb.info\/sexshop001\/\",\"name\":\"Tienda Er\u00f3tica\",\"description\":\"DEMOWEB SL\",\"potentialAction\":[{\"@type\":\"SearchAction\",\"target\":{\"@type\":\"EntryPoint\",\"urlTemplate\":\"https:\/\/demoweb.info\/sexshop001\/?s={search_term_string}\"},\"query-input\":\"required name=search_term_string\"}],\"inLanguage\":\"es\"}]}<\/script>\n<!-- \/ Yoast SEO plugin. -->","yoast_head_json":{"title":"EXXTREME SPRAY RELAJANTE ANAL - Tienda Er\u00f3tica","robots":{"index":"noindex","follow":"follow","max-snippet":"max-snippet:-1","max-image-preview":"max-image-preview:large","max-video-preview":"max-video-preview:-1"},"og_locale":"es_ES","og_type":"article","og_title":"EXXTREME SPRAY RELAJANTE ANAL - Tienda Er\u00f3tica","og_description":"EXXTREME ANAL SPRAY, es especialmente adecuado para unas relaciones anales de calidad. Favorece la dilataci\u00f3n de la piel y los","og_url":"https:\/\/demoweb.info\/sexshop001\/producto\/exxtreme-spray-relajante-anal\/","og_site_name":"Tienda Er\u00f3tica","article_modified_time":"2022-01-22T12:21:28+00:00","og_image":[{"width":550,"height":550,"url":"https:\/\/demoweb.info\/sexshop001\/wp-content\/uploads\/2022\/01\/EXXTREME-SPRAY-RELAJANTE-ANAL.jpg","type":"image\/jpeg"}],"twitter_card":"summary_large_image","schema":{"@context":"https:\/\/schema.org","@graph":[{"@type":"WebPage","@id":"https:\/\/demoweb.info\/sexshop001\/producto\/exxtreme-spray-relajante-anal\/","url":"https:\/\/demoweb.info\/sexshop001\/producto\/exxtreme-spray-relajante-anal\/","name":"EXXTREME SPRAY RELAJANTE ANAL - Tienda Er\u00f3tica","isPartOf":{"@id":"https:\/\/demoweb.info\/sexshop001\/#website"},"datePublished":"2022-01-22T12:21:27+00:00","dateModified":"2022-01-22T12:21:28+00:00","breadcrumb":{"@id":"https:\/\/demoweb.info\/sexshop001\/producto\/exxtreme-spray-relajante-anal\/#breadcrumb"},"inLanguage":"es","potentialAction":[{"@type":"ReadAction","target":["https:\/\/demoweb.info\/sexshop001\/producto\/exxtreme-spray-relajante-anal\/"]}]},{"@type":"BreadcrumbList","@id":"https:\/\/demoweb.info\/sexshop001\/producto\/exxtreme-spray-relajante-anal\/#breadcrumb","itemListElement":[{"@type":"ListItem","position":1,"name":"Portada","item":"https:\/\/demoweb.info\/sexshop001\/"},{"@type":"ListItem","position":2,"name":"Tienda","item":"https:\/\/demoweb.info\/sexshop001\/tienda\/"},{"@type":"ListItem","position":3,"name":"EXXTREME SPRAY RELAJANTE ANAL"}]},{"@type":"WebSite","@id":"https:\/\/demoweb.info\/sexshop001\/#website","url":"https:\/\/demoweb.info\/sexshop001\/","name":"Tienda Er\u00f3tica","description":"DEMOWEB SL","potentialAction":[{"@type":"SearchAction","target":{"@type":"EntryPoint","urlTemplate":"https:\/\/demoweb.info\/sexshop001\/?s={search_term_string}"},"query-input":"required name=search_term_string"}],"inLanguage":"es"}]}},"_links":{"self":[{"href":"https:\/\/demoweb.info\/sexshop001\/wp-json\/wp\/v3\/product\/34543","targetHints":{"allow":["GET"]}}],"collection":[{"href":"https:\/\/demoweb.info\/sexshop001\/wp-json\/wp\/v3\/product"}],"about":[{"href":"https:\/\/demoweb.info\/sexshop001\/wp-json\/wp\/v2\/types\/product"}],"replies":[{"embeddable":true,"href":"https:\/\/demoweb.info\/sexshop001\/wp-json\/wp\/v2\/comments?post=34543"}],"wp:featuredmedia":[{"embeddable":true,"href":"https:\/\/demoweb.info\/sexshop001\/wp-json\/wp\/v2\/media\/34544"}],"wp:attachment":[{"href":"https:\/\/demoweb.info\/sexshop001\/wp-json\/wp\/v2\/media?parent=34543"}],"wp:term":[{"taxonomy":"product_cat","embeddable":true,"href":"https:\/\/demoweb.info\/sexshop001\/wp-json\/wp\/v2\/product_cat?post=34543"},{"taxonomy":"product_tag","embeddable":true,"href":"https:\/\/demoweb.info\/sexshop001\/wp-json\/wp\/v2\/product_tag?post=34543"}],"curies":[{"name":"wp","href":"https:\/\/api.w.org\/{rel}","templated":true}]}}