{"id":34533,"date":"2022-01-22T13:21:07","date_gmt":"2022-01-22T12:21:07","guid":{"rendered":"https:\/\/demoweb.info\/sexshop001\/producto\/colt-pinzas-para-pezones\/"},"modified":"2022-01-22T13:21:21","modified_gmt":"2022-01-22T12:21:21","slug":"colt-pinzas-para-pezones","status":"publish","type":"product","link":"https:\/\/demoweb.info\/sexshop001\/producto\/colt-pinzas-para-pezones\/","title":{"rendered":"COLT PINZAS PARA PEZONES"},"content":{"rendered":"<p><font size=&quot;1&quot;><br \/>\n<B>COLT GRIPS<\/B> son un par de pinzas <b><br \/>\n<font color=&quot;#0000FF&quot;>estimuladoras de pezones con vibraci\u00f3n<\/font><\/b>, seguras, confortables y<br \/>\nf\u00e1ciles de usar.<\/p>\n<p>Las pinzas de sujeci\u00f3n son de suave silicona y disponen de un <b>sistema de seguridad<\/b>, para controlar en todo momento el nivel de presi\u00f3n sobre el pez\u00f3n.<\/p>\n<p>Con un simple clic, podr\u00e1s activar el potente vibrador.<\/p>\n<p>Incorporan un <b>vibrador sin cables<\/b> en cada pinza que te<br \/>\nproporcionar\u00e1n un inmenso placer.<\/p>\n<p>Al ser resistente al agua, lo puedes usar<br \/>\nincluso en la ducha.<\/p>\n<p><b>Incluye las Pilas<\/b>.<\/font><\/p>\n","protected":false},"excerpt":{"rendered":"<p>COLT GRIPS son un par de pinzas estimuladoras de pezones con vibraci\u00f3n, seguras, confortables y f\u00e1ciles de usar. Las pinzas<\/p>\n","protected":false},"featured_media":34534,"comment_status":"open","ping_status":"open","template":"","meta":[],"product_cat":[705],"product_tag":[660,724],"class_list":["post-34533","product","type-product","status-publish","has-post-thumbnail","hentry","product_cat-con-vibracion-pinzas-pezones","product_tag-calexotics","product_tag-colt-gear"],"bundled_by":[],"bundle_stock_status":"instock","bundle_stock_quantity":1,"bundle_virtual":false,"bundle_layout":"","bundle_add_to_cart_form_location":"","bundle_editable_in_cart":false,"bundle_sold_individually_context":"","bundle_item_grouping":"","bundle_min_size":"","bundle_max_size":"","bundled_items":[],"yoast_head":"<!-- This site is optimized with the Yoast SEO plugin v20.6 - https:\/\/yoast.com\/wordpress\/plugins\/seo\/ -->\n<title>COLT PINZAS PARA PEZONES - Tienda Er\u00f3tica<\/title>\n<meta name=\"robots\" content=\"noindex, follow, max-snippet:-1, max-image-preview:large, max-video-preview:-1\" \/>\n<meta property=\"og:locale\" content=\"es_ES\" \/>\n<meta property=\"og:type\" content=\"article\" \/>\n<meta property=\"og:title\" content=\"COLT PINZAS PARA PEZONES - Tienda Er\u00f3tica\" \/>\n<meta property=\"og:description\" content=\"COLT GRIPS son un par de pinzas estimuladoras de pezones con vibraci\u00f3n, seguras, confortables y f\u00e1ciles de usar. Las pinzas\" \/>\n<meta property=\"og:url\" content=\"https:\/\/demoweb.info\/sexshop001\/producto\/colt-pinzas-para-pezones\/\" \/>\n<meta property=\"og:site_name\" content=\"Tienda Er\u00f3tica\" \/>\n<meta property=\"article:modified_time\" content=\"2022-01-22T12:21:21+00:00\" \/>\n<meta property=\"og:image\" content=\"https:\/\/demoweb.info\/sexshop001\/wp-content\/uploads\/2022\/01\/COLT-PINZAS-PARA-PEZONES.jpg\" \/>\n\t<meta property=\"og:image:width\" content=\"550\" \/>\n\t<meta property=\"og:image:height\" content=\"550\" \/>\n\t<meta property=\"og:image:type\" content=\"image\/jpeg\" \/>\n<meta name=\"twitter:card\" content=\"summary_large_image\" \/>\n<script type=\"application\/ld+json\" class=\"yoast-schema-graph\">{\"@context\":\"https:\/\/schema.org\",\"@graph\":[{\"@type\":\"WebPage\",\"@id\":\"https:\/\/demoweb.info\/sexshop001\/producto\/colt-pinzas-para-pezones\/\",\"url\":\"https:\/\/demoweb.info\/sexshop001\/producto\/colt-pinzas-para-pezones\/\",\"name\":\"COLT PINZAS PARA PEZONES - Tienda Er\u00f3tica\",\"isPartOf\":{\"@id\":\"https:\/\/demoweb.info\/sexshop001\/#website\"},\"datePublished\":\"2022-01-22T12:21:07+00:00\",\"dateModified\":\"2022-01-22T12:21:21+00:00\",\"breadcrumb\":{\"@id\":\"https:\/\/demoweb.info\/sexshop001\/producto\/colt-pinzas-para-pezones\/#breadcrumb\"},\"inLanguage\":\"es\",\"potentialAction\":[{\"@type\":\"ReadAction\",\"target\":[\"https:\/\/demoweb.info\/sexshop001\/producto\/colt-pinzas-para-pezones\/\"]}]},{\"@type\":\"BreadcrumbList\",\"@id\":\"https:\/\/demoweb.info\/sexshop001\/producto\/colt-pinzas-para-pezones\/#breadcrumb\",\"itemListElement\":[{\"@type\":\"ListItem\",\"position\":1,\"name\":\"Portada\",\"item\":\"https:\/\/demoweb.info\/sexshop001\/\"},{\"@type\":\"ListItem\",\"position\":2,\"name\":\"Tienda\",\"item\":\"https:\/\/demoweb.info\/sexshop001\/tienda\/\"},{\"@type\":\"ListItem\",\"position\":3,\"name\":\"COLT PINZAS PARA PEZONES\"}]},{\"@type\":\"WebSite\",\"@id\":\"https:\/\/demoweb.info\/sexshop001\/#website\",\"url\":\"https:\/\/demoweb.info\/sexshop001\/\",\"name\":\"Tienda Er\u00f3tica\",\"description\":\"DEMOWEB SL\",\"potentialAction\":[{\"@type\":\"SearchAction\",\"target\":{\"@type\":\"EntryPoint\",\"urlTemplate\":\"https:\/\/demoweb.info\/sexshop001\/?s={search_term_string}\"},\"query-input\":\"required name=search_term_string\"}],\"inLanguage\":\"es\"}]}<\/script>\n<!-- \/ Yoast SEO plugin. -->","yoast_head_json":{"title":"COLT PINZAS PARA PEZONES - Tienda Er\u00f3tica","robots":{"index":"noindex","follow":"follow","max-snippet":"max-snippet:-1","max-image-preview":"max-image-preview:large","max-video-preview":"max-video-preview:-1"},"og_locale":"es_ES","og_type":"article","og_title":"COLT PINZAS PARA PEZONES - Tienda Er\u00f3tica","og_description":"COLT GRIPS son un par de pinzas estimuladoras de pezones con vibraci\u00f3n, seguras, confortables y f\u00e1ciles de usar. Las pinzas","og_url":"https:\/\/demoweb.info\/sexshop001\/producto\/colt-pinzas-para-pezones\/","og_site_name":"Tienda Er\u00f3tica","article_modified_time":"2022-01-22T12:21:21+00:00","og_image":[{"width":550,"height":550,"url":"https:\/\/demoweb.info\/sexshop001\/wp-content\/uploads\/2022\/01\/COLT-PINZAS-PARA-PEZONES.jpg","type":"image\/jpeg"}],"twitter_card":"summary_large_image","schema":{"@context":"https:\/\/schema.org","@graph":[{"@type":"WebPage","@id":"https:\/\/demoweb.info\/sexshop001\/producto\/colt-pinzas-para-pezones\/","url":"https:\/\/demoweb.info\/sexshop001\/producto\/colt-pinzas-para-pezones\/","name":"COLT PINZAS PARA PEZONES - Tienda Er\u00f3tica","isPartOf":{"@id":"https:\/\/demoweb.info\/sexshop001\/#website"},"datePublished":"2022-01-22T12:21:07+00:00","dateModified":"2022-01-22T12:21:21+00:00","breadcrumb":{"@id":"https:\/\/demoweb.info\/sexshop001\/producto\/colt-pinzas-para-pezones\/#breadcrumb"},"inLanguage":"es","potentialAction":[{"@type":"ReadAction","target":["https:\/\/demoweb.info\/sexshop001\/producto\/colt-pinzas-para-pezones\/"]}]},{"@type":"BreadcrumbList","@id":"https:\/\/demoweb.info\/sexshop001\/producto\/colt-pinzas-para-pezones\/#breadcrumb","itemListElement":[{"@type":"ListItem","position":1,"name":"Portada","item":"https:\/\/demoweb.info\/sexshop001\/"},{"@type":"ListItem","position":2,"name":"Tienda","item":"https:\/\/demoweb.info\/sexshop001\/tienda\/"},{"@type":"ListItem","position":3,"name":"COLT PINZAS PARA PEZONES"}]},{"@type":"WebSite","@id":"https:\/\/demoweb.info\/sexshop001\/#website","url":"https:\/\/demoweb.info\/sexshop001\/","name":"Tienda Er\u00f3tica","description":"DEMOWEB SL","potentialAction":[{"@type":"SearchAction","target":{"@type":"EntryPoint","urlTemplate":"https:\/\/demoweb.info\/sexshop001\/?s={search_term_string}"},"query-input":"required name=search_term_string"}],"inLanguage":"es"}]}},"_links":{"self":[{"href":"https:\/\/demoweb.info\/sexshop001\/wp-json\/wp\/v3\/product\/34533","targetHints":{"allow":["GET"]}}],"collection":[{"href":"https:\/\/demoweb.info\/sexshop001\/wp-json\/wp\/v3\/product"}],"about":[{"href":"https:\/\/demoweb.info\/sexshop001\/wp-json\/wp\/v2\/types\/product"}],"replies":[{"embeddable":true,"href":"https:\/\/demoweb.info\/sexshop001\/wp-json\/wp\/v2\/comments?post=34533"}],"wp:featuredmedia":[{"embeddable":true,"href":"https:\/\/demoweb.info\/sexshop001\/wp-json\/wp\/v2\/media\/34534"}],"wp:attachment":[{"href":"https:\/\/demoweb.info\/sexshop001\/wp-json\/wp\/v2\/media?parent=34533"}],"wp:term":[{"taxonomy":"product_cat","embeddable":true,"href":"https:\/\/demoweb.info\/sexshop001\/wp-json\/wp\/v2\/product_cat?post=34533"},{"taxonomy":"product_tag","embeddable":true,"href":"https:\/\/demoweb.info\/sexshop001\/wp-json\/wp\/v2\/product_tag?post=34533"}],"curies":[{"name":"wp","href":"https:\/\/api.w.org\/{rel}","templated":true}]}}