{"id":34504,"date":"2022-01-22T13:21:07","date_gmt":"2022-01-22T12:21:07","guid":{"rendered":"https:\/\/demoweb.info\/sexshop001\/producto\/nexus-vibro-masajeador-del-punto-g-masculino-con-vibrador-negro\/"},"modified":"2022-01-22T13:21:10","modified_gmt":"2022-01-22T12:21:10","slug":"nexus-vibro-masajeador-del-punto-g-masculino-con-vibrador-negro","status":"publish","type":"product","link":"https:\/\/demoweb.info\/sexshop001\/producto\/nexus-vibro-masajeador-del-punto-g-masculino-con-vibrador-negro\/","title":{"rendered":"NEXUS VIBRO MASAJEADOR DEL PUNTO G MASCULINO CON VIBRADOR NEGRO"},"content":{"rendered":"<p><strong>NEXUS VIBRO VIBRATING MALE G-SPOT MASSAGER BLACK<\/strong> es un masajeador con vibraci\u00f3n, desarrollado como un juguete sexual para ayudar al hombre a estimular la <strong>Pr\u00f3stata<\/strong> y la zona del <strong>perineo<\/strong>.<\/p>\n<p>Estas zonas conocidas como el <strong>Punto G masculino<\/strong>, son las que controlan e <strong>incrementan la erecci\u00f3n, el orgasmo y la eyaculaci\u00f3n<\/strong>. Son las zonas donde se encuentran el centro del Placer.<\/p>\n<p><strong>Nexus Vibro<\/strong>, es el primer estimulador de pr\u00f3stata con tecnolog\u00eda de microchip. Un dise\u00f1o estilizado que se combina con una bala vibradora de acero inoxidable, que te ofrece tres patrones de vibraci\u00f3n espec\u00edficos para el masaje prost\u00e1tico. Un lujo de juguete que cambiar\u00e1 tu concepto de la sexualidad masculina. Convi\u00e9rtete en un hombre multiorg\u00e1smico y presume de tu exceso de placer.<\/p>\n<p>El <strong>Masajeador Nexus Vibro<\/strong>, puede ser utilizado durante la <strong>masturbaci\u00f3n<\/strong>, o en el juego sexual para incrementan la erecci\u00f3n y el orgasmo.<\/p>\n<p>El <strong>Masajeador Nexus Vibro<\/strong>, es capaz de transformar el orgasmo masculino en una experiencia de liberaci\u00f3n y \u00e9xtasis.<\/p>\n<p>Este modelo incorpora una <strong>bola giratoria<\/strong> que te proporciona un masaje en el perineo, con una sensaci\u00f3n muy parecida a las caricias de la lengua.<\/p>\n<p>El recorrido del masajeador, se encuentra <strong>texturado<\/strong> para provocar mayores sensaciones.<\/p>\n<p><strong>Incluye las pilas.<\/strong><\/p>\n<p>Medidas: 9 cm x 3,2 cm.<\/p>\n","protected":false},"excerpt":{"rendered":"<p>NEXUS VIBRO VIBRATING MALE G-SPOT MASSAGER BLACK es un masajeador con vibraci\u00f3n, desarrollado como un juguete sexual para ayudar al<\/p>\n","protected":false},"featured_media":34505,"comment_status":"open","ping_status":"open","template":"","meta":[],"product_cat":[295],"product_tag":[296],"class_list":["post-34504","product","type-product","status-publish","has-post-thumbnail","hentry","product_cat-vibradores-plugs","product_tag-nexus"],"bundled_by":[],"bundle_stock_status":"instock","bundle_stock_quantity":5,"bundle_virtual":false,"bundle_layout":"","bundle_add_to_cart_form_location":"","bundle_editable_in_cart":false,"bundle_sold_individually_context":"","bundle_item_grouping":"","bundle_min_size":"","bundle_max_size":"","bundled_items":[],"yoast_head":"<!-- This site is optimized with the Yoast SEO plugin v20.6 - https:\/\/yoast.com\/wordpress\/plugins\/seo\/ -->\n<title>NEXUS VIBRO MASAJEADOR DEL PUNTO G MASCULINO CON VIBRADOR NEGRO - Tienda Er\u00f3tica<\/title>\n<meta name=\"robots\" content=\"noindex, follow, max-snippet:-1, max-image-preview:large, max-video-preview:-1\" \/>\n<meta property=\"og:locale\" content=\"es_ES\" \/>\n<meta property=\"og:type\" content=\"article\" \/>\n<meta property=\"og:title\" content=\"NEXUS VIBRO MASAJEADOR DEL PUNTO G MASCULINO CON VIBRADOR NEGRO - Tienda Er\u00f3tica\" \/>\n<meta property=\"og:description\" content=\"NEXUS VIBRO VIBRATING MALE G-SPOT MASSAGER BLACK es un masajeador con vibraci\u00f3n, desarrollado como un juguete sexual para ayudar al\" \/>\n<meta property=\"og:url\" content=\"https:\/\/demoweb.info\/sexshop001\/producto\/nexus-vibro-masajeador-del-punto-g-masculino-con-vibrador-negro\/\" \/>\n<meta property=\"og:site_name\" content=\"Tienda Er\u00f3tica\" \/>\n<meta property=\"article:modified_time\" content=\"2022-01-22T12:21:10+00:00\" \/>\n<meta property=\"og:image\" content=\"https:\/\/demoweb.info\/sexshop001\/wp-content\/uploads\/2022\/01\/NEXUS-VIBRO-MASAJEADOR-DEL-PUNTO-G-MASCULINO-CON-VIBRADOR-NEGRO.jpg\" \/>\n\t<meta property=\"og:image:width\" content=\"550\" \/>\n\t<meta property=\"og:image:height\" content=\"550\" \/>\n\t<meta property=\"og:image:type\" content=\"image\/jpeg\" \/>\n<meta name=\"twitter:card\" content=\"summary_large_image\" \/>\n<meta name=\"twitter:label1\" content=\"Tiempo de lectura\" \/>\n\t<meta name=\"twitter:data1\" content=\"1 minuto\" \/>\n<script type=\"application\/ld+json\" class=\"yoast-schema-graph\">{\"@context\":\"https:\/\/schema.org\",\"@graph\":[{\"@type\":\"WebPage\",\"@id\":\"https:\/\/demoweb.info\/sexshop001\/producto\/nexus-vibro-masajeador-del-punto-g-masculino-con-vibrador-negro\/\",\"url\":\"https:\/\/demoweb.info\/sexshop001\/producto\/nexus-vibro-masajeador-del-punto-g-masculino-con-vibrador-negro\/\",\"name\":\"NEXUS VIBRO MASAJEADOR DEL PUNTO G MASCULINO CON VIBRADOR NEGRO - Tienda Er\u00f3tica\",\"isPartOf\":{\"@id\":\"https:\/\/demoweb.info\/sexshop001\/#website\"},\"datePublished\":\"2022-01-22T12:21:07+00:00\",\"dateModified\":\"2022-01-22T12:21:10+00:00\",\"breadcrumb\":{\"@id\":\"https:\/\/demoweb.info\/sexshop001\/producto\/nexus-vibro-masajeador-del-punto-g-masculino-con-vibrador-negro\/#breadcrumb\"},\"inLanguage\":\"es\",\"potentialAction\":[{\"@type\":\"ReadAction\",\"target\":[\"https:\/\/demoweb.info\/sexshop001\/producto\/nexus-vibro-masajeador-del-punto-g-masculino-con-vibrador-negro\/\"]}]},{\"@type\":\"BreadcrumbList\",\"@id\":\"https:\/\/demoweb.info\/sexshop001\/producto\/nexus-vibro-masajeador-del-punto-g-masculino-con-vibrador-negro\/#breadcrumb\",\"itemListElement\":[{\"@type\":\"ListItem\",\"position\":1,\"name\":\"Portada\",\"item\":\"https:\/\/demoweb.info\/sexshop001\/\"},{\"@type\":\"ListItem\",\"position\":2,\"name\":\"Tienda\",\"item\":\"https:\/\/demoweb.info\/sexshop001\/tienda\/\"},{\"@type\":\"ListItem\",\"position\":3,\"name\":\"NEXUS VIBRO MASAJEADOR DEL PUNTO G MASCULINO CON VIBRADOR NEGRO\"}]},{\"@type\":\"WebSite\",\"@id\":\"https:\/\/demoweb.info\/sexshop001\/#website\",\"url\":\"https:\/\/demoweb.info\/sexshop001\/\",\"name\":\"Tienda Er\u00f3tica\",\"description\":\"DEMOWEB SL\",\"potentialAction\":[{\"@type\":\"SearchAction\",\"target\":{\"@type\":\"EntryPoint\",\"urlTemplate\":\"https:\/\/demoweb.info\/sexshop001\/?s={search_term_string}\"},\"query-input\":\"required name=search_term_string\"}],\"inLanguage\":\"es\"}]}<\/script>\n<!-- \/ Yoast SEO plugin. -->","yoast_head_json":{"title":"NEXUS VIBRO MASAJEADOR DEL PUNTO G MASCULINO CON VIBRADOR NEGRO - Tienda Er\u00f3tica","robots":{"index":"noindex","follow":"follow","max-snippet":"max-snippet:-1","max-image-preview":"max-image-preview:large","max-video-preview":"max-video-preview:-1"},"og_locale":"es_ES","og_type":"article","og_title":"NEXUS VIBRO MASAJEADOR DEL PUNTO G MASCULINO CON VIBRADOR NEGRO - Tienda Er\u00f3tica","og_description":"NEXUS VIBRO VIBRATING MALE G-SPOT MASSAGER BLACK es un masajeador con vibraci\u00f3n, desarrollado como un juguete sexual para ayudar al","og_url":"https:\/\/demoweb.info\/sexshop001\/producto\/nexus-vibro-masajeador-del-punto-g-masculino-con-vibrador-negro\/","og_site_name":"Tienda Er\u00f3tica","article_modified_time":"2022-01-22T12:21:10+00:00","og_image":[{"width":550,"height":550,"url":"https:\/\/demoweb.info\/sexshop001\/wp-content\/uploads\/2022\/01\/NEXUS-VIBRO-MASAJEADOR-DEL-PUNTO-G-MASCULINO-CON-VIBRADOR-NEGRO.jpg","type":"image\/jpeg"}],"twitter_card":"summary_large_image","twitter_misc":{"Tiempo de lectura":"1 minuto"},"schema":{"@context":"https:\/\/schema.org","@graph":[{"@type":"WebPage","@id":"https:\/\/demoweb.info\/sexshop001\/producto\/nexus-vibro-masajeador-del-punto-g-masculino-con-vibrador-negro\/","url":"https:\/\/demoweb.info\/sexshop001\/producto\/nexus-vibro-masajeador-del-punto-g-masculino-con-vibrador-negro\/","name":"NEXUS VIBRO MASAJEADOR DEL PUNTO G MASCULINO CON VIBRADOR NEGRO - Tienda Er\u00f3tica","isPartOf":{"@id":"https:\/\/demoweb.info\/sexshop001\/#website"},"datePublished":"2022-01-22T12:21:07+00:00","dateModified":"2022-01-22T12:21:10+00:00","breadcrumb":{"@id":"https:\/\/demoweb.info\/sexshop001\/producto\/nexus-vibro-masajeador-del-punto-g-masculino-con-vibrador-negro\/#breadcrumb"},"inLanguage":"es","potentialAction":[{"@type":"ReadAction","target":["https:\/\/demoweb.info\/sexshop001\/producto\/nexus-vibro-masajeador-del-punto-g-masculino-con-vibrador-negro\/"]}]},{"@type":"BreadcrumbList","@id":"https:\/\/demoweb.info\/sexshop001\/producto\/nexus-vibro-masajeador-del-punto-g-masculino-con-vibrador-negro\/#breadcrumb","itemListElement":[{"@type":"ListItem","position":1,"name":"Portada","item":"https:\/\/demoweb.info\/sexshop001\/"},{"@type":"ListItem","position":2,"name":"Tienda","item":"https:\/\/demoweb.info\/sexshop001\/tienda\/"},{"@type":"ListItem","position":3,"name":"NEXUS VIBRO MASAJEADOR DEL PUNTO G MASCULINO CON VIBRADOR NEGRO"}]},{"@type":"WebSite","@id":"https:\/\/demoweb.info\/sexshop001\/#website","url":"https:\/\/demoweb.info\/sexshop001\/","name":"Tienda Er\u00f3tica","description":"DEMOWEB SL","potentialAction":[{"@type":"SearchAction","target":{"@type":"EntryPoint","urlTemplate":"https:\/\/demoweb.info\/sexshop001\/?s={search_term_string}"},"query-input":"required name=search_term_string"}],"inLanguage":"es"}]}},"_links":{"self":[{"href":"https:\/\/demoweb.info\/sexshop001\/wp-json\/wp\/v3\/product\/34504","targetHints":{"allow":["GET"]}}],"collection":[{"href":"https:\/\/demoweb.info\/sexshop001\/wp-json\/wp\/v3\/product"}],"about":[{"href":"https:\/\/demoweb.info\/sexshop001\/wp-json\/wp\/v2\/types\/product"}],"replies":[{"embeddable":true,"href":"https:\/\/demoweb.info\/sexshop001\/wp-json\/wp\/v2\/comments?post=34504"}],"wp:featuredmedia":[{"embeddable":true,"href":"https:\/\/demoweb.info\/sexshop001\/wp-json\/wp\/v2\/media\/34505"}],"wp:attachment":[{"href":"https:\/\/demoweb.info\/sexshop001\/wp-json\/wp\/v2\/media?parent=34504"}],"wp:term":[{"taxonomy":"product_cat","embeddable":true,"href":"https:\/\/demoweb.info\/sexshop001\/wp-json\/wp\/v2\/product_cat?post=34504"},{"taxonomy":"product_tag","embeddable":true,"href":"https:\/\/demoweb.info\/sexshop001\/wp-json\/wp\/v2\/product_tag?post=34504"}],"curies":[{"name":"wp","href":"https:\/\/api.w.org\/{rel}","templated":true}]}}