{"id":34430,"date":"2022-01-22T13:20:16","date_gmt":"2022-01-22T12:20:16","guid":{"rendered":"https:\/\/demoweb.info\/sexshop001\/producto\/male-edge-basic-alargamiento-de-pene\/"},"modified":"2022-01-22T13:20:27","modified_gmt":"2022-01-22T12:20:27","slug":"male-edge-basic-alargamiento-de-pene","status":"publish","type":"product","link":"https:\/\/demoweb.info\/sexshop001\/producto\/male-edge-basic-alargamiento-de-pene\/","title":{"rendered":"MALE EDGE BASIC ALARGAMIENTO DE PENE"},"content":{"rendered":"<p><strong>MALE EDGE BASIC RETAIL PENIS ENLARGER<\/strong>, es un dispositivo de alargamiento del pene mediante tracci\u00f3n.<\/p>\n<p><strong>Modelo Basic<\/strong>, en color azul y blanco, es ideal para el hombre que quiere la mejor calidad y sin los extras.<\/p>\n<p><strong>\u00bfC\u00f3mo funciona Male Edge?<\/strong><\/p>\n<p><strong>Male Edge<\/strong> es de f\u00e1cil uso, no causa dolor y es indetectable debajo de pantalones holgados. <strong>Male Edge<\/strong> aumenta tanto la longitud como el grosor del pene. Es el \u00fanico m\u00e9todo comprobado y documentado de alargamiento del pene sin cirug\u00edas o consultas al m\u00e9dico.<\/p>\n<p><strong>La acci\u00f3n est\u00e1 en la tracci\u00f3n<\/strong><\/p>\n<p><strong>Male Edge<\/strong> utiliza la tracci\u00f3n para guiar la capacidad natural que tiene el cuerpo humano para cambiar y desarrollarse bajo la influencia f\u00edsica. Si expone una determinada parte de su cuerpo a estiramiento constante, las c\u00e9lulas en este \u00e1rea comienzan a dividirse y multiplicarse, aumentando as\u00ed la masa de tejido. Por consiguiente, el alargamiento se da tanto en el largo como en el ancho (grosor) del pene. Diversas y numerosas culturas diferentes conocen y han utilizado este principio natural a lo largo de los siglos para desarrollar o alargar diversas partes del cuerpo.<\/p>\n<p><strong>Disponible en 3 modelos<\/strong><\/p>\n<p>Tienes a tu disposici\u00f3n 3 modelos diferentes de <strong>Male Edge<\/strong> para que elijas el que m\u00e1s te guste.<\/p>\n<p><strong>Comprobado cl\u00ednicamente <\/strong><\/p>\n<p>Se coloca un anillo de pl\u00e1stico especialmente dise\u00f1ado alrededor de la base del pene. Un sujetador de pl\u00e1stico, una espuma protectora y una sujeci\u00f3n de goma se ajusta alrededor de la cabeza del pene. Entre el anillo y el sujetador, dos barras din\u00e1micas una tensi\u00f3n que oscila entre los 1.200 y los 2.800 gramos. El usuario regula la tensi\u00f3n. El <strong>Male Edge<\/strong> se adapta a todas las personas y a penes de cualquier tama\u00f1o.<\/p>\n<p><strong>\u00bfCuando lo utilizo?<\/strong>.<\/p>\n<p>El <strong>Male Edge<\/strong> puede utilizarse en cualquier momento del d\u00eda durante per\u00edodos extensos, en el trabajo o en su tiempo libre, dependiendo de sus actividades. La cantidad total de horas de utilizaci\u00f3n del <strong>Male Edge<\/strong> y la tracci\u00f3n aplicada determinan el resultado del tratamiento. No es necesario usar el <strong>Male Edge<\/strong> durante un per\u00edodo prolongado e ininterrumpido para obtener resultados.<\/p>\n","protected":false},"excerpt":{"rendered":"<p>MALE EDGE BASIC RETAIL PENIS ENLARGER, es un dispositivo de alargamiento del pene mediante tracci\u00f3n. Modelo Basic, en color azul<\/p>\n","protected":false},"featured_media":34431,"comment_status":"open","ping_status":"open","template":"","meta":[],"product_cat":[985],"product_tag":[1234],"class_list":["post-34430","product","type-product","status-publish","has-post-thumbnail","hentry","product_cat-extensores","product_tag-male-edge"],"bundled_by":[],"bundle_stock_status":"instock","bundle_stock_quantity":15,"bundle_virtual":false,"bundle_layout":"","bundle_add_to_cart_form_location":"","bundle_editable_in_cart":false,"bundle_sold_individually_context":"","bundle_item_grouping":"","bundle_min_size":"","bundle_max_size":"","bundled_items":[],"yoast_head":"<!-- This site is optimized with the Yoast SEO plugin v20.6 - https:\/\/yoast.com\/wordpress\/plugins\/seo\/ -->\n<title>MALE EDGE BASIC ALARGAMIENTO DE PENE - Tienda Er\u00f3tica<\/title>\n<meta name=\"robots\" content=\"noindex, follow, max-snippet:-1, max-image-preview:large, max-video-preview:-1\" \/>\n<meta property=\"og:locale\" content=\"es_ES\" \/>\n<meta property=\"og:type\" content=\"article\" \/>\n<meta property=\"og:title\" content=\"MALE EDGE BASIC ALARGAMIENTO DE PENE - Tienda Er\u00f3tica\" \/>\n<meta property=\"og:description\" content=\"MALE EDGE BASIC RETAIL PENIS ENLARGER, es un dispositivo de alargamiento del pene mediante tracci\u00f3n. Modelo Basic, en color azul\" \/>\n<meta property=\"og:url\" content=\"https:\/\/demoweb.info\/sexshop001\/producto\/male-edge-basic-alargamiento-de-pene\/\" \/>\n<meta property=\"og:site_name\" content=\"Tienda Er\u00f3tica\" \/>\n<meta property=\"article:modified_time\" content=\"2022-01-22T12:20:27+00:00\" \/>\n<meta property=\"og:image\" content=\"https:\/\/demoweb.info\/sexshop001\/wp-content\/uploads\/2022\/01\/MALE-EDGE-BASIC-ALARGAMIENTO-DE-PENE.jpg\" \/>\n\t<meta property=\"og:image:width\" content=\"550\" \/>\n\t<meta property=\"og:image:height\" content=\"550\" \/>\n\t<meta property=\"og:image:type\" content=\"image\/jpeg\" \/>\n<meta name=\"twitter:card\" content=\"summary_large_image\" \/>\n<meta name=\"twitter:label1\" content=\"Tiempo de lectura\" \/>\n\t<meta name=\"twitter:data1\" content=\"2 minutos\" \/>\n<script type=\"application\/ld+json\" class=\"yoast-schema-graph\">{\"@context\":\"https:\/\/schema.org\",\"@graph\":[{\"@type\":\"WebPage\",\"@id\":\"https:\/\/demoweb.info\/sexshop001\/producto\/male-edge-basic-alargamiento-de-pene\/\",\"url\":\"https:\/\/demoweb.info\/sexshop001\/producto\/male-edge-basic-alargamiento-de-pene\/\",\"name\":\"MALE EDGE BASIC ALARGAMIENTO DE PENE - Tienda Er\u00f3tica\",\"isPartOf\":{\"@id\":\"https:\/\/demoweb.info\/sexshop001\/#website\"},\"datePublished\":\"2022-01-22T12:20:16+00:00\",\"dateModified\":\"2022-01-22T12:20:27+00:00\",\"breadcrumb\":{\"@id\":\"https:\/\/demoweb.info\/sexshop001\/producto\/male-edge-basic-alargamiento-de-pene\/#breadcrumb\"},\"inLanguage\":\"es\",\"potentialAction\":[{\"@type\":\"ReadAction\",\"target\":[\"https:\/\/demoweb.info\/sexshop001\/producto\/male-edge-basic-alargamiento-de-pene\/\"]}]},{\"@type\":\"BreadcrumbList\",\"@id\":\"https:\/\/demoweb.info\/sexshop001\/producto\/male-edge-basic-alargamiento-de-pene\/#breadcrumb\",\"itemListElement\":[{\"@type\":\"ListItem\",\"position\":1,\"name\":\"Portada\",\"item\":\"https:\/\/demoweb.info\/sexshop001\/\"},{\"@type\":\"ListItem\",\"position\":2,\"name\":\"Tienda\",\"item\":\"https:\/\/demoweb.info\/sexshop001\/tienda\/\"},{\"@type\":\"ListItem\",\"position\":3,\"name\":\"MALE EDGE BASIC ALARGAMIENTO DE PENE\"}]},{\"@type\":\"WebSite\",\"@id\":\"https:\/\/demoweb.info\/sexshop001\/#website\",\"url\":\"https:\/\/demoweb.info\/sexshop001\/\",\"name\":\"Tienda Er\u00f3tica\",\"description\":\"DEMOWEB SL\",\"potentialAction\":[{\"@type\":\"SearchAction\",\"target\":{\"@type\":\"EntryPoint\",\"urlTemplate\":\"https:\/\/demoweb.info\/sexshop001\/?s={search_term_string}\"},\"query-input\":\"required name=search_term_string\"}],\"inLanguage\":\"es\"}]}<\/script>\n<!-- \/ Yoast SEO plugin. -->","yoast_head_json":{"title":"MALE EDGE BASIC ALARGAMIENTO DE PENE - Tienda Er\u00f3tica","robots":{"index":"noindex","follow":"follow","max-snippet":"max-snippet:-1","max-image-preview":"max-image-preview:large","max-video-preview":"max-video-preview:-1"},"og_locale":"es_ES","og_type":"article","og_title":"MALE EDGE BASIC ALARGAMIENTO DE PENE - Tienda Er\u00f3tica","og_description":"MALE EDGE BASIC RETAIL PENIS ENLARGER, es un dispositivo de alargamiento del pene mediante tracci\u00f3n. Modelo Basic, en color azul","og_url":"https:\/\/demoweb.info\/sexshop001\/producto\/male-edge-basic-alargamiento-de-pene\/","og_site_name":"Tienda Er\u00f3tica","article_modified_time":"2022-01-22T12:20:27+00:00","og_image":[{"width":550,"height":550,"url":"https:\/\/demoweb.info\/sexshop001\/wp-content\/uploads\/2022\/01\/MALE-EDGE-BASIC-ALARGAMIENTO-DE-PENE.jpg","type":"image\/jpeg"}],"twitter_card":"summary_large_image","twitter_misc":{"Tiempo de lectura":"2 minutos"},"schema":{"@context":"https:\/\/schema.org","@graph":[{"@type":"WebPage","@id":"https:\/\/demoweb.info\/sexshop001\/producto\/male-edge-basic-alargamiento-de-pene\/","url":"https:\/\/demoweb.info\/sexshop001\/producto\/male-edge-basic-alargamiento-de-pene\/","name":"MALE EDGE BASIC ALARGAMIENTO DE PENE - Tienda Er\u00f3tica","isPartOf":{"@id":"https:\/\/demoweb.info\/sexshop001\/#website"},"datePublished":"2022-01-22T12:20:16+00:00","dateModified":"2022-01-22T12:20:27+00:00","breadcrumb":{"@id":"https:\/\/demoweb.info\/sexshop001\/producto\/male-edge-basic-alargamiento-de-pene\/#breadcrumb"},"inLanguage":"es","potentialAction":[{"@type":"ReadAction","target":["https:\/\/demoweb.info\/sexshop001\/producto\/male-edge-basic-alargamiento-de-pene\/"]}]},{"@type":"BreadcrumbList","@id":"https:\/\/demoweb.info\/sexshop001\/producto\/male-edge-basic-alargamiento-de-pene\/#breadcrumb","itemListElement":[{"@type":"ListItem","position":1,"name":"Portada","item":"https:\/\/demoweb.info\/sexshop001\/"},{"@type":"ListItem","position":2,"name":"Tienda","item":"https:\/\/demoweb.info\/sexshop001\/tienda\/"},{"@type":"ListItem","position":3,"name":"MALE EDGE BASIC ALARGAMIENTO DE PENE"}]},{"@type":"WebSite","@id":"https:\/\/demoweb.info\/sexshop001\/#website","url":"https:\/\/demoweb.info\/sexshop001\/","name":"Tienda Er\u00f3tica","description":"DEMOWEB SL","potentialAction":[{"@type":"SearchAction","target":{"@type":"EntryPoint","urlTemplate":"https:\/\/demoweb.info\/sexshop001\/?s={search_term_string}"},"query-input":"required name=search_term_string"}],"inLanguage":"es"}]}},"_links":{"self":[{"href":"https:\/\/demoweb.info\/sexshop001\/wp-json\/wp\/v3\/product\/34430","targetHints":{"allow":["GET"]}}],"collection":[{"href":"https:\/\/demoweb.info\/sexshop001\/wp-json\/wp\/v3\/product"}],"about":[{"href":"https:\/\/demoweb.info\/sexshop001\/wp-json\/wp\/v2\/types\/product"}],"replies":[{"embeddable":true,"href":"https:\/\/demoweb.info\/sexshop001\/wp-json\/wp\/v2\/comments?post=34430"}],"wp:featuredmedia":[{"embeddable":true,"href":"https:\/\/demoweb.info\/sexshop001\/wp-json\/wp\/v2\/media\/34431"}],"wp:attachment":[{"href":"https:\/\/demoweb.info\/sexshop001\/wp-json\/wp\/v2\/media?parent=34430"}],"wp:term":[{"taxonomy":"product_cat","embeddable":true,"href":"https:\/\/demoweb.info\/sexshop001\/wp-json\/wp\/v2\/product_cat?post=34430"},{"taxonomy":"product_tag","embeddable":true,"href":"https:\/\/demoweb.info\/sexshop001\/wp-json\/wp\/v2\/product_tag?post=34430"}],"curies":[{"name":"wp","href":"https:\/\/api.w.org\/{rel}","templated":true}]}}