{"id":34423,"date":"2022-01-22T13:20:16","date_gmt":"2022-01-22T12:20:16","guid":{"rendered":"https:\/\/demoweb.info\/sexshop001\/producto\/masajeador-de-clitoris-recargable-usb\/"},"modified":"2022-01-22T13:20:24","modified_gmt":"2022-01-22T12:20:24","slug":"masajeador-de-clitoris-recargable-usb","status":"publish","type":"product","link":"https:\/\/demoweb.info\/sexshop001\/producto\/masajeador-de-clitoris-recargable-usb\/","title":{"rendered":"MASAJEADOR DE CLITORIS RECARGABLE USB"},"content":{"rendered":"<p><strong>MAGIC MASSAGER<\/strong> es el aut\u00e9ntico vibrador de las pel\u00edculas porno.<\/p>\n<p>Una aut\u00e9ntica maravilla de la tecnolog\u00eda para la estimulaci\u00f3n femenina, un vibrador que os seducir\u00e1 desde el primer instante con su suave ronroneo.<\/p>\n<p>Dise\u00f1ado espec\u00edficamente para las mujeres m\u00e1s exigentes.<\/p>\n<p>Su gran cabezal anat\u00f3mico, est\u00e1 fabricado de suave silicona blanca, y posee una hendidura que rodea su di\u00e1metro para una estimulaci\u00f3n vaginal extrema.<\/p>\n<p>Dispone de un potent\u00edsimo motor con vibraci\u00f3n de dos niveles, que <strong>se recarga conect\u00e1ndolo a la luz el\u00e9ctrica<\/strong>.<\/p>\n<p>Medidas: 32 cm.<\/p>\n<p>Recargable con USB.<\/p>\n","protected":false},"excerpt":{"rendered":"<p>MAGIC MASSAGER es el aut\u00e9ntico vibrador de las pel\u00edculas porno. Una aut\u00e9ntica maravilla de la tecnolog\u00eda para la estimulaci\u00f3n femenina,<\/p>\n","protected":false},"featured_media":34424,"comment_status":"open","ping_status":"open","template":"","meta":[],"product_cat":[370],"product_tag":[1233,247],"class_list":["post-34423","product","type-product","status-publish","has-post-thumbnail","hentry","product_cat-clitoris","product_tag-classics","product_tag-toyjoy"],"bundled_by":[],"bundle_stock_status":"instock","bundle_stock_quantity":4,"bundle_virtual":false,"bundle_layout":"","bundle_add_to_cart_form_location":"","bundle_editable_in_cart":false,"bundle_sold_individually_context":"","bundle_item_grouping":"","bundle_min_size":"","bundle_max_size":"","bundled_items":[],"yoast_head":"<!-- This site is optimized with the Yoast SEO plugin v20.6 - https:\/\/yoast.com\/wordpress\/plugins\/seo\/ -->\n<title>MASAJEADOR DE CLITORIS RECARGABLE USB - Tienda Er\u00f3tica<\/title>\n<meta name=\"robots\" content=\"noindex, follow, max-snippet:-1, max-image-preview:large, max-video-preview:-1\" \/>\n<meta property=\"og:locale\" content=\"es_ES\" \/>\n<meta property=\"og:type\" content=\"article\" \/>\n<meta property=\"og:title\" content=\"MASAJEADOR DE CLITORIS RECARGABLE USB - Tienda Er\u00f3tica\" \/>\n<meta property=\"og:description\" content=\"MAGIC MASSAGER es el aut\u00e9ntico vibrador de las pel\u00edculas porno. Una aut\u00e9ntica maravilla de la tecnolog\u00eda para la estimulaci\u00f3n femenina,\" \/>\n<meta property=\"og:url\" content=\"https:\/\/demoweb.info\/sexshop001\/producto\/masajeador-de-clitoris-recargable-usb\/\" \/>\n<meta property=\"og:site_name\" content=\"Tienda Er\u00f3tica\" \/>\n<meta property=\"article:modified_time\" content=\"2022-01-22T12:20:24+00:00\" \/>\n<meta property=\"og:image\" content=\"https:\/\/demoweb.info\/sexshop001\/wp-content\/uploads\/2022\/01\/MASAJEADOR-DE-CLITORIS-RECARGABLE-USB.jpg\" \/>\n\t<meta property=\"og:image:width\" content=\"550\" \/>\n\t<meta property=\"og:image:height\" content=\"550\" \/>\n\t<meta property=\"og:image:type\" content=\"image\/jpeg\" \/>\n<meta name=\"twitter:card\" content=\"summary_large_image\" \/>\n<meta name=\"twitter:label1\" content=\"Tiempo de lectura\" \/>\n\t<meta name=\"twitter:data1\" content=\"1 minuto\" \/>\n<script type=\"application\/ld+json\" class=\"yoast-schema-graph\">{\"@context\":\"https:\/\/schema.org\",\"@graph\":[{\"@type\":\"WebPage\",\"@id\":\"https:\/\/demoweb.info\/sexshop001\/producto\/masajeador-de-clitoris-recargable-usb\/\",\"url\":\"https:\/\/demoweb.info\/sexshop001\/producto\/masajeador-de-clitoris-recargable-usb\/\",\"name\":\"MASAJEADOR DE CLITORIS RECARGABLE USB - Tienda Er\u00f3tica\",\"isPartOf\":{\"@id\":\"https:\/\/demoweb.info\/sexshop001\/#website\"},\"datePublished\":\"2022-01-22T12:20:16+00:00\",\"dateModified\":\"2022-01-22T12:20:24+00:00\",\"breadcrumb\":{\"@id\":\"https:\/\/demoweb.info\/sexshop001\/producto\/masajeador-de-clitoris-recargable-usb\/#breadcrumb\"},\"inLanguage\":\"es\",\"potentialAction\":[{\"@type\":\"ReadAction\",\"target\":[\"https:\/\/demoweb.info\/sexshop001\/producto\/masajeador-de-clitoris-recargable-usb\/\"]}]},{\"@type\":\"BreadcrumbList\",\"@id\":\"https:\/\/demoweb.info\/sexshop001\/producto\/masajeador-de-clitoris-recargable-usb\/#breadcrumb\",\"itemListElement\":[{\"@type\":\"ListItem\",\"position\":1,\"name\":\"Portada\",\"item\":\"https:\/\/demoweb.info\/sexshop001\/\"},{\"@type\":\"ListItem\",\"position\":2,\"name\":\"Tienda\",\"item\":\"https:\/\/demoweb.info\/sexshop001\/tienda\/\"},{\"@type\":\"ListItem\",\"position\":3,\"name\":\"MASAJEADOR DE CLITORIS RECARGABLE USB\"}]},{\"@type\":\"WebSite\",\"@id\":\"https:\/\/demoweb.info\/sexshop001\/#website\",\"url\":\"https:\/\/demoweb.info\/sexshop001\/\",\"name\":\"Tienda Er\u00f3tica\",\"description\":\"DEMOWEB SL\",\"potentialAction\":[{\"@type\":\"SearchAction\",\"target\":{\"@type\":\"EntryPoint\",\"urlTemplate\":\"https:\/\/demoweb.info\/sexshop001\/?s={search_term_string}\"},\"query-input\":\"required name=search_term_string\"}],\"inLanguage\":\"es\"}]}<\/script>\n<!-- \/ Yoast SEO plugin. -->","yoast_head_json":{"title":"MASAJEADOR DE CLITORIS RECARGABLE USB - Tienda Er\u00f3tica","robots":{"index":"noindex","follow":"follow","max-snippet":"max-snippet:-1","max-image-preview":"max-image-preview:large","max-video-preview":"max-video-preview:-1"},"og_locale":"es_ES","og_type":"article","og_title":"MASAJEADOR DE CLITORIS RECARGABLE USB - Tienda Er\u00f3tica","og_description":"MAGIC MASSAGER es el aut\u00e9ntico vibrador de las pel\u00edculas porno. Una aut\u00e9ntica maravilla de la tecnolog\u00eda para la estimulaci\u00f3n femenina,","og_url":"https:\/\/demoweb.info\/sexshop001\/producto\/masajeador-de-clitoris-recargable-usb\/","og_site_name":"Tienda Er\u00f3tica","article_modified_time":"2022-01-22T12:20:24+00:00","og_image":[{"width":550,"height":550,"url":"https:\/\/demoweb.info\/sexshop001\/wp-content\/uploads\/2022\/01\/MASAJEADOR-DE-CLITORIS-RECARGABLE-USB.jpg","type":"image\/jpeg"}],"twitter_card":"summary_large_image","twitter_misc":{"Tiempo de lectura":"1 minuto"},"schema":{"@context":"https:\/\/schema.org","@graph":[{"@type":"WebPage","@id":"https:\/\/demoweb.info\/sexshop001\/producto\/masajeador-de-clitoris-recargable-usb\/","url":"https:\/\/demoweb.info\/sexshop001\/producto\/masajeador-de-clitoris-recargable-usb\/","name":"MASAJEADOR DE CLITORIS RECARGABLE USB - Tienda Er\u00f3tica","isPartOf":{"@id":"https:\/\/demoweb.info\/sexshop001\/#website"},"datePublished":"2022-01-22T12:20:16+00:00","dateModified":"2022-01-22T12:20:24+00:00","breadcrumb":{"@id":"https:\/\/demoweb.info\/sexshop001\/producto\/masajeador-de-clitoris-recargable-usb\/#breadcrumb"},"inLanguage":"es","potentialAction":[{"@type":"ReadAction","target":["https:\/\/demoweb.info\/sexshop001\/producto\/masajeador-de-clitoris-recargable-usb\/"]}]},{"@type":"BreadcrumbList","@id":"https:\/\/demoweb.info\/sexshop001\/producto\/masajeador-de-clitoris-recargable-usb\/#breadcrumb","itemListElement":[{"@type":"ListItem","position":1,"name":"Portada","item":"https:\/\/demoweb.info\/sexshop001\/"},{"@type":"ListItem","position":2,"name":"Tienda","item":"https:\/\/demoweb.info\/sexshop001\/tienda\/"},{"@type":"ListItem","position":3,"name":"MASAJEADOR DE CLITORIS RECARGABLE USB"}]},{"@type":"WebSite","@id":"https:\/\/demoweb.info\/sexshop001\/#website","url":"https:\/\/demoweb.info\/sexshop001\/","name":"Tienda Er\u00f3tica","description":"DEMOWEB SL","potentialAction":[{"@type":"SearchAction","target":{"@type":"EntryPoint","urlTemplate":"https:\/\/demoweb.info\/sexshop001\/?s={search_term_string}"},"query-input":"required name=search_term_string"}],"inLanguage":"es"}]}},"_links":{"self":[{"href":"https:\/\/demoweb.info\/sexshop001\/wp-json\/wp\/v3\/product\/34423","targetHints":{"allow":["GET"]}}],"collection":[{"href":"https:\/\/demoweb.info\/sexshop001\/wp-json\/wp\/v3\/product"}],"about":[{"href":"https:\/\/demoweb.info\/sexshop001\/wp-json\/wp\/v2\/types\/product"}],"replies":[{"embeddable":true,"href":"https:\/\/demoweb.info\/sexshop001\/wp-json\/wp\/v2\/comments?post=34423"}],"wp:featuredmedia":[{"embeddable":true,"href":"https:\/\/demoweb.info\/sexshop001\/wp-json\/wp\/v2\/media\/34424"}],"wp:attachment":[{"href":"https:\/\/demoweb.info\/sexshop001\/wp-json\/wp\/v2\/media?parent=34423"}],"wp:term":[{"taxonomy":"product_cat","embeddable":true,"href":"https:\/\/demoweb.info\/sexshop001\/wp-json\/wp\/v2\/product_cat?post=34423"},{"taxonomy":"product_tag","embeddable":true,"href":"https:\/\/demoweb.info\/sexshop001\/wp-json\/wp\/v2\/product_tag?post=34423"}],"curies":[{"name":"wp","href":"https:\/\/api.w.org\/{rel}","templated":true}]}}