{"id":34419,"date":"2022-01-22T13:20:16","date_gmt":"2022-01-22T12:20:16","guid":{"rendered":"https:\/\/demoweb.info\/sexshop001\/producto\/kit-clona-tu-pene-con-vibrador-piel-oscura\/"},"modified":"2022-01-22T13:20:22","modified_gmt":"2022-01-22T12:20:22","slug":"kit-clona-tu-pene-con-vibrador-piel-oscura","status":"publish","type":"product","link":"https:\/\/demoweb.info\/sexshop001\/producto\/kit-clona-tu-pene-con-vibrador-piel-oscura\/","title":{"rendered":"KIT CLONA TU PENE CON VIBRADOR PIEL OSCURA"},"content":{"rendered":"<p><strong>CLONE A WILLY BROWN SKIN VIBRATING KIT,<\/strong> El kit para clonar tu pene contiene todo lo que necesitas para hacer una copia de silicona exacta de tu propio pene en color piel oscura.<\/p>\n<p>Es r\u00e1pido, divertido y f\u00e1cil de usar, y te asombrar\u00e1 hasta qu\u00e9 punto llegan sus detalles.<\/p>\n<p>El consolador de goma no contiene l\u00e1tex y se puede utilizar con cualquier lubricante. Adem\u00e1s, viene con una unidad de vibraci\u00f3n que junto con tu nuevo consolador se convierten en un extraordinario vibrador r\u00e9plica exacta de tu pene. \u00bfNo es fant\u00e1stico?.<\/p>\n<p>Contiene instrucciones y forma de uso en espa\u00f1ol.<\/p>\n<p><strong>Sorprende a tu pareja con una erecci\u00f3n eterna.<\/strong><\/p>\n<p>100% Silicona.<\/p>\n<p>NO T\u00d3XICO<\/p>\n","protected":false},"excerpt":{"rendered":"<p>CLONE A WILLY BROWN SKIN VIBRATING KIT, El kit para clonar tu pene contiene todo lo que necesitas para hacer<\/p>\n","protected":false},"featured_media":34420,"comment_status":"open","ping_status":"open","template":"","meta":[],"product_cat":[386],"product_tag":[676],"class_list":["post-34419","product","type-product","status-publish","has-post-thumbnail","hentry","product_cat-realisticos","product_tag-empire-labs"],"bundled_by":[],"bundle_stock_status":"instock","bundle_stock_quantity":1,"bundle_virtual":false,"bundle_layout":"","bundle_add_to_cart_form_location":"","bundle_editable_in_cart":false,"bundle_sold_individually_context":"","bundle_item_grouping":"","bundle_min_size":"","bundle_max_size":"","bundled_items":[],"yoast_head":"<!-- This site is optimized with the Yoast SEO plugin v20.6 - https:\/\/yoast.com\/wordpress\/plugins\/seo\/ -->\n<title>KIT CLONA TU PENE CON VIBRADOR PIEL OSCURA - Tienda Er\u00f3tica<\/title>\n<meta name=\"robots\" content=\"noindex, follow, max-snippet:-1, max-image-preview:large, max-video-preview:-1\" \/>\n<meta property=\"og:locale\" content=\"es_ES\" \/>\n<meta property=\"og:type\" content=\"article\" \/>\n<meta property=\"og:title\" content=\"KIT CLONA TU PENE CON VIBRADOR PIEL OSCURA - Tienda Er\u00f3tica\" \/>\n<meta property=\"og:description\" content=\"CLONE A WILLY BROWN SKIN VIBRATING KIT, El kit para clonar tu pene contiene todo lo que necesitas para hacer\" \/>\n<meta property=\"og:url\" content=\"https:\/\/demoweb.info\/sexshop001\/producto\/kit-clona-tu-pene-con-vibrador-piel-oscura\/\" \/>\n<meta property=\"og:site_name\" content=\"Tienda Er\u00f3tica\" \/>\n<meta property=\"article:modified_time\" content=\"2022-01-22T12:20:22+00:00\" \/>\n<meta property=\"og:image\" content=\"https:\/\/demoweb.info\/sexshop001\/wp-content\/uploads\/2022\/01\/KIT-CLONA-TU-PENE-CON-VIBRADOR-PIEL-OSCURA.jpg\" \/>\n\t<meta property=\"og:image:width\" content=\"550\" \/>\n\t<meta property=\"og:image:height\" content=\"550\" \/>\n\t<meta property=\"og:image:type\" content=\"image\/jpeg\" \/>\n<meta name=\"twitter:card\" content=\"summary_large_image\" \/>\n<meta name=\"twitter:label1\" content=\"Tiempo de lectura\" \/>\n\t<meta name=\"twitter:data1\" content=\"1 minuto\" \/>\n<script type=\"application\/ld+json\" class=\"yoast-schema-graph\">{\"@context\":\"https:\/\/schema.org\",\"@graph\":[{\"@type\":\"WebPage\",\"@id\":\"https:\/\/demoweb.info\/sexshop001\/producto\/kit-clona-tu-pene-con-vibrador-piel-oscura\/\",\"url\":\"https:\/\/demoweb.info\/sexshop001\/producto\/kit-clona-tu-pene-con-vibrador-piel-oscura\/\",\"name\":\"KIT CLONA TU PENE CON VIBRADOR PIEL OSCURA - Tienda Er\u00f3tica\",\"isPartOf\":{\"@id\":\"https:\/\/demoweb.info\/sexshop001\/#website\"},\"datePublished\":\"2022-01-22T12:20:16+00:00\",\"dateModified\":\"2022-01-22T12:20:22+00:00\",\"breadcrumb\":{\"@id\":\"https:\/\/demoweb.info\/sexshop001\/producto\/kit-clona-tu-pene-con-vibrador-piel-oscura\/#breadcrumb\"},\"inLanguage\":\"es\",\"potentialAction\":[{\"@type\":\"ReadAction\",\"target\":[\"https:\/\/demoweb.info\/sexshop001\/producto\/kit-clona-tu-pene-con-vibrador-piel-oscura\/\"]}]},{\"@type\":\"BreadcrumbList\",\"@id\":\"https:\/\/demoweb.info\/sexshop001\/producto\/kit-clona-tu-pene-con-vibrador-piel-oscura\/#breadcrumb\",\"itemListElement\":[{\"@type\":\"ListItem\",\"position\":1,\"name\":\"Portada\",\"item\":\"https:\/\/demoweb.info\/sexshop001\/\"},{\"@type\":\"ListItem\",\"position\":2,\"name\":\"Tienda\",\"item\":\"https:\/\/demoweb.info\/sexshop001\/tienda\/\"},{\"@type\":\"ListItem\",\"position\":3,\"name\":\"KIT CLONA TU PENE CON VIBRADOR PIEL OSCURA\"}]},{\"@type\":\"WebSite\",\"@id\":\"https:\/\/demoweb.info\/sexshop001\/#website\",\"url\":\"https:\/\/demoweb.info\/sexshop001\/\",\"name\":\"Tienda Er\u00f3tica\",\"description\":\"DEMOWEB SL\",\"potentialAction\":[{\"@type\":\"SearchAction\",\"target\":{\"@type\":\"EntryPoint\",\"urlTemplate\":\"https:\/\/demoweb.info\/sexshop001\/?s={search_term_string}\"},\"query-input\":\"required name=search_term_string\"}],\"inLanguage\":\"es\"}]}<\/script>\n<!-- \/ Yoast SEO plugin. -->","yoast_head_json":{"title":"KIT CLONA TU PENE CON VIBRADOR PIEL OSCURA - Tienda Er\u00f3tica","robots":{"index":"noindex","follow":"follow","max-snippet":"max-snippet:-1","max-image-preview":"max-image-preview:large","max-video-preview":"max-video-preview:-1"},"og_locale":"es_ES","og_type":"article","og_title":"KIT CLONA TU PENE CON VIBRADOR PIEL OSCURA - Tienda Er\u00f3tica","og_description":"CLONE A WILLY BROWN SKIN VIBRATING KIT, El kit para clonar tu pene contiene todo lo que necesitas para hacer","og_url":"https:\/\/demoweb.info\/sexshop001\/producto\/kit-clona-tu-pene-con-vibrador-piel-oscura\/","og_site_name":"Tienda Er\u00f3tica","article_modified_time":"2022-01-22T12:20:22+00:00","og_image":[{"width":550,"height":550,"url":"https:\/\/demoweb.info\/sexshop001\/wp-content\/uploads\/2022\/01\/KIT-CLONA-TU-PENE-CON-VIBRADOR-PIEL-OSCURA.jpg","type":"image\/jpeg"}],"twitter_card":"summary_large_image","twitter_misc":{"Tiempo de lectura":"1 minuto"},"schema":{"@context":"https:\/\/schema.org","@graph":[{"@type":"WebPage","@id":"https:\/\/demoweb.info\/sexshop001\/producto\/kit-clona-tu-pene-con-vibrador-piel-oscura\/","url":"https:\/\/demoweb.info\/sexshop001\/producto\/kit-clona-tu-pene-con-vibrador-piel-oscura\/","name":"KIT CLONA TU PENE CON VIBRADOR PIEL OSCURA - Tienda Er\u00f3tica","isPartOf":{"@id":"https:\/\/demoweb.info\/sexshop001\/#website"},"datePublished":"2022-01-22T12:20:16+00:00","dateModified":"2022-01-22T12:20:22+00:00","breadcrumb":{"@id":"https:\/\/demoweb.info\/sexshop001\/producto\/kit-clona-tu-pene-con-vibrador-piel-oscura\/#breadcrumb"},"inLanguage":"es","potentialAction":[{"@type":"ReadAction","target":["https:\/\/demoweb.info\/sexshop001\/producto\/kit-clona-tu-pene-con-vibrador-piel-oscura\/"]}]},{"@type":"BreadcrumbList","@id":"https:\/\/demoweb.info\/sexshop001\/producto\/kit-clona-tu-pene-con-vibrador-piel-oscura\/#breadcrumb","itemListElement":[{"@type":"ListItem","position":1,"name":"Portada","item":"https:\/\/demoweb.info\/sexshop001\/"},{"@type":"ListItem","position":2,"name":"Tienda","item":"https:\/\/demoweb.info\/sexshop001\/tienda\/"},{"@type":"ListItem","position":3,"name":"KIT CLONA TU PENE CON VIBRADOR PIEL OSCURA"}]},{"@type":"WebSite","@id":"https:\/\/demoweb.info\/sexshop001\/#website","url":"https:\/\/demoweb.info\/sexshop001\/","name":"Tienda Er\u00f3tica","description":"DEMOWEB SL","potentialAction":[{"@type":"SearchAction","target":{"@type":"EntryPoint","urlTemplate":"https:\/\/demoweb.info\/sexshop001\/?s={search_term_string}"},"query-input":"required name=search_term_string"}],"inLanguage":"es"}]}},"_links":{"self":[{"href":"https:\/\/demoweb.info\/sexshop001\/wp-json\/wp\/v3\/product\/34419","targetHints":{"allow":["GET"]}}],"collection":[{"href":"https:\/\/demoweb.info\/sexshop001\/wp-json\/wp\/v3\/product"}],"about":[{"href":"https:\/\/demoweb.info\/sexshop001\/wp-json\/wp\/v2\/types\/product"}],"replies":[{"embeddable":true,"href":"https:\/\/demoweb.info\/sexshop001\/wp-json\/wp\/v2\/comments?post=34419"}],"wp:featuredmedia":[{"embeddable":true,"href":"https:\/\/demoweb.info\/sexshop001\/wp-json\/wp\/v2\/media\/34420"}],"wp:attachment":[{"href":"https:\/\/demoweb.info\/sexshop001\/wp-json\/wp\/v2\/media?parent=34419"}],"wp:term":[{"taxonomy":"product_cat","embeddable":true,"href":"https:\/\/demoweb.info\/sexshop001\/wp-json\/wp\/v2\/product_cat?post=34419"},{"taxonomy":"product_tag","embeddable":true,"href":"https:\/\/demoweb.info\/sexshop001\/wp-json\/wp\/v2\/product_tag?post=34419"}],"curies":[{"name":"wp","href":"https:\/\/api.w.org\/{rel}","templated":true}]}}