{"id":34297,"date":"2022-01-22T13:18:59","date_gmt":"2022-01-22T12:18:59","guid":{"rendered":"https:\/\/demoweb.info\/sexshop001\/producto\/satisfyer-twirling-fun-varita-vibradora-blanco\/"},"modified":"2022-01-22T13:19:17","modified_gmt":"2022-01-22T12:19:17","slug":"satisfyer-twirling-fun-varita-vibradora-blanco","status":"publish","type":"product","link":"https:\/\/demoweb.info\/sexshop001\/producto\/satisfyer-twirling-fun-varita-vibradora-blanco\/","title":{"rendered":"SATISFYER TWIRLING FUN VARITA VIBRADORA &#8211; BLANCO"},"content":{"rendered":"<p><strong>SATISFYER TWIRLING FUN TIP VIBE<\/strong><\/p>\n<p>\u00bfEres nuevo utilizando vibradores de varita y buscas un producto para principiantes? Debido a su dise\u00f1o vers\u00e1til, deportivo y fresco, el TWIRLING FUN es la opci\u00f3n perfecta.<\/p>\n<p>Este vibrador de punta utiliza una parte superior peque\u00f1a, giratoria y vibrante para una estimulaci\u00f3n espec\u00edfica adecuada para todas y cada una de las zonas er\u00f3genas.<\/p>\n<p>Construido con un cuerpo y una punta firmes, el TWIRLING FUN tiene una varilla no centralizada sobre el motor para impulsar la punta alrededor de un eje. Con una vibraci\u00f3n adicional para el m\u00e1ximo placer, puede identificar su estimulaci\u00f3n precisa a trav\u00e9s del panel de control intuitivo.<\/p>\n<p>Con 12 poderosas configuraciones empaquetadas en un motor, una clasificaci\u00f3n de resistencia al agua IPX7 y hecho completamente de silicona amigable para el cuerpo, el TWIRLING FUN est\u00e1 listo para cualquier cosa.<\/p>\n<ul>\n<li>De silicona<\/li>\n<li>Estimulaci\u00f3n por puntos de placer giratorios<\/li>\n<li>12 programas diferentes de vibraci\u00f3n<\/li>\n<li>Resistente al agua (IPX7)<\/li>\n<li>Modo de susurro<\/li>\n<li>Recargable por USB<\/li>\n<li>F\u00e1cil de limpiar<\/li>\n<li>Ancho: 3 cm<\/li>\n<li>Largo: 17 cm<\/li>\n<li>Peso: 61,24 g<\/li>\n<\/ul>\n","protected":false},"excerpt":{"rendered":"<p>SATISFYER TWIRLING FUN TIP VIBE \u00bfEres nuevo utilizando vibradores de varita y buscas un producto para principiantes? Debido a su<\/p>\n","protected":false},"featured_media":34298,"comment_status":"open","ping_status":"open","template":"","meta":[],"product_cat":[355],"product_tag":[442,615],"class_list":["post-34297","product","type-product","status-publish","has-post-thumbnail","hentry","product_cat-ellas","product_tag-satisfyer","product_tag-vibrator"],"bundled_by":[],"bundle_stock_status":"instock","bundle_stock_quantity":19,"bundle_virtual":false,"bundle_layout":"","bundle_add_to_cart_form_location":"","bundle_editable_in_cart":false,"bundle_sold_individually_context":"","bundle_item_grouping":"","bundle_min_size":"","bundle_max_size":"","bundled_items":[],"yoast_head":"<!-- This site is optimized with the Yoast SEO plugin v20.6 - https:\/\/yoast.com\/wordpress\/plugins\/seo\/ -->\n<title>SATISFYER TWIRLING FUN VARITA VIBRADORA - BLANCO - Tienda Er\u00f3tica<\/title>\n<meta name=\"robots\" content=\"noindex, follow, max-snippet:-1, max-image-preview:large, max-video-preview:-1\" \/>\n<meta property=\"og:locale\" content=\"es_ES\" \/>\n<meta property=\"og:type\" content=\"article\" \/>\n<meta property=\"og:title\" content=\"SATISFYER TWIRLING FUN VARITA VIBRADORA - BLANCO - Tienda Er\u00f3tica\" \/>\n<meta property=\"og:description\" content=\"SATISFYER TWIRLING FUN TIP VIBE \u00bfEres nuevo utilizando vibradores de varita y buscas un producto para principiantes? Debido a su\" \/>\n<meta property=\"og:url\" content=\"https:\/\/demoweb.info\/sexshop001\/producto\/satisfyer-twirling-fun-varita-vibradora-blanco\/\" \/>\n<meta property=\"og:site_name\" content=\"Tienda Er\u00f3tica\" \/>\n<meta property=\"article:modified_time\" content=\"2022-01-22T12:19:17+00:00\" \/>\n<meta property=\"og:image\" content=\"https:\/\/demoweb.info\/sexshop001\/wp-content\/uploads\/2022\/01\/SATISFYER-TWIRLING-FUN-VARITA-VIBRADORA-BLANCO.jpg\" \/>\n\t<meta property=\"og:image:width\" content=\"550\" \/>\n\t<meta property=\"og:image:height\" content=\"550\" \/>\n\t<meta property=\"og:image:type\" content=\"image\/jpeg\" \/>\n<meta name=\"twitter:card\" content=\"summary_large_image\" \/>\n<meta name=\"twitter:label1\" content=\"Tiempo de lectura\" \/>\n\t<meta name=\"twitter:data1\" content=\"1 minuto\" \/>\n<script type=\"application\/ld+json\" class=\"yoast-schema-graph\">{\"@context\":\"https:\/\/schema.org\",\"@graph\":[{\"@type\":\"WebPage\",\"@id\":\"https:\/\/demoweb.info\/sexshop001\/producto\/satisfyer-twirling-fun-varita-vibradora-blanco\/\",\"url\":\"https:\/\/demoweb.info\/sexshop001\/producto\/satisfyer-twirling-fun-varita-vibradora-blanco\/\",\"name\":\"SATISFYER TWIRLING FUN VARITA VIBRADORA - BLANCO - Tienda Er\u00f3tica\",\"isPartOf\":{\"@id\":\"https:\/\/demoweb.info\/sexshop001\/#website\"},\"datePublished\":\"2022-01-22T12:18:59+00:00\",\"dateModified\":\"2022-01-22T12:19:17+00:00\",\"breadcrumb\":{\"@id\":\"https:\/\/demoweb.info\/sexshop001\/producto\/satisfyer-twirling-fun-varita-vibradora-blanco\/#breadcrumb\"},\"inLanguage\":\"es\",\"potentialAction\":[{\"@type\":\"ReadAction\",\"target\":[\"https:\/\/demoweb.info\/sexshop001\/producto\/satisfyer-twirling-fun-varita-vibradora-blanco\/\"]}]},{\"@type\":\"BreadcrumbList\",\"@id\":\"https:\/\/demoweb.info\/sexshop001\/producto\/satisfyer-twirling-fun-varita-vibradora-blanco\/#breadcrumb\",\"itemListElement\":[{\"@type\":\"ListItem\",\"position\":1,\"name\":\"Portada\",\"item\":\"https:\/\/demoweb.info\/sexshop001\/\"},{\"@type\":\"ListItem\",\"position\":2,\"name\":\"Tienda\",\"item\":\"https:\/\/demoweb.info\/sexshop001\/tienda\/\"},{\"@type\":\"ListItem\",\"position\":3,\"name\":\"SATISFYER TWIRLING FUN VARITA VIBRADORA &#8211; BLANCO\"}]},{\"@type\":\"WebSite\",\"@id\":\"https:\/\/demoweb.info\/sexshop001\/#website\",\"url\":\"https:\/\/demoweb.info\/sexshop001\/\",\"name\":\"Tienda Er\u00f3tica\",\"description\":\"DEMOWEB SL\",\"potentialAction\":[{\"@type\":\"SearchAction\",\"target\":{\"@type\":\"EntryPoint\",\"urlTemplate\":\"https:\/\/demoweb.info\/sexshop001\/?s={search_term_string}\"},\"query-input\":\"required name=search_term_string\"}],\"inLanguage\":\"es\"}]}<\/script>\n<!-- \/ Yoast SEO plugin. -->","yoast_head_json":{"title":"SATISFYER TWIRLING FUN VARITA VIBRADORA - BLANCO - Tienda Er\u00f3tica","robots":{"index":"noindex","follow":"follow","max-snippet":"max-snippet:-1","max-image-preview":"max-image-preview:large","max-video-preview":"max-video-preview:-1"},"og_locale":"es_ES","og_type":"article","og_title":"SATISFYER TWIRLING FUN VARITA VIBRADORA - BLANCO - Tienda Er\u00f3tica","og_description":"SATISFYER TWIRLING FUN TIP VIBE \u00bfEres nuevo utilizando vibradores de varita y buscas un producto para principiantes? Debido a su","og_url":"https:\/\/demoweb.info\/sexshop001\/producto\/satisfyer-twirling-fun-varita-vibradora-blanco\/","og_site_name":"Tienda Er\u00f3tica","article_modified_time":"2022-01-22T12:19:17+00:00","og_image":[{"width":550,"height":550,"url":"https:\/\/demoweb.info\/sexshop001\/wp-content\/uploads\/2022\/01\/SATISFYER-TWIRLING-FUN-VARITA-VIBRADORA-BLANCO.jpg","type":"image\/jpeg"}],"twitter_card":"summary_large_image","twitter_misc":{"Tiempo de lectura":"1 minuto"},"schema":{"@context":"https:\/\/schema.org","@graph":[{"@type":"WebPage","@id":"https:\/\/demoweb.info\/sexshop001\/producto\/satisfyer-twirling-fun-varita-vibradora-blanco\/","url":"https:\/\/demoweb.info\/sexshop001\/producto\/satisfyer-twirling-fun-varita-vibradora-blanco\/","name":"SATISFYER TWIRLING FUN VARITA VIBRADORA - BLANCO - Tienda Er\u00f3tica","isPartOf":{"@id":"https:\/\/demoweb.info\/sexshop001\/#website"},"datePublished":"2022-01-22T12:18:59+00:00","dateModified":"2022-01-22T12:19:17+00:00","breadcrumb":{"@id":"https:\/\/demoweb.info\/sexshop001\/producto\/satisfyer-twirling-fun-varita-vibradora-blanco\/#breadcrumb"},"inLanguage":"es","potentialAction":[{"@type":"ReadAction","target":["https:\/\/demoweb.info\/sexshop001\/producto\/satisfyer-twirling-fun-varita-vibradora-blanco\/"]}]},{"@type":"BreadcrumbList","@id":"https:\/\/demoweb.info\/sexshop001\/producto\/satisfyer-twirling-fun-varita-vibradora-blanco\/#breadcrumb","itemListElement":[{"@type":"ListItem","position":1,"name":"Portada","item":"https:\/\/demoweb.info\/sexshop001\/"},{"@type":"ListItem","position":2,"name":"Tienda","item":"https:\/\/demoweb.info\/sexshop001\/tienda\/"},{"@type":"ListItem","position":3,"name":"SATISFYER TWIRLING FUN VARITA VIBRADORA &#8211; BLANCO"}]},{"@type":"WebSite","@id":"https:\/\/demoweb.info\/sexshop001\/#website","url":"https:\/\/demoweb.info\/sexshop001\/","name":"Tienda Er\u00f3tica","description":"DEMOWEB SL","potentialAction":[{"@type":"SearchAction","target":{"@type":"EntryPoint","urlTemplate":"https:\/\/demoweb.info\/sexshop001\/?s={search_term_string}"},"query-input":"required name=search_term_string"}],"inLanguage":"es"}]}},"_links":{"self":[{"href":"https:\/\/demoweb.info\/sexshop001\/wp-json\/wp\/v3\/product\/34297","targetHints":{"allow":["GET"]}}],"collection":[{"href":"https:\/\/demoweb.info\/sexshop001\/wp-json\/wp\/v3\/product"}],"about":[{"href":"https:\/\/demoweb.info\/sexshop001\/wp-json\/wp\/v2\/types\/product"}],"replies":[{"embeddable":true,"href":"https:\/\/demoweb.info\/sexshop001\/wp-json\/wp\/v2\/comments?post=34297"}],"wp:featuredmedia":[{"embeddable":true,"href":"https:\/\/demoweb.info\/sexshop001\/wp-json\/wp\/v2\/media\/34298"}],"wp:attachment":[{"href":"https:\/\/demoweb.info\/sexshop001\/wp-json\/wp\/v2\/media?parent=34297"}],"wp:term":[{"taxonomy":"product_cat","embeddable":true,"href":"https:\/\/demoweb.info\/sexshop001\/wp-json\/wp\/v2\/product_cat?post=34297"},{"taxonomy":"product_tag","embeddable":true,"href":"https:\/\/demoweb.info\/sexshop001\/wp-json\/wp\/v2\/product_tag?post=34297"}],"curies":[{"name":"wp","href":"https:\/\/api.w.org\/{rel}","templated":true}]}}