{"id":34272,"date":"2022-01-22T13:18:59","date_gmt":"2022-01-22T12:18:59","guid":{"rendered":"https:\/\/demoweb.info\/sexshop001\/producto\/pene-realistico-black-thunder\/"},"modified":"2022-01-22T13:19:02","modified_gmt":"2022-01-22T12:19:02","slug":"pene-realistico-black-thunder","status":"publish","type":"product","link":"https:\/\/demoweb.info\/sexshop001\/producto\/pene-realistico-black-thunder\/","title":{"rendered":"PENE REALISTICO BLACK THUNDER"},"content":{"rendered":"<p align=&quot;justify&quot;><font size=&quot;1&quot;><b>BLACK THUNDER REALISTIC COCK<\/b> es la r\u00e9plica del pene de la estrella del porno <\/font><br \/>\n<font size=&quot;1&quot; color=&quot;#0000FF&quot;> <b>Black Thunder<\/b><\/font><font size=&quot;1&quot;>,<br \/>\na tama\u00f1o real. <\/p>\n<p>Dispone de todo lujo de detalles, glande, venas y test\u00edculos muy bien reproducidos, con apariencia completamente real, para llegar a la m\u00e1xima estimulaci\u00f3n e incre\u00edbles sensaciones.<\/p>\n<p>De alt\u00edsima calidad. Incre\u00edble material que te har\u00e1 pensar que tienes uno real en tus manos. <\/p>\n<p>Incluye una potente ventosa circular en su base, para una mayor sujeci\u00f3n.<\/p>\n<p>Se entrega con una pr\u00e1ctica funda para mantenerlo en perfectas condiciones.<\/p>\n<p>Incluye foto con aut\u00f3grafo del actor.<\/p>\n<p>Medidas: 28 cm x 5,5 cm.<\/font><\/p>\n","protected":false},"excerpt":{"rendered":"<p>BLACK THUNDER REALISTIC COCK es la r\u00e9plica del pene de la estrella del porno Black Thunder, a tama\u00f1o real. Dispone<\/p>\n","protected":false},"featured_media":34273,"comment_status":"open","ping_status":"open","template":"","meta":[],"product_cat":[545],"product_tag":[1232,460],"class_list":["post-34272","product","type-product","status-publish","has-post-thumbnail","hentry","product_cat-de-actores","product_tag-black-inches","product_tag-doc-johnson"],"bundled_by":[],"bundle_stock_status":"instock","bundle_stock_quantity":1,"bundle_virtual":false,"bundle_layout":"","bundle_add_to_cart_form_location":"","bundle_editable_in_cart":false,"bundle_sold_individually_context":"","bundle_item_grouping":"","bundle_min_size":"","bundle_max_size":"","bundled_items":[],"yoast_head":"<!-- This site is optimized with the Yoast SEO plugin v20.6 - https:\/\/yoast.com\/wordpress\/plugins\/seo\/ -->\n<title>PENE REALISTICO BLACK THUNDER - Tienda Er\u00f3tica<\/title>\n<meta name=\"robots\" content=\"noindex, follow, max-snippet:-1, max-image-preview:large, max-video-preview:-1\" \/>\n<meta property=\"og:locale\" content=\"es_ES\" \/>\n<meta property=\"og:type\" content=\"article\" \/>\n<meta property=\"og:title\" content=\"PENE REALISTICO BLACK THUNDER - Tienda Er\u00f3tica\" \/>\n<meta property=\"og:description\" content=\"BLACK THUNDER REALISTIC COCK es la r\u00e9plica del pene de la estrella del porno Black Thunder, a tama\u00f1o real. Dispone\" \/>\n<meta property=\"og:url\" content=\"https:\/\/demoweb.info\/sexshop001\/producto\/pene-realistico-black-thunder\/\" \/>\n<meta property=\"og:site_name\" content=\"Tienda Er\u00f3tica\" \/>\n<meta property=\"article:modified_time\" content=\"2022-01-22T12:19:02+00:00\" \/>\n<meta property=\"og:image\" content=\"https:\/\/demoweb.info\/sexshop001\/wp-content\/uploads\/2022\/01\/PENE-REALISTICO-BLACK-THUNDER.jpg\" \/>\n\t<meta property=\"og:image:width\" content=\"550\" \/>\n\t<meta property=\"og:image:height\" content=\"550\" \/>\n\t<meta property=\"og:image:type\" content=\"image\/jpeg\" \/>\n<meta name=\"twitter:card\" content=\"summary_large_image\" \/>\n<meta name=\"twitter:label1\" content=\"Tiempo de lectura\" \/>\n\t<meta name=\"twitter:data1\" content=\"1 minuto\" \/>\n<script type=\"application\/ld+json\" class=\"yoast-schema-graph\">{\"@context\":\"https:\/\/schema.org\",\"@graph\":[{\"@type\":\"WebPage\",\"@id\":\"https:\/\/demoweb.info\/sexshop001\/producto\/pene-realistico-black-thunder\/\",\"url\":\"https:\/\/demoweb.info\/sexshop001\/producto\/pene-realistico-black-thunder\/\",\"name\":\"PENE REALISTICO BLACK THUNDER - Tienda Er\u00f3tica\",\"isPartOf\":{\"@id\":\"https:\/\/demoweb.info\/sexshop001\/#website\"},\"datePublished\":\"2022-01-22T12:18:59+00:00\",\"dateModified\":\"2022-01-22T12:19:02+00:00\",\"breadcrumb\":{\"@id\":\"https:\/\/demoweb.info\/sexshop001\/producto\/pene-realistico-black-thunder\/#breadcrumb\"},\"inLanguage\":\"es\",\"potentialAction\":[{\"@type\":\"ReadAction\",\"target\":[\"https:\/\/demoweb.info\/sexshop001\/producto\/pene-realistico-black-thunder\/\"]}]},{\"@type\":\"BreadcrumbList\",\"@id\":\"https:\/\/demoweb.info\/sexshop001\/producto\/pene-realistico-black-thunder\/#breadcrumb\",\"itemListElement\":[{\"@type\":\"ListItem\",\"position\":1,\"name\":\"Portada\",\"item\":\"https:\/\/demoweb.info\/sexshop001\/\"},{\"@type\":\"ListItem\",\"position\":2,\"name\":\"Tienda\",\"item\":\"https:\/\/demoweb.info\/sexshop001\/tienda\/\"},{\"@type\":\"ListItem\",\"position\":3,\"name\":\"PENE REALISTICO BLACK THUNDER\"}]},{\"@type\":\"WebSite\",\"@id\":\"https:\/\/demoweb.info\/sexshop001\/#website\",\"url\":\"https:\/\/demoweb.info\/sexshop001\/\",\"name\":\"Tienda Er\u00f3tica\",\"description\":\"DEMOWEB SL\",\"potentialAction\":[{\"@type\":\"SearchAction\",\"target\":{\"@type\":\"EntryPoint\",\"urlTemplate\":\"https:\/\/demoweb.info\/sexshop001\/?s={search_term_string}\"},\"query-input\":\"required name=search_term_string\"}],\"inLanguage\":\"es\"}]}<\/script>\n<!-- \/ Yoast SEO plugin. -->","yoast_head_json":{"title":"PENE REALISTICO BLACK THUNDER - Tienda Er\u00f3tica","robots":{"index":"noindex","follow":"follow","max-snippet":"max-snippet:-1","max-image-preview":"max-image-preview:large","max-video-preview":"max-video-preview:-1"},"og_locale":"es_ES","og_type":"article","og_title":"PENE REALISTICO BLACK THUNDER - Tienda Er\u00f3tica","og_description":"BLACK THUNDER REALISTIC COCK es la r\u00e9plica del pene de la estrella del porno Black Thunder, a tama\u00f1o real. Dispone","og_url":"https:\/\/demoweb.info\/sexshop001\/producto\/pene-realistico-black-thunder\/","og_site_name":"Tienda Er\u00f3tica","article_modified_time":"2022-01-22T12:19:02+00:00","og_image":[{"width":550,"height":550,"url":"https:\/\/demoweb.info\/sexshop001\/wp-content\/uploads\/2022\/01\/PENE-REALISTICO-BLACK-THUNDER.jpg","type":"image\/jpeg"}],"twitter_card":"summary_large_image","twitter_misc":{"Tiempo de lectura":"1 minuto"},"schema":{"@context":"https:\/\/schema.org","@graph":[{"@type":"WebPage","@id":"https:\/\/demoweb.info\/sexshop001\/producto\/pene-realistico-black-thunder\/","url":"https:\/\/demoweb.info\/sexshop001\/producto\/pene-realistico-black-thunder\/","name":"PENE REALISTICO BLACK THUNDER - Tienda Er\u00f3tica","isPartOf":{"@id":"https:\/\/demoweb.info\/sexshop001\/#website"},"datePublished":"2022-01-22T12:18:59+00:00","dateModified":"2022-01-22T12:19:02+00:00","breadcrumb":{"@id":"https:\/\/demoweb.info\/sexshop001\/producto\/pene-realistico-black-thunder\/#breadcrumb"},"inLanguage":"es","potentialAction":[{"@type":"ReadAction","target":["https:\/\/demoweb.info\/sexshop001\/producto\/pene-realistico-black-thunder\/"]}]},{"@type":"BreadcrumbList","@id":"https:\/\/demoweb.info\/sexshop001\/producto\/pene-realistico-black-thunder\/#breadcrumb","itemListElement":[{"@type":"ListItem","position":1,"name":"Portada","item":"https:\/\/demoweb.info\/sexshop001\/"},{"@type":"ListItem","position":2,"name":"Tienda","item":"https:\/\/demoweb.info\/sexshop001\/tienda\/"},{"@type":"ListItem","position":3,"name":"PENE REALISTICO BLACK THUNDER"}]},{"@type":"WebSite","@id":"https:\/\/demoweb.info\/sexshop001\/#website","url":"https:\/\/demoweb.info\/sexshop001\/","name":"Tienda Er\u00f3tica","description":"DEMOWEB SL","potentialAction":[{"@type":"SearchAction","target":{"@type":"EntryPoint","urlTemplate":"https:\/\/demoweb.info\/sexshop001\/?s={search_term_string}"},"query-input":"required name=search_term_string"}],"inLanguage":"es"}]}},"_links":{"self":[{"href":"https:\/\/demoweb.info\/sexshop001\/wp-json\/wp\/v3\/product\/34272","targetHints":{"allow":["GET"]}}],"collection":[{"href":"https:\/\/demoweb.info\/sexshop001\/wp-json\/wp\/v3\/product"}],"about":[{"href":"https:\/\/demoweb.info\/sexshop001\/wp-json\/wp\/v2\/types\/product"}],"replies":[{"embeddable":true,"href":"https:\/\/demoweb.info\/sexshop001\/wp-json\/wp\/v2\/comments?post=34272"}],"wp:featuredmedia":[{"embeddable":true,"href":"https:\/\/demoweb.info\/sexshop001\/wp-json\/wp\/v2\/media\/34273"}],"wp:attachment":[{"href":"https:\/\/demoweb.info\/sexshop001\/wp-json\/wp\/v2\/media?parent=34272"}],"wp:term":[{"taxonomy":"product_cat","embeddable":true,"href":"https:\/\/demoweb.info\/sexshop001\/wp-json\/wp\/v2\/product_cat?post=34272"},{"taxonomy":"product_tag","embeddable":true,"href":"https:\/\/demoweb.info\/sexshop001\/wp-json\/wp\/v2\/product_tag?post=34272"}],"curies":[{"name":"wp","href":"https:\/\/api.w.org\/{rel}","templated":true}]}}