{"id":34239,"date":"2022-01-22T13:18:40","date_gmt":"2022-01-22T12:18:40","guid":{"rendered":"https:\/\/demoweb.info\/sexshop001\/producto\/revo-rampante-bunny-magic-g\/"},"modified":"2022-01-22T13:18:44","modified_gmt":"2022-01-22T12:18:44","slug":"revo-rampante-bunny-magic-g","status":"publish","type":"product","link":"https:\/\/demoweb.info\/sexshop001\/producto\/revo-rampante-bunny-magic-g\/","title":{"rendered":"REVO RAMPANTE BUNNY MAGIC-G"},"content":{"rendered":"<p><strong>REVO RAMPANTE BUNNY MAGIC-G<\/strong><\/p>\n<p><strong>Bunny Magic G es la innovaci\u00f3n del a\u00f1o en Revo. Somos responsables de la invenci\u00f3n del primer succionador de punto G en el mercado. <\/strong><\/p>\n<p>Bunny Magic G es un juguete sexual de triple estimulaci\u00f3n (Punto G, Punto A y Punto C o Cl\u00edtoris), con dos motores de vibraci\u00f3n y uno de succi\u00f3n.<\/p>\n<p>Para la fabricaci\u00f3n de Bunny Magic G nuestro equipo de sex\u00f3logos se inspir\u00f3 en dos de las experiencias sexuales m\u00e1s popularizadas en los \u00faltimos a\u00f1os: El squirt y eyaculaci\u00f3n vulvar.<\/p>\n<p>Se sabe que para generar una eyaculaci\u00f3n en personas con vulva es necesaria la estimulaci\u00f3n constante de las gl\u00e1ndulas Skene, estas son f\u00e1cilmente estimuladas con interacciones puntales en la pared anterior de la vagina, puntualmente en el punto G. Se sabe tambi\u00e9n que para experimentar un Squirt es necesario llegar a un alto nivel de excitaci\u00f3n, f\u00e1cilmente conseguido a trav\u00e9s de la estimulaci\u00f3n simultanea de varias zonas er\u00f3genas, pues as\u00ed, tras la descompensaci\u00f3n de la vasopresina, no habr\u00e1 filtro de liquido en los ri\u00f1ones y ser\u00e1 posible experimentar la evacuaci\u00f3n de fluido abundante a trav\u00e9s de la uretra.<\/p>\n<p>Para ofrecer la experiencia m\u00e1s intensa, explosiva e incomparable, hemos incorporado en Bunny Magic G dos motores independientes que estimulan el punto C y el punto A con h\u00edbridas variantes en vibraci\u00f3n, y un succionador que estimula el punto G con diferentes modos de succi\u00f3n.<\/p>\n<p>Bunny pretende a trav\u00e9s de su triple estimulaci\u00f3n proporcionar ventajas en estimulaci\u00f3n directa y simult\u00e1nea a varias zonas er\u00f3genas para conseguir con mayor facilidad el squirt y la eyaculaci\u00f3n.<\/p>\n<ul>\n<li><strong>Succionador de punto G:<\/strong> Estimula con 7 modos de succi\u00f3n diferentes la pared anterior de la vagina, lugar donde se encuentran las gl\u00e1ndulas Skene (responsables de la eyaculaci\u00f3n femenina).<\/li>\n<li><strong>Estimulador de Cl\u00edtoris: <\/strong>Incorpora en su dise\u00f1o una punta suave y flotante para estimular con mayor presi\u00f3n el capuch\u00f3n y el glande del cl\u00edtoris con 7 diferentes modos de vibraci\u00f3n. La punta suave y flotante esta sostenida por un brazo que resguarda el motor y proporciona estimulaci\u00f3n a labios mayores, labios menores, cavidad uretral y orificios de las gl\u00e1ndulas skene.<\/li>\n<li><strong>Estimulador de punto A:<\/strong> Incorpora un motor con 7 modos diferentes de vibraci\u00f3n para estimular con mayor facilidad el punto A, una zona sensible en la cavidad vaginal olvidada pero muy potente.<\/li>\n<\/ul>\n<p><strong>Sugerencias:<\/strong><\/p>\n<p>Las siguientes son algunas ideas para llevar tu Bunny Magic G al siguiente nivel, pero recuerda, en Revo deseamos que quien adquiera Bunny Magic G deje volar su imaginaci\u00f3n y que conociendo poco a poco su cuerpo se permita usarlo c\u00f3mo mejor lo crea. Bunny Magic G puede usarse de infinitas formas, queremos impulsar las habilidades creativas y de autoconocimiento de quien lo elija.<\/p>\n<p>Para facilitar la aparici\u00f3n de la eyaculaci\u00f3n en personas con vulva:<\/p>\n<ul>\n<li>Juega a interactuar con el succionador de punto G en simultaneo con el estimulador de Cl\u00edtoris.<\/li>\n<li>Juega con movimientos de adentro hacia afuera con el juguete en la cavidad vaginal y con el succionado de punto G encendido.<\/li>\n<li>Sumerge el juguete en la vagina y activa el succionador de punto G mientras mantienes encendido el estimulador de punto A.<\/li>\n<\/ul>\n<p>Para facilitar la aparici\u00f3n del Squirt en personas con vulva:<\/p>\n<ul>\n<li>Estimula varias zonas er\u00f3genas en simultaneo para llevarte a un alto nivel de excitaci\u00f3n. Enciende el succionador de punto G, del estimulador de punto A y de Cl\u00edtoris al mismo tiempo y disfruta de la estimulaci\u00f3n al m\u00e1ximo.<\/li>\n<li>Enciende el estimulador de punto A y el de Cl\u00edtoris al mismo tiempo y busca mantener una sincron\u00eda en los modos (es decir, si quieres cambiar de modo, hazlo al tiempo en los dos estimuladores), cuando los hayas sincronizado, oc\u00fapate durante la experiencia de jugar s\u00f3lo con los modos que el succionador de Punto G ofrece. Si quieres una sensaci\u00f3n m\u00e1s intensa, simula el movimiento de la penetraci\u00f3n con el juguete en la vagina.<\/li>\n<\/ul>\n<p><strong>CARACTERISTICAS<\/strong><\/p>\n<ul>\n<li>Tres motores ultra potentes y silenciosos:\n<ul style=&quot;list-style-type:circle&quot;>\n<li>Succionador de punto G: 7 modos de succi\u00f3n.<\/li>\n<li>Estimulador de punto A: 7 modos de vibraci\u00f3n.<\/li>\n<li>Estimulador de Punto C o Cl\u00edtoris: 7 modos de vibraci\u00f3n.<\/li>\n<\/ul>\n<\/li>\n<li>Medidas: 23 x 3,6 cm<\/li>\n<li>Longitud insertable: 14 cm<\/li>\n<\/ul>\n<ul>\n<li>Material: Silicona hipo alerg\u00e9nica de m\u00e1xima calidad (Grado medico)<\/li>\n<li>Modo de funcionamiento: Bater\u00eda recargable Li-ion con cargador magnatico (incluido).<\/li>\n<li>Tiempo de carga antes del primer uso: 3 horas.<\/li>\n<li>Tiempo de carga: 2 horas para carga completa.<\/li>\n<li>Duraci\u00f3n de la bater\u00eda: Una hora de uso con los 3 motores encendidos.<\/li>\n<li>Incluye bolsa de tela protectora para guardar el juguete (27 cm de largo y 12 cm de ancho).<\/li>\n<li>Garant\u00eda: 2 a\u00f1os desde la fecha de la compra.<\/li>\n<li>Incluye instrucciones de uso.<\/li>\n<li>En impermeable, pero no sumergible.<\/li>\n<\/ul>\n<p><strong>MUY IMPORTANTE<\/strong><\/p>\n<p>Primero de todo te recomendamos que la primera vez que hagas uso de tu nuevo juguete Cyclon realices una carga completa antes de su primer uso.<\/p>\n<p><strong>MODO DE USO<\/strong><\/p>\n<p><strong>Estimulador de punto A:<\/strong><\/p>\n<ol>\n<li>Mantenga pulsado el bot\u00f3n W por dos segundos para encenderlo.<\/li>\n<li>Pulse el bot\u00f3n W para cambiar el modo de vibraci\u00f3n (7 modos de vibraci\u00f3n). Al llegar al ultimo modo, vuelve a empezar el modo 1.<\/li>\n<li>Mantenga pulsado el bot\u00f3n W por 2 segundos para apagarlo.<\/li>\n<\/ol>\n<p><strong>Succionador de punto G:<\/strong><\/p>\n<ol>\n<li>Mantenga pulsado el bot\u00f3n S por dos segundos para encenderlo.<\/li>\n<li>Pulse el bot\u00f3n S para cambiar el modo de succi\u00f3n (7 modos de succi\u00f3n). Al llegar al modo 7, vuelve a empezar por el modo 1.<\/li>\n<li>Mantenga pulsado el bot\u00f3n S por 2 segundos para apagarlo.<\/li>\n<\/ol>\n<p><strong>Estimulador de Cl\u00edtoris.<\/strong><\/p>\n<ol>\n<li>Mantenga pulsado el bot\u00f3n w por dos segundos para encenderlo.<\/li>\n<li>Pulse el bot\u00f3n w para cambiar el modo de vibraci\u00f3n (7 modos de vibraci\u00f3n). Al llegar al ultimo modo, vuelve a empezar el modo 1.<\/li>\n<li>Mantenga pulsado el bot\u00f3n w por 2 segundos para apagarlo.<\/li>\n<\/ol>\n","protected":false},"excerpt":{"rendered":"<p>REVO RAMPANTE BUNNY MAGIC-G Bunny Magic G es la innovaci\u00f3n del a\u00f1o en Revo. Somos responsables de la invenci\u00f3n del<\/p>\n","protected":false},"featured_media":34240,"comment_status":"open","ping_status":"open","template":"","meta":[],"product_cat":[405],"product_tag":[1231],"class_list":["post-34239","product","type-product","status-publish","has-post-thumbnail","hentry","product_cat-succionadores","product_tag-revo"],"bundled_by":[],"bundle_stock_status":"instock","bundle_stock_quantity":25,"bundle_virtual":false,"bundle_layout":"","bundle_add_to_cart_form_location":"","bundle_editable_in_cart":false,"bundle_sold_individually_context":"","bundle_item_grouping":"","bundle_min_size":"","bundle_max_size":"","bundled_items":[],"yoast_head":"<!-- This site is optimized with the Yoast SEO plugin v20.6 - https:\/\/yoast.com\/wordpress\/plugins\/seo\/ -->\n<title>REVO RAMPANTE BUNNY MAGIC-G - Tienda Er\u00f3tica<\/title>\n<meta name=\"robots\" content=\"noindex, follow, max-snippet:-1, max-image-preview:large, max-video-preview:-1\" \/>\n<meta property=\"og:locale\" content=\"es_ES\" \/>\n<meta property=\"og:type\" content=\"article\" \/>\n<meta property=\"og:title\" content=\"REVO RAMPANTE BUNNY MAGIC-G - Tienda Er\u00f3tica\" \/>\n<meta property=\"og:description\" content=\"REVO RAMPANTE BUNNY MAGIC-G Bunny Magic G es la innovaci\u00f3n del a\u00f1o en Revo. Somos responsables de la invenci\u00f3n del\" \/>\n<meta property=\"og:url\" content=\"https:\/\/demoweb.info\/sexshop001\/producto\/revo-rampante-bunny-magic-g\/\" \/>\n<meta property=\"og:site_name\" content=\"Tienda Er\u00f3tica\" \/>\n<meta property=\"article:modified_time\" content=\"2022-01-22T12:18:44+00:00\" \/>\n<meta property=\"og:image\" content=\"https:\/\/demoweb.info\/sexshop001\/wp-content\/uploads\/2022\/01\/REVO-RAMPANTE-BUNNY-MAGIC-G.jpg\" \/>\n\t<meta property=\"og:image:width\" content=\"550\" \/>\n\t<meta property=\"og:image:height\" content=\"550\" \/>\n\t<meta property=\"og:image:type\" content=\"image\/jpeg\" \/>\n<meta name=\"twitter:card\" content=\"summary_large_image\" \/>\n<meta name=\"twitter:label1\" content=\"Tiempo de lectura\" \/>\n\t<meta name=\"twitter:data1\" content=\"5 minutos\" \/>\n<script type=\"application\/ld+json\" class=\"yoast-schema-graph\">{\"@context\":\"https:\/\/schema.org\",\"@graph\":[{\"@type\":\"WebPage\",\"@id\":\"https:\/\/demoweb.info\/sexshop001\/producto\/revo-rampante-bunny-magic-g\/\",\"url\":\"https:\/\/demoweb.info\/sexshop001\/producto\/revo-rampante-bunny-magic-g\/\",\"name\":\"REVO RAMPANTE BUNNY MAGIC-G - Tienda Er\u00f3tica\",\"isPartOf\":{\"@id\":\"https:\/\/demoweb.info\/sexshop001\/#website\"},\"datePublished\":\"2022-01-22T12:18:40+00:00\",\"dateModified\":\"2022-01-22T12:18:44+00:00\",\"breadcrumb\":{\"@id\":\"https:\/\/demoweb.info\/sexshop001\/producto\/revo-rampante-bunny-magic-g\/#breadcrumb\"},\"inLanguage\":\"es\",\"potentialAction\":[{\"@type\":\"ReadAction\",\"target\":[\"https:\/\/demoweb.info\/sexshop001\/producto\/revo-rampante-bunny-magic-g\/\"]}]},{\"@type\":\"BreadcrumbList\",\"@id\":\"https:\/\/demoweb.info\/sexshop001\/producto\/revo-rampante-bunny-magic-g\/#breadcrumb\",\"itemListElement\":[{\"@type\":\"ListItem\",\"position\":1,\"name\":\"Portada\",\"item\":\"https:\/\/demoweb.info\/sexshop001\/\"},{\"@type\":\"ListItem\",\"position\":2,\"name\":\"Tienda\",\"item\":\"https:\/\/demoweb.info\/sexshop001\/tienda\/\"},{\"@type\":\"ListItem\",\"position\":3,\"name\":\"REVO RAMPANTE BUNNY MAGIC-G\"}]},{\"@type\":\"WebSite\",\"@id\":\"https:\/\/demoweb.info\/sexshop001\/#website\",\"url\":\"https:\/\/demoweb.info\/sexshop001\/\",\"name\":\"Tienda Er\u00f3tica\",\"description\":\"DEMOWEB SL\",\"potentialAction\":[{\"@type\":\"SearchAction\",\"target\":{\"@type\":\"EntryPoint\",\"urlTemplate\":\"https:\/\/demoweb.info\/sexshop001\/?s={search_term_string}\"},\"query-input\":\"required name=search_term_string\"}],\"inLanguage\":\"es\"}]}<\/script>\n<!-- \/ Yoast SEO plugin. -->","yoast_head_json":{"title":"REVO RAMPANTE BUNNY MAGIC-G - Tienda Er\u00f3tica","robots":{"index":"noindex","follow":"follow","max-snippet":"max-snippet:-1","max-image-preview":"max-image-preview:large","max-video-preview":"max-video-preview:-1"},"og_locale":"es_ES","og_type":"article","og_title":"REVO RAMPANTE BUNNY MAGIC-G - Tienda Er\u00f3tica","og_description":"REVO RAMPANTE BUNNY MAGIC-G Bunny Magic G es la innovaci\u00f3n del a\u00f1o en Revo. Somos responsables de la invenci\u00f3n del","og_url":"https:\/\/demoweb.info\/sexshop001\/producto\/revo-rampante-bunny-magic-g\/","og_site_name":"Tienda Er\u00f3tica","article_modified_time":"2022-01-22T12:18:44+00:00","og_image":[{"width":550,"height":550,"url":"https:\/\/demoweb.info\/sexshop001\/wp-content\/uploads\/2022\/01\/REVO-RAMPANTE-BUNNY-MAGIC-G.jpg","type":"image\/jpeg"}],"twitter_card":"summary_large_image","twitter_misc":{"Tiempo de lectura":"5 minutos"},"schema":{"@context":"https:\/\/schema.org","@graph":[{"@type":"WebPage","@id":"https:\/\/demoweb.info\/sexshop001\/producto\/revo-rampante-bunny-magic-g\/","url":"https:\/\/demoweb.info\/sexshop001\/producto\/revo-rampante-bunny-magic-g\/","name":"REVO RAMPANTE BUNNY MAGIC-G - Tienda Er\u00f3tica","isPartOf":{"@id":"https:\/\/demoweb.info\/sexshop001\/#website"},"datePublished":"2022-01-22T12:18:40+00:00","dateModified":"2022-01-22T12:18:44+00:00","breadcrumb":{"@id":"https:\/\/demoweb.info\/sexshop001\/producto\/revo-rampante-bunny-magic-g\/#breadcrumb"},"inLanguage":"es","potentialAction":[{"@type":"ReadAction","target":["https:\/\/demoweb.info\/sexshop001\/producto\/revo-rampante-bunny-magic-g\/"]}]},{"@type":"BreadcrumbList","@id":"https:\/\/demoweb.info\/sexshop001\/producto\/revo-rampante-bunny-magic-g\/#breadcrumb","itemListElement":[{"@type":"ListItem","position":1,"name":"Portada","item":"https:\/\/demoweb.info\/sexshop001\/"},{"@type":"ListItem","position":2,"name":"Tienda","item":"https:\/\/demoweb.info\/sexshop001\/tienda\/"},{"@type":"ListItem","position":3,"name":"REVO RAMPANTE BUNNY MAGIC-G"}]},{"@type":"WebSite","@id":"https:\/\/demoweb.info\/sexshop001\/#website","url":"https:\/\/demoweb.info\/sexshop001\/","name":"Tienda Er\u00f3tica","description":"DEMOWEB SL","potentialAction":[{"@type":"SearchAction","target":{"@type":"EntryPoint","urlTemplate":"https:\/\/demoweb.info\/sexshop001\/?s={search_term_string}"},"query-input":"required name=search_term_string"}],"inLanguage":"es"}]}},"_links":{"self":[{"href":"https:\/\/demoweb.info\/sexshop001\/wp-json\/wp\/v3\/product\/34239","targetHints":{"allow":["GET"]}}],"collection":[{"href":"https:\/\/demoweb.info\/sexshop001\/wp-json\/wp\/v3\/product"}],"about":[{"href":"https:\/\/demoweb.info\/sexshop001\/wp-json\/wp\/v2\/types\/product"}],"replies":[{"embeddable":true,"href":"https:\/\/demoweb.info\/sexshop001\/wp-json\/wp\/v2\/comments?post=34239"}],"wp:featuredmedia":[{"embeddable":true,"href":"https:\/\/demoweb.info\/sexshop001\/wp-json\/wp\/v2\/media\/34240"}],"wp:attachment":[{"href":"https:\/\/demoweb.info\/sexshop001\/wp-json\/wp\/v2\/media?parent=34239"}],"wp:term":[{"taxonomy":"product_cat","embeddable":true,"href":"https:\/\/demoweb.info\/sexshop001\/wp-json\/wp\/v2\/product_cat?post=34239"},{"taxonomy":"product_tag","embeddable":true,"href":"https:\/\/demoweb.info\/sexshop001\/wp-json\/wp\/v2\/product_tag?post=34239"}],"curies":[{"name":"wp","href":"https:\/\/api.w.org\/{rel}","templated":true}]}}