{"id":34150,"date":"2022-01-22T13:17:41","date_gmt":"2022-01-22T12:17:41","guid":{"rendered":"https:\/\/demoweb.info\/sexshop001\/producto\/afterglow-succionador-de-clitoris-y-vibrador\/"},"modified":"2022-01-22T13:17:52","modified_gmt":"2022-01-22T12:17:52","slug":"afterglow-succionador-de-clitoris-y-vibrador","status":"publish","type":"product","link":"https:\/\/demoweb.info\/sexshop001\/producto\/afterglow-succionador-de-clitoris-y-vibrador\/","title":{"rendered":"AFTERGLOW SUCCIONADOR DE CL\u00cdTORIS Y VIBRADOR"},"content":{"rendered":"<p><strong>AFTERGLOW SUCCIONADOR DE CL\u00cdTORIS Y VIBRADOR<\/strong><\/p>\n<p>Afterglow no es un sex-toy cualquiera.  Tiene dos funcionalidades tremendamente placenteras. Por un lado, cuenta con 20 modos  de vibraci\u00f3n diferentes pero , adem\u00e1s,  podr\u00e1s usarlo como \u00a1succionador de cl\u00edtoris! Rozar las nubes, nunca fue tan f\u00e1cil.<\/p>\n<p>Afterglow es un juguete er\u00f3tico de lo m\u00e1s especial. Ha sido creado para colmarte de placer con dos completas y diferentes funcionalidades. Por un lado, este sex-toy te proporciona agradables vibraciones y, por otro, act\u00faa como succionador de cl\u00edtoris. Te va a conquistar. \u00bfA\u00fan no lo has probado? \u00a1Qu\u00e9 no te lo cuenten!<\/p>\n<p>Afterglow XXL est\u00e1 indicado para:<\/p>\n<ul>\n<li>Aumentar la estimulaci\u00f3n del cl\u00edtoris.<\/li>\n<li>Sentir orgasmos m\u00e1s intensos.<\/li>\n<li>Mejorar la vida sexual.<\/li>\n<\/ul>\n<p>Afterglow est\u00e1 deseando conocer a tu cl\u00edtoris para darle placer. Podr\u00e1s usar, por separado o a la vez, las dos funcionalidades que tiene: vibra y succiona.<\/p>\n<p>Si lo que deseas es activar el modo succi\u00f3n, mant\u00e9n presionado el bot\u00f3n \u2018F\u2019 durante 3 segundos, inmediatamente se encender\u00e1 una luz roja para indicarte que ya  tienes en marcha la revolucionaria opci\u00f3n de succionar tu cl\u00edtoris.<\/p>\n<p>Si a\u00fan sigues con fuerzas tras el orgasmo que tendr\u00e1s, mant\u00e9n presionado el bot\u00f3n del icono \u2018 ~ \u2018 y el juguete comenzar\u00e1 a vibrar. Pero eso no es todo, \u00a1puedes elegir entre 20 modalidades de vibraci\u00f3n diferentes! Para cambiar de una a otra, presiona del nuevo el bot\u00f3n \u2018 ~ \u2018, y \u00a1a disfrutar!<\/p>\n<p>No te olvides de que es recargable a trav\u00e9s de USB, tantas veces como quieras estar\u00e1 listo para ti. Y, adem\u00e1s, \u00a1resistente al agua! Imposible pedir m\u00e1s.<\/p>\n<p>Caracter\u00edsticas:<\/p>\n<ul>\n<li>Medidas del producto: (160 x 45 x 85) mm<\/li>\n<li>Materiales: ABS<\/li>\n<li>Peso del producto: 180g.<\/li>\n<li>Bater\u00eda: var\u00eda recargable a trav\u00e9s de USB.<\/li>\n<li>Uso y mantenimiento: el juguete debe limpiarse antes y despu\u00e9s de cada uso, empleando agua tibia y jab\u00f3n suave. Instrucciones incluidas en el embalaje.<\/li>\n<\/ul>\n","protected":false},"excerpt":{"rendered":"<p>AFTERGLOW SUCCIONADOR DE CL\u00cdTORIS Y VIBRADOR Afterglow no es un sex-toy cualquiera. Tiene dos funcionalidades tremendamente placenteras. Por un lado,<\/p>\n","protected":false},"featured_media":34151,"comment_status":"open","ping_status":"open","template":"","meta":[],"product_cat":[405],"product_tag":[1226],"class_list":["post-34150","product","type-product","status-publish","has-post-thumbnail","hentry","product_cat-succionadores","product_tag-u-sex-toys"],"bundled_by":[],"bundle_stock_status":"instock","bundle_stock_quantity":2,"bundle_virtual":false,"bundle_layout":"","bundle_add_to_cart_form_location":"","bundle_editable_in_cart":false,"bundle_sold_individually_context":"","bundle_item_grouping":"","bundle_min_size":"","bundle_max_size":"","bundled_items":[],"yoast_head":"<!-- This site is optimized with the Yoast SEO plugin v20.6 - https:\/\/yoast.com\/wordpress\/plugins\/seo\/ -->\n<title>AFTERGLOW SUCCIONADOR DE CL\u00cdTORIS Y VIBRADOR - Tienda Er\u00f3tica<\/title>\n<meta name=\"robots\" content=\"noindex, follow, max-snippet:-1, max-image-preview:large, max-video-preview:-1\" \/>\n<meta property=\"og:locale\" content=\"es_ES\" \/>\n<meta property=\"og:type\" content=\"article\" \/>\n<meta property=\"og:title\" content=\"AFTERGLOW SUCCIONADOR DE CL\u00cdTORIS Y VIBRADOR - Tienda Er\u00f3tica\" \/>\n<meta property=\"og:description\" content=\"AFTERGLOW SUCCIONADOR DE CL\u00cdTORIS Y VIBRADOR Afterglow no es un sex-toy cualquiera. Tiene dos funcionalidades tremendamente placenteras. Por un lado,\" \/>\n<meta property=\"og:url\" content=\"https:\/\/demoweb.info\/sexshop001\/producto\/afterglow-succionador-de-clitoris-y-vibrador\/\" \/>\n<meta property=\"og:site_name\" content=\"Tienda Er\u00f3tica\" \/>\n<meta property=\"article:modified_time\" content=\"2022-01-22T12:17:52+00:00\" \/>\n<meta property=\"og:image\" content=\"https:\/\/demoweb.info\/sexshop001\/wp-content\/uploads\/2022\/01\/AFTERGLOW-SUCCIONADOR-DE-CLITORIS-Y-VIBRADOR.jpg\" \/>\n\t<meta property=\"og:image:width\" content=\"550\" \/>\n\t<meta property=\"og:image:height\" content=\"550\" \/>\n\t<meta property=\"og:image:type\" content=\"image\/jpeg\" \/>\n<meta name=\"twitter:card\" content=\"summary_large_image\" \/>\n<meta name=\"twitter:label1\" content=\"Tiempo de lectura\" \/>\n\t<meta name=\"twitter:data1\" content=\"2 minutos\" \/>\n<script type=\"application\/ld+json\" class=\"yoast-schema-graph\">{\"@context\":\"https:\/\/schema.org\",\"@graph\":[{\"@type\":\"WebPage\",\"@id\":\"https:\/\/demoweb.info\/sexshop001\/producto\/afterglow-succionador-de-clitoris-y-vibrador\/\",\"url\":\"https:\/\/demoweb.info\/sexshop001\/producto\/afterglow-succionador-de-clitoris-y-vibrador\/\",\"name\":\"AFTERGLOW SUCCIONADOR DE CL\u00cdTORIS Y VIBRADOR - Tienda Er\u00f3tica\",\"isPartOf\":{\"@id\":\"https:\/\/demoweb.info\/sexshop001\/#website\"},\"datePublished\":\"2022-01-22T12:17:41+00:00\",\"dateModified\":\"2022-01-22T12:17:52+00:00\",\"breadcrumb\":{\"@id\":\"https:\/\/demoweb.info\/sexshop001\/producto\/afterglow-succionador-de-clitoris-y-vibrador\/#breadcrumb\"},\"inLanguage\":\"es\",\"potentialAction\":[{\"@type\":\"ReadAction\",\"target\":[\"https:\/\/demoweb.info\/sexshop001\/producto\/afterglow-succionador-de-clitoris-y-vibrador\/\"]}]},{\"@type\":\"BreadcrumbList\",\"@id\":\"https:\/\/demoweb.info\/sexshop001\/producto\/afterglow-succionador-de-clitoris-y-vibrador\/#breadcrumb\",\"itemListElement\":[{\"@type\":\"ListItem\",\"position\":1,\"name\":\"Portada\",\"item\":\"https:\/\/demoweb.info\/sexshop001\/\"},{\"@type\":\"ListItem\",\"position\":2,\"name\":\"Tienda\",\"item\":\"https:\/\/demoweb.info\/sexshop001\/tienda\/\"},{\"@type\":\"ListItem\",\"position\":3,\"name\":\"AFTERGLOW SUCCIONADOR DE CL\u00cdTORIS Y VIBRADOR\"}]},{\"@type\":\"WebSite\",\"@id\":\"https:\/\/demoweb.info\/sexshop001\/#website\",\"url\":\"https:\/\/demoweb.info\/sexshop001\/\",\"name\":\"Tienda Er\u00f3tica\",\"description\":\"DEMOWEB SL\",\"potentialAction\":[{\"@type\":\"SearchAction\",\"target\":{\"@type\":\"EntryPoint\",\"urlTemplate\":\"https:\/\/demoweb.info\/sexshop001\/?s={search_term_string}\"},\"query-input\":\"required name=search_term_string\"}],\"inLanguage\":\"es\"}]}<\/script>\n<!-- \/ Yoast SEO plugin. -->","yoast_head_json":{"title":"AFTERGLOW SUCCIONADOR DE CL\u00cdTORIS Y VIBRADOR - Tienda Er\u00f3tica","robots":{"index":"noindex","follow":"follow","max-snippet":"max-snippet:-1","max-image-preview":"max-image-preview:large","max-video-preview":"max-video-preview:-1"},"og_locale":"es_ES","og_type":"article","og_title":"AFTERGLOW SUCCIONADOR DE CL\u00cdTORIS Y VIBRADOR - Tienda Er\u00f3tica","og_description":"AFTERGLOW SUCCIONADOR DE CL\u00cdTORIS Y VIBRADOR Afterglow no es un sex-toy cualquiera. Tiene dos funcionalidades tremendamente placenteras. Por un lado,","og_url":"https:\/\/demoweb.info\/sexshop001\/producto\/afterglow-succionador-de-clitoris-y-vibrador\/","og_site_name":"Tienda Er\u00f3tica","article_modified_time":"2022-01-22T12:17:52+00:00","og_image":[{"width":550,"height":550,"url":"https:\/\/demoweb.info\/sexshop001\/wp-content\/uploads\/2022\/01\/AFTERGLOW-SUCCIONADOR-DE-CLITORIS-Y-VIBRADOR.jpg","type":"image\/jpeg"}],"twitter_card":"summary_large_image","twitter_misc":{"Tiempo de lectura":"2 minutos"},"schema":{"@context":"https:\/\/schema.org","@graph":[{"@type":"WebPage","@id":"https:\/\/demoweb.info\/sexshop001\/producto\/afterglow-succionador-de-clitoris-y-vibrador\/","url":"https:\/\/demoweb.info\/sexshop001\/producto\/afterglow-succionador-de-clitoris-y-vibrador\/","name":"AFTERGLOW SUCCIONADOR DE CL\u00cdTORIS Y VIBRADOR - Tienda Er\u00f3tica","isPartOf":{"@id":"https:\/\/demoweb.info\/sexshop001\/#website"},"datePublished":"2022-01-22T12:17:41+00:00","dateModified":"2022-01-22T12:17:52+00:00","breadcrumb":{"@id":"https:\/\/demoweb.info\/sexshop001\/producto\/afterglow-succionador-de-clitoris-y-vibrador\/#breadcrumb"},"inLanguage":"es","potentialAction":[{"@type":"ReadAction","target":["https:\/\/demoweb.info\/sexshop001\/producto\/afterglow-succionador-de-clitoris-y-vibrador\/"]}]},{"@type":"BreadcrumbList","@id":"https:\/\/demoweb.info\/sexshop001\/producto\/afterglow-succionador-de-clitoris-y-vibrador\/#breadcrumb","itemListElement":[{"@type":"ListItem","position":1,"name":"Portada","item":"https:\/\/demoweb.info\/sexshop001\/"},{"@type":"ListItem","position":2,"name":"Tienda","item":"https:\/\/demoweb.info\/sexshop001\/tienda\/"},{"@type":"ListItem","position":3,"name":"AFTERGLOW SUCCIONADOR DE CL\u00cdTORIS Y VIBRADOR"}]},{"@type":"WebSite","@id":"https:\/\/demoweb.info\/sexshop001\/#website","url":"https:\/\/demoweb.info\/sexshop001\/","name":"Tienda Er\u00f3tica","description":"DEMOWEB SL","potentialAction":[{"@type":"SearchAction","target":{"@type":"EntryPoint","urlTemplate":"https:\/\/demoweb.info\/sexshop001\/?s={search_term_string}"},"query-input":"required name=search_term_string"}],"inLanguage":"es"}]}},"_links":{"self":[{"href":"https:\/\/demoweb.info\/sexshop001\/wp-json\/wp\/v3\/product\/34150","targetHints":{"allow":["GET"]}}],"collection":[{"href":"https:\/\/demoweb.info\/sexshop001\/wp-json\/wp\/v3\/product"}],"about":[{"href":"https:\/\/demoweb.info\/sexshop001\/wp-json\/wp\/v2\/types\/product"}],"replies":[{"embeddable":true,"href":"https:\/\/demoweb.info\/sexshop001\/wp-json\/wp\/v2\/comments?post=34150"}],"wp:featuredmedia":[{"embeddable":true,"href":"https:\/\/demoweb.info\/sexshop001\/wp-json\/wp\/v2\/media\/34151"}],"wp:attachment":[{"href":"https:\/\/demoweb.info\/sexshop001\/wp-json\/wp\/v2\/media?parent=34150"}],"wp:term":[{"taxonomy":"product_cat","embeddable":true,"href":"https:\/\/demoweb.info\/sexshop001\/wp-json\/wp\/v2\/product_cat?post=34150"},{"taxonomy":"product_tag","embeddable":true,"href":"https:\/\/demoweb.info\/sexshop001\/wp-json\/wp\/v2\/product_tag?post=34150"}],"curies":[{"name":"wp","href":"https:\/\/api.w.org\/{rel}","templated":true}]}}