{"id":34141,"date":"2022-01-22T13:17:41","date_gmt":"2022-01-22T12:17:41","guid":{"rendered":"https:\/\/demoweb.info\/sexshop001\/producto\/phiero-secret-perfume-concentrado-natural\/"},"modified":"2022-01-22T13:17:47","modified_gmt":"2022-01-22T12:17:47","slug":"phiero-secret-perfume-concentrado-natural","status":"publish","type":"product","link":"https:\/\/demoweb.info\/sexshop001\/producto\/phiero-secret-perfume-concentrado-natural\/","title":{"rendered":"PHIERO SECRET PERFUME CONCENTRADO NATURAL"},"content":{"rendered":"<p><strong>PHIERO SECRET<\/strong><\/p>\n<p>CONCENTRADO NATURAL DE SUSTANCIAS INODORAS PARA AUMENTAR LA ATRACCI\u00d3N SEXUAL<\/p>\n<p>Phiero Secret imita las feromonas femeninas, para que los hombres se sientan m\u00e1s atra\u00eddos hacia las mujeres que presentan una mayor cantidad de ellas. Adem\u00e1s, Phiero secret incrementa la cantidad de testosterona que producen los hombres, lo cual despierta su deseo sexual.<\/p>\n<p>Perfume con feromonas y aromas sensacionales<\/p>\n<p>Phiero Secret es una combinaci\u00f3n de sustancias inodoras que act\u00faan como hormonas sexuales femeninas, aumentando la atracci\u00f3n sexual.Se basa en el poder de atracci\u00f3n natural de las feromonas para captar el inter\u00e9s masculino. No presenta ning\u00fan olor, por lo que puede combinarse como m\u00e1s se desee con cualquier tipo de fragancia. El cerebro recibe la se\u00f1al ante un est\u00edmulo positivo y desencadena unas reacciones que, como consecuencia, provoca en el destinatario una atracci\u00f3n y anhelo hacia la persona que las ha liberado.<\/p>\n<p>Phiero Secret est\u00e1 indicado para:<\/p>\n<ul>\n<li> Incrementa la atracci\u00f3n sexual<\/li>\n<li> Favorece las relaciones personales<\/li>\n<li> Incrementa el atractivo femenino<\/li>\n<li> Aumento de la confianza y autoestima<\/li>\n<li> Se combina con cualquier perfume<\/li>\n<li> Efecto inmediato<\/li>\n<\/ul>\n<p>Facilita tus ligues y mejora las situaciones de pareja con la fragancia con feromonas Phiero Secret<\/p>\n<p>Phiero Secret se basa en el poder de atracci\u00f3n natural de las feromonas para captar el inter\u00e9s masculino. No presenta ning\u00fan olor, por lo que puede combinarse como m\u00e1s se desee con cualquier tipo de fragancia.<\/p>\n<p>Las feromonas son inodoras y conscientemente indetectables para el olfato humano, pero nuestro sentido del olfato puede percibir las feromonas secretadas, sin ser conocedores de ello. El cerebro recibe la se\u00f1al ante un est\u00edmulo positivo y desencadena unas reacciones que, como consecuencia, provoca en el destinatario una atracci\u00f3n y anhelo hacia la persona que las ha liberado.<\/p>\n<p>Para que las feromonas sean captadas por nuestro organismo, estas deben presentarse como sustancias vol\u00e1tiles, ya que estas sustancias deben de ser capaces de viajar de un cuerpo a otro en forma de part\u00edculas, para luego poder ser captadas, al igual que sucede con los olores.<\/p>\n<p>Podr\u00e1s llevar el perfume con feromonas Phiero Secret a cualquier lugar para atraer al sexo opuesto o a quien desees<\/p>\n<ul>\n<li>Producto: Phiero Secret<\/li>\n<li>Uso: v\u00eda t\u00f3pica<\/li>\n<li>Indicaciones: concentrado de ingredientes naturales sin olor para potenciar la capacidad de atracci\u00f3n de la mujer simulando las hormonas copulinas.<\/li>\n<li>Formato: roll-on de 15ml<\/li>\n<li>Duraci\u00f3n: var\u00eda dependiendo de su uso<\/li>\n<li>Dato: un bote entero de Phiero Secret de 15 ml se puede mezclar con perfume o colonia<\/li>\n<li>Aplicaci\u00f3n: aplicar solo ( aplicar en cuello y mu\u00f1ecas) o mezclar con perfume o colonia si se desea y aplicar entre 3 y 4 veces en cuello, orejas y mu\u00f1ecas<\/li>\n<\/ul>\n","protected":false},"excerpt":{"rendered":"<p>PHIERO SECRET CONCENTRADO NATURAL DE SUSTANCIAS INODORAS PARA AUMENTAR LA ATRACCI\u00d3N SEXUAL Phiero Secret imita las feromonas femeninas, para que<\/p>\n","protected":false},"featured_media":34142,"comment_status":"open","ping_status":"open","template":"","meta":[],"product_cat":[420],"product_tag":[1227],"class_list":["post-34141","product","type-product","status-publish","has-post-thumbnail","hentry","product_cat-perfumes","product_tag-500-cosmetics"],"bundled_by":[],"bundle_stock_status":"outofstock","bundle_stock_quantity":0,"bundle_virtual":false,"bundle_layout":"","bundle_add_to_cart_form_location":"","bundle_editable_in_cart":false,"bundle_sold_individually_context":"","bundle_item_grouping":"","bundle_min_size":"","bundle_max_size":"","bundled_items":[],"yoast_head":"<!-- This site is optimized with the Yoast SEO plugin v20.6 - https:\/\/yoast.com\/wordpress\/plugins\/seo\/ -->\n<title>PHIERO SECRET PERFUME CONCENTRADO NATURAL - Tienda Er\u00f3tica<\/title>\n<meta name=\"robots\" content=\"noindex, follow, max-snippet:-1, max-image-preview:large, max-video-preview:-1\" \/>\n<meta property=\"og:locale\" content=\"es_ES\" \/>\n<meta property=\"og:type\" content=\"article\" \/>\n<meta property=\"og:title\" content=\"PHIERO SECRET PERFUME CONCENTRADO NATURAL - Tienda Er\u00f3tica\" \/>\n<meta property=\"og:description\" content=\"PHIERO SECRET CONCENTRADO NATURAL DE SUSTANCIAS INODORAS PARA AUMENTAR LA ATRACCI\u00d3N SEXUAL Phiero Secret imita las feromonas femeninas, para que\" \/>\n<meta property=\"og:url\" content=\"https:\/\/demoweb.info\/sexshop001\/producto\/phiero-secret-perfume-concentrado-natural\/\" \/>\n<meta property=\"og:site_name\" content=\"Tienda Er\u00f3tica\" \/>\n<meta property=\"article:modified_time\" content=\"2022-01-22T12:17:47+00:00\" \/>\n<meta property=\"og:image\" content=\"https:\/\/demoweb.info\/sexshop001\/wp-content\/uploads\/2022\/01\/PHIERO-SECRET-PERFUME-CONCENTRADO-NATURAL.jpg\" \/>\n\t<meta property=\"og:image:width\" content=\"550\" \/>\n\t<meta property=\"og:image:height\" content=\"550\" \/>\n\t<meta property=\"og:image:type\" content=\"image\/jpeg\" \/>\n<meta name=\"twitter:card\" content=\"summary_large_image\" \/>\n<meta name=\"twitter:label1\" content=\"Tiempo de lectura\" \/>\n\t<meta name=\"twitter:data1\" content=\"2 minutos\" \/>\n<script type=\"application\/ld+json\" class=\"yoast-schema-graph\">{\"@context\":\"https:\/\/schema.org\",\"@graph\":[{\"@type\":\"WebPage\",\"@id\":\"https:\/\/demoweb.info\/sexshop001\/producto\/phiero-secret-perfume-concentrado-natural\/\",\"url\":\"https:\/\/demoweb.info\/sexshop001\/producto\/phiero-secret-perfume-concentrado-natural\/\",\"name\":\"PHIERO SECRET PERFUME CONCENTRADO NATURAL - Tienda Er\u00f3tica\",\"isPartOf\":{\"@id\":\"https:\/\/demoweb.info\/sexshop001\/#website\"},\"datePublished\":\"2022-01-22T12:17:41+00:00\",\"dateModified\":\"2022-01-22T12:17:47+00:00\",\"breadcrumb\":{\"@id\":\"https:\/\/demoweb.info\/sexshop001\/producto\/phiero-secret-perfume-concentrado-natural\/#breadcrumb\"},\"inLanguage\":\"es\",\"potentialAction\":[{\"@type\":\"ReadAction\",\"target\":[\"https:\/\/demoweb.info\/sexshop001\/producto\/phiero-secret-perfume-concentrado-natural\/\"]}]},{\"@type\":\"BreadcrumbList\",\"@id\":\"https:\/\/demoweb.info\/sexshop001\/producto\/phiero-secret-perfume-concentrado-natural\/#breadcrumb\",\"itemListElement\":[{\"@type\":\"ListItem\",\"position\":1,\"name\":\"Portada\",\"item\":\"https:\/\/demoweb.info\/sexshop001\/\"},{\"@type\":\"ListItem\",\"position\":2,\"name\":\"Tienda\",\"item\":\"https:\/\/demoweb.info\/sexshop001\/tienda\/\"},{\"@type\":\"ListItem\",\"position\":3,\"name\":\"PHIERO SECRET PERFUME CONCENTRADO NATURAL\"}]},{\"@type\":\"WebSite\",\"@id\":\"https:\/\/demoweb.info\/sexshop001\/#website\",\"url\":\"https:\/\/demoweb.info\/sexshop001\/\",\"name\":\"Tienda Er\u00f3tica\",\"description\":\"DEMOWEB SL\",\"potentialAction\":[{\"@type\":\"SearchAction\",\"target\":{\"@type\":\"EntryPoint\",\"urlTemplate\":\"https:\/\/demoweb.info\/sexshop001\/?s={search_term_string}\"},\"query-input\":\"required name=search_term_string\"}],\"inLanguage\":\"es\"}]}<\/script>\n<!-- \/ Yoast SEO plugin. -->","yoast_head_json":{"title":"PHIERO SECRET PERFUME CONCENTRADO NATURAL - Tienda Er\u00f3tica","robots":{"index":"noindex","follow":"follow","max-snippet":"max-snippet:-1","max-image-preview":"max-image-preview:large","max-video-preview":"max-video-preview:-1"},"og_locale":"es_ES","og_type":"article","og_title":"PHIERO SECRET PERFUME CONCENTRADO NATURAL - Tienda Er\u00f3tica","og_description":"PHIERO SECRET CONCENTRADO NATURAL DE SUSTANCIAS INODORAS PARA AUMENTAR LA ATRACCI\u00d3N SEXUAL Phiero Secret imita las feromonas femeninas, para que","og_url":"https:\/\/demoweb.info\/sexshop001\/producto\/phiero-secret-perfume-concentrado-natural\/","og_site_name":"Tienda Er\u00f3tica","article_modified_time":"2022-01-22T12:17:47+00:00","og_image":[{"width":550,"height":550,"url":"https:\/\/demoweb.info\/sexshop001\/wp-content\/uploads\/2022\/01\/PHIERO-SECRET-PERFUME-CONCENTRADO-NATURAL.jpg","type":"image\/jpeg"}],"twitter_card":"summary_large_image","twitter_misc":{"Tiempo de lectura":"2 minutos"},"schema":{"@context":"https:\/\/schema.org","@graph":[{"@type":"WebPage","@id":"https:\/\/demoweb.info\/sexshop001\/producto\/phiero-secret-perfume-concentrado-natural\/","url":"https:\/\/demoweb.info\/sexshop001\/producto\/phiero-secret-perfume-concentrado-natural\/","name":"PHIERO SECRET PERFUME CONCENTRADO NATURAL - Tienda Er\u00f3tica","isPartOf":{"@id":"https:\/\/demoweb.info\/sexshop001\/#website"},"datePublished":"2022-01-22T12:17:41+00:00","dateModified":"2022-01-22T12:17:47+00:00","breadcrumb":{"@id":"https:\/\/demoweb.info\/sexshop001\/producto\/phiero-secret-perfume-concentrado-natural\/#breadcrumb"},"inLanguage":"es","potentialAction":[{"@type":"ReadAction","target":["https:\/\/demoweb.info\/sexshop001\/producto\/phiero-secret-perfume-concentrado-natural\/"]}]},{"@type":"BreadcrumbList","@id":"https:\/\/demoweb.info\/sexshop001\/producto\/phiero-secret-perfume-concentrado-natural\/#breadcrumb","itemListElement":[{"@type":"ListItem","position":1,"name":"Portada","item":"https:\/\/demoweb.info\/sexshop001\/"},{"@type":"ListItem","position":2,"name":"Tienda","item":"https:\/\/demoweb.info\/sexshop001\/tienda\/"},{"@type":"ListItem","position":3,"name":"PHIERO SECRET PERFUME CONCENTRADO NATURAL"}]},{"@type":"WebSite","@id":"https:\/\/demoweb.info\/sexshop001\/#website","url":"https:\/\/demoweb.info\/sexshop001\/","name":"Tienda Er\u00f3tica","description":"DEMOWEB SL","potentialAction":[{"@type":"SearchAction","target":{"@type":"EntryPoint","urlTemplate":"https:\/\/demoweb.info\/sexshop001\/?s={search_term_string}"},"query-input":"required name=search_term_string"}],"inLanguage":"es"}]}},"_links":{"self":[{"href":"https:\/\/demoweb.info\/sexshop001\/wp-json\/wp\/v3\/product\/34141","targetHints":{"allow":["GET"]}}],"collection":[{"href":"https:\/\/demoweb.info\/sexshop001\/wp-json\/wp\/v3\/product"}],"about":[{"href":"https:\/\/demoweb.info\/sexshop001\/wp-json\/wp\/v2\/types\/product"}],"replies":[{"embeddable":true,"href":"https:\/\/demoweb.info\/sexshop001\/wp-json\/wp\/v2\/comments?post=34141"}],"wp:featuredmedia":[{"embeddable":true,"href":"https:\/\/demoweb.info\/sexshop001\/wp-json\/wp\/v2\/media\/34142"}],"wp:attachment":[{"href":"https:\/\/demoweb.info\/sexshop001\/wp-json\/wp\/v2\/media?parent=34141"}],"wp:term":[{"taxonomy":"product_cat","embeddable":true,"href":"https:\/\/demoweb.info\/sexshop001\/wp-json\/wp\/v2\/product_cat?post=34141"},{"taxonomy":"product_tag","embeddable":true,"href":"https:\/\/demoweb.info\/sexshop001\/wp-json\/wp\/v2\/product_tag?post=34141"}],"curies":[{"name":"wp","href":"https:\/\/api.w.org\/{rel}","templated":true}]}}