{"id":34135,"date":"2022-01-22T13:17:41","date_gmt":"2022-01-22T12:17:41","guid":{"rendered":"https:\/\/demoweb.info\/sexshop001\/producto\/holli-masturbador-masculino-con-vibracion\/"},"modified":"2022-01-22T13:17:44","modified_gmt":"2022-01-22T12:17:44","slug":"holli-masturbador-masculino-con-vibracion","status":"publish","type":"product","link":"https:\/\/demoweb.info\/sexshop001\/producto\/holli-masturbador-masculino-con-vibracion\/","title":{"rendered":"HOLLI MASTURBADOR MASCULINO CON VIBRACI\u00d3N"},"content":{"rendered":"<p><strong>HOLLI MASTURBADOR MASCULINO CON VIBRACI\u00d3N<\/strong><\/p>\n<p>Vibrador dise\u00f1ado especialmente para el hombre. Su dise\u00f1o tanto interior como exterior se adaptar\u00e1n a tu miembro viril y despertar\u00e1n tu lado m\u00e1s sensual.<\/p>\n<p>Holli estimulador masculino<\/p>\n<p>Holli es un vibrador masculino que te llenar\u00e1 de placer con s\u00f3lo notar la textura de su interior y si vas entrando en calor, puedes regular la intensidad de la vibraci\u00f3n en la ruleta que se encuentra debajo del juguete.<\/p>\n<p>Holli est\u00e1 dise\u00f1ado para:<\/p>\n<ul>\n<li> Descubrir nuevas experiencias sexuales.<\/li>\n<li> Aumentar tu placer.<\/li>\n<li> Aumentar la estimulaci\u00f3n del pene. Sentir orgasmos m\u00e1s intensos<\/li>\n<\/ul>\n<p>Estimulador masculino para descubir nuevas sensaciones.<\/p>\n<p>Para empezar a disfrutar de la vibraci\u00f3n gira la ruleta y ajusta su intensidad de la vibraci\u00f3n para adaptarlas a tus necesidades.<\/p>\n<p>Caracter\u00edsticas:<\/p>\n<ul>\n<li>Medidas del producto: (80x80x240) mm<\/li>\n<li>Materiales: ABS and TRP Plastic, Medical Grade Silicone.<\/li>\n<li>Peso del producto: 450 g<\/li>\n<li>Bater\u00eda: 3x LR03 (AAA)<\/li>\n<li>Uso y mantenimiento: El juguete debe limpiarse antes y despu\u00e9s de cada uso, empleando agua tibia y jab\u00f3n suave. Instrucciones incluidas en el embalaje.<\/li>\n<\/ul>\n","protected":false},"excerpt":{"rendered":"<p>HOLLI MASTURBADOR MASCULINO CON VIBRACI\u00d3N Vibrador dise\u00f1ado especialmente para el hombre. Su dise\u00f1o tanto interior como exterior se adaptar\u00e1n a<\/p>\n","protected":false},"featured_media":34136,"comment_status":"open","ping_status":"open","template":"","meta":[],"product_cat":[541],"product_tag":[1226],"class_list":["post-34135","product","type-product","status-publish","has-post-thumbnail","hentry","product_cat-vaginas","product_tag-u-sex-toys"],"bundled_by":[],"bundle_stock_status":"instock","bundle_stock_quantity":2,"bundle_virtual":false,"bundle_layout":"","bundle_add_to_cart_form_location":"","bundle_editable_in_cart":false,"bundle_sold_individually_context":"","bundle_item_grouping":"","bundle_min_size":"","bundle_max_size":"","bundled_items":[],"yoast_head":"<!-- This site is optimized with the Yoast SEO plugin v20.6 - https:\/\/yoast.com\/wordpress\/plugins\/seo\/ -->\n<title>HOLLI MASTURBADOR MASCULINO CON VIBRACI\u00d3N - Tienda Er\u00f3tica<\/title>\n<meta name=\"robots\" content=\"noindex, follow, max-snippet:-1, max-image-preview:large, max-video-preview:-1\" \/>\n<meta property=\"og:locale\" content=\"es_ES\" \/>\n<meta property=\"og:type\" content=\"article\" \/>\n<meta property=\"og:title\" content=\"HOLLI MASTURBADOR MASCULINO CON VIBRACI\u00d3N - Tienda Er\u00f3tica\" \/>\n<meta property=\"og:description\" content=\"HOLLI MASTURBADOR MASCULINO CON VIBRACI\u00d3N Vibrador dise\u00f1ado especialmente para el hombre. Su dise\u00f1o tanto interior como exterior se adaptar\u00e1n a\" \/>\n<meta property=\"og:url\" content=\"https:\/\/demoweb.info\/sexshop001\/producto\/holli-masturbador-masculino-con-vibracion\/\" \/>\n<meta property=\"og:site_name\" content=\"Tienda Er\u00f3tica\" \/>\n<meta property=\"article:modified_time\" content=\"2022-01-22T12:17:44+00:00\" \/>\n<meta property=\"og:image\" content=\"https:\/\/demoweb.info\/sexshop001\/wp-content\/uploads\/2022\/01\/HOLLI-MASTURBADOR-MASCULINO-CON-VIBRACION.jpg\" \/>\n\t<meta property=\"og:image:width\" content=\"550\" \/>\n\t<meta property=\"og:image:height\" content=\"550\" \/>\n\t<meta property=\"og:image:type\" content=\"image\/jpeg\" \/>\n<meta name=\"twitter:card\" content=\"summary_large_image\" \/>\n<meta name=\"twitter:label1\" content=\"Tiempo de lectura\" \/>\n\t<meta name=\"twitter:data1\" content=\"1 minuto\" \/>\n<script type=\"application\/ld+json\" class=\"yoast-schema-graph\">{\"@context\":\"https:\/\/schema.org\",\"@graph\":[{\"@type\":\"WebPage\",\"@id\":\"https:\/\/demoweb.info\/sexshop001\/producto\/holli-masturbador-masculino-con-vibracion\/\",\"url\":\"https:\/\/demoweb.info\/sexshop001\/producto\/holli-masturbador-masculino-con-vibracion\/\",\"name\":\"HOLLI MASTURBADOR MASCULINO CON VIBRACI\u00d3N - Tienda Er\u00f3tica\",\"isPartOf\":{\"@id\":\"https:\/\/demoweb.info\/sexshop001\/#website\"},\"datePublished\":\"2022-01-22T12:17:41+00:00\",\"dateModified\":\"2022-01-22T12:17:44+00:00\",\"breadcrumb\":{\"@id\":\"https:\/\/demoweb.info\/sexshop001\/producto\/holli-masturbador-masculino-con-vibracion\/#breadcrumb\"},\"inLanguage\":\"es\",\"potentialAction\":[{\"@type\":\"ReadAction\",\"target\":[\"https:\/\/demoweb.info\/sexshop001\/producto\/holli-masturbador-masculino-con-vibracion\/\"]}]},{\"@type\":\"BreadcrumbList\",\"@id\":\"https:\/\/demoweb.info\/sexshop001\/producto\/holli-masturbador-masculino-con-vibracion\/#breadcrumb\",\"itemListElement\":[{\"@type\":\"ListItem\",\"position\":1,\"name\":\"Portada\",\"item\":\"https:\/\/demoweb.info\/sexshop001\/\"},{\"@type\":\"ListItem\",\"position\":2,\"name\":\"Tienda\",\"item\":\"https:\/\/demoweb.info\/sexshop001\/tienda\/\"},{\"@type\":\"ListItem\",\"position\":3,\"name\":\"HOLLI MASTURBADOR MASCULINO CON VIBRACI\u00d3N\"}]},{\"@type\":\"WebSite\",\"@id\":\"https:\/\/demoweb.info\/sexshop001\/#website\",\"url\":\"https:\/\/demoweb.info\/sexshop001\/\",\"name\":\"Tienda Er\u00f3tica\",\"description\":\"DEMOWEB SL\",\"potentialAction\":[{\"@type\":\"SearchAction\",\"target\":{\"@type\":\"EntryPoint\",\"urlTemplate\":\"https:\/\/demoweb.info\/sexshop001\/?s={search_term_string}\"},\"query-input\":\"required name=search_term_string\"}],\"inLanguage\":\"es\"}]}<\/script>\n<!-- \/ Yoast SEO plugin. -->","yoast_head_json":{"title":"HOLLI MASTURBADOR MASCULINO CON VIBRACI\u00d3N - Tienda Er\u00f3tica","robots":{"index":"noindex","follow":"follow","max-snippet":"max-snippet:-1","max-image-preview":"max-image-preview:large","max-video-preview":"max-video-preview:-1"},"og_locale":"es_ES","og_type":"article","og_title":"HOLLI MASTURBADOR MASCULINO CON VIBRACI\u00d3N - Tienda Er\u00f3tica","og_description":"HOLLI MASTURBADOR MASCULINO CON VIBRACI\u00d3N Vibrador dise\u00f1ado especialmente para el hombre. Su dise\u00f1o tanto interior como exterior se adaptar\u00e1n a","og_url":"https:\/\/demoweb.info\/sexshop001\/producto\/holli-masturbador-masculino-con-vibracion\/","og_site_name":"Tienda Er\u00f3tica","article_modified_time":"2022-01-22T12:17:44+00:00","og_image":[{"width":550,"height":550,"url":"https:\/\/demoweb.info\/sexshop001\/wp-content\/uploads\/2022\/01\/HOLLI-MASTURBADOR-MASCULINO-CON-VIBRACION.jpg","type":"image\/jpeg"}],"twitter_card":"summary_large_image","twitter_misc":{"Tiempo de lectura":"1 minuto"},"schema":{"@context":"https:\/\/schema.org","@graph":[{"@type":"WebPage","@id":"https:\/\/demoweb.info\/sexshop001\/producto\/holli-masturbador-masculino-con-vibracion\/","url":"https:\/\/demoweb.info\/sexshop001\/producto\/holli-masturbador-masculino-con-vibracion\/","name":"HOLLI MASTURBADOR MASCULINO CON VIBRACI\u00d3N - Tienda Er\u00f3tica","isPartOf":{"@id":"https:\/\/demoweb.info\/sexshop001\/#website"},"datePublished":"2022-01-22T12:17:41+00:00","dateModified":"2022-01-22T12:17:44+00:00","breadcrumb":{"@id":"https:\/\/demoweb.info\/sexshop001\/producto\/holli-masturbador-masculino-con-vibracion\/#breadcrumb"},"inLanguage":"es","potentialAction":[{"@type":"ReadAction","target":["https:\/\/demoweb.info\/sexshop001\/producto\/holli-masturbador-masculino-con-vibracion\/"]}]},{"@type":"BreadcrumbList","@id":"https:\/\/demoweb.info\/sexshop001\/producto\/holli-masturbador-masculino-con-vibracion\/#breadcrumb","itemListElement":[{"@type":"ListItem","position":1,"name":"Portada","item":"https:\/\/demoweb.info\/sexshop001\/"},{"@type":"ListItem","position":2,"name":"Tienda","item":"https:\/\/demoweb.info\/sexshop001\/tienda\/"},{"@type":"ListItem","position":3,"name":"HOLLI MASTURBADOR MASCULINO CON VIBRACI\u00d3N"}]},{"@type":"WebSite","@id":"https:\/\/demoweb.info\/sexshop001\/#website","url":"https:\/\/demoweb.info\/sexshop001\/","name":"Tienda Er\u00f3tica","description":"DEMOWEB SL","potentialAction":[{"@type":"SearchAction","target":{"@type":"EntryPoint","urlTemplate":"https:\/\/demoweb.info\/sexshop001\/?s={search_term_string}"},"query-input":"required name=search_term_string"}],"inLanguage":"es"}]}},"_links":{"self":[{"href":"https:\/\/demoweb.info\/sexshop001\/wp-json\/wp\/v3\/product\/34135","targetHints":{"allow":["GET"]}}],"collection":[{"href":"https:\/\/demoweb.info\/sexshop001\/wp-json\/wp\/v3\/product"}],"about":[{"href":"https:\/\/demoweb.info\/sexshop001\/wp-json\/wp\/v2\/types\/product"}],"replies":[{"embeddable":true,"href":"https:\/\/demoweb.info\/sexshop001\/wp-json\/wp\/v2\/comments?post=34135"}],"wp:featuredmedia":[{"embeddable":true,"href":"https:\/\/demoweb.info\/sexshop001\/wp-json\/wp\/v2\/media\/34136"}],"wp:attachment":[{"href":"https:\/\/demoweb.info\/sexshop001\/wp-json\/wp\/v2\/media?parent=34135"}],"wp:term":[{"taxonomy":"product_cat","embeddable":true,"href":"https:\/\/demoweb.info\/sexshop001\/wp-json\/wp\/v2\/product_cat?post=34135"},{"taxonomy":"product_tag","embeddable":true,"href":"https:\/\/demoweb.info\/sexshop001\/wp-json\/wp\/v2\/product_tag?post=34135"}],"curies":[{"name":"wp","href":"https:\/\/api.w.org\/{rel}","templated":true}]}}