{"id":34129,"date":"2022-01-22T13:17:41","date_gmt":"2022-01-22T12:17:41","guid":{"rendered":"https:\/\/demoweb.info\/sexshop001\/producto\/cosslite-vibrador-y-succionador-de-clitoris\/"},"modified":"2022-01-22T13:17:41","modified_gmt":"2022-01-22T12:17:41","slug":"cosslite-vibrador-y-succionador-de-clitoris","status":"publish","type":"product","link":"https:\/\/demoweb.info\/sexshop001\/producto\/cosslite-vibrador-y-succionador-de-clitoris\/","title":{"rendered":"COSSLITE VIBRADOR Y SUCCIONADOR DE CL\u00cdTORIS"},"content":{"rendered":"<p><strong>COSSLITE VIBRADOR Y SUCCIONADOR DE CL\u00cdTORIS<\/strong><\/p>\n<p>Cosslite es una gama m\u00e1s sofisticada, elegante y revolucionaria de succionador de cl\u00edtoris. Es el succionador por excelencia que te har\u00e1 temblar y conseguir\u00e1s los mejores orgasmos. \u00a1No parar\u00e1s de usarlo!<\/p>\n<p>Conseguir\u00e1s los mejores orgasmos con Cosslite<\/p>\n<p>Cosslite es la gama de Coos en formato m\u00e1s peque\u00f1o . Dise\u00f1ado para llenarte de placer y cumplir todos tus deseos sexuales al minuto. Un juguete favorito para descubrir nuevas experiencias. Sus 9 intensidades de succi\u00f3n conseguir\u00e1s orgasmos m\u00faltiples y disfrutar con tu pareja.<\/p>\n<p>Cosslite est\u00e1 dise\u00f1ado para:<\/p>\n<ul>\n<li> Estimulaci\u00f3n sin contacto directo por ondas expansivas<\/li>\n<li> 9 intensidades de succi\u00f3n.<\/li>\n<li> Vibraci\u00f3n y succi\u00f3n para conseguir un placer extremo.<\/li>\n<li> Waterproof<\/li>\n<\/ul>\n<p>Vibrador y succionador de contacto directo por ondas expansivas.<\/p>\n<p>Cosslite se convertir\u00e1 en el juguete ideal para conseguir los mejores orgasmos. Su dise\u00f1o te enamorar\u00e1, s\u00f3lo tendr\u00e1s ganas de usarlo. Es una revoluci\u00f3n, su estimulaci\u00f3n por ondas expansivas y pulsaciones, evitando el contacto directo.<\/p>\n<p>Para empezar a vibrar, presione el bot\u00f3n de encendido y se iluminar\u00e1 una luz, no parar\u00e1s de temblar de placer y de conseguir m\u00e1s orgasmos con el succionador. Para apagarlo, presione de nuevo durante 3 segundos.<\/p>\n<p>Para iniciar el modo succi\u00f3n, presione el bot\u00f3n con forma de inicio y regula la intensidad de la succi\u00f3n. Te encantar\u00e1 y podr\u00e1s disfrutar de los 9 modos de succi\u00f3n y regularlos como desees. Para apagarlo, presione de nuevo durante 3 segundos.<\/p>\n<p>Y si se te acaba la bater\u00eda, y no quieres dejar de disfrutar el placer m\u00e1s extremo, no olvides que es recargable con USB. Siempre estar\u00e1 disponible, para hacerte disfrutar. \u00bfTe apetece jugar bajo el agua? Pru\u00e9balo, es waterproof. \u00bfQuieres conseguir los orgasmos m\u00e1s extremos?<\/p>\n<p>Caracter\u00edsticas:<\/p>\n<ul>\n<li>Medidas del producto: (120x45x40) mm<\/li>\n<li>Materiales: ABS ,Medical Grade Silicone.<\/li>\n<li>Peso del producto: 78 g<\/li>\n<li>Bater\u00eda:recargable a trav\u00e9s de USB.<\/li>\n<li>Uso y mantenimiento: El juguete debe limpiarse antes y despu\u00e9s de cada uso, empleando agua tibia y jab\u00f3n suave. Instrucciones incluidas en el embalaje.<\/li>\n<\/ul>\n","protected":false},"excerpt":{"rendered":"<p>COSSLITE VIBRADOR Y SUCCIONADOR DE CL\u00cdTORIS Cosslite es una gama m\u00e1s sofisticada, elegante y revolucionaria de succionador de cl\u00edtoris. Es<\/p>\n","protected":false},"featured_media":34130,"comment_status":"open","ping_status":"open","template":"","meta":[],"product_cat":[405],"product_tag":[1226],"class_list":["post-34129","product","type-product","status-publish","has-post-thumbnail","hentry","product_cat-succionadores","product_tag-u-sex-toys"],"bundled_by":[],"bundle_stock_status":"instock","bundle_stock_quantity":1,"bundle_virtual":false,"bundle_layout":"","bundle_add_to_cart_form_location":"","bundle_editable_in_cart":false,"bundle_sold_individually_context":"","bundle_item_grouping":"","bundle_min_size":"","bundle_max_size":"","bundled_items":[],"yoast_head":"<!-- This site is optimized with the Yoast SEO plugin v20.6 - https:\/\/yoast.com\/wordpress\/plugins\/seo\/ -->\n<title>COSSLITE VIBRADOR Y SUCCIONADOR DE CL\u00cdTORIS - Tienda Er\u00f3tica<\/title>\n<meta name=\"robots\" content=\"noindex, follow, max-snippet:-1, max-image-preview:large, max-video-preview:-1\" \/>\n<meta property=\"og:locale\" content=\"es_ES\" \/>\n<meta property=\"og:type\" content=\"article\" \/>\n<meta property=\"og:title\" content=\"COSSLITE VIBRADOR Y SUCCIONADOR DE CL\u00cdTORIS - Tienda Er\u00f3tica\" \/>\n<meta property=\"og:description\" content=\"COSSLITE VIBRADOR Y SUCCIONADOR DE CL\u00cdTORIS Cosslite es una gama m\u00e1s sofisticada, elegante y revolucionaria de succionador de cl\u00edtoris. Es\" \/>\n<meta property=\"og:url\" content=\"https:\/\/demoweb.info\/sexshop001\/producto\/cosslite-vibrador-y-succionador-de-clitoris\/\" \/>\n<meta property=\"og:site_name\" content=\"Tienda Er\u00f3tica\" \/>\n<meta property=\"og:image\" content=\"https:\/\/demoweb.info\/sexshop001\/wp-content\/uploads\/2022\/01\/COSSLITE-VIBRADOR-Y-SUCCIONADOR-DE-CLITORIS.jpg\" \/>\n\t<meta property=\"og:image:width\" content=\"550\" \/>\n\t<meta property=\"og:image:height\" content=\"550\" \/>\n\t<meta property=\"og:image:type\" content=\"image\/jpeg\" \/>\n<meta name=\"twitter:card\" content=\"summary_large_image\" \/>\n<meta name=\"twitter:label1\" content=\"Tiempo de lectura\" \/>\n\t<meta name=\"twitter:data1\" content=\"2 minutos\" \/>\n<script type=\"application\/ld+json\" class=\"yoast-schema-graph\">{\"@context\":\"https:\/\/schema.org\",\"@graph\":[{\"@type\":\"WebPage\",\"@id\":\"https:\/\/demoweb.info\/sexshop001\/producto\/cosslite-vibrador-y-succionador-de-clitoris\/\",\"url\":\"https:\/\/demoweb.info\/sexshop001\/producto\/cosslite-vibrador-y-succionador-de-clitoris\/\",\"name\":\"COSSLITE VIBRADOR Y SUCCIONADOR DE CL\u00cdTORIS - Tienda Er\u00f3tica\",\"isPartOf\":{\"@id\":\"https:\/\/demoweb.info\/sexshop001\/#website\"},\"datePublished\":\"2022-01-22T12:17:41+00:00\",\"dateModified\":\"2022-01-22T12:17:41+00:00\",\"breadcrumb\":{\"@id\":\"https:\/\/demoweb.info\/sexshop001\/producto\/cosslite-vibrador-y-succionador-de-clitoris\/#breadcrumb\"},\"inLanguage\":\"es\",\"potentialAction\":[{\"@type\":\"ReadAction\",\"target\":[\"https:\/\/demoweb.info\/sexshop001\/producto\/cosslite-vibrador-y-succionador-de-clitoris\/\"]}]},{\"@type\":\"BreadcrumbList\",\"@id\":\"https:\/\/demoweb.info\/sexshop001\/producto\/cosslite-vibrador-y-succionador-de-clitoris\/#breadcrumb\",\"itemListElement\":[{\"@type\":\"ListItem\",\"position\":1,\"name\":\"Portada\",\"item\":\"https:\/\/demoweb.info\/sexshop001\/\"},{\"@type\":\"ListItem\",\"position\":2,\"name\":\"Tienda\",\"item\":\"https:\/\/demoweb.info\/sexshop001\/tienda\/\"},{\"@type\":\"ListItem\",\"position\":3,\"name\":\"COSSLITE VIBRADOR Y SUCCIONADOR DE CL\u00cdTORIS\"}]},{\"@type\":\"WebSite\",\"@id\":\"https:\/\/demoweb.info\/sexshop001\/#website\",\"url\":\"https:\/\/demoweb.info\/sexshop001\/\",\"name\":\"Tienda Er\u00f3tica\",\"description\":\"DEMOWEB SL\",\"potentialAction\":[{\"@type\":\"SearchAction\",\"target\":{\"@type\":\"EntryPoint\",\"urlTemplate\":\"https:\/\/demoweb.info\/sexshop001\/?s={search_term_string}\"},\"query-input\":\"required name=search_term_string\"}],\"inLanguage\":\"es\"}]}<\/script>\n<!-- \/ Yoast SEO plugin. -->","yoast_head_json":{"title":"COSSLITE VIBRADOR Y SUCCIONADOR DE CL\u00cdTORIS - Tienda Er\u00f3tica","robots":{"index":"noindex","follow":"follow","max-snippet":"max-snippet:-1","max-image-preview":"max-image-preview:large","max-video-preview":"max-video-preview:-1"},"og_locale":"es_ES","og_type":"article","og_title":"COSSLITE VIBRADOR Y SUCCIONADOR DE CL\u00cdTORIS - Tienda Er\u00f3tica","og_description":"COSSLITE VIBRADOR Y SUCCIONADOR DE CL\u00cdTORIS Cosslite es una gama m\u00e1s sofisticada, elegante y revolucionaria de succionador de cl\u00edtoris. Es","og_url":"https:\/\/demoweb.info\/sexshop001\/producto\/cosslite-vibrador-y-succionador-de-clitoris\/","og_site_name":"Tienda Er\u00f3tica","og_image":[{"width":550,"height":550,"url":"https:\/\/demoweb.info\/sexshop001\/wp-content\/uploads\/2022\/01\/COSSLITE-VIBRADOR-Y-SUCCIONADOR-DE-CLITORIS.jpg","type":"image\/jpeg"}],"twitter_card":"summary_large_image","twitter_misc":{"Tiempo de lectura":"2 minutos"},"schema":{"@context":"https:\/\/schema.org","@graph":[{"@type":"WebPage","@id":"https:\/\/demoweb.info\/sexshop001\/producto\/cosslite-vibrador-y-succionador-de-clitoris\/","url":"https:\/\/demoweb.info\/sexshop001\/producto\/cosslite-vibrador-y-succionador-de-clitoris\/","name":"COSSLITE VIBRADOR Y SUCCIONADOR DE CL\u00cdTORIS - Tienda Er\u00f3tica","isPartOf":{"@id":"https:\/\/demoweb.info\/sexshop001\/#website"},"datePublished":"2022-01-22T12:17:41+00:00","dateModified":"2022-01-22T12:17:41+00:00","breadcrumb":{"@id":"https:\/\/demoweb.info\/sexshop001\/producto\/cosslite-vibrador-y-succionador-de-clitoris\/#breadcrumb"},"inLanguage":"es","potentialAction":[{"@type":"ReadAction","target":["https:\/\/demoweb.info\/sexshop001\/producto\/cosslite-vibrador-y-succionador-de-clitoris\/"]}]},{"@type":"BreadcrumbList","@id":"https:\/\/demoweb.info\/sexshop001\/producto\/cosslite-vibrador-y-succionador-de-clitoris\/#breadcrumb","itemListElement":[{"@type":"ListItem","position":1,"name":"Portada","item":"https:\/\/demoweb.info\/sexshop001\/"},{"@type":"ListItem","position":2,"name":"Tienda","item":"https:\/\/demoweb.info\/sexshop001\/tienda\/"},{"@type":"ListItem","position":3,"name":"COSSLITE VIBRADOR Y SUCCIONADOR DE CL\u00cdTORIS"}]},{"@type":"WebSite","@id":"https:\/\/demoweb.info\/sexshop001\/#website","url":"https:\/\/demoweb.info\/sexshop001\/","name":"Tienda Er\u00f3tica","description":"DEMOWEB SL","potentialAction":[{"@type":"SearchAction","target":{"@type":"EntryPoint","urlTemplate":"https:\/\/demoweb.info\/sexshop001\/?s={search_term_string}"},"query-input":"required name=search_term_string"}],"inLanguage":"es"}]}},"_links":{"self":[{"href":"https:\/\/demoweb.info\/sexshop001\/wp-json\/wp\/v3\/product\/34129","targetHints":{"allow":["GET"]}}],"collection":[{"href":"https:\/\/demoweb.info\/sexshop001\/wp-json\/wp\/v3\/product"}],"about":[{"href":"https:\/\/demoweb.info\/sexshop001\/wp-json\/wp\/v2\/types\/product"}],"replies":[{"embeddable":true,"href":"https:\/\/demoweb.info\/sexshop001\/wp-json\/wp\/v2\/comments?post=34129"}],"wp:featuredmedia":[{"embeddable":true,"href":"https:\/\/demoweb.info\/sexshop001\/wp-json\/wp\/v2\/media\/34130"}],"wp:attachment":[{"href":"https:\/\/demoweb.info\/sexshop001\/wp-json\/wp\/v2\/media?parent=34129"}],"wp:term":[{"taxonomy":"product_cat","embeddable":true,"href":"https:\/\/demoweb.info\/sexshop001\/wp-json\/wp\/v2\/product_cat?post=34129"},{"taxonomy":"product_tag","embeddable":true,"href":"https:\/\/demoweb.info\/sexshop001\/wp-json\/wp\/v2\/product_tag?post=34129"}],"curies":[{"name":"wp","href":"https:\/\/api.w.org\/{rel}","templated":true}]}}