{"id":34123,"date":"2022-01-22T13:17:13","date_gmt":"2022-01-22T12:17:13","guid":{"rendered":"https:\/\/demoweb.info\/sexshop001\/producto\/afterglow-mid-vibrador-con-succionador-de-clitoris\/"},"modified":"2022-01-22T13:17:36","modified_gmt":"2022-01-22T12:17:36","slug":"afterglow-mid-vibrador-con-succionador-de-clitoris","status":"publish","type":"product","link":"https:\/\/demoweb.info\/sexshop001\/producto\/afterglow-mid-vibrador-con-succionador-de-clitoris\/","title":{"rendered":"AFTERGLOW MID VIBRADOR CON SUCCIONADOR DE CL\u00cdTORIS"},"content":{"rendered":"<p><strong>AFTERGLOW MID VIBRADOR CON SUCCIONADOR DE CL\u00cdTORIS<\/strong><\/p>\n<p>Afterglow Mid es una gama m\u00e1s sofisticada y manejable de succionador de cl\u00edtoris. Es un succionador con forma ovalada y sus funcionalidad placentera har\u00e1n que no pares de usarlo. \u00a1LLega a tu cl\u00edmax y disfruta del sexo!<\/p>\n<p>Vibrador y succionador de cl\u00edtoris, para el placer femenino<\/p>\n<p>Afterglow es un juguete er\u00f3tico con un dise\u00f1o m\u00e1s elegante y manejable, que conseguir\u00e1 conquistarte con s\u00f3lo probarlo. Se convertir\u00e1 en uno de tus juguetes favoritos gracias a su placenteras funcionalidades: por un lado, entrar\u00e1s en calor con sus delicadas vibraciones y para disfrutar del placer, el succionador de cl\u00edtoris es ideal para llenarte de placer. \u00a1Sucumbe a la nueva forma de disfrutar!<\/p>\n<p>Afterglow Mid est\u00e1 dise\u00f1ado para:<\/p>\n<ul>\n<li>Mejorar tu vida sexual.<\/li>\n<li>Especializado en orgasmos m\u00faltiples<\/li>\n<li>Estimulaci\u00f3n con contacto directo.<\/li>\n<li>Aumentar la estimulaci\u00f3n del cl\u00edtoris.<\/li>\n<\/ul>\n<p>Vibrador y succionador para conseguir orgasmos m\u00e1s intensos.<\/p>\n<p>Afterglow Mid se convertir\u00e1 en tu succionador favorito. No te dejes enga\u00f1ar por su peque\u00f1o tama\u00f1o, conseguir\u00e1 que llegues a experimentar el punto g e incre\u00edbles placeres. Para empezar a disfrutar de los cinco modos de succi\u00f3n, presione el bot\u00f3n de encendido y regule la intensidad de succi\u00f3n con + o -. Puedes disfrutar de todas las sensaciones de este nuevo sex toy tama\u00f1o pocket, que te llenar\u00e1 de placer.<\/p>\n<p>Y si se te acaba la bater\u00eda, no olvides que es recargable con USB. Siempre estar\u00e1 disponible, para hacerte disfrutar. Si te apetece jugar bajo el agua, es completamente resistente. \u00a1A qu\u00e9 esperas para probarlo!<\/p>\n<p>Caracter\u00edsticas:<\/p>\n<ul>\n<li>Medidas del producto: (80x60x35) mm<\/li>\n<li>Materiales: ABS<\/li>\n<li>Peso del producto: 77g.<\/li>\n<li>Bater\u00eda: recargable a trav\u00e9s de USB.<\/li>\n<li>Uso y mantenimiento: El juguete debe limpiarse antes y despu\u00e9s de cada uso, empleando agua tibia y jab\u00f3n suave. Instrucciones incluidas en el embalaje.<\/li>\n<\/ul>\n","protected":false},"excerpt":{"rendered":"<p>AFTERGLOW MID VIBRADOR CON SUCCIONADOR DE CL\u00cdTORIS Afterglow Mid es una gama m\u00e1s sofisticada y manejable de succionador de cl\u00edtoris.<\/p>\n","protected":false},"featured_media":34124,"comment_status":"open","ping_status":"open","template":"","meta":[],"product_cat":[405],"product_tag":[1226],"class_list":["post-34123","product","type-product","status-publish","has-post-thumbnail","hentry","product_cat-succionadores","product_tag-u-sex-toys"],"bundled_by":[],"bundle_stock_status":"instock","bundle_stock_quantity":1,"bundle_virtual":false,"bundle_layout":"","bundle_add_to_cart_form_location":"","bundle_editable_in_cart":false,"bundle_sold_individually_context":"","bundle_item_grouping":"","bundle_min_size":"","bundle_max_size":"","bundled_items":[],"yoast_head":"<!-- This site is optimized with the Yoast SEO plugin v20.6 - https:\/\/yoast.com\/wordpress\/plugins\/seo\/ -->\n<title>AFTERGLOW MID VIBRADOR CON SUCCIONADOR DE CL\u00cdTORIS - Tienda Er\u00f3tica<\/title>\n<meta name=\"robots\" content=\"noindex, follow, max-snippet:-1, max-image-preview:large, max-video-preview:-1\" \/>\n<meta property=\"og:locale\" content=\"es_ES\" \/>\n<meta property=\"og:type\" content=\"article\" \/>\n<meta property=\"og:title\" content=\"AFTERGLOW MID VIBRADOR CON SUCCIONADOR DE CL\u00cdTORIS - Tienda Er\u00f3tica\" \/>\n<meta property=\"og:description\" content=\"AFTERGLOW MID VIBRADOR CON SUCCIONADOR DE CL\u00cdTORIS Afterglow Mid es una gama m\u00e1s sofisticada y manejable de succionador de cl\u00edtoris.\" \/>\n<meta property=\"og:url\" content=\"https:\/\/demoweb.info\/sexshop001\/producto\/afterglow-mid-vibrador-con-succionador-de-clitoris\/\" \/>\n<meta property=\"og:site_name\" content=\"Tienda Er\u00f3tica\" \/>\n<meta property=\"article:modified_time\" content=\"2022-01-22T12:17:36+00:00\" \/>\n<meta property=\"og:image\" content=\"https:\/\/demoweb.info\/sexshop001\/wp-content\/uploads\/2022\/01\/AFTERGLOW-MID-VIBRADOR-CON-SUCCIONADOR-DE-CLITORIS.jpg\" \/>\n\t<meta property=\"og:image:width\" content=\"550\" \/>\n\t<meta property=\"og:image:height\" content=\"550\" \/>\n\t<meta property=\"og:image:type\" content=\"image\/jpeg\" \/>\n<meta name=\"twitter:card\" content=\"summary_large_image\" \/>\n<meta name=\"twitter:label1\" content=\"Tiempo de lectura\" \/>\n\t<meta name=\"twitter:data1\" content=\"2 minutos\" \/>\n<script type=\"application\/ld+json\" class=\"yoast-schema-graph\">{\"@context\":\"https:\/\/schema.org\",\"@graph\":[{\"@type\":\"WebPage\",\"@id\":\"https:\/\/demoweb.info\/sexshop001\/producto\/afterglow-mid-vibrador-con-succionador-de-clitoris\/\",\"url\":\"https:\/\/demoweb.info\/sexshop001\/producto\/afterglow-mid-vibrador-con-succionador-de-clitoris\/\",\"name\":\"AFTERGLOW MID VIBRADOR CON SUCCIONADOR DE CL\u00cdTORIS - Tienda Er\u00f3tica\",\"isPartOf\":{\"@id\":\"https:\/\/demoweb.info\/sexshop001\/#website\"},\"datePublished\":\"2022-01-22T12:17:13+00:00\",\"dateModified\":\"2022-01-22T12:17:36+00:00\",\"breadcrumb\":{\"@id\":\"https:\/\/demoweb.info\/sexshop001\/producto\/afterglow-mid-vibrador-con-succionador-de-clitoris\/#breadcrumb\"},\"inLanguage\":\"es\",\"potentialAction\":[{\"@type\":\"ReadAction\",\"target\":[\"https:\/\/demoweb.info\/sexshop001\/producto\/afterglow-mid-vibrador-con-succionador-de-clitoris\/\"]}]},{\"@type\":\"BreadcrumbList\",\"@id\":\"https:\/\/demoweb.info\/sexshop001\/producto\/afterglow-mid-vibrador-con-succionador-de-clitoris\/#breadcrumb\",\"itemListElement\":[{\"@type\":\"ListItem\",\"position\":1,\"name\":\"Portada\",\"item\":\"https:\/\/demoweb.info\/sexshop001\/\"},{\"@type\":\"ListItem\",\"position\":2,\"name\":\"Tienda\",\"item\":\"https:\/\/demoweb.info\/sexshop001\/tienda\/\"},{\"@type\":\"ListItem\",\"position\":3,\"name\":\"AFTERGLOW MID VIBRADOR CON SUCCIONADOR DE CL\u00cdTORIS\"}]},{\"@type\":\"WebSite\",\"@id\":\"https:\/\/demoweb.info\/sexshop001\/#website\",\"url\":\"https:\/\/demoweb.info\/sexshop001\/\",\"name\":\"Tienda Er\u00f3tica\",\"description\":\"DEMOWEB SL\",\"potentialAction\":[{\"@type\":\"SearchAction\",\"target\":{\"@type\":\"EntryPoint\",\"urlTemplate\":\"https:\/\/demoweb.info\/sexshop001\/?s={search_term_string}\"},\"query-input\":\"required name=search_term_string\"}],\"inLanguage\":\"es\"}]}<\/script>\n<!-- \/ Yoast SEO plugin. -->","yoast_head_json":{"title":"AFTERGLOW MID VIBRADOR CON SUCCIONADOR DE CL\u00cdTORIS - Tienda Er\u00f3tica","robots":{"index":"noindex","follow":"follow","max-snippet":"max-snippet:-1","max-image-preview":"max-image-preview:large","max-video-preview":"max-video-preview:-1"},"og_locale":"es_ES","og_type":"article","og_title":"AFTERGLOW MID VIBRADOR CON SUCCIONADOR DE CL\u00cdTORIS - Tienda Er\u00f3tica","og_description":"AFTERGLOW MID VIBRADOR CON SUCCIONADOR DE CL\u00cdTORIS Afterglow Mid es una gama m\u00e1s sofisticada y manejable de succionador de cl\u00edtoris.","og_url":"https:\/\/demoweb.info\/sexshop001\/producto\/afterglow-mid-vibrador-con-succionador-de-clitoris\/","og_site_name":"Tienda Er\u00f3tica","article_modified_time":"2022-01-22T12:17:36+00:00","og_image":[{"width":550,"height":550,"url":"https:\/\/demoweb.info\/sexshop001\/wp-content\/uploads\/2022\/01\/AFTERGLOW-MID-VIBRADOR-CON-SUCCIONADOR-DE-CLITORIS.jpg","type":"image\/jpeg"}],"twitter_card":"summary_large_image","twitter_misc":{"Tiempo de lectura":"2 minutos"},"schema":{"@context":"https:\/\/schema.org","@graph":[{"@type":"WebPage","@id":"https:\/\/demoweb.info\/sexshop001\/producto\/afterglow-mid-vibrador-con-succionador-de-clitoris\/","url":"https:\/\/demoweb.info\/sexshop001\/producto\/afterglow-mid-vibrador-con-succionador-de-clitoris\/","name":"AFTERGLOW MID VIBRADOR CON SUCCIONADOR DE CL\u00cdTORIS - Tienda Er\u00f3tica","isPartOf":{"@id":"https:\/\/demoweb.info\/sexshop001\/#website"},"datePublished":"2022-01-22T12:17:13+00:00","dateModified":"2022-01-22T12:17:36+00:00","breadcrumb":{"@id":"https:\/\/demoweb.info\/sexshop001\/producto\/afterglow-mid-vibrador-con-succionador-de-clitoris\/#breadcrumb"},"inLanguage":"es","potentialAction":[{"@type":"ReadAction","target":["https:\/\/demoweb.info\/sexshop001\/producto\/afterglow-mid-vibrador-con-succionador-de-clitoris\/"]}]},{"@type":"BreadcrumbList","@id":"https:\/\/demoweb.info\/sexshop001\/producto\/afterglow-mid-vibrador-con-succionador-de-clitoris\/#breadcrumb","itemListElement":[{"@type":"ListItem","position":1,"name":"Portada","item":"https:\/\/demoweb.info\/sexshop001\/"},{"@type":"ListItem","position":2,"name":"Tienda","item":"https:\/\/demoweb.info\/sexshop001\/tienda\/"},{"@type":"ListItem","position":3,"name":"AFTERGLOW MID VIBRADOR CON SUCCIONADOR DE CL\u00cdTORIS"}]},{"@type":"WebSite","@id":"https:\/\/demoweb.info\/sexshop001\/#website","url":"https:\/\/demoweb.info\/sexshop001\/","name":"Tienda Er\u00f3tica","description":"DEMOWEB SL","potentialAction":[{"@type":"SearchAction","target":{"@type":"EntryPoint","urlTemplate":"https:\/\/demoweb.info\/sexshop001\/?s={search_term_string}"},"query-input":"required name=search_term_string"}],"inLanguage":"es"}]}},"_links":{"self":[{"href":"https:\/\/demoweb.info\/sexshop001\/wp-json\/wp\/v3\/product\/34123","targetHints":{"allow":["GET"]}}],"collection":[{"href":"https:\/\/demoweb.info\/sexshop001\/wp-json\/wp\/v3\/product"}],"about":[{"href":"https:\/\/demoweb.info\/sexshop001\/wp-json\/wp\/v2\/types\/product"}],"replies":[{"embeddable":true,"href":"https:\/\/demoweb.info\/sexshop001\/wp-json\/wp\/v2\/comments?post=34123"}],"wp:featuredmedia":[{"embeddable":true,"href":"https:\/\/demoweb.info\/sexshop001\/wp-json\/wp\/v2\/media\/34124"}],"wp:attachment":[{"href":"https:\/\/demoweb.info\/sexshop001\/wp-json\/wp\/v2\/media?parent=34123"}],"wp:term":[{"taxonomy":"product_cat","embeddable":true,"href":"https:\/\/demoweb.info\/sexshop001\/wp-json\/wp\/v2\/product_cat?post=34123"},{"taxonomy":"product_tag","embeddable":true,"href":"https:\/\/demoweb.info\/sexshop001\/wp-json\/wp\/v2\/product_tag?post=34123"}],"curies":[{"name":"wp","href":"https:\/\/api.w.org\/{rel}","templated":true}]}}