{"id":34117,"date":"2022-01-22T13:17:13","date_gmt":"2022-01-22T12:17:13","guid":{"rendered":"https:\/\/demoweb.info\/sexshop001\/producto\/squidy-vibrador-estimulador-con-control-remoto\/"},"modified":"2022-01-22T13:17:33","modified_gmt":"2022-01-22T12:17:33","slug":"squidy-vibrador-estimulador-con-control-remoto","status":"publish","type":"product","link":"https:\/\/demoweb.info\/sexshop001\/producto\/squidy-vibrador-estimulador-con-control-remoto\/","title":{"rendered":"SQUIDY VIBRADOR ESTIMULADOR CON CONTROL REMOTO"},"content":{"rendered":"<p><strong>SQUIDY VIBRADOR ESTIMULADOR CON CONTROL REMOTO<\/strong><\/p>\n<p>Un juguete ideal para la estimulaci\u00f3n femenina. Su textura extra-suave te cautivar\u00e1 y no querr\u00e1s dejar de hacerlo vibrar. \u00a1Qu\u00e9 mejor amigo que Squidy!<\/p>\n<p>SQUIDY es un vibrador dise\u00f1ado tanto para la estimulaci\u00f3n interna como externa. Est\u00e1 dise\u00f1ado con un cabezal rugoso que favorece una estimulaci\u00f3n plena de la zona deseada, disfrutar\u00e1s de un jard\u00edn de sensaciones mientras exploras tu cuerpo en busca del cl\u00edmax. Este juguete trae incluida la funci\u00f3n de calor, que facilitar\u00e1 el est\u00edmulo y potenciar\u00e1 tus sensaciones. Adem\u00e1s, Squidy es un vibrador con varios modos de vibraci\u00f3n, que puede ser manejado mediante un c\u00f3modo mando a distancia.<\/p>\n<p>Squidy est\u00e1 indicado para:<\/p>\n<ul>\n<li>Aumentar la estimulaci\u00f3n vaginal y clitorial<\/li>\n<li>Sentir orgasmos m\u00e1s intensos<\/li>\n<li>Experimentar nuevas sensaciones gracias a su funci\u00f3n de calor<\/li>\n<\/ul>\n","protected":false},"excerpt":{"rendered":"<p>SQUIDY VIBRADOR ESTIMULADOR CON CONTROL REMOTO Un juguete ideal para la estimulaci\u00f3n femenina. Su textura extra-suave te cautivar\u00e1 y no<\/p>\n","protected":false},"featured_media":34118,"comment_status":"open","ping_status":"open","template":"","meta":[],"product_cat":[322],"product_tag":[1226],"class_list":["post-34117","product","type-product","status-publish","has-post-thumbnail","hentry","product_cat-con-mando","product_tag-u-sex-toys"],"bundled_by":[],"bundle_stock_status":"outofstock","bundle_stock_quantity":0,"bundle_virtual":false,"bundle_layout":"","bundle_add_to_cart_form_location":"","bundle_editable_in_cart":false,"bundle_sold_individually_context":"","bundle_item_grouping":"","bundle_min_size":"","bundle_max_size":"","bundled_items":[],"yoast_head":"<!-- This site is optimized with the Yoast SEO plugin v20.6 - https:\/\/yoast.com\/wordpress\/plugins\/seo\/ -->\n<title>SQUIDY VIBRADOR ESTIMULADOR CON CONTROL REMOTO - Tienda Er\u00f3tica<\/title>\n<meta name=\"robots\" content=\"noindex, follow, max-snippet:-1, max-image-preview:large, max-video-preview:-1\" \/>\n<meta property=\"og:locale\" content=\"es_ES\" \/>\n<meta property=\"og:type\" content=\"article\" \/>\n<meta property=\"og:title\" content=\"SQUIDY VIBRADOR ESTIMULADOR CON CONTROL REMOTO - Tienda Er\u00f3tica\" \/>\n<meta property=\"og:description\" content=\"SQUIDY VIBRADOR ESTIMULADOR CON CONTROL REMOTO Un juguete ideal para la estimulaci\u00f3n femenina. Su textura extra-suave te cautivar\u00e1 y no\" \/>\n<meta property=\"og:url\" content=\"https:\/\/demoweb.info\/sexshop001\/producto\/squidy-vibrador-estimulador-con-control-remoto\/\" \/>\n<meta property=\"og:site_name\" content=\"Tienda Er\u00f3tica\" \/>\n<meta property=\"article:modified_time\" content=\"2022-01-22T12:17:33+00:00\" \/>\n<meta property=\"og:image\" content=\"https:\/\/demoweb.info\/sexshop001\/wp-content\/uploads\/2022\/01\/SQUIDY-VIBRADOR-ESTIMULADOR-CON-CONTROL-REMOTO.jpg\" \/>\n\t<meta property=\"og:image:width\" content=\"550\" \/>\n\t<meta property=\"og:image:height\" content=\"550\" \/>\n\t<meta property=\"og:image:type\" content=\"image\/jpeg\" \/>\n<meta name=\"twitter:card\" content=\"summary_large_image\" \/>\n<meta name=\"twitter:label1\" content=\"Tiempo de lectura\" \/>\n\t<meta name=\"twitter:data1\" content=\"1 minuto\" \/>\n<script type=\"application\/ld+json\" class=\"yoast-schema-graph\">{\"@context\":\"https:\/\/schema.org\",\"@graph\":[{\"@type\":\"WebPage\",\"@id\":\"https:\/\/demoweb.info\/sexshop001\/producto\/squidy-vibrador-estimulador-con-control-remoto\/\",\"url\":\"https:\/\/demoweb.info\/sexshop001\/producto\/squidy-vibrador-estimulador-con-control-remoto\/\",\"name\":\"SQUIDY VIBRADOR ESTIMULADOR CON CONTROL REMOTO - Tienda Er\u00f3tica\",\"isPartOf\":{\"@id\":\"https:\/\/demoweb.info\/sexshop001\/#website\"},\"datePublished\":\"2022-01-22T12:17:13+00:00\",\"dateModified\":\"2022-01-22T12:17:33+00:00\",\"breadcrumb\":{\"@id\":\"https:\/\/demoweb.info\/sexshop001\/producto\/squidy-vibrador-estimulador-con-control-remoto\/#breadcrumb\"},\"inLanguage\":\"es\",\"potentialAction\":[{\"@type\":\"ReadAction\",\"target\":[\"https:\/\/demoweb.info\/sexshop001\/producto\/squidy-vibrador-estimulador-con-control-remoto\/\"]}]},{\"@type\":\"BreadcrumbList\",\"@id\":\"https:\/\/demoweb.info\/sexshop001\/producto\/squidy-vibrador-estimulador-con-control-remoto\/#breadcrumb\",\"itemListElement\":[{\"@type\":\"ListItem\",\"position\":1,\"name\":\"Portada\",\"item\":\"https:\/\/demoweb.info\/sexshop001\/\"},{\"@type\":\"ListItem\",\"position\":2,\"name\":\"Tienda\",\"item\":\"https:\/\/demoweb.info\/sexshop001\/tienda\/\"},{\"@type\":\"ListItem\",\"position\":3,\"name\":\"SQUIDY VIBRADOR ESTIMULADOR CON CONTROL REMOTO\"}]},{\"@type\":\"WebSite\",\"@id\":\"https:\/\/demoweb.info\/sexshop001\/#website\",\"url\":\"https:\/\/demoweb.info\/sexshop001\/\",\"name\":\"Tienda Er\u00f3tica\",\"description\":\"DEMOWEB SL\",\"potentialAction\":[{\"@type\":\"SearchAction\",\"target\":{\"@type\":\"EntryPoint\",\"urlTemplate\":\"https:\/\/demoweb.info\/sexshop001\/?s={search_term_string}\"},\"query-input\":\"required name=search_term_string\"}],\"inLanguage\":\"es\"}]}<\/script>\n<!-- \/ Yoast SEO plugin. -->","yoast_head_json":{"title":"SQUIDY VIBRADOR ESTIMULADOR CON CONTROL REMOTO - Tienda Er\u00f3tica","robots":{"index":"noindex","follow":"follow","max-snippet":"max-snippet:-1","max-image-preview":"max-image-preview:large","max-video-preview":"max-video-preview:-1"},"og_locale":"es_ES","og_type":"article","og_title":"SQUIDY VIBRADOR ESTIMULADOR CON CONTROL REMOTO - Tienda Er\u00f3tica","og_description":"SQUIDY VIBRADOR ESTIMULADOR CON CONTROL REMOTO Un juguete ideal para la estimulaci\u00f3n femenina. Su textura extra-suave te cautivar\u00e1 y no","og_url":"https:\/\/demoweb.info\/sexshop001\/producto\/squidy-vibrador-estimulador-con-control-remoto\/","og_site_name":"Tienda Er\u00f3tica","article_modified_time":"2022-01-22T12:17:33+00:00","og_image":[{"width":550,"height":550,"url":"https:\/\/demoweb.info\/sexshop001\/wp-content\/uploads\/2022\/01\/SQUIDY-VIBRADOR-ESTIMULADOR-CON-CONTROL-REMOTO.jpg","type":"image\/jpeg"}],"twitter_card":"summary_large_image","twitter_misc":{"Tiempo de lectura":"1 minuto"},"schema":{"@context":"https:\/\/schema.org","@graph":[{"@type":"WebPage","@id":"https:\/\/demoweb.info\/sexshop001\/producto\/squidy-vibrador-estimulador-con-control-remoto\/","url":"https:\/\/demoweb.info\/sexshop001\/producto\/squidy-vibrador-estimulador-con-control-remoto\/","name":"SQUIDY VIBRADOR ESTIMULADOR CON CONTROL REMOTO - Tienda Er\u00f3tica","isPartOf":{"@id":"https:\/\/demoweb.info\/sexshop001\/#website"},"datePublished":"2022-01-22T12:17:13+00:00","dateModified":"2022-01-22T12:17:33+00:00","breadcrumb":{"@id":"https:\/\/demoweb.info\/sexshop001\/producto\/squidy-vibrador-estimulador-con-control-remoto\/#breadcrumb"},"inLanguage":"es","potentialAction":[{"@type":"ReadAction","target":["https:\/\/demoweb.info\/sexshop001\/producto\/squidy-vibrador-estimulador-con-control-remoto\/"]}]},{"@type":"BreadcrumbList","@id":"https:\/\/demoweb.info\/sexshop001\/producto\/squidy-vibrador-estimulador-con-control-remoto\/#breadcrumb","itemListElement":[{"@type":"ListItem","position":1,"name":"Portada","item":"https:\/\/demoweb.info\/sexshop001\/"},{"@type":"ListItem","position":2,"name":"Tienda","item":"https:\/\/demoweb.info\/sexshop001\/tienda\/"},{"@type":"ListItem","position":3,"name":"SQUIDY VIBRADOR ESTIMULADOR CON CONTROL REMOTO"}]},{"@type":"WebSite","@id":"https:\/\/demoweb.info\/sexshop001\/#website","url":"https:\/\/demoweb.info\/sexshop001\/","name":"Tienda Er\u00f3tica","description":"DEMOWEB SL","potentialAction":[{"@type":"SearchAction","target":{"@type":"EntryPoint","urlTemplate":"https:\/\/demoweb.info\/sexshop001\/?s={search_term_string}"},"query-input":"required name=search_term_string"}],"inLanguage":"es"}]}},"_links":{"self":[{"href":"https:\/\/demoweb.info\/sexshop001\/wp-json\/wp\/v3\/product\/34117","targetHints":{"allow":["GET"]}}],"collection":[{"href":"https:\/\/demoweb.info\/sexshop001\/wp-json\/wp\/v3\/product"}],"about":[{"href":"https:\/\/demoweb.info\/sexshop001\/wp-json\/wp\/v2\/types\/product"}],"replies":[{"embeddable":true,"href":"https:\/\/demoweb.info\/sexshop001\/wp-json\/wp\/v2\/comments?post=34117"}],"wp:featuredmedia":[{"embeddable":true,"href":"https:\/\/demoweb.info\/sexshop001\/wp-json\/wp\/v2\/media\/34118"}],"wp:attachment":[{"href":"https:\/\/demoweb.info\/sexshop001\/wp-json\/wp\/v2\/media?parent=34117"}],"wp:term":[{"taxonomy":"product_cat","embeddable":true,"href":"https:\/\/demoweb.info\/sexshop001\/wp-json\/wp\/v2\/product_cat?post=34117"},{"taxonomy":"product_tag","embeddable":true,"href":"https:\/\/demoweb.info\/sexshop001\/wp-json\/wp\/v2\/product_tag?post=34117"}],"curies":[{"name":"wp","href":"https:\/\/api.w.org\/{rel}","templated":true}]}}